{"id":317,"date":"2025-09-02T15:48:08","date_gmt":"2025-09-02T07:48:08","guid":{"rendered":"https:\/\/extruder-lab.com\/?page_id=317"},"modified":"2025-11-24T12:16:27","modified_gmt":"2025-11-24T04:16:27","slug":"lab-single-screw-extruder","status":"publish","type":"page","link":"https:\/\/extruder-lab.com\/ar\/products\/lab-single-screw-extruder","title":{"rendered":"\u0622\u0644\u0629 \u0627\u0644\u0628\u062b\u0642 \u0627\u0644\u0644\u0648\u0644\u0628\u064a\u0629 \u0627\u0644\u0623\u062d\u0627\u062f\u064a\u0629 \u0627\u0644\u0644\u0648\u0644\u0628 \u0627\u0644\u0645\u062e\u062a\u0628\u0631\u064a\u0629"},"content":{"rendered":"<div data-elementor-type=\"wp-page\" data-elementor-id=\"317\" class=\"elementor elementor-317\">\n\t\t\t\t\t\t<section class=\"elementor-section elementor-top-section elementor-element elementor-element-6e6a4898 elementor-section-boxed elementor-section-height-default elementor-section-height-default\" data-id=\"6e6a4898\" data-element_type=\"section\">\n\t\t\t\t\t\t<div class=\"elementor-container elementor-column-gap-default\">\n\t\t\t\t\t<div class=\"elementor-column elementor-col-100 elementor-top-column elementor-element elementor-element-6d78351f\" data-id=\"6d78351f\" data-element_type=\"column\">\n\t\t\t<div class=\"elementor-widget-wrap elementor-element-populated\">\n\t\t\t\t\t\t<div class=\"elementor-element elementor-element-3423f098 elementor-widget elementor-widget-image\" data-id=\"3423f098\" data-element_type=\"widget\" data-widget_type=\"image.default\">\n\t\t\t\t<div class=\"elementor-widget-container\">\n\t\t\t\t\t\t\t\t\t\t\t\t\t\t\t<img fetchpriority=\"high\" decoding=\"async\" width=\"612\" height=\"407\" src=\"https:\/\/extruder-lab.com\/wp-content\/uploads\/2025\/08\/image-6.jpeg\" class=\"attachment-large size-large wp-image-105\" alt=\"Laboratory Extruders\" srcset=\"https:\/\/extruder-lab.com\/wp-content\/uploads\/2025\/08\/image-6.jpeg 612w, https:\/\/extruder-lab.com\/wp-content\/uploads\/2025\/08\/image-6-300x200.jpeg 300w\" sizes=\"(max-width: 612px) 100vw, 612px\" \/>\t\t\t\t\t\t\t\t\t\t\t\t\t\t\t<\/div>\n\t\t\t\t<\/div>\n\t\t\t\t<div class=\"elementor-element elementor-element-71279812 elementor-widget elementor-widget-heading\" data-id=\"71279812\" data-element_type=\"widget\" data-widget_type=\"heading.default\">\n\t\t\t\t<div class=\"elementor-widget-container\">\n\t\t\t\t\t<h2 class=\"elementor-heading-title elementor-size-default\">\u0622\u0644\u0629 \u0627\u0644\u0628\u062b\u0642 \u0627\u0644\u0644\u0648\u0644\u0628\u064a\u0629 \u0627\u0644\u0623\u062d\u0627\u062f\u064a\u0629 \u0627\u0644\u0644\u0648\u0644\u0628 \u0627\u0644\u0645\u062e\u062a\u0628\u0631\u064a\u0629<\/h2>\t\t\t\t<\/div>\n\t\t\t\t<\/div>\n\t\t\t\t<div class=\"elementor-element elementor-element-5f9dbe90 elementor-widget elementor-widget-text-editor\" data-id=\"5f9dbe90\" data-element_type=\"widget\" data-widget_type=\"text-editor.default\">\n\t\t\t\t<div class=\"elementor-widget-container\">\n\t\t\t\t\t\t\t\t\t<p>\u0622\u0644\u0629 \u0627\u0644\u0628\u062b\u0642 \u0627\u0644\u0644\u0648\u0644\u0628\u064a\u0629 \u0627\u0644\u0645\u0641\u0631\u062f\u0629 \u0644\u0644\u0645\u062e\u062a\u0628\u0631 \u0645\u0646\u0627\u0633\u0628\u0629 \u0644\u0628\u064a\u0626\u0627\u062a \u0627\u0644\u0639\u0645\u0644 \u0627\u0644\u0645\u062e\u062a\u0644\u0641\u0629\u060c \u0648\u062a\u0633\u0645\u062d \u0645\u0631\u0648\u0646\u0629 \u0627\u0644\u0645\u0646\u062a\u062c\u0627\u062a \u0644\u0644\u0645\u0633\u062a\u062e\u062f\u0645\u064a\u0646 \u0628\u062a\u063a\u064a\u064a\u0631 \u0627\u0644\u0622\u0644\u0627\u062a \u0627\u0644\u0645\u0633\u0627\u0639\u062f\u0629 \u0627\u0644\u0645\u062e\u062a\u0644\u0641\u0629 \u0628\u062d\u0631\u064a\u0629 \u0648\u0641\u0642\u064b\u0627 \u0644\u0627\u062d\u062a\u064a\u0627\u062c\u0627\u062a\u0647\u0645\u060c \u0645\u0645\u0627 \u064a\u0633\u0627\u0639\u062f \u0627\u0644\u0645\u0633\u062a\u062e\u062f\u0645\u064a\u0646 \u0639\u0644\u0649 \u062a\u062d\u0642\u064a\u0642 \u062a\u062c\u0631\u0628\u0629 \u0623\u0643\u062b\u0631 \u062f\u0642\u0629 \u0648\u0643\u0641\u0627\u0621\u0629.<\/p><p>\u0622\u0644\u0629 \u0645\u0633\u0627\u0639\u062f\u0629 \u0627\u062e\u062a\u064a\u0627\u0631\u064a\u0629: \u0622\u0644\u0629 \u062a\u0643\u0648\u064a\u0631\u060c \u062a\u0642\u0648\u064a\u0645 \u062b\u0644\u0627\u062b\u064a \u0627\u0644\u0623\u0633\u0637\u0648\u0627\u0646\u0627\u062a\u060c \u0622\u0644\u0629 \u0646\u0641\u062e \u0627\u0644\u0623\u063a\u0634\u064a\u0629\u060c \u0622\u0644\u0629 \u0645\u0633\u0627\u0639\u062f\u0629 \u0644\u0644\u0634\u0631\u0627\u0626\u062d\/\u0627\u0644\u0623\u0646\u0627\u0628\u064a\u0628 \u0627\u0644\u062e.<\/p><p>\u0633\u0648\u0627\u0621 \u0644\u0644\u0627\u0633\u062a\u062e\u062f\u0627\u0645 \u0627\u0644\u0641\u0631\u062f\u064a \u0623\u0648 \u0644\u0644\u0623\u0639\u0645\u0627\u0644 \u0627\u0644\u062a\u062c\u0627\u0631\u064a\u0629\u060c \u064a\u0645\u0643\u0646 \u0623\u0646 \u062a\u0644\u0628\u064a \u0645\u0646\u062a\u062c\u0627\u062a\u0646\u0627 \u0627\u062d\u062a\u064a\u0627\u062c\u0627\u062a\u0643 \u0648\u062a\u0648\u0641\u0631 \u0644\u0643 \u062d\u0644\u0648\u0644\u0627\u064b \u0645\u0628\u062a\u0643\u0631\u0629 \u0648\u0641\u0639\u0627\u0644\u0629 \u0648\u0645\u0631\u0646\u0629.<\/p>\t\t\t\t\t\t\t\t<\/div>\n\t\t\t\t<\/div>\n\t\t\t\t<div class=\"elementor-element elementor-element-3f981fcd elementor-widget elementor-widget-heading\" data-id=\"3f981fcd\" data-element_type=\"widget\" data-widget_type=\"heading.default\">\n\t\t\t\t<div class=\"elementor-widget-container\">\n\t\t\t\t\t<h3 class=\"elementor-heading-title elementor-size-default\">\u0627\u0644\u0648\u0638\u0627\u0626\u0641 \u0648\u0627\u0644\u062a\u0637\u0628\u064a\u0642\u0627\u062a<\/h3>\t\t\t\t<\/div>\n\t\t\t\t<\/div>\n\t\t\t\t<div class=\"elementor-element elementor-element-4eed5bb1 elementor-widget elementor-widget-text-editor\" data-id=\"4eed5bb1\" data-element_type=\"widget\" data-widget_type=\"text-editor.default\">\n\t\t\t\t<div class=\"elementor-widget-container\">\n\t\t\t\t\t\t\t\t\t<ul><li>\u062a\u0637\u0648\u064a\u0631 \u0627\u0644\u0645\u0646\u062a\u062c\u0627\u062a \u0627\u0644\u062c\u062f\u064a\u062f\u0629 \u0648\u062a\u062d\u0633\u064a\u0646 \u0627\u0644\u062a\u0631\u0643\u064a\u0628\u0629<\/li><li>\u0627\u062e\u062a\u064a\u0627\u0631 \u0627\u0644\u0645\u0648\u0627\u062f \u0648\u062a\u0637\u0648\u064a\u0631\u0647\u0627<\/li><li>\u0627\u0644\u062a\u062f\u0631\u064a\u0633 \u0628\u0627\u0644\u0645\u062d\u0627\u0643\u0627\u0629 \u0644\u0645\u0639\u0627\u0647\u062f \u0627\u0644\u062a\u0639\u0644\u0645 \u0648\u0627\u0644\u0628\u062d\u062b<\/li><li>\u062a\u062d\u0636\u064a\u0631 \u0627\u0644\u0639\u064a\u0646\u0627\u062a \u0627\u0644\u0645\u062e\u0628\u0631\u064a\u0629<\/li><\/ul>\t\t\t\t\t\t\t\t<\/div>\n\t\t\t\t<\/div>\n\t\t\t\t<div class=\"elementor-element elementor-element-ca49852 elementor-widget elementor-widget-heading\" data-id=\"ca49852\" data-element_type=\"widget\" data-widget_type=\"heading.default\">\n\t\t\t\t<div class=\"elementor-widget-container\">\n\t\t\t\t\t<h3 class=\"elementor-heading-title elementor-size-default\">\u0627\u0644\u0645\u0648\u0627\u0635\u0641\u0627\u062a<\/h3>\t\t\t\t<\/div>\n\t\t\t\t<\/div>\n\t\t\t\t<div class=\"elementor-element elementor-element-482cda6 elementor-widget elementor-widget-text-editor\" data-id=\"482cda6\" data-element_type=\"widget\" data-widget_type=\"text-editor.default\">\n\t\t\t\t<div class=\"elementor-widget-container\">\n\t\t\t\t\t\t\t\t\t<table width=\"789\"><tbody><tr><td width=\"197\">\u0627\u0644\u0637\u0631\u0627\u0632<\/td><td width=\"170\">HTES-20<\/td><td width=\"135\">HTES-25<\/td><td width=\"140\">HTES-30<\/td><td width=\"147\">HTES-35<\/td><\/tr><tr><td>\u0642\u0637\u0631 \u0627\u0644\u0628\u0631\u063a\u064a (\u0645\u0645)<\/td><td>20<\/td><td>25<\/td><td>30<\/td><td>35<\/td><\/tr><tr><td>\u0646\u0633\u0628\u0629 L\/D<\/td><td>28<\/td><td>28<\/td><td>30<\/td><td>30<\/td><\/tr><tr><td>\u0637\u0627\u0642\u0629 \u0647\u0648\u062a\u0648\u0631 (\u0643\u064a\u0644\u0648\u0648\u0627\u0637)<\/td><td>3<\/td><td>4<\/td><td>5.5<\/td><td>7.5<\/td><\/tr><tr><td>\u0633\u0631\u0639\u0629 \u0627\u0644\u062f\u0648\u0631\u0627\u0646 (\u062f\u0648\u0631\u0629 \u0641\u064a \u0627\u0644\u062f\u0642\u064a\u0642\u0629)<\/td><td>120<\/td><td>120<\/td><td>120<\/td><td>120<\/td><\/tr><tr><td>\u0623\u0642\u0635\u0649 \u062f\u0631\u062c\u0629 \u062d\u0631\u0627\u0631\u0629 (\u2103)<\/td><td>350<\/td><td>350<\/td><td>350<\/td><td>350<\/td><\/tr><tr><td>\u062f\u0631\u062c\u0629 \u0627\u0644\u062d\u0631\u0627\u0631\u0629. \u062f\u0642\u0629 \u0627\u0644\u062a\u062d\u0643\u0645 (\u2103)<\/td><td>\u00b11<\/td><td>\u00b11<\/td><td>\u00b11<\/td><td>\u00b11<\/td><\/tr><tr><td>\u0646\u0637\u0627\u0642 \u0642\u064a\u0627\u0633 \u0627\u0644\u0636\u063a\u0637 (\u0645\u064a\u062c\u0627 \u0628\u0627\u0633\u0643\u0627\u0644)<\/td><td>0~35<\/td><td>0~35<\/td><td>0~35<\/td><td>0~35<\/td><\/tr><tr><td>0\u0627\u0644\u0625\u0646\u062a\u0627\u062c\u064a\u0629 (\u0643\u062c\u0645\/\u0633\u0627\u0639\u0629)<\/td><td>0.5 ~3<\/td><td>0.5~ 5<\/td><td>0.5~ 7<\/td><td>0.5~ 10<\/td><\/tr><tr><td>\u0627\u0644\u0648\u0632\u0646 (\u0628\u0627\u0644\u0643\u064a\u0644\u0648\u063a\u0631\u0627\u0645)<\/td><td>296<\/td><td>325<\/td><td>348<\/td><td>370<\/td><\/tr><tr><td>\u0627\u0644\u0623\u0628\u0639\u0627\u062f (\u0645\u0645)<\/td><td>1120 \u00d7 1120 \u00d7 1115 \u00d7 1660<\/td><td>1260 \u00d7 1115 \u00d7 1660<\/td><td>1460 \u00d7 1115 \u00d7 1660\u00a0<\/td><td>1610 \u00d7 1215 \u00d7 1660<\/td><\/tr><\/tbody><\/table>\t\t\t\t\t\t\t\t<\/div>\n\t\t\t\t<\/div>\n\t\t\t\t<div class=\"elementor-element elementor-element-729e4ca5 elementor-widget elementor-widget-heading\" data-id=\"729e4ca5\" data-element_type=\"widget\" data-widget_type=\"heading.default\">\n\t\t\t\t<div class=\"elementor-widget-container\">\n\t\t\t\t\t<h3 class=\"elementor-heading-title elementor-size-default\">\u0641\u064a\u062f\u064a\u0648<\/h3>\t\t\t\t<\/div>\n\t\t\t\t<\/div>\n\t\t\t\t<div class=\"elementor-element elementor-element-19c5a396 elementor-widget elementor-widget-video\" data-id=\"19c5a396\" data-element_type=\"widget\" data-settings=\"{&quot;youtube_url&quot;:&quot;https:\\\/\\\/www.youtube.com\\\/shorts\\\/xNEozD6xygg&quot;,&quot;video_type&quot;:&quot;youtube&quot;,&quot;controls&quot;:&quot;yes&quot;}\" data-widget_type=\"video.default\">\n\t\t\t\t<div class=\"elementor-widget-container\">\n\t\t\t\t\t\t\t<div class=\"elementor-wrapper elementor-open-inline\">\n\t\t\t<div class=\"elementor-video\"><\/div>\t\t<\/div>\n\t\t\t\t\t\t<\/div>\n\t\t\t\t<\/div>\n\t\t\t\t\t<\/div>\n\t\t<\/div>\n\t\t\t\t\t<\/div>\n\t\t<\/section>\n\t\t\t\t<\/div>","protected":false},"excerpt":{"rendered":"<p>Laboratory Single Screw Extruder Lab Single Screw Extruder is suitable for various work environments, the products flexibility allows users change different auxiliary machines freely according their needs, which can help users achieve a more accurate and efficient experience. Auxiliary machine optional: Pelletizer, three roller calender , blow film machine , filament\/pipe auxiliary machine etc. Either [&hellip;]<\/p>\n","protected":false},"author":1,"featured_media":105,"parent":141,"menu_order":0,"comment_status":"closed","ping_status":"closed","template":"","meta":{"site-sidebar-layout":"left-sidebar","site-content-layout":"","ast-site-content-layout":"default","site-content-style":"default","site-sidebar-style":"default","ast-global-header-display":"","ast-banner-title-visibility":"","ast-main-header-display":"","ast-hfb-above-header-display":"","ast-hfb-below-header-display":"","ast-hfb-mobile-header-display":"","site-post-title":"disabled","ast-breadcrumbs-content":"","ast-featured-img":"disabled","footer-sml-layout":"","theme-transparent-header-meta":"","adv-header-id-meta":"","stick-header-meta":"","header-above-stick-meta":"","header-main-stick-meta":"","header-below-stick-meta":"","astra-migrate-meta-layouts":"set","ast-page-background-enabled":"default","ast-page-background-meta":{"desktop":{"background-color":"var(--ast-global-color-4)","background-image":"","background-repeat":"repeat","background-position":"center center","background-size":"auto","background-attachment":"scroll","background-type":"","background-media":"","overlay-type":"","overlay-color":"","overlay-opacity":"","overlay-gradient":""},"tablet":{"background-color":"","background-image":"","background-repeat":"repeat","background-position":"center center","background-size":"auto","background-attachment":"scroll","background-type":"","background-media":"","overlay-type":"","overlay-color":"","overlay-opacity":"","overlay-gradient":""},"mobile":{"background-color":"","background-image":"","background-repeat":"repeat","background-position":"center center","background-size":"auto","background-attachment":"scroll","background-type":"","background-media":"","overlay-type":"","overlay-color":"","overlay-opacity":"","overlay-gradient":""}},"ast-content-background-meta":{"desktop":{"background-color":"var(--ast-global-color-5)","background-image":"","background-repeat":"repeat","background-position":"center center","background-size":"auto","background-attachment":"scroll","background-type":"","background-media":"","overlay-type":"","overlay-color":"","overlay-opacity":"","overlay-gradient":""},"tablet":{"background-color":"var(--ast-global-color-5)","background-image":"","background-repeat":"repeat","background-position":"center center","background-size":"auto","background-attachment":"scroll","background-type":"","background-media":"","overlay-type":"","overlay-color":"","overlay-opacity":"","overlay-gradient":""},"mobile":{"background-color":"var(--ast-global-color-5)","background-image":"","background-repeat":"repeat","background-position":"center center","background-size":"auto","background-attachment":"scroll","background-type":"","background-media":"","overlay-type":"","overlay-color":"","overlay-opacity":"","overlay-gradient":""}},"footnotes":""},"class_list":["post-317","page","type-page","status-publish","has-post-thumbnail","hentry"],"_links":{"self":[{"href":"https:\/\/extruder-lab.com\/ar\/wp-json\/wp\/v2\/pages\/317","targetHints":{"allow":["GET"]}}],"collection":[{"href":"https:\/\/extruder-lab.com\/ar\/wp-json\/wp\/v2\/pages"}],"about":[{"href":"https:\/\/extruder-lab.com\/ar\/wp-json\/wp\/v2\/types\/page"}],"author":[{"embeddable":true,"href":"https:\/\/extruder-lab.com\/ar\/wp-json\/wp\/v2\/users\/1"}],"replies":[{"embeddable":true,"href":"https:\/\/extruder-lab.com\/ar\/wp-json\/wp\/v2\/comments?post=317"}],"version-history":[{"count":1,"href":"https:\/\/extruder-lab.com\/ar\/wp-json\/wp\/v2\/pages\/317\/revisions"}],"predecessor-version":[{"id":988,"href":"https:\/\/extruder-lab.com\/ar\/wp-json\/wp\/v2\/pages\/317\/revisions\/988"}],"up":[{"embeddable":true,"href":"https:\/\/extruder-lab.com\/ar\/wp-json\/wp\/v2\/pages\/141"}],"wp:featuredmedia":[{"embeddable":true,"href":"https:\/\/extruder-lab.com\/ar\/wp-json\/wp\/v2\/media\/105"}],"wp:attachment":[{"href":"https:\/\/extruder-lab.com\/ar\/wp-json\/wp\/v2\/media?parent=317"}],"curies":[{"name":"wp","href":"https:\/\/api.w.org\/{rel}","templated":true}]}}