{"id":7,"date":"2025-08-22T17:06:07","date_gmt":"2025-08-22T09:06:07","guid":{"rendered":"https:\/\/extruder-lab.com\/?page_id=7"},"modified":"2025-09-22T14:35:14","modified_gmt":"2025-09-22T06:35:14","slug":"lab-two-roll-mill","status":"publish","type":"page","link":"https:\/\/extruder-lab.com\/ar\/products\/lab-two-roll-mill","title":{"rendered":"\u0645\u0627\u0643\u064a\u0646\u0629 \u062a\u0641\u0631\u064a\u0632 \u0627\u0644\u0645\u0639\u0627\u0645\u0644 \u0630\u0627\u062a \u0627\u0644\u0628\u0643\u0631\u062a\u064a\u0646"},"content":{"rendered":"<div data-elementor-type=\"wp-post\" data-elementor-id=\"7\" class=\"elementor elementor-7\">\n\t\t\t\t\t\t<section class=\"elementor-section elementor-top-section elementor-element elementor-element-7bfc6112 elementor-section-boxed elementor-section-height-default elementor-section-height-default\" data-id=\"7bfc6112\" data-element_type=\"section\">\n\t\t\t\t\t\t<div class=\"elementor-container elementor-column-gap-default\">\n\t\t\t\t\t<div class=\"elementor-column elementor-col-100 elementor-top-column elementor-element elementor-element-1c233682\" data-id=\"1c233682\" data-element_type=\"column\">\n\t\t\t<div class=\"elementor-widget-wrap elementor-element-populated\">\n\t\t\t\t\t\t<div class=\"elementor-element elementor-element-601f3441 elementor-widget elementor-widget-image\" data-id=\"601f3441\" data-element_type=\"widget\" data-widget_type=\"image.default\">\n\t\t\t\t<div class=\"elementor-widget-container\">\n\t\t\t\t\t\t\t\t\t\t\t\t\t\t\t<img fetchpriority=\"high\" decoding=\"async\" width=\"1024\" height=\"683\" src=\"https:\/\/extruder-lab.com\/wp-content\/uploads\/2025\/09\/\u5c0f\u578b\u53cc\u8f8a\u5f00\u70bc\u673a-1024x683.jpg\" class=\"attachment-large size-large wp-image-701\" alt=\"Lab Two Roll Mill\" srcset=\"https:\/\/extruder-lab.com\/wp-content\/uploads\/2025\/09\/\u5c0f\u578b\u53cc\u8f8a\u5f00\u70bc\u673a-1024x683.jpg 1024w, https:\/\/extruder-lab.com\/wp-content\/uploads\/2025\/09\/\u5c0f\u578b\u53cc\u8f8a\u5f00\u70bc\u673a-300x200.jpg 300w, https:\/\/extruder-lab.com\/wp-content\/uploads\/2025\/09\/\u5c0f\u578b\u53cc\u8f8a\u5f00\u70bc\u673a-768x512.jpg 768w, https:\/\/extruder-lab.com\/wp-content\/uploads\/2025\/09\/\u5c0f\u578b\u53cc\u8f8a\u5f00\u70bc\u673a.jpg 1417w\" sizes=\"(max-width: 1024px) 100vw, 1024px\" \/>\t\t\t\t\t\t\t\t\t\t\t\t\t\t\t<\/div>\n\t\t\t\t<\/div>\n\t\t\t\t<div class=\"elementor-element elementor-element-42810105 elementor-widget elementor-widget-heading\" data-id=\"42810105\" data-element_type=\"widget\" data-widget_type=\"heading.default\">\n\t\t\t\t<div class=\"elementor-widget-container\">\n\t\t\t\t\t<h2 class=\"elementor-heading-title elementor-size-default\">\u0645\u0627\u0643\u064a\u0646\u0629 \u062a\u0641\u0631\u064a\u0632 \u0627\u0644\u0645\u0639\u0627\u0645\u0644 \u0630\u0627\u062a \u0627\u0644\u0628\u0643\u0631\u062a\u064a\u0646<\/h2>\t\t\t\t<\/div>\n\t\t\t\t<\/div>\n\t\t\t\t<div class=\"elementor-element elementor-element-71836cf4 elementor-widget elementor-widget-text-editor\" data-id=\"71836cf4\" data-element_type=\"widget\" data-widget_type=\"text-editor.default\">\n\t\t\t\t<div class=\"elementor-widget-container\">\n\t\t\t\t\t\t\t\t\t<p>\u0645\u0627\u0643\u064a\u0646\u0629 \u0627\u0644\u062a\u0641\u0631\u064a\u0632 \u0627\u0644\u0645\u062e\u062a\u0628\u0631\u064a\u0629 \u0630\u0627\u062a \u0627\u0644\u0628\u0643\u0631\u062a\u064a\u0646 \u0647\u064a \u0645\u0627\u0643\u064a\u0646\u0629 \u0628\u062b\u0642 \u0627\u0644\u0645\u0637\u0627\u0637 \u0648\u0627\u0644\u0628\u0644\u0627\u0633\u062a\u064a\u0643 \u0639\u0627\u0644\u064a\u0629 \u0627\u0644\u0623\u062f\u0627\u0621 \u062a\u062a\u0645\u064a\u0632 \u0628\u062a\u0634\u063a\u064a\u0644\u0647\u0627 \u0627\u0644\u0645\u0648\u062b\u0648\u0642 \u0648\u0627\u0644\u0645\u062a\u0627\u0646\u0629.<\/p>\n<p><strong>\u062a\u0634\u0645\u0644 \u0627\u0644\u0645\u064a\u0632\u0627\u062a \u0627\u0644\u0631\u0626\u064a\u0633\u064a\u0629 \u0645\u0627 \u064a\u0644\u064a: <\/strong><\/p>\n<ol>\n<li>\u0645\u0632\u0648\u062f \u0628\u0645\u062d\u0631\u0643 \u0630\u064a \u0639\u0644\u0627\u0645\u0629 \u062a\u062c\u0627\u0631\u064a\u0629 \u0644\u0644\u062a\u062d\u0643\u0645 \u0627\u0644\u0645\u0633\u062a\u0642\u0631 \u0641\u064a \u0627\u0644\u0633\u0631\u0639\u0629\u060c \u0645\u0645\u0627 \u064a\u0636\u0645\u0646 \u0623\u062f\u0627\u0621\u064b \u0633\u0644\u0633\u064b\u0627 \u0648\u0645\u062a\u0633\u0642\u064b\u0627 \u0623\u062b\u0646\u0627\u0621 \u0627\u0644\u062a\u0634\u063a\u064a\u0644 \u0627\u0644\u0645\u0633\u062a\u0645\u0631.<\/li>\n<li>\u0633\u0637\u062d \u0627\u0644\u0623\u0633\u0637\u0648\u0627\u0646\u0629 \u0627\u0644\u0641\u0648\u0644\u0627\u0630\u064a\u0629 \u0645\u0637\u0644\u064a \u0628\u0627\u0644\u0643\u0631\u0648\u0645 \u0627\u0644\u0635\u0644\u0628 \u0648\u0645\u0635\u0642\u0648\u0644 \u0643\u0627\u0644\u0645\u0631\u0622\u0629 \u0644\u062a\u0639\u0632\u064a\u0632 \u0627\u0644\u0645\u062a\u0627\u0646\u0629 \u0648\u0645\u0642\u0627\u0648\u0645\u0629 \u0627\u0644\u062a\u0622\u0643\u0644 \u0648\u0627\u0644\u062c\u0627\u0630\u0628\u064a\u0629 \u0627\u0644\u0628\u0635\u0631\u064a\u0629 \u0641\u064a \u0627\u0644\u0638\u0631\u0648\u0641 \u0627\u0644\u0635\u0646\u0627\u0639\u064a\u0629 \u0627\u0644\u0642\u0627\u0633\u064a\u0629.<\/li>\n<li>\u064a\u062a\u0645\u064a\u0632 \u0628\u062c\u0647\u0627\u0632 \u062d\u0645\u0627\u064a\u0629 \u0645\u0646 \u0627\u0644\u0625\u063a\u0644\u0627\u0642 \u0627\u0644\u062a\u0644\u0642\u0627\u0626\u064a \u0645\u062f\u0645\u062c \u0641\u064a \u0627\u0644\u063a\u0637\u0627\u0621 \u0627\u0644\u0648\u0627\u0642\u064a\u060c \u0645\u0645\u0627 \u064a\u062d\u0645\u064a \u0627\u0644\u0645\u0634\u063a\u0644\u064a\u0646 \u0645\u0646 \u0627\u0644\u0645\u062e\u0627\u0637\u0631 \u0627\u0644\u0645\u062d\u062a\u0645\u0644\u0629 \u0648\u064a\u0642\u0644\u0644 \u0645\u0646 \u0648\u0642\u062a \u0627\u0644\u062a\u0639\u0637\u0644.<\/li>\n<li>\u064a\u0645\u0643\u0646 \u062a\u0639\u062f\u064a\u0644 \u0646\u0637\u0627\u0642 \u0627\u0644\u0639\u0645\u0644 \u0648\u0641\u0642\u064b\u0627 \u0644\u0645\u062a\u0637\u0644\u0628\u0627\u062a \u0639\u0645\u0644\u064a\u0629 \u0645\u062d\u062f\u062f\u0629\u060c \u0645\u0645\u0627 \u064a\u0648\u0641\u0631 \u0627\u0644\u0645\u0631\u0648\u0646\u0629 \u0644\u0645\u062e\u062a\u0644\u0641 \u0627\u0644\u062a\u0637\u0628\u064a\u0642\u0627\u062a.<\/li>\n<li>\u0648\u062a\u062a\u0648\u0641\u0631 \u062e\u064a\u0627\u0631\u0627\u062a \u0627\u0644\u0645\u0639\u0627\u0644\u062c\u0629 \u0627\u0644\u062d\u0631\u0627\u0631\u064a\u0629 \u0645\u0646 \u062e\u0644\u0627\u0644 \u0627\u0644\u062a\u0633\u062e\u064a\u0646 \u0627\u0644\u0643\u0647\u0631\u0628\u0627\u0626\u064a \u0623\u0648 \u0627\u0644\u062a\u0633\u062e\u064a\u0646 \u0628\u0627\u0644\u0632\u064a\u062a\u060c \u0645\u0645\u0627 \u064a\u0644\u0628\u064a \u0627\u062d\u062a\u064a\u0627\u062c\u0627\u062a \u0627\u0644\u0645\u0639\u0627\u0644\u062c\u0629 \u0627\u0644\u062d\u0631\u0627\u0631\u064a\u0629 \u0627\u0644\u0645\u062e\u062a\u0644\u0641\u0629.<\/li>\n<li>\u064a\u0645\u0643\u0646 \u0636\u0628\u0637 \u062a\u0628\u0627\u0639\u062f \u0627\u0644\u0623\u0633\u0637\u0648\u0627\u0646\u0629 \u0627\u0644\u0645\u0632\u062f\u0648\u062c\u0629 \u064a\u062f\u0648\u064a\u064b\u0627\u060c \u0645\u0645\u0627 \u064a\u062a\u064a\u062d \u0627\u0644\u062a\u062e\u0635\u064a\u0635 \u0627\u0644\u062f\u0642\u064a\u0642 \u0644\u0644\u0645\u0647\u0627\u0645 \u0627\u0644\u062a\u064a \u062a\u062a\u0637\u0644\u0628 \u062a\u0639\u062f\u064a\u0644\u0627\u062a \u062f\u0642\u064a\u0642\u0629.<\/li>\n<li>\u0635\u064f\u0645\u0645\u062a \u0647\u0630\u0647 \u0627\u0644\u0645\u0627\u0643\u064a\u0646\u0629 \u0645\u062a\u0639\u062f\u062f\u0629 \u0627\u0644\u0627\u0633\u062a\u062e\u062f\u0627\u0645\u0627\u062a \u0644\u062a\u0644\u0628\u064a\u0629 \u0627\u0644\u0645\u062a\u0637\u0644\u0628\u0627\u062a \u0627\u0644\u0645\u062a\u0646\u0648\u0639\u0629 \u0644\u062a\u0637\u0628\u064a\u0642\u0627\u062a \u0627\u0644\u062a\u0635\u0646\u064a\u0639 \u0648\u0627\u0644\u0647\u0646\u062f\u0633\u0629 \u0627\u0644\u062d\u062f\u064a\u062b\u0629.<\/li>\n<\/ol>\t\t\t\t\t\t\t\t<\/div>\n\t\t\t\t<\/div>\n\t\t\t\t<div class=\"elementor-element elementor-element-384cd68d elementor-widget elementor-widget-heading\" data-id=\"384cd68d\" data-element_type=\"widget\" data-widget_type=\"heading.default\">\n\t\t\t\t<div class=\"elementor-widget-container\">\n\t\t\t\t\t<h3 class=\"elementor-heading-title elementor-size-default\">\u0627\u0644\u0648\u0638\u0627\u0626\u0641 \u0648\u0627\u0644\u062a\u0637\u0628\u064a\u0642\u0627\u062a<\/h3>\t\t\t\t<\/div>\n\t\t\t\t<\/div>\n\t\t\t\t<div class=\"elementor-element elementor-element-551b98f5 elementor-widget elementor-widget-text-editor\" data-id=\"551b98f5\" data-element_type=\"widget\" data-widget_type=\"text-editor.default\">\n\t\t\t\t<div class=\"elementor-widget-container\">\n\t\t\t\t\t\t\t\t\t<ul><li>\u062a\u0635\u0645\u064a\u0645 \u062a\u0631\u0643\u064a\u0628\u0629 \u0627\u0644\u0645\u0637\u0627\u0637 \u0648\u0627\u0644\u0628\u0644\u0627\u0633\u062a\u064a\u0643.<\/li><li>\u062e\u0644\u0637 \u0627\u0644\u0645\u0637\u0627\u0637 \u0623\u0648 \u0627\u0644\u0628\u0644\u0627\u0633\u062a\u064a\u0643.<\/li><li>\u062e\u0644\u0637 \u0648\u0641\u0644\u0643\u0646\u0629 \u0627\u0644\u0645\u0637\u0627\u0637.<\/li><li>\u062a\u062d\u0636\u064a\u0631 \u0627\u0644\u0623\u0644\u0648\u0627\u062d \u0627\u0644\u0645\u0637\u0627\u0637\u064a\u0629 \u0648\u0627\u0644\u0628\u0644\u0627\u0633\u062a\u064a\u0643\u064a\u0629.<\/li><li>\u062a\u062d\u0633\u064a\u0646 \u0627\u0644\u0628\u0627\u0631\u0627\u0645\u062a\u0631\u0627\u062a \u0648\u0627\u0644\u062a\u062d\u0643\u0645 \u0641\u064a \u0645\u0639\u0627\u0644\u062c\u0629 \u0627\u0644\u0645\u0637\u0627\u0637.<\/li><\/ul>\t\t\t\t\t\t\t\t<\/div>\n\t\t\t\t<\/div>\n\t\t\t\t<div class=\"elementor-element elementor-element-4285d597 elementor-widget elementor-widget-heading\" data-id=\"4285d597\" data-element_type=\"widget\" data-widget_type=\"heading.default\">\n\t\t\t\t<div class=\"elementor-widget-container\">\n\t\t\t\t\t<h3 class=\"elementor-heading-title elementor-size-default\">\u0627\u0644\u0645\u0648\u0627\u0635\u0641\u0627\u062a<\/h3>\t\t\t\t<\/div>\n\t\t\t\t<\/div>\n\t\t\t\t<div class=\"elementor-element elementor-element-67d22d5b elementor-widget elementor-widget-text-editor\" data-id=\"67d22d5b\" data-element_type=\"widget\" data-widget_type=\"text-editor.default\">\n\t\t\t\t<div class=\"elementor-widget-container\">\n\t\t\t\t\t\t\t\t\t<table width=\"566\"><tbody><tr><td width=\"217\">\u0627\u0644\u0637\u0631\u0627\u0632<\/td><td width=\"167\">HTR-120<\/td><td width=\"182\">HTR-160<\/td><\/tr><tr><td>\u0646\u0637\u0627\u0642 \u0633\u0645\u0627\u0643\u0629 \u0627\u0644\u0635\u0641\u0627\u0626\u062d (\u0645\u0645)<\/td><td>0.2~2120<\/td><td>0.2~2<\/td><\/tr><tr><td>\u0642\u0637\u0631 \u0627\u0644\u0628\u0643\u0631\u0629 (\u0645\u0645)<\/td><td>120<\/td><td>160<\/td><\/tr><tr><td>\u0639\u0631\u0636 \u0633\u0637\u062d \u0627\u0644\u0628\u0643\u0631\u0629 (\u0645\u0645)<\/td><td>300<\/td><td>400<\/td><\/tr><tr><td>\u0637\u0631\u064a\u0642\u0629 \u0627\u0644\u062a\u0633\u062e\u064a\u0646<\/td><td>\u062a\u062f\u0641\u0626\u0629 \u0643\u0647\u0631\u0628\u0627\u0626\u064a\u0629\/\u0632\u064a\u062a\u064a\u0629<\/td><td>\u0627\u0644\u062a\u062f\u0641\u0626\u0629 \u0627\u0644\u0643\u0647\u0631\u0628\u0627\u0626\u064a\u0629\/\u0627\u0644\u062a\u062f\u0641\u0626\u0629 \u0628\u0627\u0644\u0632\u064a\u062a<\/td><\/tr><tr><td>\u0627\u0644\u062d\u062f \u0627\u0644\u0623\u0642\u0635\u0649. \u062f\u0631\u062c\u0629 \u0627\u0644\u062d\u0631\u0627\u0631\u0629 (\u2103)<\/td><td>300<\/td><td>300<\/td><\/tr><tr><td>\u062f\u0642\u0629 \u0627\u0644\u062a\u062d\u0643\u0645 \u0641\u064a \u062f\u0631\u062c\u0629 \u0627\u0644\u062d\u0631\u0627\u0631\u0629 (\u2103)<\/td><td>\u58eb2<\/td><td>\u571f2<\/td><\/tr><tr><td>\u0642\u0648\u0629 \u0627\u0644\u0645\u062d\u0631\u0643 (\u0643\u064a\u0644\u0648\u0648\u0627\u0637<\/td><td>4<\/td><td>5.5<\/td><\/tr><tr><td>\u0627\u0644\u0648\u0632\u0646 (\u0643\u062c\u0645)<\/td><td>450<\/td><td>480<\/td><\/tr><tr><td>\u062f\u064a\u0645\u0646\u062f\u064a\u0648\u0646 (\u0645\u0645)<\/td><td>1100 \u00d7 648 \u00d7 1112 \u00d7 648 \u00d7 1112<\/td><td>1198 \u00d7 648 \u00d7 1112<\/td><\/tr><\/tbody><\/table>\t\t\t\t\t\t\t\t<\/div>\n\t\t\t\t<\/div>\n\t\t\t\t<div class=\"elementor-element elementor-element-2381e36c elementor-widget elementor-widget-heading\" data-id=\"2381e36c\" data-element_type=\"widget\" data-widget_type=\"heading.default\">\n\t\t\t\t<div class=\"elementor-widget-container\">\n\t\t\t\t\t<h3 class=\"elementor-heading-title elementor-size-default\">\u0641\u064a\u062f\u064a\u0648<\/h3>\t\t\t\t<\/div>\n\t\t\t\t<\/div>\n\t\t\t\t<div class=\"elementor-element elementor-element-a689301 elementor-widget elementor-widget-video\" data-id=\"a689301\" data-element_type=\"widget\" data-settings=\"{&quot;youtube_url&quot;:&quot;https:\\\/\\\/youtu.be\\\/JuFQnCZZLuQ&quot;,&quot;video_type&quot;:&quot;youtube&quot;,&quot;controls&quot;:&quot;yes&quot;}\" data-widget_type=\"video.default\">\n\t\t\t\t<div class=\"elementor-widget-container\">\n\t\t\t\t\t\t\t<div class=\"elementor-wrapper elementor-open-inline\">\n\t\t\t<div class=\"elementor-video\"><\/div>\t\t<\/div>\n\t\t\t\t\t\t<\/div>\n\t\t\t\t<\/div>\n\t\t\t\t\t<\/div>\n\t\t<\/div>\n\t\t\t\t\t<\/div>\n\t\t<\/section>\n\t\t\t\t<\/div>","protected":false},"excerpt":{"rendered":"<p>Lab Two Roll Mill The Lab Two Roll Mill is a high-performance rubber and plastic extrusion machine characterized by its reliable and durable operation. Key features include: Equipped with a branded motor for stable speed control, ensuring smooth and consistent performance during continuous operations. The steel roller surface is coated with hard chrome and mirror-polished [&hellip;]<\/p>\n","protected":false},"author":1,"featured_media":701,"parent":141,"menu_order":0,"comment_status":"closed","ping_status":"closed","template":"","meta":{"site-sidebar-layout":"left-sidebar","site-content-layout":"","ast-site-content-layout":"normal-width-container","site-content-style":"boxed","site-sidebar-style":"default","ast-global-header-display":"","ast-banner-title-visibility":"","ast-main-header-display":"","ast-hfb-above-header-display":"","ast-hfb-below-header-display":"","ast-hfb-mobile-header-display":"","site-post-title":"disabled","ast-breadcrumbs-content":"","ast-featured-img":"disabled","footer-sml-layout":"","theme-transparent-header-meta":"","adv-header-id-meta":"","stick-header-meta":"","header-above-stick-meta":"","header-main-stick-meta":"","header-below-stick-meta":"","astra-migrate-meta-layouts":"default","ast-page-background-enabled":"default","ast-page-background-meta":{"desktop":{"background-color":"var(--ast-global-color-4)","background-image":"","background-repeat":"repeat","background-position":"center center","background-size":"auto","background-attachment":"scroll","background-type":"","background-media":"","overlay-type":"","overlay-color":"","overlay-opacity":"","overlay-gradient":""},"tablet":{"background-color":"","background-image":"","background-repeat":"repeat","background-position":"center center","background-size":"auto","background-attachment":"scroll","background-type":"","background-media":"","overlay-type":"","overlay-color":"","overlay-opacity":"","overlay-gradient":""},"mobile":{"background-color":"","background-image":"","background-repeat":"repeat","background-position":"center center","background-size":"auto","background-attachment":"scroll","background-type":"","background-media":"","overlay-type":"","overlay-color":"","overlay-opacity":"","overlay-gradient":""}},"ast-content-background-meta":{"desktop":{"background-color":"var(--ast-global-color-5)","background-image":"","background-repeat":"repeat","background-position":"center center","background-size":"auto","background-attachment":"scroll","background-type":"","background-media":"","overlay-type":"","overlay-color":"","overlay-opacity":"","overlay-gradient":""},"tablet":{"background-color":"var(--ast-global-color-5)","background-image":"","background-repeat":"repeat","background-position":"center center","background-size":"auto","background-attachment":"scroll","background-type":"","background-media":"","overlay-type":"","overlay-color":"","overlay-opacity":"","overlay-gradient":""},"mobile":{"background-color":"var(--ast-global-color-5)","background-image":"","background-repeat":"repeat","background-position":"center center","background-size":"auto","background-attachment":"scroll","background-type":"","background-media":"","overlay-type":"","overlay-color":"","overlay-opacity":"","overlay-gradient":""}},"footnotes":""},"class_list":["post-7","page","type-page","status-publish","has-post-thumbnail","hentry"],"_links":{"self":[{"href":"https:\/\/extruder-lab.com\/ar\/wp-json\/wp\/v2\/pages\/7","targetHints":{"allow":["GET"]}}],"collection":[{"href":"https:\/\/extruder-lab.com\/ar\/wp-json\/wp\/v2\/pages"}],"about":[{"href":"https:\/\/extruder-lab.com\/ar\/wp-json\/wp\/v2\/types\/page"}],"author":[{"embeddable":true,"href":"https:\/\/extruder-lab.com\/ar\/wp-json\/wp\/v2\/users\/1"}],"replies":[{"embeddable":true,"href":"https:\/\/extruder-lab.com\/ar\/wp-json\/wp\/v2\/comments?post=7"}],"version-history":[{"count":0,"href":"https:\/\/extruder-lab.com\/ar\/wp-json\/wp\/v2\/pages\/7\/revisions"}],"up":[{"embeddable":true,"href":"https:\/\/extruder-lab.com\/ar\/wp-json\/wp\/v2\/pages\/141"}],"wp:featuredmedia":[{"embeddable":true,"href":"https:\/\/extruder-lab.com\/ar\/wp-json\/wp\/v2\/media\/701"}],"wp:attachment":[{"href":"https:\/\/extruder-lab.com\/ar\/wp-json\/wp\/v2\/media?parent=7"}],"curies":[{"name":"wp","href":"https:\/\/api.w.org\/{rel}","templated":true}]}}