{"id":708,"date":"2025-08-13T14:18:33","date_gmt":"2025-08-13T06:18:33","guid":{"rendered":"https:\/\/extruder-lab.com\/?page_id=708"},"modified":"2025-11-24T12:15:44","modified_gmt":"2025-11-24T04:15:44","slug":"laboratory-banbury-mixer","status":"publish","type":"page","link":"https:\/\/extruder-lab.com\/ar\/products\/laboratory-banbury-mixer","title":{"rendered":"\u062e\u0644\u0627\u0637 \u0645\u062e\u062a\u0628\u0631 \u0628\u0627\u0646\u0628\u0648\u0631\u064a \u0628\u0627\u0646\u0628\u0648\u0631\u064a"},"content":{"rendered":"<div data-elementor-type=\"wp-page\" data-elementor-id=\"708\" class=\"elementor elementor-708\">\n\t\t\t\t\t\t<section class=\"elementor-section elementor-top-section elementor-element elementor-element-2f6a22fd elementor-section-boxed elementor-section-height-default elementor-section-height-default\" data-id=\"2f6a22fd\" data-element_type=\"section\">\n\t\t\t\t\t\t<div class=\"elementor-container elementor-column-gap-default\">\n\t\t\t\t\t<div class=\"elementor-column elementor-col-100 elementor-top-column elementor-element elementor-element-61209061\" data-id=\"61209061\" data-element_type=\"column\">\n\t\t\t<div class=\"elementor-widget-wrap elementor-element-populated\">\n\t\t\t\t\t\t<div class=\"elementor-element elementor-element-1b99b810 elementor-widget elementor-widget-image\" data-id=\"1b99b810\" data-element_type=\"widget\" data-widget_type=\"image.default\">\n\t\t\t\t<div class=\"elementor-widget-container\">\n\t\t\t\t\t\t\t\t\t\t\t\t\t\t\t<img fetchpriority=\"high\" decoding=\"async\" width=\"790\" height=\"530\" src=\"https:\/\/extruder-lab.com\/wp-content\/uploads\/2025\/09\/790_530_5c95962ccf06c.jpg\" class=\"attachment-large size-large wp-image-716\" alt=\"Lab Banbury Mixer\" srcset=\"https:\/\/extruder-lab.com\/wp-content\/uploads\/2025\/09\/790_530_5c95962ccf06c.jpg 790w, https:\/\/extruder-lab.com\/wp-content\/uploads\/2025\/09\/790_530_5c95962ccf06c-300x201.jpg 300w, https:\/\/extruder-lab.com\/wp-content\/uploads\/2025\/09\/790_530_5c95962ccf06c-768x515.jpg 768w\" sizes=\"(max-width: 790px) 100vw, 790px\" \/>\t\t\t\t\t\t\t\t\t\t\t\t\t\t\t<\/div>\n\t\t\t\t<\/div>\n\t\t\t\t<div class=\"elementor-element elementor-element-28fc3b98 elementor-widget elementor-widget-heading\" data-id=\"28fc3b98\" data-element_type=\"widget\" data-widget_type=\"heading.default\">\n\t\t\t\t<div class=\"elementor-widget-container\">\n\t\t\t\t\t<h2 class=\"elementor-heading-title elementor-size-default\">\u062e\u0644\u0627\u0637 \u0645\u062e\u062a\u0628\u0631 \u0628\u0627\u0646\u0628\u0648\u0631\u064a \u0628\u0627\u0646\u0628\u0648\u0631\u064a<\/h2>\t\t\t\t<\/div>\n\t\t\t\t<\/div>\n\t\t\t\t<div class=\"elementor-element elementor-element-f5d986a elementor-widget elementor-widget-text-editor\" data-id=\"f5d986a\" data-element_type=\"widget\" data-widget_type=\"text-editor.default\">\n\t\t\t\t<div class=\"elementor-widget-container\">\n\t\t\t\t\t\t\t\t\t<p>\u062e\u0644\u0627\u0637 \u0647\u0627\u0631\u062a\u0643 \u0644\u0627\u0628 \u0628\u0627\u0646\u0628\u0648\u0631\u064a \u0647\u0648 \u0622\u0644\u0629 \u062e\u0644\u0637 \u0635\u0646\u0627\u0639\u064a\u0629 \u0645\u062a\u0637\u0648\u0631\u0629 \u062a\u062a\u0645\u064a\u0632 \u0628\u0623\u062f\u0627\u0626\u0647\u0627 \u0627\u0644\u0642\u0648\u064a \u0648\u062a\u062d\u0643\u0645\u0647\u0627 \u0627\u0644\u062f\u0642\u064a\u0642. <strong>\u062a\u0634\u0645\u0644 \u0627\u0644\u0645\u064a\u0632\u0627\u062a \u0627\u0644\u0631\u0626\u064a\u0633\u064a\u0629 \u0645\u0627 \u064a\u0644\u064a:<\/strong><\/p><ol><li>\u0645\u062d\u0631\u0643 \u0645\u062a\u063a\u064a\u0631 \u0627\u0644\u0633\u0631\u0639\u0629: \u0645\u0632\u0648\u062f \u0628\u0645\u062d\u0631\u0643 \u0639\u0627\u0644\u064a \u0627\u0644\u062c\u0648\u062f\u0629\u060c \u064a\u0633\u0645\u062d \u0628\u0627\u0644\u062a\u062d\u0643\u0645 \u0627\u0644\u062f\u0642\u064a\u0642 \u0641\u064a \u0633\u0631\u0639\u0629 \u062f\u0648\u0631\u0627\u0646 \u0627\u0644\u062f\u0648\u0627\u0631\u060c \u0645\u0645\u0627 \u064a\u0636\u0645\u0646 \u0639\u0645\u0644\u064a\u0627\u062a \u062e\u0644\u0637 \u0641\u0639\u0627\u0644\u0629 \u0648\u0645\u062a\u0633\u0642\u0629.<\/li><li>\u0627\u062e\u062a\u064a\u0627\u0631 \u0627\u0644\u062f\u0648\u0627\u0631: \u062a\u0648\u0641\u0631 \u0627\u0644\u0645\u0627\u0643\u064a\u0646\u0629 \u062e\u064a\u0627\u0631 \u0627\u0644\u0627\u062e\u062a\u064a\u0627\u0631 \u0628\u064a\u0646 \u0623\u0646\u0648\u0627\u0639 \u0645\u062e\u062a\u0644\u0641\u0629 \u0645\u0646 \u0627\u0644\u062f\u0648\u0651\u0627\u0631\u0627\u062a \u0627\u0644\u0645\u0635\u0645\u0645\u0629 \u062e\u0635\u064a\u0635\u064b\u0627 \u0644\u0645\u062a\u0637\u0644\u0628\u0627\u062a \u0645\u0639\u0627\u0644\u062c\u0629 \u0627\u0644\u0645\u0648\u0627\u062f \u0648\u0627\u0644\u062a\u0637\u0628\u064a\u0642\u0627\u062a \u0627\u0644\u0635\u0646\u0627\u0639\u064a\u0629 \u0627\u0644\u0645\u062d\u062f\u062f\u0629.<\/li><li>\u0646\u0638\u0627\u0645 \u0627\u0644\u062a\u0633\u062e\u064a\u0646 \u0627\u0644\u0643\u0647\u0631\u0628\u0627\u0626\u064a \u0645\u0639 \u0627\u0644\u062a\u062d\u0643\u0645 \u0641\u064a \u062f\u0631\u062c\u0629 \u0627\u0644\u062d\u0631\u0627\u0631\u0629 PID: \u062a\u062a\u064a\u062d \u0647\u0630\u0647 \u0627\u0644\u0645\u064a\u0632\u0629 \u0627\u0644\u062a\u0646\u0638\u064a\u0645 \u0627\u0644\u062f\u0642\u064a\u0642 \u0644\u062f\u0631\u062c\u0629 \u0627\u0644\u062d\u0631\u0627\u0631\u0629 \u0623\u062b\u0646\u0627\u0621 \u0627\u0644\u062e\u0644\u0637\u060c \u0645\u0645\u0627 \u064a\u0639\u0632\u0632 \u0643\u0641\u0627\u0621\u0629 \u0627\u0644\u0639\u0645\u0644\u064a\u0629 \u0648\u062c\u0648\u062f\u0629 \u0627\u0644\u0645\u0646\u062a\u062c. \u064a\u0636\u0645\u0646 \u0646\u0638\u0627\u0645 PID \u0633\u0631\u0639\u0629 \u0627\u0644\u062a\u0633\u062e\u064a\u0646 \u0648\u0627\u0644\u062a\u062d\u0643\u0645 \u0627\u0644\u062f\u0642\u064a\u0642 \u0641\u064a \u062f\u0631\u062c\u0629 \u0627\u0644\u062d\u0631\u0627\u0631\u0629.<\/li><li>\u062a\u062f\u0627\u0628\u064a\u0631 \u062d\u0645\u0627\u064a\u0629 \u0645\u0632\u062f\u0648\u062c\u0629 \u0644\u0644\u0622\u0644\u0627\u062a \u0648\u0627\u0644\u0645\u0639\u062f\u0627\u062a \u0627\u0644\u0643\u0647\u0631\u0628\u0627\u0626\u064a\u0629: \u062a\u0645 \u062a\u0635\u0645\u064a\u0645 \u0627\u0644\u062e\u0644\u0627\u0637 \u0628\u0645\u064a\u0632\u0627\u062a \u0623\u0645\u0627\u0646 \u0645\u0632\u062f\u0648\u062c\u0629 \u0644\u062d\u0645\u0627\u064a\u0629 \u0643\u0644 \u0645\u0646 \u0627\u0644\u0645\u0643\u0648\u0646\u0627\u062a \u0627\u0644\u0645\u064a\u0643\u0627\u0646\u064a\u0643\u064a\u0629 \u0648\u0627\u0644\u0623\u0646\u0638\u0645\u0629 \u0627\u0644\u0643\u0647\u0631\u0628\u0627\u0626\u064a\u0629\u060c \u0645\u0645\u0627 \u064a\u0636\u0645\u0646 \u062a\u0634\u063a\u064a\u0644\u064b\u0627 \u0622\u0645\u0646\u064b\u0627 \u0648\u0645\u0648\u062b\u0648\u0642\u064b\u0627.<\/li><\/ol><p>\u0647\u0630\u0647 \u0627\u0644\u0645\u0627\u0643\u064a\u0646\u0629 \u0645\u062b\u0627\u0644\u064a\u0629 \u0644\u062a\u0637\u0628\u064a\u0642\u0627\u062a \u0627\u0644\u062e\u0644\u0637 \u0627\u0644\u0635\u0646\u0627\u0639\u064a \u0627\u0644\u0635\u0639\u0628\u0629 \u0627\u0644\u062a\u064a \u062a\u062a\u0637\u0644\u0628 \u062f\u0642\u0629 \u0639\u0627\u0644\u064a\u0629 \u0648\u0645\u0648\u062b\u0648\u0642\u064a\u0629 \u0648\u0642\u062f\u0631\u0629 \u0639\u0644\u0649 \u0627\u0644\u062a\u0643\u064a\u0641.<\/p>\t\t\t\t\t\t\t\t<\/div>\n\t\t\t\t<\/div>\n\t\t\t\t<div class=\"elementor-element elementor-element-8ebff9e elementor-widget elementor-widget-heading\" data-id=\"8ebff9e\" data-element_type=\"widget\" data-widget_type=\"heading.default\">\n\t\t\t\t<div class=\"elementor-widget-container\">\n\t\t\t\t\t<h3 class=\"elementor-heading-title elementor-size-default\">\u0627\u0644\u0648\u0638\u0627\u0626\u0641 \u0648\u0627\u0644\u062a\u0637\u0628\u064a\u0642\u0627\u062a<\/h3>\t\t\t\t<\/div>\n\t\t\t\t<\/div>\n\t\t\t\t<div class=\"elementor-element elementor-element-2b81f3cf elementor-widget elementor-widget-text-editor\" data-id=\"2b81f3cf\" data-element_type=\"widget\" data-widget_type=\"text-editor.default\">\n\t\t\t\t<div class=\"elementor-widget-container\">\n\t\t\t\t\t\t\t\t\t<ul><li>\u062e\u0644\u0637 \u0648\u062a\u0644\u062f\u064a\u0646 \u0627\u0644\u0645\u0648\u0627\u062f \u0627\u0644\u0645\u0637\u0627\u0637\u064a\u0629 \u0627\u0644\u0634\u0627\u0626\u0639\u0629;<\/li><li>\u062a\u0639\u0628\u0626\u0629 \u0648\u062e\u0644\u0637 \u0648\u062a\u0634\u062a\u064a\u062a \u0627\u0644\u0645\u0648\u0627\u062f \u0627\u0644\u0645\u0637\u0627\u0637\u064a\u0629;<\/li><li>\u062a\u0635\u0645\u064a\u0645 \u062a\u0631\u0643\u064a\u0628\u0629 \u0645\u0637\u0627\u0637\u064a\u0629;<\/li><li>\u0627\u0644\u0645\u0639\u0627\u0644\u062c\u0629 \u0627\u0644\u062d\u0631\u0627\u0631\u064a\u0629 \u0627\u0644\u0645\u0633\u0628\u0642\u0629 \u0627\u0644\u0634\u0627\u0626\u0639\u0629 \u0644\u0644\u0645\u0648\u0627\u062f \u0627\u0644\u0645\u0637\u0627\u0637\u064a\u0629.<\/li><\/ul>\t\t\t\t\t\t\t\t<\/div>\n\t\t\t\t<\/div>\n\t\t\t\t<div class=\"elementor-element elementor-element-540fbc94 elementor-widget elementor-widget-heading\" data-id=\"540fbc94\" data-element_type=\"widget\" data-widget_type=\"heading.default\">\n\t\t\t\t<div class=\"elementor-widget-container\">\n\t\t\t\t\t<h3 class=\"elementor-heading-title elementor-size-default\">\u0627\u0644\u0645\u0648\u0627\u0635\u0641\u0627\u062a<\/h3>\t\t\t\t<\/div>\n\t\t\t\t<\/div>\n\t\t\t\t<div class=\"elementor-element elementor-element-e59ffa7 elementor-widget elementor-widget-text-editor\" data-id=\"e59ffa7\" data-element_type=\"widget\" data-widget_type=\"text-editor.default\">\n\t\t\t\t<div class=\"elementor-widget-container\">\n\t\t\t\t\t\t\t\t\t<table width=\"748\"><tbody><tr><td width=\"217\">\u0627\u0644\u0637\u0631\u0627\u0632<\/td><td width=\"167\">HTK-55<\/td><td width=\"182\">HTK-200<\/td><td width=\"182\">HTK-300<\/td><\/tr><tr><td>\u062d\u062c\u0645 \u063a\u0631\u0641\u0629 \u0627\u0644\u062e\u0644\u0637 (\u0645\u0644)<\/td><td>55<\/td><td>200<\/td><td>300<\/td><\/tr><tr><td>\u0646\u0633\u0628\u0629 \u0633\u0631\u0639\u0629 \u0627\u0644\u062f\u0648\u0627\u0631<\/td><td>2:03<\/td><td>2:03<\/td><td>2:03<\/td><\/tr><tr><td>\u0633\u0631\u0639\u0629 \u0627\u0644\u062f\u0648\u0627\u0631 (\u062f\u0648\u0631\u0629 \u0641\u064a \u0627\u0644\u062f\u0642\u064a\u0642\u0629)<\/td><td>0~200<\/td><td>0~200<\/td><td>0~200<\/td><\/tr><tr><td>\u0627\u0644\u0646\u0648\u0639 \u0627\u0644\u062f\u0648\u0627\u0631<\/td><td>\u0631\u0648\u0644\u0631\u060c \u0628\u0627\u0646\u0628\u0648\u0631\u064a\u060c \u0643\u0627\u0645\u060c \u0633\u064a\u062c\u0645\u0627<\/td><td>\u0631\u0648\u0644\u0631\u060c \u0628\u0627\u0646\u0628\u0648\u0631\u064a\u060c \u0643\u0627\u0645\u060c \u0633\u064a\u062c\u0645\u0627<\/td><td>\u0631\u0648\u0644\u0631\u060c \u0628\u0627\u0646\u0628\u0648\u0631\u064a\u060c \u0643\u0627\u0645\u060c \u0633\u064a\u062c\u0645\u0627<\/td><\/tr><tr><td>\u0627\u0644\u062d\u062f \u0627\u0644\u0623\u0642\u0635\u0649. \u062f\u0631\u062c\u0629 \u0627\u0644\u062d\u0631\u0627\u0631\u0629 (\u2103)<\/td><td>350<\/td><td>350<\/td><td>350<\/td><\/tr><tr><td>\u062f\u0631\u062c\u0629 \u0627\u0644\u062d\u0631\u0627\u0631\u0629. \u062f\u0642\u0629 \u0627\u0644\u062a\u062d\u0643\u0645 (\u2103)<\/td><td>\u571f1<\/td><td>\u571f1<\/td><td>\u58eb1<\/td><\/tr><tr><td>\u0637\u0631\u064a\u0642\u0629 \u0627\u0644\u062a\u062f\u0641\u0626\u0629\/\u0627\u0644\u062a\u0628\u0631\u064a\u062f<\/td><td>\u0627\u0644\u062a\u062f\u0641\u0626\u0629 \u0627\u0644\u0643\u0647\u0631\u0628\u0627\u0626\u064a\u0629\/\u0627\u0644\u062a\u0628\u0631\u064a\u062f \u0628\u0627\u0644\u0647\u0648\u0627\u0621 \u0627\u0644\u0645\u0636\u063a\u0648\u0637<\/td><td>\u0627\u0644\u062a\u062f\u0641\u0626\u0629 \u0627\u0644\u0643\u0647\u0631\u0628\u0627\u0626\u064a\u0629\/\u0627\u0644\u062a\u0628\u0631\u064a\u062f \u0628\u0627\u0644\u0647\u0648\u0627\u0621 \u0627\u0644\u0645\u0636\u063a\u0648\u0637<\/td><td>\u0627\u0644\u062a\u062f\u0641\u0626\u0629 \u0627\u0644\u0643\u0647\u0631\u0628\u0627\u0626\u064a\u0629\/\u0627\u0644\u062a\u0628\u0631\u064a\u062f \u0628\u0627\u0644\u0647\u0648\u0627\u0621 \u0627\u0644\u0645\u0636\u063a\u0648\u0637<\/td><\/tr><tr><td>\u0642\u0648\u0629 \u0627\u0644\u0645\u062d\u0631\u0643 (\u0643\u064a\u0644\u0648\u0648\u0627\u0637)<\/td><td>3<\/td><td>5.5<\/td><td>7.5<\/td><\/tr><tr><td>\u0625\u062c\u0645\u0627\u0644\u064a \u0627\u0644\u0637\u0627\u0642\u0629 (\u0643\u064a\u0644\u0648\u0648\u0627\u0637)<\/td><td>4.5<\/td><td>6<\/td><td>8<\/td><\/tr><tr><td>\u0627\u0644\u0648\u0632\u0646 (\u0628\u0627\u0644\u0643\u064a\u0644\u0648\u063a\u0631\u0627\u0645)<\/td><td>290<\/td><td>320<\/td><td>380<\/td><\/tr><tr><td>\u0627\u0644\u0623\u0628\u0639\u0627\u062f (\u0645\u0645)<\/td><td>1250 \u00d7 690 \u00d7 1350 \u00d7 690 \u00d7 1350<\/td><td>1350\u00d7690\u00d7690\u00d71350<\/td><td>1480\u00d7690\u00d7690\u00d71350<\/td><\/tr><\/tbody><\/table>\t\t\t\t\t\t\t\t<\/div>\n\t\t\t\t<\/div>\n\t\t\t\t\t<\/div>\n\t\t<\/div>\n\t\t\t\t\t<\/div>\n\t\t<\/section>\n\t\t\t\t<\/div>","protected":false},"excerpt":{"rendered":"<p>Laboratory Banbury Mixer Hartek Lab Banbury Mixer is an advanced industrial mixing machine characterized by its robust performance and precise control. Key features include: Variable Speed Motor: Equipped with a high-quality motor, it allows for exact control of the rotor&#8217;s rotational speed, ensuring efficient and consistent mixing operations. Rotor Selection: The machine offers the option [&hellip;]<\/p>\n","protected":false},"author":1,"featured_media":716,"parent":141,"menu_order":0,"comment_status":"closed","ping_status":"closed","template":"","meta":{"site-sidebar-layout":"left-sidebar","site-content-layout":"","ast-site-content-layout":"default","site-content-style":"default","site-sidebar-style":"default","ast-global-header-display":"","ast-banner-title-visibility":"","ast-main-header-display":"","ast-hfb-above-header-display":"","ast-hfb-below-header-display":"","ast-hfb-mobile-header-display":"","site-post-title":"disabled","ast-breadcrumbs-content":"","ast-featured-img":"disabled","footer-sml-layout":"","theme-transparent-header-meta":"","adv-header-id-meta":"","stick-header-meta":"","header-above-stick-meta":"","header-main-stick-meta":"","header-below-stick-meta":"","astra-migrate-meta-layouts":"set","ast-page-background-enabled":"default","ast-page-background-meta":{"desktop":{"background-color":"var(--ast-global-color-5)","background-image":"","background-repeat":"repeat","background-position":"center center","background-size":"auto","background-attachment":"scroll","background-type":"","background-media":"","overlay-type":"","overlay-color":"","overlay-opacity":"","overlay-gradient":""},"tablet":{"background-color":"","background-image":"","background-repeat":"repeat","background-position":"center center","background-size":"auto","background-attachment":"scroll","background-type":"","background-media":"","overlay-type":"","overlay-color":"","overlay-opacity":"","overlay-gradient":""},"mobile":{"background-color":"","background-image":"","background-repeat":"repeat","background-position":"center center","background-size":"auto","background-attachment":"scroll","background-type":"","background-media":"","overlay-type":"","overlay-color":"","overlay-opacity":"","overlay-gradient":""}},"ast-content-background-meta":{"desktop":{"background-color":"var(--ast-global-color-4)","background-image":"","background-repeat":"repeat","background-position":"center center","background-size":"auto","background-attachment":"scroll","background-type":"","background-media":"","overlay-type":"","overlay-color":"","overlay-opacity":"","overlay-gradient":""},"tablet":{"background-color":"var(--ast-global-color-4)","background-image":"","background-repeat":"repeat","background-position":"center center","background-size":"auto","background-attachment":"scroll","background-type":"","background-media":"","overlay-type":"","overlay-color":"","overlay-opacity":"","overlay-gradient":""},"mobile":{"background-color":"var(--ast-global-color-4)","background-image":"","background-repeat":"repeat","background-position":"center center","background-size":"auto","background-attachment":"scroll","background-type":"","background-media":"","overlay-type":"","overlay-color":"","overlay-opacity":"","overlay-gradient":""}},"footnotes":""},"class_list":["post-708","page","type-page","status-publish","has-post-thumbnail","hentry"],"_links":{"self":[{"href":"https:\/\/extruder-lab.com\/ar\/wp-json\/wp\/v2\/pages\/708","targetHints":{"allow":["GET"]}}],"collection":[{"href":"https:\/\/extruder-lab.com\/ar\/wp-json\/wp\/v2\/pages"}],"about":[{"href":"https:\/\/extruder-lab.com\/ar\/wp-json\/wp\/v2\/types\/page"}],"author":[{"embeddable":true,"href":"https:\/\/extruder-lab.com\/ar\/wp-json\/wp\/v2\/users\/1"}],"replies":[{"embeddable":true,"href":"https:\/\/extruder-lab.com\/ar\/wp-json\/wp\/v2\/comments?post=708"}],"version-history":[{"count":1,"href":"https:\/\/extruder-lab.com\/ar\/wp-json\/wp\/v2\/pages\/708\/revisions"}],"predecessor-version":[{"id":985,"href":"https:\/\/extruder-lab.com\/ar\/wp-json\/wp\/v2\/pages\/708\/revisions\/985"}],"up":[{"embeddable":true,"href":"https:\/\/extruder-lab.com\/ar\/wp-json\/wp\/v2\/pages\/141"}],"wp:featuredmedia":[{"embeddable":true,"href":"https:\/\/extruder-lab.com\/ar\/wp-json\/wp\/v2\/media\/716"}],"wp:attachment":[{"href":"https:\/\/extruder-lab.com\/ar\/wp-json\/wp\/v2\/media?parent=708"}],"curies":[{"name":"wp","href":"https:\/\/api.w.org\/{rel}","templated":true}]}}