{"id":1218,"date":"2026-03-17T17:28:24","date_gmt":"2026-03-17T09:28:24","guid":{"rendered":"https:\/\/extruder-lab.com\/?page_id=1218"},"modified":"2026-03-17T17:30:03","modified_gmt":"2026-03-17T09:30:03","slug":"single-twin-screw-small-hot-melt-spinning-machine","status":"publish","type":"page","link":"https:\/\/extruder-lab.com\/de\/products\/single-twin-screw-small-hot-melt-spinning-machine","title":{"rendered":"Kleine Hei\u00dfschmelzspinnmaschine mit einer\/zwei Schrauben"},"content":{"rendered":"<h1 class=\"wp-block-heading has-large-font-size\">Was ist <a href=\"https:\/\/extruder-lab.com\/de\/lab-small-scale-melt-spinning-machine.html\/\">Hei\u00dfschmelzspinnmaschine<\/a>?<\/h1>\n\n\n\n<p>Eine Hei\u00dfschmelzspinnmaschine ist eine Vorrichtung zur Herstellung kurzer oder langer Fasern aus thermoplastischem Granulat durch Erhitzen und Spinnen, z. B. zur Herstellung von Polyester- oder Nylonfasern.<\/p>\n\n\n\n<ul class=\"wp-block-list\">\n<li>Geeignet f\u00fcr allgemeine Spinnmaterialien<\/li>\n\n\n\n<li>Optionale Einschnecken-\/Doppelschneckenextruder<\/li>\n\n\n\n<li>Professionell hergestellte Schrauben und Zylinder, hochpr\u00e4zise Bearbeitung und garantierte Qualit\u00e4t<\/li>\n\n\n\n<li>Siemens-TFT-Touchscreen und Siemens-SPS-Zentralsteuerung, hochintelligent und einfach zu bedienen<\/li>\n\n\n\n<li>Zweifacher mechanischer und elektrischer Sicherheitsschutz<\/li>\n\n\n\n<li>Speicherung von Formeln<\/li>\n<\/ul>\n\n\n\n<figure class=\"wp-block-image size-large\"><img fetchpriority=\"high\" decoding=\"async\" width=\"1024\" height=\"726\" src=\"https:\/\/extruder-lab.com\/wp-content\/uploads\/2026\/03\/hot-melt-spinning-machine-1024x726.jpg\" alt=\"hot melt spinning machine\" class=\"wp-image-1219\" srcset=\"https:\/\/extruder-lab.com\/wp-content\/uploads\/2026\/03\/hot-melt-spinning-machine-1024x726.jpg 1024w, https:\/\/extruder-lab.com\/wp-content\/uploads\/2026\/03\/hot-melt-spinning-machine-300x213.jpg 300w, https:\/\/extruder-lab.com\/wp-content\/uploads\/2026\/03\/hot-melt-spinning-machine-768x545.jpg 768w, https:\/\/extruder-lab.com\/wp-content\/uploads\/2026\/03\/hot-melt-spinning-machine-18x12.jpg 18w, https:\/\/extruder-lab.com\/wp-content\/uploads\/2026\/03\/hot-melt-spinning-machine.jpg 1280w\" sizes=\"(max-width: 1024px) 100vw, 1024px\" \/><\/figure>\n\n\n\n<h2 class=\"wp-block-heading\">Funktionen der Hei\u00dfschmelzspinnmaschine<\/h2>\n\n\n\n<ul class=\"wp-block-list\">\n<li>Erhitzen und Spinnen des Rohmaterials: Erhitzt Kunststoffgranulat bis zum Schmelzpunkt, so dass es flie\u00dft und zu feinen F\u00e4den gesponnen wird.<\/li>\n\n\n\n<li>Die rotierende Schnecke schmilzt den Kunststoff und zieht ihn in Fasern.<\/li>\n\n\n\n<li>Hohe Produktionseffizienz: Kompakte Gr\u00f6\u00dfe, geeignet f\u00fcr kleine Fabriken oder Werkst\u00e4tten, niedrige Produktionskosten.<\/li>\n\n\n\n<li>Hocheffiziente Produktion von Kunststofffasern durch einfache Bedienung und Wartung.<\/li>\n\n\n\n<li>Geeignet f\u00fcr verschiedene Kunststoffe: Verarbeitet verschiedene Kunststoffgranulate, wie z. B. Polyester- und Nylongranulate, zu Polyesterfasern, Nylonfasern usw.<\/li>\n\n\n\n<li>Leicht zu bewegen und zu bedienen: Kompaktes Design, leichtes Ger\u00e4t, einfach zu transportieren und zu bewegen, geeignet f\u00fcr flexible Produktionsumgebungen.<\/li>\n\n\n\n<li>Geringe Automatisierung: In der Regel fehlt ein komplexes automatisches Steuerungssystem; manuelle Bedienung ist erforderlich.<\/li>\n<\/ul>\n\n\n\n<h2 class=\"wp-block-heading has-large-font-size\">Technische Parameter<\/h2>\n\n\n\n<figure class=\"wp-block-table\"><table class=\"has-fixed-layout\"><tbody><tr><td>Modell<\/td><td>HTES-20S<\/td><td>HTES-25S<\/td><td>HTGD-20S<\/td><\/tr><tr><td>Schraube<\/td><td>Einzelne Schraube<\/td><td>Einzelne Schraube<\/td><td>Doppelschnecke<\/td><\/tr><tr><td>Schneckendurchmesser (mm)<\/td><td>20<\/td><td>25<\/td><td>20<\/td><\/tr><tr><td>Strom<\/td><td>3<\/td><td>4<\/td><td>5.5<\/td><\/tr><tr><td>Kapazit\u00e4t<\/td><td>0.5~3<\/td><td>0.5~5<\/td><td>0.5~10<\/td><\/tr><tr><td>Messbereich Schmelzdruck (MPa)<\/td><td>0~35<\/td><td>0~35<\/td><td>0~35<\/td><\/tr><tr><td>Verh\u00e4ltnis L\u00e4nge\/Durchmesser der Schnecke<\/td><td>28:1<\/td><td>28:1<\/td><td>40:1<\/td><\/tr><tr><td>Maximale Motordrehzahl (U\/min)<\/td><td>120<\/td><td>120<\/td><td>500<\/td><\/tr><tr><td>H\u00f6chsttemperatur (\u00b0C)<\/td><td>350 (450 optional)<\/td><td>350 (450 optional)<\/td><td>350 (450 optional)<\/td><\/tr><tr><td>Genauigkeit der Temperaturregelung (\u00b0C)<\/td><td>\u00b11<\/td><td>\u00b11<\/td><td>\u00b11<\/td><\/tr><tr><td>Genauigkeit der Druckanzeige (MPa)<\/td><td>\u00b10.01<\/td><td>\u00b10.01<\/td><td>\u00b10.01<\/td><\/tr><tr><td>Kontrollmethode<\/td><td>Siemens SPS<\/td><td>Siemens SPS<\/td><td>Siemens SPS<\/td><\/tr><\/tbody><\/table><\/figure>","protected":false},"excerpt":{"rendered":"<p>What is Hot Melt Spinning Machine? A hot melt spinning machine is a device used to produce short or long fibers from thermoplastic granules through a heating and spinning process, such as for the production of polyester or nylon fibers. Functions of Hot Melt Spinning Machine Technical parameters Model HTES-20S HTES-25S HTGD-20S Screw Single Screw [&hellip;]<\/p>\n","protected":false},"author":1,"featured_media":0,"parent":141,"menu_order":0,"comment_status":"closed","ping_status":"closed","template":"","meta":{"site-sidebar-layout":"left-sidebar","site-content-layout":"","ast-site-content-layout":"normal-width-container","site-content-style":"default","site-sidebar-style":"default","ast-global-header-display":"","ast-banner-title-visibility":"","ast-main-header-display":"","ast-hfb-above-header-display":"","ast-hfb-below-header-display":"","ast-hfb-mobile-header-display":"","site-post-title":"","ast-breadcrumbs-content":"","ast-featured-img":"","footer-sml-layout":"","theme-transparent-header-meta":"","adv-header-id-meta":"","stick-header-meta":"","header-above-stick-meta":"","header-main-stick-meta":"","header-below-stick-meta":"","astra-migrate-meta-layouts":"set","ast-page-background-enabled":"default","ast-page-background-meta":{"desktop":{"background-color":"var(--ast-global-color-4)","background-image":"","background-repeat":"repeat","background-position":"center center","background-size":"auto","background-attachment":"scroll","background-type":"","background-media":"","overlay-type":"","overlay-color":"","overlay-opacity":"","overlay-gradient":""},"tablet":{"background-color":"","background-image":"","background-repeat":"repeat","background-position":"center center","background-size":"auto","background-attachment":"scroll","background-type":"","background-media":"","overlay-type":"","overlay-color":"","overlay-opacity":"","overlay-gradient":""},"mobile":{"background-color":"","background-image":"","background-repeat":"repeat","background-position":"center center","background-size":"auto","background-attachment":"scroll","background-type":"","background-media":"","overlay-type":"","overlay-color":"","overlay-opacity":"","overlay-gradient":""}},"ast-content-background-meta":{"desktop":{"background-color":"var(--ast-global-color-5)","background-image":"","background-repeat":"repeat","background-position":"center center","background-size":"auto","background-attachment":"scroll","background-type":"","background-media":"","overlay-type":"","overlay-color":"","overlay-opacity":"","overlay-gradient":""},"tablet":{"background-color":"var(--ast-global-color-5)","background-image":"","background-repeat":"repeat","background-position":"center center","background-size":"auto","background-attachment":"scroll","background-type":"","background-media":"","overlay-type":"","overlay-color":"","overlay-opacity":"","overlay-gradient":""},"mobile":{"background-color":"var(--ast-global-color-5)","background-image":"","background-repeat":"repeat","background-position":"center center","background-size":"auto","background-attachment":"scroll","background-type":"","background-media":"","overlay-type":"","overlay-color":"","overlay-opacity":"","overlay-gradient":""}},"footnotes":""},"class_list":["post-1218","page","type-page","status-publish","hentry"],"_links":{"self":[{"href":"https:\/\/extruder-lab.com\/de\/wp-json\/wp\/v2\/pages\/1218","targetHints":{"allow":["GET"]}}],"collection":[{"href":"https:\/\/extruder-lab.com\/de\/wp-json\/wp\/v2\/pages"}],"about":[{"href":"https:\/\/extruder-lab.com\/de\/wp-json\/wp\/v2\/types\/page"}],"author":[{"embeddable":true,"href":"https:\/\/extruder-lab.com\/de\/wp-json\/wp\/v2\/users\/1"}],"replies":[{"embeddable":true,"href":"https:\/\/extruder-lab.com\/de\/wp-json\/wp\/v2\/comments?post=1218"}],"version-history":[{"count":2,"href":"https:\/\/extruder-lab.com\/de\/wp-json\/wp\/v2\/pages\/1218\/revisions"}],"predecessor-version":[{"id":1221,"href":"https:\/\/extruder-lab.com\/de\/wp-json\/wp\/v2\/pages\/1218\/revisions\/1221"}],"up":[{"embeddable":true,"href":"https:\/\/extruder-lab.com\/de\/wp-json\/wp\/v2\/pages\/141"}],"wp:attachment":[{"href":"https:\/\/extruder-lab.com\/de\/wp-json\/wp\/v2\/media?parent=1218"}],"curies":[{"name":"wp","href":"https:\/\/api.w.org\/{rel}","templated":true}]}}