{"id":1222,"date":"2026-03-17T17:51:12","date_gmt":"2026-03-17T09:51:12","guid":{"rendered":"https:\/\/extruder-lab.com\/?page_id=1222"},"modified":"2026-03-17T17:51:51","modified_gmt":"2026-03-17T09:51:51","slug":"thin-film-gel-detector","status":"publish","type":"page","link":"https:\/\/extruder-lab.com\/de\/products\/thin-film-gel-detector","title":{"rendered":"D\u00fcnnfilm-Gel-Detektor"},"content":{"rendered":"<figure class=\"wp-block-image size-full\"><img fetchpriority=\"high\" decoding=\"async\" width=\"1024\" height=\"576\" src=\"https:\/\/extruder-lab.com\/wp-content\/uploads\/2026\/03\/\u8584\u819c\u68c0\u6d4b\u4eea-1024x576-1.png\" alt=\"Thin Film Gel Detector\" class=\"wp-image-1223\" srcset=\"https:\/\/extruder-lab.com\/wp-content\/uploads\/2026\/03\/\u8584\u819c\u68c0\u6d4b\u4eea-1024x576-1.png 1024w, https:\/\/extruder-lab.com\/wp-content\/uploads\/2026\/03\/\u8584\u819c\u68c0\u6d4b\u4eea-1024x576-1-300x169.png 300w, https:\/\/extruder-lab.com\/wp-content\/uploads\/2026\/03\/\u8584\u819c\u68c0\u6d4b\u4eea-1024x576-1-768x432.png 768w, https:\/\/extruder-lab.com\/wp-content\/uploads\/2026\/03\/\u8584\u819c\u68c0\u6d4b\u4eea-1024x576-1-18x10.png 18w\" sizes=\"(max-width: 1024px) 100vw, 1024px\" \/><figcaption class=\"wp-element-caption\">D\u00fcnnfilm-Gel-Detektor<\/figcaption><\/figure>\n\n\n\n<h2 class=\"wp-block-heading has-medium-font-size\"><strong>D\u00fcnnfilm-Gel-Detektor-Analysatoren werden vor allem in biochemischen Laboratorien zum Nachweis von Elektrophoreseergebnissen bei der Gen- und Proteintrennung eingesetzt. Sie erf\u00fcllen die folgenden Funktionen:<\/strong><\/h2>\n\n\n\n<p><strong>Elektrophoretische Trennung:<\/strong> Nach der Probenvorbereitung wird die Elektrophorese durchgef\u00fchrt. Unter bestimmten elektrischen Feldbedingungen in der Elektrophoresekammer trennen sich RNA, DNA oder Proteine in der Probe aufgrund ihrer Gr\u00f6\u00dfe, Form und Ladung.<\/p>\n\n\n\n<p><strong>D\u00fcnnschicht-Transfer:<\/strong> RNA, DNA oder Proteine aus dem Elektrophoresegel werden f\u00fcr weitere Untersuchungen auf einen d\u00fcnnen Film \u00fcbertragen.<\/p>\n\n\n\n<p><strong>Gel-Nachweis:<\/strong> Wenn eine spezielle fluoreszierende Substanz auf dem D\u00fcnnfilm vorhanden ist, wird sie im Analyseger\u00e4t beobachtet, und mit Hilfe der Computerbildverarbeitungstechnologie werden verschiedene Probenparameter wie Molekulargewicht, relativer Gehalt, Hybridisierungsintensit\u00e4t oder Expressionsniveau analysiert, gemessen und aufgezeichnet.<\/p>\n\n\n\n<p>Zusammenfassend l\u00e4sst sich sagen, dass D\u00fcnnfilm-Gelelektrophorese-Analyseger\u00e4te grundlegende Ger\u00e4te in der Molekularbiologie, Genetik und anderen Bereichen sind, die Vorteile wie automatische Datenverarbeitung, quantitative Analyse, einfache Bedienung, hohe Empfindlichkeit und hohe Genauigkeit aufweisen.<\/p>\n\n\n\n<h1 class=\"wp-block-heading has-large-font-size\">Hauptfunktionen und Anwendungen des D\u00fcnnfilm-Gel-Inspektionsger\u00e4ts:<\/h1>\n\n\n\n<ul class=\"wp-block-list\">\n<li>Automatische Identifizierung und Erkennung, automatische Berechnung von Fehlergr\u00f6\u00dfe, Fl\u00e4che und anderen Informationen<\/li>\n\n\n\n<li>Fehlerkartierung, Lokalisierung der Position jedes Fehlers auf dem Bogen<\/li>\n\n\n\n<li>Vergr\u00f6\u00dferte Fotos, Anzeige und Archivierung jedes Fehlerdatensatzes<\/li>\n\n\n\n<li>Individuelle Fehleranalyse, 2D-Bildanalyse, 3D-Bildanalyse<\/li>\n\n\n\n<li>Umfassende Qualit\u00e4tsberichte, statistische Berichte, Fehlerverteilung und Trenddiagramme<\/li>\n<\/ul>\n\n\n\n<h2 class=\"wp-block-heading\">Technische Parameter des D\u00fcnnfilm-Gel-Detektors\uff1a<\/h2>\n\n\n\n<figure class=\"wp-block-table\"><table class=\"has-fixed-layout\"><tbody><tr><td class=\"has-text-align-left\" data-align=\"left\">Schraubendurchmesser<\/td><td class=\"has-text-align-left\" data-align=\"left\">20mm<\/td><td class=\"has-text-align-left\" data-align=\"left\">25mm<\/td><td class=\"has-text-align-left\" data-align=\"left\">30mm<\/td><\/tr><tr><td class=\"has-text-align-left\" data-align=\"left\">Durchmesserverh\u00e4ltnis<\/td><td class=\"has-text-align-left\" data-align=\"left\">25\uff1a1<\/td><td class=\"has-text-align-left\" data-align=\"left\">25\uff1a1<\/td><td class=\"has-text-align-left\" data-align=\"left\">28\uff1a1<\/td><\/tr><tr><td class=\"has-text-align-left\" data-align=\"left\">Strom<\/td><td class=\"has-text-align-left\" data-align=\"left\">3kw Serve-Motor<\/td><td class=\"has-text-align-left\" data-align=\"left\">4kw Serve-Motor<\/td><td class=\"has-text-align-left\" data-align=\"left\">5,5 kW Serve-Motor<\/td><\/tr><tr><td class=\"has-text-align-left\" data-align=\"left\">Kapazit\u00e4t<\/td><td class=\"has-text-align-left\" data-align=\"left\">0,5-5kg\/h\uff08Abh\u00e4ngig von Materialien und Formulierung\uff09<\/td><td class=\"has-text-align-left\" data-align=\"left\">0,5-5kg\/h\uff08Abh\u00e4ngig von Materialien und Formulierung\uff09<\/td><td class=\"has-text-align-left\" data-align=\"left\">0,5-5kg\/h\uff08Abh\u00e4ngig von Materialien und Formulierung\uff09<\/td><\/tr><tr><td class=\"has-text-align-left\" data-align=\"left\">Dicke der d\u00fcnnen Schicht<\/td><td class=\"has-text-align-left\" data-align=\"left\">&lt; 0,2mm<\/td><td class=\"has-text-align-left\" data-align=\"left\">&lt; 0,2mm<\/td><td class=\"has-text-align-left\" data-align=\"left\">&lt; 0,2mm<\/td><\/tr><tr><td class=\"has-text-align-left\" data-align=\"left\">Rotationsgeschwindigkeit<\/td><td class=\"has-text-align-left\" data-align=\"left\">150 Umdrehungen pro Minute<\/td><td class=\"has-text-align-left\" data-align=\"left\">150 Umdrehungen pro Minute<\/td><td class=\"has-text-align-left\" data-align=\"left\">150 Umdrehungen pro Minute<\/td><\/tr><tr><td class=\"has-text-align-left\" data-align=\"left\">h\u00f6chste Temperatur<\/td><td class=\"has-text-align-left\" data-align=\"left\">350\u2103<\/td><td class=\"has-text-align-left\" data-align=\"left\">350\u2103<\/td><td class=\"has-text-align-left\" data-align=\"left\">350\u2103<\/td><\/tr><tr><td class=\"has-text-align-left\" data-align=\"left\">Genauigkeit der Temperaturregelung<\/td><td class=\"has-text-align-left\" data-align=\"left\">\u00b11.0\u2103<\/td><td class=\"has-text-align-left\" data-align=\"left\">\u00b11.0\u2103<\/td><td class=\"has-text-align-left\" data-align=\"left\">\u00b11.0\u2103<\/td><\/tr><tr><td class=\"has-text-align-left\" data-align=\"left\">Spannung<\/td><td class=\"has-text-align-left\" data-align=\"left\">380 V\u00b110%, 3 Phasen, 50 Hz<\/td><td class=\"has-text-align-left\" data-align=\"left\">380 V\u00b110%, 3 Phasen, 50 Hz<\/td><td class=\"has-text-align-left\" data-align=\"left\">380 V\u00b110%, 3 Phasen, 50 Hz<\/td><\/tr><tr><td class=\"has-text-align-left\" data-align=\"left\">Kamera-Typ<\/td><td class=\"has-text-align-left\" data-align=\"left\">CMOS-Zeilenkamera (hohe Empfindlichkeit)<\/td><td class=\"has-text-align-left\" data-align=\"left\">CMOS-Zeilenkamera (hohe Empfindlichkeit)<\/td><td class=\"has-text-align-left\" data-align=\"left\">CMOS-Zeilenkamera (hohe Empfindlichkeit)<\/td><\/tr><tr><td class=\"has-text-align-left\" data-align=\"left\">Aufl\u00f6sung der Kamera<\/td><td class=\"has-text-align-left\" data-align=\"left\">8192 Pixel<\/td><td class=\"has-text-align-left\" data-align=\"left\">8192 Pixel<\/td><td class=\"has-text-align-left\" data-align=\"left\">8192 Pixel<\/td><\/tr><tr><td class=\"has-text-align-left\" data-align=\"left\">D\u00fcnnschichtgeschwindigkeit<\/td><td class=\"has-text-align-left\" data-align=\"left\">0-15 m\/min\uff08Konfigurierbar\uff09<\/td><td class=\"has-text-align-left\" data-align=\"left\">0-15m\/min\uff08Anpassbar\uff09<\/td><td class=\"has-text-align-left\" data-align=\"left\">0-15m\/min\uff08Anpassbar\uff09<\/td><\/tr><tr><td class=\"has-text-align-left\" data-align=\"left\">Linienf\u00f6rmige Lichtquelle<\/td><td class=\"has-text-align-left\" data-align=\"left\">LED-Wei\u00dflicht, IP54<\/td><td class=\"has-text-align-left\" data-align=\"left\">LED-Wei\u00dflicht, IP54<\/td><td class=\"has-text-align-left\" data-align=\"left\">LED-Wei\u00dflicht, IP54<\/td><\/tr><tr><td class=\"has-text-align-left\" data-align=\"left\">Signal-Rausch-Verh\u00e4ltnis<\/td><td class=\"has-text-align-left\" data-align=\"left\">Besser als 60 dB<\/td><td class=\"has-text-align-left\" data-align=\"left\">Besser als 60 dB<\/td><td class=\"has-text-align-left\" data-align=\"left\">Besser als 60 dB<\/td><\/tr><\/tbody><\/table><\/figure>\n\n\n\n<p><\/p>","protected":false},"excerpt":{"rendered":"<p>Thin film gel detector analyzers are primarily used in biochemical laboratories for detecting electrophoresis results during gene and protein separation. They perform the following functions: Electrophoretic separation: After sample preparation, electrophoresis is performed. Under specific electric field conditions in the electrophoresis chamber, RNA, DNA, or proteins in the sample separate based on their size, shape, [&hellip;]<\/p>\n","protected":false},"author":1,"featured_media":1223,"parent":141,"menu_order":0,"comment_status":"closed","ping_status":"closed","template":"","meta":{"site-sidebar-layout":"left-sidebar","site-content-layout":"","ast-site-content-layout":"normal-width-container","site-content-style":"default","site-sidebar-style":"default","ast-global-header-display":"","ast-banner-title-visibility":"","ast-main-header-display":"","ast-hfb-above-header-display":"","ast-hfb-below-header-display":"","ast-hfb-mobile-header-display":"","site-post-title":"","ast-breadcrumbs-content":"","ast-featured-img":"disabled","footer-sml-layout":"","theme-transparent-header-meta":"","adv-header-id-meta":"","stick-header-meta":"","header-above-stick-meta":"","header-main-stick-meta":"","header-below-stick-meta":"","astra-migrate-meta-layouts":"set","ast-page-background-enabled":"default","ast-page-background-meta":{"desktop":{"background-color":"var(--ast-global-color-4)","background-image":"","background-repeat":"repeat","background-position":"center center","background-size":"auto","background-attachment":"scroll","background-type":"","background-media":"","overlay-type":"","overlay-color":"","overlay-opacity":"","overlay-gradient":""},"tablet":{"background-color":"","background-image":"","background-repeat":"repeat","background-position":"center center","background-size":"auto","background-attachment":"scroll","background-type":"","background-media":"","overlay-type":"","overlay-color":"","overlay-opacity":"","overlay-gradient":""},"mobile":{"background-color":"","background-image":"","background-repeat":"repeat","background-position":"center center","background-size":"auto","background-attachment":"scroll","background-type":"","background-media":"","overlay-type":"","overlay-color":"","overlay-opacity":"","overlay-gradient":""}},"ast-content-background-meta":{"desktop":{"background-color":"var(--ast-global-color-5)","background-image":"","background-repeat":"repeat","background-position":"center center","background-size":"auto","background-attachment":"scroll","background-type":"","background-media":"","overlay-type":"","overlay-color":"","overlay-opacity":"","overlay-gradient":""},"tablet":{"background-color":"var(--ast-global-color-5)","background-image":"","background-repeat":"repeat","background-position":"center center","background-size":"auto","background-attachment":"scroll","background-type":"","background-media":"","overlay-type":"","overlay-color":"","overlay-opacity":"","overlay-gradient":""},"mobile":{"background-color":"var(--ast-global-color-5)","background-image":"","background-repeat":"repeat","background-position":"center center","background-size":"auto","background-attachment":"scroll","background-type":"","background-media":"","overlay-type":"","overlay-color":"","overlay-opacity":"","overlay-gradient":""}},"footnotes":""},"class_list":["post-1222","page","type-page","status-publish","has-post-thumbnail","hentry"],"_links":{"self":[{"href":"https:\/\/extruder-lab.com\/de\/wp-json\/wp\/v2\/pages\/1222","targetHints":{"allow":["GET"]}}],"collection":[{"href":"https:\/\/extruder-lab.com\/de\/wp-json\/wp\/v2\/pages"}],"about":[{"href":"https:\/\/extruder-lab.com\/de\/wp-json\/wp\/v2\/types\/page"}],"author":[{"embeddable":true,"href":"https:\/\/extruder-lab.com\/de\/wp-json\/wp\/v2\/users\/1"}],"replies":[{"embeddable":true,"href":"https:\/\/extruder-lab.com\/de\/wp-json\/wp\/v2\/comments?post=1222"}],"version-history":[{"count":2,"href":"https:\/\/extruder-lab.com\/de\/wp-json\/wp\/v2\/pages\/1222\/revisions"}],"predecessor-version":[{"id":1225,"href":"https:\/\/extruder-lab.com\/de\/wp-json\/wp\/v2\/pages\/1222\/revisions\/1225"}],"up":[{"embeddable":true,"href":"https:\/\/extruder-lab.com\/de\/wp-json\/wp\/v2\/pages\/141"}],"wp:featuredmedia":[{"embeddable":true,"href":"https:\/\/extruder-lab.com\/de\/wp-json\/wp\/v2\/media\/1223"}],"wp:attachment":[{"href":"https:\/\/extruder-lab.com\/de\/wp-json\/wp\/v2\/media?parent=1222"}],"curies":[{"name":"wp","href":"https:\/\/api.w.org\/{rel}","templated":true}]}}