{"id":1231,"date":"2026-03-18T15:39:52","date_gmt":"2026-03-18T07:39:52","guid":{"rendered":"https:\/\/extruder-lab.com\/?page_id=1231"},"modified":"2026-03-18T15:43:34","modified_gmt":"2026-03-18T07:43:34","slug":"desktop-film-extruder-line","status":"publish","type":"page","link":"https:\/\/extruder-lab.com\/de\/products\/desktop-film-extruder-line","title":{"rendered":"Desktop-Folienextruderanlage"},"content":{"rendered":"<figure class=\"wp-block-image size-full\"><img fetchpriority=\"high\" decoding=\"async\" width=\"1000\" height=\"750\" src=\"https:\/\/extruder-lab.com\/wp-content\/uploads\/2025\/09\/Desktop-film-extrusion.jpg\" alt=\"Desktop-film-extrusion\" class=\"wp-image-430\" srcset=\"https:\/\/extruder-lab.com\/wp-content\/uploads\/2025\/09\/Desktop-film-extrusion.jpg 1000w, https:\/\/extruder-lab.com\/wp-content\/uploads\/2025\/09\/Desktop-film-extrusion-300x225.jpg 300w, https:\/\/extruder-lab.com\/wp-content\/uploads\/2025\/09\/Desktop-film-extrusion-768x576.jpg 768w\" sizes=\"(max-width: 1000px) 100vw, 1000px\" \/><figcaption class=\"wp-element-caption\">Tisch-Folien-Extruder<\/figcaption><\/figure>\n\n\n\n<h2 class=\"wp-block-heading\">Wichtigste Leistungen und Merkmale<\/h2>\n\n\n\n<ul class=\"wp-block-list\">\n<li><strong>Hohe Pr\u00e4zision<\/strong>: Verwendet international bekannte Markendruck- und Temperatursensoren, die hochpr\u00e4zise Pr\u00fcfdaten gew\u00e4hrleisten.<\/li>\n\n\n\n<li><strong>Gute Plastifizierungsstabilit\u00e4t<\/strong>: Der Extruder ist mit einem internationalen Markenmotor ausgestattet, der eine gute Plastifizierungsstabilit\u00e4t aufweist und die Materialkonsistenz w\u00e4hrend der Extrusion garantiert.<\/li>\n\n\n\n<li><strong>Einstellbare Extrusionsgeschwindigkeit und Temperaturregelung<\/strong>: Extrusionsgeschwindigkeit und -temperatur k\u00f6nnen in Echtzeit je nach Material und Produktionsanforderungen angepasst werden.<\/li>\n\n\n\n<li><strong>Benutzerformelspeicher<\/strong>: Es k\u00f6nnen mehrere Formeln gespeichert werden, um die Produktion und die Fehlersuche zu erleichtern.<\/li>\n\n\n\n<li><strong>Betriebliche Sicherheit<\/strong>: Not-Aus-Vorrichtungen und verschiedene Sicherheitsvorkehrungen gew\u00e4hrleisten die Sicherheit des Bedieners.<\/li>\n\n\n\n<li><strong>Einfache Bedienung:<\/strong> Ein computergest\u00fctztes Mess- und Steuersystem und eine benutzerfreundliche Schnittstelle machen die Bedienung einfach und bequem; das intuitive Schnittstellendesign macht die Bedienung intuitiv und leicht verst\u00e4ndlich.<\/li>\n\n\n\n<li><strong>Anpassbar: <\/strong>Es besteht die M\u00f6glichkeit der kundenspezifischen Anpassung an unterschiedliche Material- und Prozessanforderungen, um den individuellen Bed\u00fcrfnissen der Anwender gerecht zu werden.<\/li>\n<\/ul>\n\n\n\n<h2 class=\"wp-block-heading\">Anwendung der Desktop-Folienextruderanlage<\/h2>\n\n\n\n<ul class=\"wp-block-list\">\n<li>Entwicklung neuer Produkte und Optimierung von Formeln<\/li>\n\n\n\n<li>Materialauswahl und Entwicklung<\/li>\n\n\n\n<li>Lehrversuche in Universit\u00e4ten und Forschungseinrichtungen<\/li>\n\n\n\n<li>Produktpr\u00fcfung<\/li>\n<\/ul>\n\n\n\n<h2 class=\"wp-block-heading\">Technische Parameter des Desktop-Folienextruders<\/h2>\n\n\n\n<figure class=\"wp-block-table\"><table class=\"has-fixed-layout\"><tbody><tr><td class=\"has-text-align-left\" data-align=\"left\">Artikel<\/td><td class=\"has-text-align-left\" data-align=\"left\">Indikator-Parameter<\/td><\/tr><tr><td class=\"has-text-align-left\" data-align=\"left\">Verwendbare Materialien<\/td><td class=\"has-text-align-left\" data-align=\"left\">PP\u3001PE, ect<\/td><\/tr><tr><td class=\"has-text-align-left\" data-align=\"left\">Schraubendurchmesser<\/td><td class=\"has-text-align-left\" data-align=\"left\">19mm<\/td><\/tr><tr><td class=\"has-text-align-left\" data-align=\"left\">Verh\u00e4ltnis L\u00e4nge\/Durchmesser der Schnecke<\/td><td class=\"has-text-align-left\" data-align=\"left\">25:1<\/td><\/tr><tr><td class=\"has-text-align-left\" data-align=\"left\">Strom<\/td><td class=\"has-text-align-left\" data-align=\"left\">1,5 kW<\/td><\/tr><tr><td class=\"has-text-align-left\" data-align=\"left\">Formbreite<\/td><td class=\"has-text-align-left\" data-align=\"left\">100mm<\/td><\/tr><tr><td class=\"has-text-align-left\" data-align=\"left\">Kapazit\u00e4t<\/td><td class=\"has-text-align-left\" data-align=\"left\">0,1~2kg\/h<\/td><\/tr><tr><td class=\"has-text-align-left\" data-align=\"left\">Maximale Betriebstemperatur<\/td><td class=\"has-text-align-left\" data-align=\"left\">350C<\/td><\/tr><tr><td class=\"has-text-align-left\" data-align=\"left\">Spannung<\/td><td class=\"has-text-align-left\" data-align=\"left\">220V\uff0c50Hz<\/td><\/tr><tr><td class=\"has-text-align-left\" data-align=\"left\">Gesamtleistung<\/td><td class=\"has-text-align-left\" data-align=\"left\"> Etwa 7kW<\/td><\/tr><tr><td class=\"has-text-align-left\" data-align=\"left\">Kontrollmethode<\/td><td class=\"has-text-align-left\" data-align=\"left\">PLC-Steuerung<\/td><\/tr><tr><td class=\"has-text-align-left\" data-align=\"left\">Abmessungen<\/td><td class=\"has-text-align-left\" data-align=\"left\">1760mm*677mm*570mm<\/td><\/tr><\/tbody><\/table><\/figure>\n\n\n\n<h2 class=\"wp-block-heading\">Arbeitsvideo<\/h2>\n\n\n\n<figure class=\"wp-block-embed is-type-video is-provider-youtube wp-block-embed-youtube wp-embed-aspect-9-16 wp-has-aspect-ratio\"><div class=\"wp-block-embed__wrapper\">\n<iframe title=\"Hartek Desktop-Doppelschnecken-Folienextruder Labor-Extrusionsmaschine\" width=\"422\" height=\"750\" src=\"https:\/\/www.youtube.com\/embed\/-WKqKdrajHc?feature=oembed\" frameborder=\"0\" allow=\"accelerometer; autoplay; clipboard-write; encrypted-media; gyroscope; picture-in-picture; web-share\" referrerpolicy=\"strict-origin-when-cross-origin\" allowfullscreen><\/iframe>\n<\/div><\/figure>","protected":false},"excerpt":{"rendered":"<p>Hauptleistung und Eigenschaften Anwendung der Desktop-Filmextruderlinie Technische Parameter des Desktop-Filmextruders Artikel Indikatorparameter Anwendbare Materialien PP\u3001PE, ect Schneckendurchmesser 19mm Schneckenl\u00e4nge-zu-Durchmesser-Verh\u00e4ltnis 25:1 Leistung 1.5kw Formbreite 100mm Kapazit\u00e4t 0.1~2kg\/h Maximale Betriebstemperatur 350C Spannung 220V\uff0c50Hz Gesamtleistung Ungef\u00e4hr 7kW Steuermethode PLC Steuerma\u00dfe 1760mm*677mm*570mm Arbeitsvideo<\/p>","protected":false},"author":1,"featured_media":430,"parent":141,"menu_order":0,"comment_status":"closed","ping_status":"closed","template":"","meta":{"site-sidebar-layout":"left-sidebar","site-content-layout":"","ast-site-content-layout":"normal-width-container","site-content-style":"default","site-sidebar-style":"default","ast-global-header-display":"","ast-banner-title-visibility":"","ast-main-header-display":"","ast-hfb-above-header-display":"","ast-hfb-below-header-display":"","ast-hfb-mobile-header-display":"","site-post-title":"","ast-breadcrumbs-content":"","ast-featured-img":"disabled","footer-sml-layout":"","theme-transparent-header-meta":"","adv-header-id-meta":"","stick-header-meta":"","header-above-stick-meta":"","header-main-stick-meta":"","header-below-stick-meta":"","astra-migrate-meta-layouts":"set","ast-page-background-enabled":"default","ast-page-background-meta":{"desktop":{"background-color":"var(--ast-global-color-4)","background-image":"","background-repeat":"repeat","background-position":"center center","background-size":"auto","background-attachment":"scroll","background-type":"","background-media":"","overlay-type":"","overlay-color":"","overlay-opacity":"","overlay-gradient":""},"tablet":{"background-color":"","background-image":"","background-repeat":"repeat","background-position":"center center","background-size":"auto","background-attachment":"scroll","background-type":"","background-media":"","overlay-type":"","overlay-color":"","overlay-opacity":"","overlay-gradient":""},"mobile":{"background-color":"","background-image":"","background-repeat":"repeat","background-position":"center center","background-size":"auto","background-attachment":"scroll","background-type":"","background-media":"","overlay-type":"","overlay-color":"","overlay-opacity":"","overlay-gradient":""}},"ast-content-background-meta":{"desktop":{"background-color":"var(--ast-global-color-5)","background-image":"","background-repeat":"repeat","background-position":"center center","background-size":"auto","background-attachment":"scroll","background-type":"","background-media":"","overlay-type":"","overlay-color":"","overlay-opacity":"","overlay-gradient":""},"tablet":{"background-color":"var(--ast-global-color-5)","background-image":"","background-repeat":"repeat","background-position":"center center","background-size":"auto","background-attachment":"scroll","background-type":"","background-media":"","overlay-type":"","overlay-color":"","overlay-opacity":"","overlay-gradient":""},"mobile":{"background-color":"var(--ast-global-color-5)","background-image":"","background-repeat":"repeat","background-position":"center center","background-size":"auto","background-attachment":"scroll","background-type":"","background-media":"","overlay-type":"","overlay-color":"","overlay-opacity":"","overlay-gradient":""}},"footnotes":""},"class_list":["post-1231","page","type-page","status-publish","has-post-thumbnail","hentry"],"_links":{"self":[{"href":"https:\/\/extruder-lab.com\/de\/wp-json\/wp\/v2\/pages\/1231","targetHints":{"allow":["GET"]}}],"collection":[{"href":"https:\/\/extruder-lab.com\/de\/wp-json\/wp\/v2\/pages"}],"about":[{"href":"https:\/\/extruder-lab.com\/de\/wp-json\/wp\/v2\/types\/page"}],"author":[{"embeddable":true,"href":"https:\/\/extruder-lab.com\/de\/wp-json\/wp\/v2\/users\/1"}],"replies":[{"embeddable":true,"href":"https:\/\/extruder-lab.com\/de\/wp-json\/wp\/v2\/comments?post=1231"}],"version-history":[{"count":2,"href":"https:\/\/extruder-lab.com\/de\/wp-json\/wp\/v2\/pages\/1231\/revisions"}],"predecessor-version":[{"id":1234,"href":"https:\/\/extruder-lab.com\/de\/wp-json\/wp\/v2\/pages\/1231\/revisions\/1234"}],"up":[{"embeddable":true,"href":"https:\/\/extruder-lab.com\/de\/wp-json\/wp\/v2\/pages\/141"}],"wp:featuredmedia":[{"embeddable":true,"href":"https:\/\/extruder-lab.com\/de\/wp-json\/wp\/v2\/media\/430"}],"wp:attachment":[{"href":"https:\/\/extruder-lab.com\/de\/wp-json\/wp\/v2\/media?parent=1231"}],"curies":[{"name":"wp","href":"https:\/\/api.w.org\/{rel}","templated":true}]}}