{"id":1236,"date":"2026-03-18T15:54:43","date_gmt":"2026-03-18T07:54:43","guid":{"rendered":"https:\/\/extruder-lab.com\/?page_id=1236"},"modified":"2026-03-18T15:55:09","modified_gmt":"2026-03-18T07:55:09","slug":"lab-plastic-pipe-extrusion-line","status":"publish","type":"page","link":"https:\/\/extruder-lab.com\/de\/products\/lab-plastic-pipe-extrusion-line","title":{"rendered":"Labor-Kunststoffrohrextrusionsanlage"},"content":{"rendered":"<figure class=\"wp-block-image size-full\"><img fetchpriority=\"high\" decoding=\"async\" width=\"611\" height=\"410\" src=\"https:\/\/extruder-lab.com\/wp-content\/uploads\/2025\/08\/image.jpg\" alt=\"Pipe Extrusion Line\" class=\"wp-image-101\" srcset=\"https:\/\/extruder-lab.com\/wp-content\/uploads\/2025\/08\/image.jpg 611w, https:\/\/extruder-lab.com\/wp-content\/uploads\/2025\/08\/image-300x201.jpg 300w\" sizes=\"(max-width: 611px) 100vw, 611px\" \/><figcaption class=\"wp-element-caption\">Rohrextrusionsanlage<\/figcaption><\/figure>\n\n\n\n<h2 class=\"wp-block-heading\">Wichtigste Leistungen und Merkmale<\/h2>\n\n\n\n<ul class=\"wp-block-list\">\n<li><strong>Ausgezeichnete Stabilit\u00e4t und hohe Pr\u00e4zision<\/strong>: Durch den Einsatz von international bekannten Markenmotoren und hochwertigen Komponenten verf\u00fcgt die Maschine \u00fcber eine stabile Struktur, einen reibungslosen Betrieb und eine pr\u00e4zise Steuerung der Materialextrusionsgeschwindigkeit, der Temperatur und anderer Parameter, was zu qualitativ hochwertigen Produkten f\u00fchrt.<\/li>\n\n\n\n<li><strong>Speicherung und Abruf von Benutzerformeln<\/strong>: Es k\u00f6nnen mehrere Formeln gespeichert werden, um die Produktion und die Fehlersuche zu erleichtern.<\/li>\n\n\n\n<li><strong>Hohe Sicherheit: <\/strong>Not-Aus-Vorrichtungen und verschiedene Sicherheitsvorkehrungen gew\u00e4hrleisten die Sicherheit des Bedieners.<\/li>\n\n\n\n<li><strong>Einfache Bedienung: <\/strong>Das Ger\u00e4t ist einfach und leicht zu verstehen; die Benutzer k\u00f6nnen die Bedienung schnell erlernen, indem sie einfach den Anweisungen auf dem Bildschirm folgen.<\/li>\n\n\n\n<li><strong>Personalisierte Anpassung: <\/strong>Es besteht die M\u00f6glichkeit der kundenspezifischen Anpassung an unterschiedliche Material- und Prozessanforderungen, um den individuellen Bed\u00fcrfnissen der Anwender gerecht zu werden.<\/li>\n<\/ul>\n\n\n\n<h2 class=\"wp-block-heading\">Anwendung der Rohrextrusionsanlage<\/h2>\n\n\n\n<ul class=\"wp-block-list\">\n<li>Entwicklung neuer Produkte und Optimierung von Formeln<\/li>\n\n\n\n<li>Lehrversuche in Universit\u00e4ten und Forschungseinrichtungen<\/li>\n\n\n\n<li>Kleinserienproduktion und kundenspezifische Fertigung<\/li>\n\n\n\n<li>Qualit\u00e4tspr\u00fcfung und -kontrolle<\/li>\n<\/ul>\n\n\n\n<h2 class=\"wp-block-heading\">Technische Parameter der Rohrextrusionsanlage<\/h2>\n\n\n\n<figure class=\"wp-block-table\"><table class=\"has-fixed-layout\"><tbody><tr><td class=\"has-text-align-left\" data-align=\"left\">Artikel<\/td><td class=\"has-text-align-left\" data-align=\"left\">Parameter <\/td><\/tr><tr><td class=\"has-text-align-left\" data-align=\"left\">Verwendbare Materialien<\/td><td class=\"has-text-align-left\" data-align=\"left\">PLA\u3001ABS\u3001PA \u3001PEBAX<\/td><\/tr><tr><td class=\"has-text-align-left\" data-align=\"left\">Schraubendurchmesser<\/td><td class=\"has-text-align-left\" data-align=\"left\">19mm<\/td><\/tr><tr><td class=\"has-text-align-left\" data-align=\"left\">Verh\u00e4ltnis L\u00e4nge\/Durchmesser der Schnecke<\/td><td class=\"has-text-align-left\" data-align=\"left\">25:1<\/td><\/tr><tr><td class=\"has-text-align-left\" data-align=\"left\">Strom<\/td><td class=\"has-text-align-left\" data-align=\"left\">1,5 kW<\/td><\/tr><tr><td class=\"has-text-align-left\" data-align=\"left\">Produktspezifikationen<\/td><td class=\"has-text-align-left\" data-align=\"left\">0,2-2mm<\/td><\/tr><tr><td class=\"has-text-align-left\" data-align=\"left\">Kapazit\u00e4t<\/td><td class=\"has-text-align-left\" data-align=\"left\">0,1~2kg\/h<\/td><\/tr><tr><td class=\"has-text-align-left\" data-align=\"left\">Maximale Betriebstemperatur<\/td><td class=\"has-text-align-left\" data-align=\"left\">350C<\/td><\/tr><tr><td class=\"has-text-align-left\" data-align=\"left\">Spannung<\/td><td class=\"has-text-align-left\" data-align=\"left\">220V\uff0c50Hz<\/td><\/tr><tr><td class=\"has-text-align-left\" data-align=\"left\">Gesamtleistung<\/td><td class=\"has-text-align-left\" data-align=\"left\">etwa 4,5 kW<\/td><\/tr><tr><td class=\"has-text-align-left\" data-align=\"left\">Kontrollmethode<\/td><td class=\"has-text-align-left\" data-align=\"left\">PLC <\/td><\/tr><tr><td class=\"has-text-align-left\" data-align=\"left\">Abmessungen<\/td><td class=\"has-text-align-left\" data-align=\"left\">1960mm*514mm*1252mm<\/td><\/tr><\/tbody><\/table><\/figure>","protected":false},"excerpt":{"rendered":"<p>Hauptleistung und Eigenschaften Anwendung der Rohrextrusionslinie Technische Parameter der Rohrextrusionslinie Artikelparameter Anwendbare Materialien PLA\u3001ABS\u3001PA \u3001PEBAX Schneckendurchmesser 19mm Schneckenl\u00e4nge-Durchmesser-Verh\u00e4ltnis 25:1 Leistung 1.5kw Produktspezifikationen 0.2-2mm Kapazit\u00e4t 0.1~2kg\/h Maximale Betriebstemperatur 350C Spannung 220V\uff0c50Hz Gesamtleistung ca. 4.5kW Steuerungsmethode PLC Abmessungen 1960mm*514mm*1252mm<\/p>","protected":false},"author":1,"featured_media":101,"parent":141,"menu_order":0,"comment_status":"closed","ping_status":"closed","template":"","meta":{"site-sidebar-layout":"left-sidebar","site-content-layout":"","ast-site-content-layout":"normal-width-container","site-content-style":"default","site-sidebar-style":"default","ast-global-header-display":"","ast-banner-title-visibility":"","ast-main-header-display":"","ast-hfb-above-header-display":"","ast-hfb-below-header-display":"","ast-hfb-mobile-header-display":"","site-post-title":"","ast-breadcrumbs-content":"","ast-featured-img":"disabled","footer-sml-layout":"","theme-transparent-header-meta":"","adv-header-id-meta":"","stick-header-meta":"","header-above-stick-meta":"","header-main-stick-meta":"","header-below-stick-meta":"","astra-migrate-meta-layouts":"set","ast-page-background-enabled":"default","ast-page-background-meta":{"desktop":{"background-color":"var(--ast-global-color-4)","background-image":"","background-repeat":"repeat","background-position":"center center","background-size":"auto","background-attachment":"scroll","background-type":"","background-media":"","overlay-type":"","overlay-color":"","overlay-opacity":"","overlay-gradient":""},"tablet":{"background-color":"","background-image":"","background-repeat":"repeat","background-position":"center center","background-size":"auto","background-attachment":"scroll","background-type":"","background-media":"","overlay-type":"","overlay-color":"","overlay-opacity":"","overlay-gradient":""},"mobile":{"background-color":"","background-image":"","background-repeat":"repeat","background-position":"center center","background-size":"auto","background-attachment":"scroll","background-type":"","background-media":"","overlay-type":"","overlay-color":"","overlay-opacity":"","overlay-gradient":""}},"ast-content-background-meta":{"desktop":{"background-color":"var(--ast-global-color-5)","background-image":"","background-repeat":"repeat","background-position":"center center","background-size":"auto","background-attachment":"scroll","background-type":"","background-media":"","overlay-type":"","overlay-color":"","overlay-opacity":"","overlay-gradient":""},"tablet":{"background-color":"var(--ast-global-color-5)","background-image":"","background-repeat":"repeat","background-position":"center center","background-size":"auto","background-attachment":"scroll","background-type":"","background-media":"","overlay-type":"","overlay-color":"","overlay-opacity":"","overlay-gradient":""},"mobile":{"background-color":"var(--ast-global-color-5)","background-image":"","background-repeat":"repeat","background-position":"center center","background-size":"auto","background-attachment":"scroll","background-type":"","background-media":"","overlay-type":"","overlay-color":"","overlay-opacity":"","overlay-gradient":""}},"footnotes":""},"class_list":["post-1236","page","type-page","status-publish","has-post-thumbnail","hentry"],"_links":{"self":[{"href":"https:\/\/extruder-lab.com\/de\/wp-json\/wp\/v2\/pages\/1236","targetHints":{"allow":["GET"]}}],"collection":[{"href":"https:\/\/extruder-lab.com\/de\/wp-json\/wp\/v2\/pages"}],"about":[{"href":"https:\/\/extruder-lab.com\/de\/wp-json\/wp\/v2\/types\/page"}],"author":[{"embeddable":true,"href":"https:\/\/extruder-lab.com\/de\/wp-json\/wp\/v2\/users\/1"}],"replies":[{"embeddable":true,"href":"https:\/\/extruder-lab.com\/de\/wp-json\/wp\/v2\/comments?post=1236"}],"version-history":[{"count":1,"href":"https:\/\/extruder-lab.com\/de\/wp-json\/wp\/v2\/pages\/1236\/revisions"}],"predecessor-version":[{"id":1237,"href":"https:\/\/extruder-lab.com\/de\/wp-json\/wp\/v2\/pages\/1236\/revisions\/1237"}],"up":[{"embeddable":true,"href":"https:\/\/extruder-lab.com\/de\/wp-json\/wp\/v2\/pages\/141"}],"wp:featuredmedia":[{"embeddable":true,"href":"https:\/\/extruder-lab.com\/de\/wp-json\/wp\/v2\/media\/101"}],"wp:attachment":[{"href":"https:\/\/extruder-lab.com\/de\/wp-json\/wp\/v2\/media?parent=1236"}],"curies":[{"name":"wp","href":"https:\/\/api.w.org\/{rel}","templated":true}]}}