{"id":1239,"date":"2026-03-18T16:06:19","date_gmt":"2026-03-18T08:06:19","guid":{"rendered":"https:\/\/extruder-lab.com\/?page_id=1239"},"modified":"2026-03-18T16:45:33","modified_gmt":"2026-03-18T08:45:33","slug":"laboratory-pp-pe-granulation-line","status":"publish","type":"page","link":"https:\/\/extruder-lab.com\/de\/products\/laboratory-pp-pe-granulation-line","title":{"rendered":"Hochwertige Labor-PP\/PE-Granulieranlage"},"content":{"rendered":"<figure class=\"wp-block-image size-large\"><img fetchpriority=\"high\" decoding=\"async\" width=\"1024\" height=\"576\" src=\"https:\/\/extruder-lab.com\/wp-content\/uploads\/2025\/08\/\u684c\u9762\u5f0f\u6324\u51fa\u9020\u7c92\u5b9e\u9a8c\u7ebf-1024x576.jpg\" alt=\"PP\/PE Granulation Line\" class=\"wp-image-69\" srcset=\"https:\/\/extruder-lab.com\/wp-content\/uploads\/2025\/08\/\u684c\u9762\u5f0f\u6324\u51fa\u9020\u7c92\u5b9e\u9a8c\u7ebf-1024x576.jpg 1024w, https:\/\/extruder-lab.com\/wp-content\/uploads\/2025\/08\/\u684c\u9762\u5f0f\u6324\u51fa\u9020\u7c92\u5b9e\u9a8c\u7ebf-300x169.jpg 300w, https:\/\/extruder-lab.com\/wp-content\/uploads\/2025\/08\/\u684c\u9762\u5f0f\u6324\u51fa\u9020\u7c92\u5b9e\u9a8c\u7ebf-768x432.jpg 768w, https:\/\/extruder-lab.com\/wp-content\/uploads\/2025\/08\/\u684c\u9762\u5f0f\u6324\u51fa\u9020\u7c92\u5b9e\u9a8c\u7ebf-1536x864.jpg 1536w, https:\/\/extruder-lab.com\/wp-content\/uploads\/2025\/08\/\u684c\u9762\u5f0f\u6324\u51fa\u9020\u7c92\u5b9e\u9a8c\u7ebf-2048x1152.jpg 2048w\" sizes=\"(max-width: 1024px) 100vw, 1024px\" \/><figcaption class=\"wp-element-caption\">Desktop PP\/PE-Granulieranlage<\/figcaption><\/figure>\n\n\n\n<h2 class=\"wp-block-heading\">Wichtigste Leistungen und Merkmale<\/h2>\n\n\n\n<ol class=\"wp-block-list\">\n<li><strong>Hohe Pr\u00e4zision:<\/strong> Verwendet international bekannte Markensensoren f\u00fcr Schmelzdruck und Temperatur, die hochpr\u00e4zise Pr\u00fcfdaten gew\u00e4hrleisten.<\/li>\n\n\n\n<li><strong>Gute Plastifizierungsstabilit\u00e4t:<\/strong> Der Extruder ist mit einem internationalen Markenantrieb ausgestattet, der eine gute Plastifizierungsstabilit\u00e4t aufweist und die Materialkonsistenz w\u00e4hrend der Extrusion garantiert.<\/li>\n\n\n\n<li><strong>Einstellbar <a href=\"https:\/\/extruder-lab.com\/de\/products\/lab-twin-screw-extrusion-line\/\">Extrusion<\/a> Geschwindigkeits- und Temperaturregelung:<\/strong> Extrusionsgeschwindigkeit und -temperatur k\u00f6nnen in Echtzeit je nach Material und Produktionsanforderungen angepasst werden.<\/li>\n\n\n\n<li><strong>Speicherung der Benutzerformel:<\/strong> Mehrere Formeln k\u00f6nnen f\u00fcr eine bequeme Produktion und Fehlersuche gespeichert werden.<\/li>\n\n\n\n<li><strong>Betriebliche Sicherheit:<\/strong> Not-Aus-Vorrichtungen und verschiedene Sicherheitsvorkehrungen gew\u00e4hrleisten die Sicherheit des Bedieners.<\/li>\n\n\n\n<li><strong>Einfache Bedienung:<\/strong> Ein computergest\u00fctztes Mess- und Steuersystem und eine benutzerfreundliche Schnittstelle machen die Bedienung einfach und bequem; das intuitive Schnittstellendesign macht die Bedienung intuitiv und leicht verst\u00e4ndlich.<\/li>\n\n\n\n<li><strong>Anpassbar: <\/strong>Es besteht die M\u00f6glichkeit der kundenspezifischen Anpassung an unterschiedliche Material- und Prozessanforderungen, um den individuellen Bed\u00fcrfnissen der Anwender gerecht zu werden.<\/li>\n<\/ol>\n\n\n\n<h2 class=\"wp-block-heading\">Anwendung der Labor-PP\/PE-Granulieranlage<\/h2>\n\n\n\n<ul class=\"wp-block-list\">\n<li>Entwicklung neuer Produkte und Optimierung von Formeln<\/li>\n\n\n\n<li>Materialauswahl und Entwicklung<\/li>\n\n\n\n<li>Lehrversuche in Universit\u00e4ten und Forschungseinrichtungen<\/li>\n\n\n\n<li>Produktpr\u00fcfung<\/li>\n<\/ul>\n\n\n\n<h2 class=\"wp-block-heading\">Technische Parameter der PP\/PE-Labor-Granulieranlage<\/h2>\n\n\n\n<figure class=\"wp-block-table\"><table class=\"has-fixed-layout\"><tbody><tr><td class=\"has-text-align-left\" data-align=\"left\">Artikel<\/td><td class=\"has-text-align-left\" data-align=\"left\">Parameter<\/td><\/tr><tr><td class=\"has-text-align-left\" data-align=\"left\">Verwendbare Materialien<\/td><td class=\"has-text-align-left\" data-align=\"left\">PP\u3001PE, ect<\/td><\/tr><tr><td class=\"has-text-align-left\" data-align=\"left\">Schraubendurchmesser<\/td><td class=\"has-text-align-left\" data-align=\"left\">19mm<\/td><\/tr><tr><td class=\"has-text-align-left\" data-align=\"left\">Verh\u00e4ltnis L\u00e4nge\/Durchmesser der Schnecke<\/td><td class=\"has-text-align-left\" data-align=\"left\">25:1<\/td><\/tr><tr><td class=\"has-text-align-left\" data-align=\"left\">Strom<\/td><td class=\"has-text-align-left\" data-align=\"left\">1,5 kW<\/td><\/tr><tr><td class=\"has-text-align-left\" data-align=\"left\">Kapazit\u00e4t<\/td><td class=\"has-text-align-left\" data-align=\"left\">0,1~2kg\/h<\/td><\/tr><tr><td class=\"has-text-align-left\" data-align=\"left\">Maximale Betriebstemperatur<\/td><td class=\"has-text-align-left\" data-align=\"left\">350C<\/td><\/tr><tr><td class=\"has-text-align-left\" data-align=\"left\">Spannung<\/td><td class=\"has-text-align-left\" data-align=\"left\">220V\uff0c50Hz<\/td><\/tr><tr><td class=\"has-text-align-left\" data-align=\"left\">Gesamtleistung<\/td><td class=\"has-text-align-left\" data-align=\"left\">\u00dcber 5kW<\/td><\/tr><tr><td class=\"has-text-align-left\" data-align=\"left\">Kontrollmethode<\/td><td class=\"has-text-align-left\" data-align=\"left\">PLC <\/td><\/tr><tr><td class=\"has-text-align-left\" data-align=\"left\">Abmessungen<\/td><td class=\"has-text-align-left\" data-align=\"left\">2330mm*465mm*570mm<\/td><\/tr><\/tbody><\/table><\/figure>\n\n\n\n<h2 class=\"wp-block-heading\">Arbeitsvideo<\/h2>\n\n\n\n<figure class=\"wp-block-embed is-type-video is-provider-youtube wp-block-embed-youtube wp-embed-aspect-9-16 wp-has-aspect-ratio\"><div class=\"wp-block-embed__wrapper\">\n<iframe title=\"Hochwertige Labor-PP\/PE-Granulieranlage Extrusionsmaschine\" width=\"422\" height=\"750\" src=\"https:\/\/www.youtube.com\/embed\/t1vfJ4DKhak?feature=oembed\" frameborder=\"0\" allow=\"accelerometer; autoplay; clipboard-write; encrypted-media; gyroscope; picture-in-picture; web-share\" referrerpolicy=\"strict-origin-when-cross-origin\" allowfullscreen><\/iframe>\n<\/div><\/figure>","protected":false},"excerpt":{"rendered":"<p>Hauptleistung und Eigenschaften Anwendung der Labor-PP\/PE-Granulationslinie Technische Parameter der Labor-PP\/PE-Granulationslinie Artikelparameter Anwendbare Materialien PP\u3001PE, ect Schneckendurchmesser 19mm Schneckenl\u00e4nge-zu-Durchmesser-Verh\u00e4ltnis 25:1 Leistung 1.5kw Kapazit\u00e4t 0.1~2kg\/h Maximale Betriebstemperatur 350C Spannung 220V\uff0c50Hz Gesamtleistung Ungef\u00e4hr 5kW Steuerungsmethode PLC Abmessungen 2330mm*465mm*570mm Arbeitsvideo<\/p>","protected":false},"author":1,"featured_media":102,"parent":141,"menu_order":0,"comment_status":"closed","ping_status":"closed","template":"","meta":{"site-sidebar-layout":"left-sidebar","site-content-layout":"","ast-site-content-layout":"normal-width-container","site-content-style":"default","site-sidebar-style":"default","ast-global-header-display":"","ast-banner-title-visibility":"","ast-main-header-display":"","ast-hfb-above-header-display":"","ast-hfb-below-header-display":"","ast-hfb-mobile-header-display":"","site-post-title":"","ast-breadcrumbs-content":"","ast-featured-img":"disabled","footer-sml-layout":"","theme-transparent-header-meta":"","adv-header-id-meta":"","stick-header-meta":"","header-above-stick-meta":"","header-main-stick-meta":"","header-below-stick-meta":"","astra-migrate-meta-layouts":"set","ast-page-background-enabled":"default","ast-page-background-meta":{"desktop":{"background-color":"var(--ast-global-color-4)","background-image":"","background-repeat":"repeat","background-position":"center center","background-size":"auto","background-attachment":"scroll","background-type":"","background-media":"","overlay-type":"","overlay-color":"","overlay-opacity":"","overlay-gradient":""},"tablet":{"background-color":"","background-image":"","background-repeat":"repeat","background-position":"center center","background-size":"auto","background-attachment":"scroll","background-type":"","background-media":"","overlay-type":"","overlay-color":"","overlay-opacity":"","overlay-gradient":""},"mobile":{"background-color":"","background-image":"","background-repeat":"repeat","background-position":"center center","background-size":"auto","background-attachment":"scroll","background-type":"","background-media":"","overlay-type":"","overlay-color":"","overlay-opacity":"","overlay-gradient":""}},"ast-content-background-meta":{"desktop":{"background-color":"var(--ast-global-color-5)","background-image":"","background-repeat":"repeat","background-position":"center center","background-size":"auto","background-attachment":"scroll","background-type":"","background-media":"","overlay-type":"","overlay-color":"","overlay-opacity":"","overlay-gradient":""},"tablet":{"background-color":"var(--ast-global-color-5)","background-image":"","background-repeat":"repeat","background-position":"center center","background-size":"auto","background-attachment":"scroll","background-type":"","background-media":"","overlay-type":"","overlay-color":"","overlay-opacity":"","overlay-gradient":""},"mobile":{"background-color":"var(--ast-global-color-5)","background-image":"","background-repeat":"repeat","background-position":"center center","background-size":"auto","background-attachment":"scroll","background-type":"","background-media":"","overlay-type":"","overlay-color":"","overlay-opacity":"","overlay-gradient":""}},"footnotes":""},"class_list":["post-1239","page","type-page","status-publish","has-post-thumbnail","hentry"],"_links":{"self":[{"href":"https:\/\/extruder-lab.com\/de\/wp-json\/wp\/v2\/pages\/1239","targetHints":{"allow":["GET"]}}],"collection":[{"href":"https:\/\/extruder-lab.com\/de\/wp-json\/wp\/v2\/pages"}],"about":[{"href":"https:\/\/extruder-lab.com\/de\/wp-json\/wp\/v2\/types\/page"}],"author":[{"embeddable":true,"href":"https:\/\/extruder-lab.com\/de\/wp-json\/wp\/v2\/users\/1"}],"replies":[{"embeddable":true,"href":"https:\/\/extruder-lab.com\/de\/wp-json\/wp\/v2\/comments?post=1239"}],"version-history":[{"count":3,"href":"https:\/\/extruder-lab.com\/de\/wp-json\/wp\/v2\/pages\/1239\/revisions"}],"predecessor-version":[{"id":1243,"href":"https:\/\/extruder-lab.com\/de\/wp-json\/wp\/v2\/pages\/1239\/revisions\/1243"}],"up":[{"embeddable":true,"href":"https:\/\/extruder-lab.com\/de\/wp-json\/wp\/v2\/pages\/141"}],"wp:featuredmedia":[{"embeddable":true,"href":"https:\/\/extruder-lab.com\/de\/wp-json\/wp\/v2\/media\/102"}],"wp:attachment":[{"href":"https:\/\/extruder-lab.com\/de\/wp-json\/wp\/v2\/media?parent=1239"}],"curies":[{"name":"wp","href":"https:\/\/api.w.org\/{rel}","templated":true}]}}