{"id":249,"date":"2025-09-01T15:03:10","date_gmt":"2025-09-01T07:03:10","guid":{"rendered":"https:\/\/extruder-lab.com\/?page_id=249"},"modified":"2025-11-24T12:17:25","modified_gmt":"2025-11-24T04:17:25","slug":"lab-hot-melt-extruder","status":"publish","type":"page","link":"https:\/\/extruder-lab.com\/de\/products\/lab-hot-melt-extruder","title":{"rendered":"Labor-Hei\u00dfschmelzextruder"},"content":{"rendered":"<div data-elementor-type=\"wp-page\" data-elementor-id=\"249\" class=\"elementor elementor-249\">\n\t\t\t\t\t\t<section class=\"elementor-section elementor-top-section elementor-element elementor-element-14ad548f elementor-section-boxed elementor-section-height-default elementor-section-height-default\" data-id=\"14ad548f\" data-element_type=\"section\">\n\t\t\t\t\t\t<div class=\"elementor-container elementor-column-gap-default\">\n\t\t\t\t\t<div class=\"elementor-column elementor-col-100 elementor-top-column elementor-element elementor-element-ccd741b\" data-id=\"ccd741b\" data-element_type=\"column\">\n\t\t\t<div class=\"elementor-widget-wrap elementor-element-populated\">\n\t\t\t\t\t\t<div class=\"elementor-element elementor-element-5d79fc1b elementor-widget elementor-widget-image\" data-id=\"5d79fc1b\" data-element_type=\"widget\" data-widget_type=\"image.default\">\n\t\t\t\t<div class=\"elementor-widget-container\">\n\t\t\t\t\t\t\t\t\t\t\t\t\t\t\t<img fetchpriority=\"high\" decoding=\"async\" width=\"1024\" height=\"745\" src=\"https:\/\/extruder-lab.com\/wp-content\/uploads\/2025\/09\/HTGD-16\u5fae\u578b\u53cc\u87ba\u6746\u6324\u51fa\u673a-1024x745.jpg\" class=\"attachment-large size-large wp-image-251\" alt=\"Lab hot melt extruder\" srcset=\"https:\/\/extruder-lab.com\/wp-content\/uploads\/2025\/09\/HTGD-16\u5fae\u578b\u53cc\u87ba\u6746\u6324\u51fa\u673a-1024x745.jpg 1024w, https:\/\/extruder-lab.com\/wp-content\/uploads\/2025\/09\/HTGD-16\u5fae\u578b\u53cc\u87ba\u6746\u6324\u51fa\u673a-300x218.jpg 300w, https:\/\/extruder-lab.com\/wp-content\/uploads\/2025\/09\/HTGD-16\u5fae\u578b\u53cc\u87ba\u6746\u6324\u51fa\u673a-768x559.jpg 768w, https:\/\/extruder-lab.com\/wp-content\/uploads\/2025\/09\/HTGD-16\u5fae\u578b\u53cc\u87ba\u6746\u6324\u51fa\u673a.jpg 1172w\" sizes=\"(max-width: 1024px) 100vw, 1024px\" \/>\t\t\t\t\t\t\t\t\t\t\t\t\t\t\t<\/div>\n\t\t\t\t<\/div>\n\t\t\t\t<div class=\"elementor-element elementor-element-720ccdaa elementor-widget elementor-widget-heading\" data-id=\"720ccdaa\" data-element_type=\"widget\" data-widget_type=\"heading.default\">\n\t\t\t\t<div class=\"elementor-widget-container\">\n\t\t\t\t\t<h2 class=\"elementor-heading-title elementor-size-default\">Labor-Hei\u00dfschmelzextruder<\/h2>\t\t\t\t<\/div>\n\t\t\t\t<\/div>\n\t\t\t\t<div class=\"elementor-element elementor-element-510606d3 elementor-widget elementor-widget-text-editor\" data-id=\"510606d3\" data-element_type=\"widget\" data-widget_type=\"text-editor.default\">\n\t\t\t\t<div class=\"elementor-widget-container\">\n\t\t\t\t\t\t\t\t\t<p>Der Labor-Doppelschneckenextruder wird haupts\u00e4chlich zum Mischen und Compoundieren in der Polymerverarbeitung eingesetzt und hat sich auf andere Anwendungen zur Entwicklung neuer Materialien ausgedehnt. Der Extruder bietet ein hohes Ma\u00df an Prozessflexibilit\u00e4t, eine bessere Kontrolle der Prozessparameter und kann eine breitere Palette von Produkten herstellen. Da es sich um einen kontinuierlichen Mischprozess handelt, bei dem eine Grundmatrix und mehrere Additive zu einem neuen Verbundstoff verarbeitet werden, bietet die Extrusion Vorteile f\u00fcr eine Vielzahl von Produkten, die \u00fcber die herk\u00f6mmliche Polymerverarbeitung hinausgehen, wie z. B. die Herstellung von biobasierten Verpackungsmaterialien, Lebensmitteln, Aromen usw.<\/p>\t\t\t\t\t\t\t\t<\/div>\n\t\t\t\t<\/div>\n\t\t\t\t<div class=\"elementor-element elementor-element-4b92910e elementor-widget elementor-widget-heading\" data-id=\"4b92910e\" data-element_type=\"widget\" data-widget_type=\"heading.default\">\n\t\t\t\t<div class=\"elementor-widget-container\">\n\t\t\t\t\t<h3 class=\"elementor-heading-title elementor-size-default\">Funktionen und Anwendungen<\/h3>\t\t\t\t<\/div>\n\t\t\t\t<\/div>\n\t\t\t\t<div class=\"elementor-element elementor-element-6b302db8 elementor-widget elementor-widget-text-editor\" data-id=\"6b302db8\" data-element_type=\"widget\" data-widget_type=\"text-editor.default\">\n\t\t\t\t<div class=\"elementor-widget-container\">\n\t\t\t\t\t\t\t\t\t<ul><li style=\"font-weight: 400;\">Eng ineinander greifendes Schraubenprofil mit Schrauben, sehr leicht zu reinigen.<\/li><li style=\"font-weight: 400;\">Modulares Baukastensystem f\u00fcr Schraubenelemente.<\/li><li style=\"font-weight: 400;\">Trommel im \"Clamp-Shell\"-Design, jede Trommel eine Temperaturzone f\u00fcr optimale Verarbeitung<\/li><li style=\"font-weight: 400;\">Benutzerfreundliches PLC-Bedienfeld.<\/li><\/ul>\t\t\t\t\t\t\t\t<\/div>\n\t\t\t\t<\/div>\n\t\t\t\t<div class=\"elementor-element elementor-element-6c9b36ce elementor-widget elementor-widget-heading\" data-id=\"6c9b36ce\" data-element_type=\"widget\" data-widget_type=\"heading.default\">\n\t\t\t\t<div class=\"elementor-widget-container\">\n\t\t\t\t\t<h3 class=\"elementor-heading-title elementor-size-default\">Spezifikation<\/h3>\t\t\t\t<\/div>\n\t\t\t\t<\/div>\n\t\t\t\t<div class=\"elementor-element elementor-element-71da39c5 elementor-widget elementor-widget-text-editor\" data-id=\"71da39c5\" data-element_type=\"widget\" data-widget_type=\"text-editor.default\">\n\t\t\t\t<div class=\"elementor-widget-container\">\n\t\t\t\t\t\t\t\t\t<table width=\"626\"><tbody><tr><td width=\"220\">Modell<\/td><td width=\"148\">HTGD-12<\/td><td width=\"135\">HIGD-16<\/td><td width=\"123\">HIGD-20<\/td><\/tr><tr><td>Schneckendurchmesser (mn)<\/td><td>11.8<\/td><td>15.7<\/td><td>21.7<\/td><\/tr><tr><td>L\/D-Verh\u00e4ltnis<\/td><td>40<\/td><td>40<\/td><td>40<\/td><\/tr><tr><td>Motorleistung (ky)<\/td><td>1<\/td><td>2<\/td><td>5.5<\/td><\/tr><tr><td>Max. Geschwindigkeit<\/td><td>60-600<\/td><td>60-600<\/td><td>60-600<\/td><\/tr><tr><td>Max.Temp.( \u2103)<\/td><td>350<\/td><td>350<\/td><td>350<\/td><\/tr><tr><td>Genauigkeit der Temp.kontrolle( \u2103)<\/td><td>\u571f1<\/td><td>\u00b11<\/td><td>\u00b11<\/td><\/tr><tr><td>Druckmessbereich (MPa)<\/td><td>0~35<\/td><td>0~35<\/td><td>0~35<\/td><\/tr><tr><td>Leistung (kg\/h)<\/td><td>0.1~1<\/td><td>0.1~5<\/td><td>0.5 ~20<\/td><\/tr><tr><td>Gewicht(kg)<\/td><td>65<\/td><td>330<\/td><td>720<\/td><\/tr><tr><td>Abmessungen (mm)<\/td><td>980*500*500<\/td><td>1380x936x1318<\/td><td>2265x936x1665<\/td><\/tr><\/tbody><\/table>\t\t\t\t\t\t\t\t<\/div>\n\t\t\t\t<\/div>\n\t\t\t\t<div class=\"elementor-element elementor-element-2982b1fe elementor-widget elementor-widget-heading\" data-id=\"2982b1fe\" data-element_type=\"widget\" data-widget_type=\"heading.default\">\n\t\t\t\t<div class=\"elementor-widget-container\">\n\t\t\t\t\t<h3 class=\"elementor-heading-title elementor-size-default\">Video<\/h3>\t\t\t\t<\/div>\n\t\t\t\t<\/div>\n\t\t\t\t<div class=\"elementor-element elementor-element-48e46a88 elementor-widget elementor-widget-video\" data-id=\"48e46a88\" data-element_type=\"widget\" data-settings=\"{&quot;youtube_url&quot;:&quot;https:\\\/\\\/www.youtube.com\\\/shorts\\\/xNEozD6xygg&quot;,&quot;video_type&quot;:&quot;youtube&quot;,&quot;controls&quot;:&quot;yes&quot;}\" data-widget_type=\"video.default\">\n\t\t\t\t<div class=\"elementor-widget-container\">\n\t\t\t\t\t\t\t<div class=\"elementor-wrapper elementor-open-inline\">\n\t\t\t<div class=\"elementor-video\"><\/div>\t\t<\/div>\n\t\t\t\t\t\t<\/div>\n\t\t\t\t<\/div>\n\t\t\t\t\t<\/div>\n\t\t<\/div>\n\t\t\t\t\t<\/div>\n\t\t<\/section>\n\t\t\t\t<section class=\"elementor-section elementor-top-section elementor-element elementor-element-d452340 elementor-section-boxed elementor-section-height-default elementor-section-height-default\" data-id=\"d452340\" data-element_type=\"section\">\n\t\t\t\t\t\t<div class=\"elementor-container elementor-column-gap-default\">\n\t\t\t\t\t<div class=\"elementor-column elementor-col-100 elementor-top-column elementor-element elementor-element-07bba28\" data-id=\"07bba28\" data-element_type=\"column\">\n\t\t\t<div class=\"elementor-widget-wrap\">\n\t\t\t\t\t\t\t<\/div>\n\t\t<\/div>\n\t\t\t\t\t<\/div>\n\t\t<\/section>\n\t\t\t\t<\/div>","protected":false},"excerpt":{"rendered":"<p>Lab Hot Melt Extruder Lab twin screw extruder is maily for mixing and compounding in polymer processing and has expanded into other applications for new material development. The extruder offers a high level of process flexibility, more control of process parameters, and can produce a wider range of products. Being a continuous mixing process where [&hellip;]<\/p>\n","protected":false},"author":1,"featured_media":119,"parent":141,"menu_order":0,"comment_status":"closed","ping_status":"closed","template":"","meta":{"site-sidebar-layout":"left-sidebar","site-content-layout":"","ast-site-content-layout":"default","site-content-style":"default","site-sidebar-style":"default","ast-global-header-display":"","ast-banner-title-visibility":"","ast-main-header-display":"","ast-hfb-above-header-display":"","ast-hfb-below-header-display":"","ast-hfb-mobile-header-display":"","site-post-title":"disabled","ast-breadcrumbs-content":"","ast-featured-img":"disabled","footer-sml-layout":"","theme-transparent-header-meta":"","adv-header-id-meta":"","stick-header-meta":"","header-above-stick-meta":"","header-main-stick-meta":"","header-below-stick-meta":"","astra-migrate-meta-layouts":"set","ast-page-background-enabled":"default","ast-page-background-meta":{"desktop":{"background-color":"var(--ast-global-color-5)","background-image":"","background-repeat":"repeat","background-position":"center center","background-size":"auto","background-attachment":"scroll","background-type":"","background-media":"","overlay-type":"","overlay-color":"","overlay-opacity":"","overlay-gradient":""},"tablet":{"background-color":"","background-image":"","background-repeat":"repeat","background-position":"center center","background-size":"auto","background-attachment":"scroll","background-type":"","background-media":"","overlay-type":"","overlay-color":"","overlay-opacity":"","overlay-gradient":""},"mobile":{"background-color":"","background-image":"","background-repeat":"repeat","background-position":"center center","background-size":"auto","background-attachment":"scroll","background-type":"","background-media":"","overlay-type":"","overlay-color":"","overlay-opacity":"","overlay-gradient":""}},"ast-content-background-meta":{"desktop":{"background-color":"var(--ast-global-color-4)","background-image":"","background-repeat":"repeat","background-position":"center center","background-size":"auto","background-attachment":"scroll","background-type":"","background-media":"","overlay-type":"","overlay-color":"","overlay-opacity":"","overlay-gradient":""},"tablet":{"background-color":"var(--ast-global-color-4)","background-image":"","background-repeat":"repeat","background-position":"center center","background-size":"auto","background-attachment":"scroll","background-type":"","background-media":"","overlay-type":"","overlay-color":"","overlay-opacity":"","overlay-gradient":""},"mobile":{"background-color":"var(--ast-global-color-4)","background-image":"","background-repeat":"repeat","background-position":"center center","background-size":"auto","background-attachment":"scroll","background-type":"","background-media":"","overlay-type":"","overlay-color":"","overlay-opacity":"","overlay-gradient":""}},"footnotes":""},"class_list":["post-249","page","type-page","status-publish","has-post-thumbnail","hentry"],"_links":{"self":[{"href":"https:\/\/extruder-lab.com\/de\/wp-json\/wp\/v2\/pages\/249","targetHints":{"allow":["GET"]}}],"collection":[{"href":"https:\/\/extruder-lab.com\/de\/wp-json\/wp\/v2\/pages"}],"about":[{"href":"https:\/\/extruder-lab.com\/de\/wp-json\/wp\/v2\/types\/page"}],"author":[{"embeddable":true,"href":"https:\/\/extruder-lab.com\/de\/wp-json\/wp\/v2\/users\/1"}],"replies":[{"embeddable":true,"href":"https:\/\/extruder-lab.com\/de\/wp-json\/wp\/v2\/comments?post=249"}],"version-history":[{"count":1,"href":"https:\/\/extruder-lab.com\/de\/wp-json\/wp\/v2\/pages\/249\/revisions"}],"predecessor-version":[{"id":991,"href":"https:\/\/extruder-lab.com\/de\/wp-json\/wp\/v2\/pages\/249\/revisions\/991"}],"up":[{"embeddable":true,"href":"https:\/\/extruder-lab.com\/de\/wp-json\/wp\/v2\/pages\/141"}],"wp:featuredmedia":[{"embeddable":true,"href":"https:\/\/extruder-lab.com\/de\/wp-json\/wp\/v2\/media\/119"}],"wp:attachment":[{"href":"https:\/\/extruder-lab.com\/de\/wp-json\/wp\/v2\/media?parent=249"}],"curies":[{"name":"wp","href":"https:\/\/api.w.org\/{rel}","templated":true}]}}