{"id":317,"date":"2025-09-02T15:48:08","date_gmt":"2025-09-02T07:48:08","guid":{"rendered":"https:\/\/extruder-lab.com\/?page_id=317"},"modified":"2025-11-24T12:16:27","modified_gmt":"2025-11-24T04:16:27","slug":"lab-single-screw-extruder","status":"publish","type":"page","link":"https:\/\/extruder-lab.com\/de\/products\/lab-single-screw-extruder","title":{"rendered":"Labor-Einschneckenextruder"},"content":{"rendered":"<div data-elementor-type=\"wp-page\" data-elementor-id=\"317\" class=\"elementor elementor-317\">\n\t\t\t\t\t\t<section class=\"elementor-section elementor-top-section elementor-element elementor-element-6e6a4898 elementor-section-boxed elementor-section-height-default elementor-section-height-default\" data-id=\"6e6a4898\" data-element_type=\"section\">\n\t\t\t\t\t\t<div class=\"elementor-container elementor-column-gap-default\">\n\t\t\t\t\t<div class=\"elementor-column elementor-col-100 elementor-top-column elementor-element elementor-element-6d78351f\" data-id=\"6d78351f\" data-element_type=\"column\">\n\t\t\t<div class=\"elementor-widget-wrap elementor-element-populated\">\n\t\t\t\t\t\t<div class=\"elementor-element elementor-element-3423f098 elementor-widget elementor-widget-image\" data-id=\"3423f098\" data-element_type=\"widget\" data-widget_type=\"image.default\">\n\t\t\t\t<div class=\"elementor-widget-container\">\n\t\t\t\t\t\t\t\t\t\t\t\t\t\t\t<img fetchpriority=\"high\" decoding=\"async\" width=\"612\" height=\"407\" src=\"https:\/\/extruder-lab.com\/wp-content\/uploads\/2025\/08\/image-6.jpeg\" class=\"attachment-large size-large wp-image-105\" alt=\"Laboratory Extruders\" srcset=\"https:\/\/extruder-lab.com\/wp-content\/uploads\/2025\/08\/image-6.jpeg 612w, https:\/\/extruder-lab.com\/wp-content\/uploads\/2025\/08\/image-6-300x200.jpeg 300w\" sizes=\"(max-width: 612px) 100vw, 612px\" \/>\t\t\t\t\t\t\t\t\t\t\t\t\t\t\t<\/div>\n\t\t\t\t<\/div>\n\t\t\t\t<div class=\"elementor-element elementor-element-71279812 elementor-widget elementor-widget-heading\" data-id=\"71279812\" data-element_type=\"widget\" data-widget_type=\"heading.default\">\n\t\t\t\t<div class=\"elementor-widget-container\">\n\t\t\t\t\t<h2 class=\"elementor-heading-title elementor-size-default\">Labor-Einschnecken-Extruder<\/h2>\t\t\t\t<\/div>\n\t\t\t\t<\/div>\n\t\t\t\t<div class=\"elementor-element elementor-element-5f9dbe90 elementor-widget elementor-widget-text-editor\" data-id=\"5f9dbe90\" data-element_type=\"widget\" data-widget_type=\"text-editor.default\">\n\t\t\t\t<div class=\"elementor-widget-container\">\n\t\t\t\t\t\t\t\t\t<p>Der Laborextruder mit einer Schraube eignet sich f\u00fcr verschiedene Arbeitsumgebungen. Die Flexibilit\u00e4t des Produkts erm\u00f6glicht es dem Benutzer, verschiedene Hilfsmaschinen frei nach seinen Bed\u00fcrfnissen zu wechseln, was dem Benutzer hilft, eine genauere und effizientere Erfahrung zu machen.<\/p><p>Zusatzmaschine optional: Pelletizer, Dreiwalzenkalander, Blasfolienmaschine, Filament-\/Rohrhilfsmaschine usw.<\/p><p>Ob f\u00fcr den Privatgebrauch oder f\u00fcr Unternehmen, unsere Produkte erf\u00fcllen Ihre Anforderungen und bieten Ihnen innovative, effiziente und flexible L\u00f6sungen.<\/p>\t\t\t\t\t\t\t\t<\/div>\n\t\t\t\t<\/div>\n\t\t\t\t<div class=\"elementor-element elementor-element-3f981fcd elementor-widget elementor-widget-heading\" data-id=\"3f981fcd\" data-element_type=\"widget\" data-widget_type=\"heading.default\">\n\t\t\t\t<div class=\"elementor-widget-container\">\n\t\t\t\t\t<h3 class=\"elementor-heading-title elementor-size-default\">Funktionen und Anwendungen<\/h3>\t\t\t\t<\/div>\n\t\t\t\t<\/div>\n\t\t\t\t<div class=\"elementor-element elementor-element-4eed5bb1 elementor-widget elementor-widget-text-editor\" data-id=\"4eed5bb1\" data-element_type=\"widget\" data-widget_type=\"text-editor.default\">\n\t\t\t\t<div class=\"elementor-widget-container\">\n\t\t\t\t\t\t\t\t\t<ul><li>Entwicklung neuer Produkte und Optimierung von Formeln<\/li><li>Materialauswahl und Entwicklung<\/li><li>Simulierter Unterricht f\u00fcr Lern- und Forschungsinstitute<\/li><li>Vorbereitung von Laborproben<\/li><\/ul>\t\t\t\t\t\t\t\t<\/div>\n\t\t\t\t<\/div>\n\t\t\t\t<div class=\"elementor-element elementor-element-ca49852 elementor-widget elementor-widget-heading\" data-id=\"ca49852\" data-element_type=\"widget\" data-widget_type=\"heading.default\">\n\t\t\t\t<div class=\"elementor-widget-container\">\n\t\t\t\t\t<h3 class=\"elementor-heading-title elementor-size-default\">Spezifikation<\/h3>\t\t\t\t<\/div>\n\t\t\t\t<\/div>\n\t\t\t\t<div class=\"elementor-element elementor-element-482cda6 elementor-widget elementor-widget-text-editor\" data-id=\"482cda6\" data-element_type=\"widget\" data-widget_type=\"text-editor.default\">\n\t\t\t\t<div class=\"elementor-widget-container\">\n\t\t\t\t\t\t\t\t\t<table width=\"789\"><tbody><tr><td width=\"197\">Modell<\/td><td width=\"170\">HTES-20<\/td><td width=\"135\">HTES-25<\/td><td width=\"140\">HTES-30<\/td><td width=\"147\">HTES-35<\/td><\/tr><tr><td>Schraubendurchmesser (mm)<\/td><td>20<\/td><td>25<\/td><td>30<\/td><td>35<\/td><\/tr><tr><td>L\/D-Verh\u00e4ltnis<\/td><td>28<\/td><td>28<\/td><td>30<\/td><td>30<\/td><\/tr><tr><td>Motorleistung(kW)<\/td><td>3<\/td><td>4<\/td><td>5.5<\/td><td>7.5<\/td><\/tr><tr><td>Rotationsgeschwindigkeit (U\/min)<\/td><td>120<\/td><td>120<\/td><td>120<\/td><td>120<\/td><\/tr><tr><td>Max.Temp.(\u2103)<\/td><td>350<\/td><td>350<\/td><td>350<\/td><td>350<\/td><\/tr><tr><td>Temp. Regelgenauigkeit(\u2103)<\/td><td>\u00b11<\/td><td>\u00b11<\/td><td>\u00b11<\/td><td>\u00b11<\/td><\/tr><tr><td>Druckmessbereich (MPa)<\/td><td>0~35<\/td><td>0~35<\/td><td>0~35<\/td><td>0~35<\/td><\/tr><tr><td>0Durchsatz(kg\/h)<\/td><td>0.5 ~3<\/td><td>0.5~ 5<\/td><td>0.5~ 7<\/td><td>0.5~ 10<\/td><\/tr><tr><td>Gewicht (kg)<\/td><td>296<\/td><td>325<\/td><td>348<\/td><td>370<\/td><\/tr><tr><td>Abmessungen (mm)<\/td><td>1120x1115x1660<\/td><td>1260x1115x1660<\/td><td>1460x1115x1660\u00a0<\/td><td>1610x1215x1660<\/td><\/tr><\/tbody><\/table>\t\t\t\t\t\t\t\t<\/div>\n\t\t\t\t<\/div>\n\t\t\t\t<div class=\"elementor-element elementor-element-729e4ca5 elementor-widget elementor-widget-heading\" data-id=\"729e4ca5\" data-element_type=\"widget\" data-widget_type=\"heading.default\">\n\t\t\t\t<div class=\"elementor-widget-container\">\n\t\t\t\t\t<h3 class=\"elementor-heading-title elementor-size-default\">Video<\/h3>\t\t\t\t<\/div>\n\t\t\t\t<\/div>\n\t\t\t\t<div class=\"elementor-element elementor-element-19c5a396 elementor-widget elementor-widget-video\" data-id=\"19c5a396\" data-element_type=\"widget\" data-settings=\"{&quot;youtube_url&quot;:&quot;https:\\\/\\\/www.youtube.com\\\/shorts\\\/xNEozD6xygg&quot;,&quot;video_type&quot;:&quot;youtube&quot;,&quot;controls&quot;:&quot;yes&quot;}\" data-widget_type=\"video.default\">\n\t\t\t\t<div class=\"elementor-widget-container\">\n\t\t\t\t\t\t\t<div class=\"elementor-wrapper elementor-open-inline\">\n\t\t\t<div class=\"elementor-video\"><\/div>\t\t<\/div>\n\t\t\t\t\t\t<\/div>\n\t\t\t\t<\/div>\n\t\t\t\t\t<\/div>\n\t\t<\/div>\n\t\t\t\t\t<\/div>\n\t\t<\/section>\n\t\t\t\t<\/div>","protected":false},"excerpt":{"rendered":"<p>Laboratory Single Screw Extruder Lab Single Screw Extruder is suitable for various work environments, the products flexibility allows users change different auxiliary machines freely according their needs, which can help users achieve a more accurate and efficient experience. Auxiliary machine optional: Pelletizer, three roller calender , blow film machine , filament\/pipe auxiliary machine etc. Either [&hellip;]<\/p>\n","protected":false},"author":1,"featured_media":105,"parent":141,"menu_order":0,"comment_status":"closed","ping_status":"closed","template":"","meta":{"site-sidebar-layout":"left-sidebar","site-content-layout":"","ast-site-content-layout":"default","site-content-style":"default","site-sidebar-style":"default","ast-global-header-display":"","ast-banner-title-visibility":"","ast-main-header-display":"","ast-hfb-above-header-display":"","ast-hfb-below-header-display":"","ast-hfb-mobile-header-display":"","site-post-title":"disabled","ast-breadcrumbs-content":"","ast-featured-img":"disabled","footer-sml-layout":"","theme-transparent-header-meta":"","adv-header-id-meta":"","stick-header-meta":"","header-above-stick-meta":"","header-main-stick-meta":"","header-below-stick-meta":"","astra-migrate-meta-layouts":"set","ast-page-background-enabled":"default","ast-page-background-meta":{"desktop":{"background-color":"var(--ast-global-color-4)","background-image":"","background-repeat":"repeat","background-position":"center center","background-size":"auto","background-attachment":"scroll","background-type":"","background-media":"","overlay-type":"","overlay-color":"","overlay-opacity":"","overlay-gradient":""},"tablet":{"background-color":"","background-image":"","background-repeat":"repeat","background-position":"center center","background-size":"auto","background-attachment":"scroll","background-type":"","background-media":"","overlay-type":"","overlay-color":"","overlay-opacity":"","overlay-gradient":""},"mobile":{"background-color":"","background-image":"","background-repeat":"repeat","background-position":"center center","background-size":"auto","background-attachment":"scroll","background-type":"","background-media":"","overlay-type":"","overlay-color":"","overlay-opacity":"","overlay-gradient":""}},"ast-content-background-meta":{"desktop":{"background-color":"var(--ast-global-color-5)","background-image":"","background-repeat":"repeat","background-position":"center center","background-size":"auto","background-attachment":"scroll","background-type":"","background-media":"","overlay-type":"","overlay-color":"","overlay-opacity":"","overlay-gradient":""},"tablet":{"background-color":"var(--ast-global-color-5)","background-image":"","background-repeat":"repeat","background-position":"center center","background-size":"auto","background-attachment":"scroll","background-type":"","background-media":"","overlay-type":"","overlay-color":"","overlay-opacity":"","overlay-gradient":""},"mobile":{"background-color":"var(--ast-global-color-5)","background-image":"","background-repeat":"repeat","background-position":"center center","background-size":"auto","background-attachment":"scroll","background-type":"","background-media":"","overlay-type":"","overlay-color":"","overlay-opacity":"","overlay-gradient":""}},"footnotes":""},"class_list":["post-317","page","type-page","status-publish","has-post-thumbnail","hentry"],"_links":{"self":[{"href":"https:\/\/extruder-lab.com\/de\/wp-json\/wp\/v2\/pages\/317","targetHints":{"allow":["GET"]}}],"collection":[{"href":"https:\/\/extruder-lab.com\/de\/wp-json\/wp\/v2\/pages"}],"about":[{"href":"https:\/\/extruder-lab.com\/de\/wp-json\/wp\/v2\/types\/page"}],"author":[{"embeddable":true,"href":"https:\/\/extruder-lab.com\/de\/wp-json\/wp\/v2\/users\/1"}],"replies":[{"embeddable":true,"href":"https:\/\/extruder-lab.com\/de\/wp-json\/wp\/v2\/comments?post=317"}],"version-history":[{"count":1,"href":"https:\/\/extruder-lab.com\/de\/wp-json\/wp\/v2\/pages\/317\/revisions"}],"predecessor-version":[{"id":988,"href":"https:\/\/extruder-lab.com\/de\/wp-json\/wp\/v2\/pages\/317\/revisions\/988"}],"up":[{"embeddable":true,"href":"https:\/\/extruder-lab.com\/de\/wp-json\/wp\/v2\/pages\/141"}],"wp:featuredmedia":[{"embeddable":true,"href":"https:\/\/extruder-lab.com\/de\/wp-json\/wp\/v2\/media\/105"}],"wp:attachment":[{"href":"https:\/\/extruder-lab.com\/de\/wp-json\/wp\/v2\/media?parent=317"}],"curies":[{"name":"wp","href":"https:\/\/api.w.org\/{rel}","templated":true}]}}