{"id":7,"date":"2025-08-22T17:06:07","date_gmt":"2025-08-22T09:06:07","guid":{"rendered":"https:\/\/extruder-lab.com\/?page_id=7"},"modified":"2025-09-22T14:35:14","modified_gmt":"2025-09-22T06:35:14","slug":"lab-two-roll-mill","status":"publish","type":"page","link":"https:\/\/extruder-lab.com\/de\/products\/lab-two-roll-mill","title":{"rendered":"Labor-Zweiwalzenm\u00fchle"},"content":{"rendered":"<div data-elementor-type=\"wp-post\" data-elementor-id=\"7\" class=\"elementor elementor-7\">\n\t\t\t\t\t\t<section class=\"elementor-section elementor-top-section elementor-element elementor-element-7bfc6112 elementor-section-boxed elementor-section-height-default elementor-section-height-default\" data-id=\"7bfc6112\" data-element_type=\"section\">\n\t\t\t\t\t\t<div class=\"elementor-container elementor-column-gap-default\">\n\t\t\t\t\t<div class=\"elementor-column elementor-col-100 elementor-top-column elementor-element elementor-element-1c233682\" data-id=\"1c233682\" data-element_type=\"column\">\n\t\t\t<div class=\"elementor-widget-wrap elementor-element-populated\">\n\t\t\t\t\t\t<div class=\"elementor-element elementor-element-601f3441 elementor-widget elementor-widget-image\" data-id=\"601f3441\" data-element_type=\"widget\" data-widget_type=\"image.default\">\n\t\t\t\t<div class=\"elementor-widget-container\">\n\t\t\t\t\t\t\t\t\t\t\t\t\t\t\t<img fetchpriority=\"high\" decoding=\"async\" width=\"1024\" height=\"683\" src=\"https:\/\/extruder-lab.com\/wp-content\/uploads\/2025\/09\/\u5c0f\u578b\u53cc\u8f8a\u5f00\u70bc\u673a-1024x683.jpg\" class=\"attachment-large size-large wp-image-701\" alt=\"Lab Two Roll Mill\" srcset=\"https:\/\/extruder-lab.com\/wp-content\/uploads\/2025\/09\/\u5c0f\u578b\u53cc\u8f8a\u5f00\u70bc\u673a-1024x683.jpg 1024w, https:\/\/extruder-lab.com\/wp-content\/uploads\/2025\/09\/\u5c0f\u578b\u53cc\u8f8a\u5f00\u70bc\u673a-300x200.jpg 300w, https:\/\/extruder-lab.com\/wp-content\/uploads\/2025\/09\/\u5c0f\u578b\u53cc\u8f8a\u5f00\u70bc\u673a-768x512.jpg 768w, https:\/\/extruder-lab.com\/wp-content\/uploads\/2025\/09\/\u5c0f\u578b\u53cc\u8f8a\u5f00\u70bc\u673a.jpg 1417w\" sizes=\"(max-width: 1024px) 100vw, 1024px\" \/>\t\t\t\t\t\t\t\t\t\t\t\t\t\t\t<\/div>\n\t\t\t\t<\/div>\n\t\t\t\t<div class=\"elementor-element elementor-element-42810105 elementor-widget elementor-widget-heading\" data-id=\"42810105\" data-element_type=\"widget\" data-widget_type=\"heading.default\">\n\t\t\t\t<div class=\"elementor-widget-container\">\n\t\t\t\t\t<h2 class=\"elementor-heading-title elementor-size-default\">Labor-Zweiwalzenm\u00fchle<\/h2>\t\t\t\t<\/div>\n\t\t\t\t<\/div>\n\t\t\t\t<div class=\"elementor-element elementor-element-71836cf4 elementor-widget elementor-widget-text-editor\" data-id=\"71836cf4\" data-element_type=\"widget\" data-widget_type=\"text-editor.default\">\n\t\t\t\t<div class=\"elementor-widget-container\">\n\t\t\t\t\t\t\t\t\t<p>Das Labor-Zweiwalzwerk ist eine leistungsstarke Gummi- und Kunststoffextrusionsmaschine, die sich durch ihren zuverl\u00e4ssigen und langlebigen Betrieb auszeichnet.<\/p>\n<p><strong>Die wichtigsten Merkmale sind: <\/strong><\/p>\n<ol>\n<li>Ausgestattet mit einem Markenmotor zur stabilen Drehzahlregelung, der eine gleichm\u00e4\u00dfige und konstante Leistung im Dauerbetrieb gew\u00e4hrleistet.<\/li>\n<li>Die Oberfl\u00e4che der Stahlwalzen ist mit Hartchrom beschichtet und hochglanzpoliert, um die Haltbarkeit, Verschlei\u00dffestigkeit und das optische Erscheinungsbild unter rauen industriellen Bedingungen zu verbessern.<\/li>\n<li>Verf\u00fcgt \u00fcber eine in die Schutzabdeckung integrierte automatische Abschaltvorrichtung, die den Bediener vor potenziellen Gefahren sch\u00fctzt und die Ausfallzeiten minimiert.<\/li>\n<li>Der Arbeitsumfang kann je nach den spezifischen Prozessanforderungen angepasst werden und bietet Flexibilit\u00e4t f\u00fcr verschiedene Anwendungen.<\/li>\n<li>F\u00fcr die W\u00e4rmebehandlung stehen Optionen wie elektrische Beheizung oder \u00d6lheizung zur Verf\u00fcgung, die den unterschiedlichen Anforderungen an die thermische Verarbeitung gerecht werden.<\/li>\n<li>Der Abstand der Doppelwalzen ist manuell einstellbar und erm\u00f6glicht eine pr\u00e4zise Anpassung f\u00fcr Aufgaben, die eine Feineinstellung erfordern.<\/li>\n<li>Diese vielseitige Maschine wurde entwickelt, um die vielf\u00e4ltigen Anforderungen moderner Fertigungs- und Konstruktionsanwendungen zu erf\u00fcllen.<\/li>\n<\/ol>\t\t\t\t\t\t\t\t<\/div>\n\t\t\t\t<\/div>\n\t\t\t\t<div class=\"elementor-element elementor-element-384cd68d elementor-widget elementor-widget-heading\" data-id=\"384cd68d\" data-element_type=\"widget\" data-widget_type=\"heading.default\">\n\t\t\t\t<div class=\"elementor-widget-container\">\n\t\t\t\t\t<h3 class=\"elementor-heading-title elementor-size-default\">Funktionen und Anwendungen<\/h3>\t\t\t\t<\/div>\n\t\t\t\t<\/div>\n\t\t\t\t<div class=\"elementor-element elementor-element-551b98f5 elementor-widget elementor-widget-text-editor\" data-id=\"551b98f5\" data-element_type=\"widget\" data-widget_type=\"text-editor.default\">\n\t\t\t\t<div class=\"elementor-widget-container\">\n\t\t\t\t\t\t\t\t\t<ul><li>Entwicklung von Gummi- und Kunststoffrezepturen.<\/li><li>Mischen von Gummi oder Kunststoffen.<\/li><li>Mischen und Vulkanisieren von Gummi.<\/li><li>Vorbereitung von Gummi- und Kunststoffplatten.<\/li><li>Parameteroptimierung und Kontrolle der Gummiverarbeitung.<\/li><\/ul>\t\t\t\t\t\t\t\t<\/div>\n\t\t\t\t<\/div>\n\t\t\t\t<div class=\"elementor-element elementor-element-4285d597 elementor-widget elementor-widget-heading\" data-id=\"4285d597\" data-element_type=\"widget\" data-widget_type=\"heading.default\">\n\t\t\t\t<div class=\"elementor-widget-container\">\n\t\t\t\t\t<h3 class=\"elementor-heading-title elementor-size-default\">Spezifikation<\/h3>\t\t\t\t<\/div>\n\t\t\t\t<\/div>\n\t\t\t\t<div class=\"elementor-element elementor-element-67d22d5b elementor-widget elementor-widget-text-editor\" data-id=\"67d22d5b\" data-element_type=\"widget\" data-widget_type=\"text-editor.default\">\n\t\t\t\t<div class=\"elementor-widget-container\">\n\t\t\t\t\t\t\t\t\t<table width=\"566\"><tbody><tr><td width=\"217\">Modell<\/td><td width=\"167\">HTR-120<\/td><td width=\"182\">HTR-160<\/td><\/tr><tr><td>Plattendicke Bereich (mm)<\/td><td>0.2~2120<\/td><td>0.2~2<\/td><\/tr><tr><td>Rollendurchmesser (mm)<\/td><td>120<\/td><td>160<\/td><\/tr><tr><td>Rollenoberfl\u00e4che Breite(mm)<\/td><td>300<\/td><td>400<\/td><\/tr><tr><td>Heizmethode<\/td><td>Elektrische \/0il Heizung<\/td><td>Elektrische\/ 0il-Heizung<\/td><\/tr><tr><td>Max. Temp.(\u2103)<\/td><td>300<\/td><td>300<\/td><\/tr><tr><td>Genauigkeit der Temperaturregelung(\u2103)<\/td><td>\u58eb2<\/td><td>\u571f2<\/td><\/tr><tr><td>Motorleistung (kw)<\/td><td>4<\/td><td>5.5<\/td><\/tr><tr><td>Gewicht(kg)<\/td><td>450<\/td><td>480<\/td><\/tr><tr><td>Dimendion (mm)<\/td><td>1100x648x1112<\/td><td>1198x648x1112<\/td><\/tr><\/tbody><\/table>\t\t\t\t\t\t\t\t<\/div>\n\t\t\t\t<\/div>\n\t\t\t\t<div class=\"elementor-element elementor-element-2381e36c elementor-widget elementor-widget-heading\" data-id=\"2381e36c\" data-element_type=\"widget\" data-widget_type=\"heading.default\">\n\t\t\t\t<div class=\"elementor-widget-container\">\n\t\t\t\t\t<h3 class=\"elementor-heading-title elementor-size-default\">Video<\/h3>\t\t\t\t<\/div>\n\t\t\t\t<\/div>\n\t\t\t\t<div class=\"elementor-element elementor-element-a689301 elementor-widget elementor-widget-video\" data-id=\"a689301\" data-element_type=\"widget\" data-settings=\"{&quot;youtube_url&quot;:&quot;https:\\\/\\\/youtu.be\\\/JuFQnCZZLuQ&quot;,&quot;video_type&quot;:&quot;youtube&quot;,&quot;controls&quot;:&quot;yes&quot;}\" data-widget_type=\"video.default\">\n\t\t\t\t<div class=\"elementor-widget-container\">\n\t\t\t\t\t\t\t<div class=\"elementor-wrapper elementor-open-inline\">\n\t\t\t<div class=\"elementor-video\"><\/div>\t\t<\/div>\n\t\t\t\t\t\t<\/div>\n\t\t\t\t<\/div>\n\t\t\t\t\t<\/div>\n\t\t<\/div>\n\t\t\t\t\t<\/div>\n\t\t<\/section>\n\t\t\t\t<\/div>","protected":false},"excerpt":{"rendered":"<p>Lab Two Roll Mill The Lab Two Roll Mill is a high-performance rubber and plastic extrusion machine characterized by its reliable and durable operation. Key features include: Equipped with a branded motor for stable speed control, ensuring smooth and consistent performance during continuous operations. The steel roller surface is coated with hard chrome and mirror-polished [&hellip;]<\/p>\n","protected":false},"author":1,"featured_media":701,"parent":141,"menu_order":0,"comment_status":"closed","ping_status":"closed","template":"","meta":{"site-sidebar-layout":"left-sidebar","site-content-layout":"","ast-site-content-layout":"normal-width-container","site-content-style":"boxed","site-sidebar-style":"default","ast-global-header-display":"","ast-banner-title-visibility":"","ast-main-header-display":"","ast-hfb-above-header-display":"","ast-hfb-below-header-display":"","ast-hfb-mobile-header-display":"","site-post-title":"disabled","ast-breadcrumbs-content":"","ast-featured-img":"disabled","footer-sml-layout":"","theme-transparent-header-meta":"","adv-header-id-meta":"","stick-header-meta":"","header-above-stick-meta":"","header-main-stick-meta":"","header-below-stick-meta":"","astra-migrate-meta-layouts":"default","ast-page-background-enabled":"default","ast-page-background-meta":{"desktop":{"background-color":"var(--ast-global-color-4)","background-image":"","background-repeat":"repeat","background-position":"center center","background-size":"auto","background-attachment":"scroll","background-type":"","background-media":"","overlay-type":"","overlay-color":"","overlay-opacity":"","overlay-gradient":""},"tablet":{"background-color":"","background-image":"","background-repeat":"repeat","background-position":"center center","background-size":"auto","background-attachment":"scroll","background-type":"","background-media":"","overlay-type":"","overlay-color":"","overlay-opacity":"","overlay-gradient":""},"mobile":{"background-color":"","background-image":"","background-repeat":"repeat","background-position":"center center","background-size":"auto","background-attachment":"scroll","background-type":"","background-media":"","overlay-type":"","overlay-color":"","overlay-opacity":"","overlay-gradient":""}},"ast-content-background-meta":{"desktop":{"background-color":"var(--ast-global-color-5)","background-image":"","background-repeat":"repeat","background-position":"center center","background-size":"auto","background-attachment":"scroll","background-type":"","background-media":"","overlay-type":"","overlay-color":"","overlay-opacity":"","overlay-gradient":""},"tablet":{"background-color":"var(--ast-global-color-5)","background-image":"","background-repeat":"repeat","background-position":"center center","background-size":"auto","background-attachment":"scroll","background-type":"","background-media":"","overlay-type":"","overlay-color":"","overlay-opacity":"","overlay-gradient":""},"mobile":{"background-color":"var(--ast-global-color-5)","background-image":"","background-repeat":"repeat","background-position":"center center","background-size":"auto","background-attachment":"scroll","background-type":"","background-media":"","overlay-type":"","overlay-color":"","overlay-opacity":"","overlay-gradient":""}},"footnotes":""},"class_list":["post-7","page","type-page","status-publish","has-post-thumbnail","hentry"],"_links":{"self":[{"href":"https:\/\/extruder-lab.com\/de\/wp-json\/wp\/v2\/pages\/7","targetHints":{"allow":["GET"]}}],"collection":[{"href":"https:\/\/extruder-lab.com\/de\/wp-json\/wp\/v2\/pages"}],"about":[{"href":"https:\/\/extruder-lab.com\/de\/wp-json\/wp\/v2\/types\/page"}],"author":[{"embeddable":true,"href":"https:\/\/extruder-lab.com\/de\/wp-json\/wp\/v2\/users\/1"}],"replies":[{"embeddable":true,"href":"https:\/\/extruder-lab.com\/de\/wp-json\/wp\/v2\/comments?post=7"}],"version-history":[{"count":0,"href":"https:\/\/extruder-lab.com\/de\/wp-json\/wp\/v2\/pages\/7\/revisions"}],"up":[{"embeddable":true,"href":"https:\/\/extruder-lab.com\/de\/wp-json\/wp\/v2\/pages\/141"}],"wp:featuredmedia":[{"embeddable":true,"href":"https:\/\/extruder-lab.com\/de\/wp-json\/wp\/v2\/media\/701"}],"wp:attachment":[{"href":"https:\/\/extruder-lab.com\/de\/wp-json\/wp\/v2\/media?parent=7"}],"curies":[{"name":"wp","href":"https:\/\/api.w.org\/{rel}","templated":true}]}}