{"id":708,"date":"2025-08-13T14:18:33","date_gmt":"2025-08-13T06:18:33","guid":{"rendered":"https:\/\/extruder-lab.com\/?page_id=708"},"modified":"2025-11-24T12:15:44","modified_gmt":"2025-11-24T04:15:44","slug":"laboratory-banbury-mixer","status":"publish","type":"page","link":"https:\/\/extruder-lab.com\/de\/products\/laboratory-banbury-mixer","title":{"rendered":"Labor-Banbury-Mischer"},"content":{"rendered":"<div data-elementor-type=\"wp-page\" data-elementor-id=\"708\" class=\"elementor elementor-708\">\n\t\t\t\t\t\t<section class=\"elementor-section elementor-top-section elementor-element elementor-element-2f6a22fd elementor-section-boxed elementor-section-height-default elementor-section-height-default\" data-id=\"2f6a22fd\" data-element_type=\"section\">\n\t\t\t\t\t\t<div class=\"elementor-container elementor-column-gap-default\">\n\t\t\t\t\t<div class=\"elementor-column elementor-col-100 elementor-top-column elementor-element elementor-element-61209061\" data-id=\"61209061\" data-element_type=\"column\">\n\t\t\t<div class=\"elementor-widget-wrap elementor-element-populated\">\n\t\t\t\t\t\t<div class=\"elementor-element elementor-element-1b99b810 elementor-widget elementor-widget-image\" data-id=\"1b99b810\" data-element_type=\"widget\" data-widget_type=\"image.default\">\n\t\t\t\t<div class=\"elementor-widget-container\">\n\t\t\t\t\t\t\t\t\t\t\t\t\t\t\t<img fetchpriority=\"high\" decoding=\"async\" width=\"790\" height=\"530\" src=\"https:\/\/extruder-lab.com\/wp-content\/uploads\/2025\/09\/790_530_5c95962ccf06c.jpg\" class=\"attachment-large size-large wp-image-716\" alt=\"Lab Banbury Mixer\" srcset=\"https:\/\/extruder-lab.com\/wp-content\/uploads\/2025\/09\/790_530_5c95962ccf06c.jpg 790w, https:\/\/extruder-lab.com\/wp-content\/uploads\/2025\/09\/790_530_5c95962ccf06c-300x201.jpg 300w, https:\/\/extruder-lab.com\/wp-content\/uploads\/2025\/09\/790_530_5c95962ccf06c-768x515.jpg 768w\" sizes=\"(max-width: 790px) 100vw, 790px\" \/>\t\t\t\t\t\t\t\t\t\t\t\t\t\t\t<\/div>\n\t\t\t\t<\/div>\n\t\t\t\t<div class=\"elementor-element elementor-element-28fc3b98 elementor-widget elementor-widget-heading\" data-id=\"28fc3b98\" data-element_type=\"widget\" data-widget_type=\"heading.default\">\n\t\t\t\t<div class=\"elementor-widget-container\">\n\t\t\t\t\t<h2 class=\"elementor-heading-title elementor-size-default\">Labor-Banbury-Mischer<\/h2>\t\t\t\t<\/div>\n\t\t\t\t<\/div>\n\t\t\t\t<div class=\"elementor-element elementor-element-f5d986a elementor-widget elementor-widget-text-editor\" data-id=\"f5d986a\" data-element_type=\"widget\" data-widget_type=\"text-editor.default\">\n\t\t\t\t<div class=\"elementor-widget-container\">\n\t\t\t\t\t\t\t\t\t<p>Der Hartek Lab Banbury Mixer ist eine fortschrittliche industrielle Mischmaschine, die sich durch ihre robuste Leistung und pr\u00e4zise Steuerung auszeichnet. <strong>Die wichtigsten Merkmale sind:<\/strong><\/p><ol><li>Motor mit variabler Geschwindigkeit: Der hochwertige Motor erm\u00f6glicht eine exakte Steuerung der Rotordrehzahl und sorgt f\u00fcr einen effizienten und gleichm\u00e4\u00dfigen Mischbetrieb.<\/li><li>Rotorauswahl: Die Maschine bietet die M\u00f6glichkeit, zwischen verschiedenen Rotortypen zu w\u00e4hlen, die auf spezifische Materialverarbeitungsanforderungen und industrielle Anwendungen zugeschnitten sind.<\/li><li>Elektrisches Heizsystem mit PID-Temperaturregelung: Diese Funktion erm\u00f6glicht eine pr\u00e4zise Temperaturregulierung w\u00e4hrend des Mischvorgangs und verbessert so die Prozesseffizienz und Produktqualit\u00e4t. Das PID-System gew\u00e4hrleistet eine genaue Heizgeschwindigkeit und -steuerung.<\/li><li>Doppelte Schutzma\u00dfnahmen f\u00fcr Maschinen und elektrische Ger\u00e4te: Der Mischer ist mit doppelten Sicherheitsmerkmalen ausgestattet, um sowohl die mechanischen Komponenten als auch die elektrischen Systeme zu sch\u00fctzen und einen sicheren und zuverl\u00e4ssigen Betrieb zu gew\u00e4hrleisten.<\/li><\/ol><p>Diese Maschine ist ideal f\u00fcr anspruchsvolle industrielle Mischanwendungen, die hohe Pr\u00e4zision, Zuverl\u00e4ssigkeit und Anpassungsf\u00e4higkeit erfordern.<\/p>\t\t\t\t\t\t\t\t<\/div>\n\t\t\t\t<\/div>\n\t\t\t\t<div class=\"elementor-element elementor-element-8ebff9e elementor-widget elementor-widget-heading\" data-id=\"8ebff9e\" data-element_type=\"widget\" data-widget_type=\"heading.default\">\n\t\t\t\t<div class=\"elementor-widget-container\">\n\t\t\t\t\t<h3 class=\"elementor-heading-title elementor-size-default\">Funktionen und Anwendungen<\/h3>\t\t\t\t<\/div>\n\t\t\t\t<\/div>\n\t\t\t\t<div class=\"elementor-element elementor-element-2b81f3cf elementor-widget elementor-widget-text-editor\" data-id=\"2b81f3cf\" data-element_type=\"widget\" data-widget_type=\"text-editor.default\">\n\t\t\t\t<div class=\"elementor-widget-container\">\n\t\t\t\t\t\t\t\t\t<ul><li>Mischen und Plastifizieren g\u00e4ngiger Gummimaterialien;<\/li><li>F\u00fcllen, Mischen und Dispergieren von Gummimaterialien;<\/li><li>Gummiformel-Design;<\/li><li>\u00dcbliche thermische Vorbehandlung von Gummimaterialien.<\/li><\/ul>\t\t\t\t\t\t\t\t<\/div>\n\t\t\t\t<\/div>\n\t\t\t\t<div class=\"elementor-element elementor-element-540fbc94 elementor-widget elementor-widget-heading\" data-id=\"540fbc94\" data-element_type=\"widget\" data-widget_type=\"heading.default\">\n\t\t\t\t<div class=\"elementor-widget-container\">\n\t\t\t\t\t<h3 class=\"elementor-heading-title elementor-size-default\">Spezifikation<\/h3>\t\t\t\t<\/div>\n\t\t\t\t<\/div>\n\t\t\t\t<div class=\"elementor-element elementor-element-e59ffa7 elementor-widget elementor-widget-text-editor\" data-id=\"e59ffa7\" data-element_type=\"widget\" data-widget_type=\"text-editor.default\">\n\t\t\t\t<div class=\"elementor-widget-container\">\n\t\t\t\t\t\t\t\t\t<table width=\"748\"><tbody><tr><td width=\"217\">Modell<\/td><td width=\"167\">HTK-55<\/td><td width=\"182\">HTK-200<\/td><td width=\"182\">HTK-300<\/td><\/tr><tr><td>Volumen der Mischkammer (ml)<\/td><td>55<\/td><td>200<\/td><td>300<\/td><\/tr><tr><td>Rotor-Drehzahl-Verh\u00e4ltnis<\/td><td>2:03<\/td><td>2:03<\/td><td>2:03<\/td><\/tr><tr><td>Rotordrehzahl (U\/min)<\/td><td>0~200<\/td><td>0~200<\/td><td>0~200<\/td><\/tr><tr><td>RotorTyp<\/td><td>Walze,Banbury,Cam, sigma<\/td><td>Walze,Banbury,Cam, sigma<\/td><td>Walze,Banbury,Cam, sigma<\/td><\/tr><tr><td>Max. Temp.(\u2103)<\/td><td>350<\/td><td>350<\/td><td>350<\/td><\/tr><tr><td>Temp. Regelgenauigkeit(\u2103)<\/td><td>\u571f1<\/td><td>\u571f1<\/td><td>\u58eb1<\/td><\/tr><tr><td>Heizung\/K\u00fchlung Methode<\/td><td>Elektrische Heizung\/Druckluftk\u00fchlung<\/td><td>Elektrische Heizung\/Druckluftk\u00fchlung<\/td><td>Elektrische Heizung\/Druckluftk\u00fchlung<\/td><\/tr><tr><td>Antriebsleistung (kw)<\/td><td>3<\/td><td>5.5<\/td><td>7.5<\/td><\/tr><tr><td>Gesamtleistung (kw)<\/td><td>4.5<\/td><td>6<\/td><td>8<\/td><\/tr><tr><td>Gewicht (kg)<\/td><td>290<\/td><td>320<\/td><td>380<\/td><\/tr><tr><td>Abmessungen (mm)<\/td><td>1250x690x1350<\/td><td>1350x690x1350<\/td><td>1480x690x1350<\/td><\/tr><\/tbody><\/table>\t\t\t\t\t\t\t\t<\/div>\n\t\t\t\t<\/div>\n\t\t\t\t\t<\/div>\n\t\t<\/div>\n\t\t\t\t\t<\/div>\n\t\t<\/section>\n\t\t\t\t<\/div>","protected":false},"excerpt":{"rendered":"<p>Laboratory Banbury Mixer Hartek Lab Banbury Mixer is an advanced industrial mixing machine characterized by its robust performance and precise control. Key features include: Variable Speed Motor: Equipped with a high-quality motor, it allows for exact control of the rotor&#8217;s rotational speed, ensuring efficient and consistent mixing operations. Rotor Selection: The machine offers the option [&hellip;]<\/p>\n","protected":false},"author":1,"featured_media":716,"parent":141,"menu_order":0,"comment_status":"closed","ping_status":"closed","template":"","meta":{"site-sidebar-layout":"left-sidebar","site-content-layout":"","ast-site-content-layout":"default","site-content-style":"default","site-sidebar-style":"default","ast-global-header-display":"","ast-banner-title-visibility":"","ast-main-header-display":"","ast-hfb-above-header-display":"","ast-hfb-below-header-display":"","ast-hfb-mobile-header-display":"","site-post-title":"disabled","ast-breadcrumbs-content":"","ast-featured-img":"disabled","footer-sml-layout":"","theme-transparent-header-meta":"","adv-header-id-meta":"","stick-header-meta":"","header-above-stick-meta":"","header-main-stick-meta":"","header-below-stick-meta":"","astra-migrate-meta-layouts":"set","ast-page-background-enabled":"default","ast-page-background-meta":{"desktop":{"background-color":"var(--ast-global-color-5)","background-image":"","background-repeat":"repeat","background-position":"center center","background-size":"auto","background-attachment":"scroll","background-type":"","background-media":"","overlay-type":"","overlay-color":"","overlay-opacity":"","overlay-gradient":""},"tablet":{"background-color":"","background-image":"","background-repeat":"repeat","background-position":"center center","background-size":"auto","background-attachment":"scroll","background-type":"","background-media":"","overlay-type":"","overlay-color":"","overlay-opacity":"","overlay-gradient":""},"mobile":{"background-color":"","background-image":"","background-repeat":"repeat","background-position":"center center","background-size":"auto","background-attachment":"scroll","background-type":"","background-media":"","overlay-type":"","overlay-color":"","overlay-opacity":"","overlay-gradient":""}},"ast-content-background-meta":{"desktop":{"background-color":"var(--ast-global-color-4)","background-image":"","background-repeat":"repeat","background-position":"center center","background-size":"auto","background-attachment":"scroll","background-type":"","background-media":"","overlay-type":"","overlay-color":"","overlay-opacity":"","overlay-gradient":""},"tablet":{"background-color":"var(--ast-global-color-4)","background-image":"","background-repeat":"repeat","background-position":"center center","background-size":"auto","background-attachment":"scroll","background-type":"","background-media":"","overlay-type":"","overlay-color":"","overlay-opacity":"","overlay-gradient":""},"mobile":{"background-color":"var(--ast-global-color-4)","background-image":"","background-repeat":"repeat","background-position":"center center","background-size":"auto","background-attachment":"scroll","background-type":"","background-media":"","overlay-type":"","overlay-color":"","overlay-opacity":"","overlay-gradient":""}},"footnotes":""},"class_list":["post-708","page","type-page","status-publish","has-post-thumbnail","hentry"],"_links":{"self":[{"href":"https:\/\/extruder-lab.com\/de\/wp-json\/wp\/v2\/pages\/708","targetHints":{"allow":["GET"]}}],"collection":[{"href":"https:\/\/extruder-lab.com\/de\/wp-json\/wp\/v2\/pages"}],"about":[{"href":"https:\/\/extruder-lab.com\/de\/wp-json\/wp\/v2\/types\/page"}],"author":[{"embeddable":true,"href":"https:\/\/extruder-lab.com\/de\/wp-json\/wp\/v2\/users\/1"}],"replies":[{"embeddable":true,"href":"https:\/\/extruder-lab.com\/de\/wp-json\/wp\/v2\/comments?post=708"}],"version-history":[{"count":1,"href":"https:\/\/extruder-lab.com\/de\/wp-json\/wp\/v2\/pages\/708\/revisions"}],"predecessor-version":[{"id":985,"href":"https:\/\/extruder-lab.com\/de\/wp-json\/wp\/v2\/pages\/708\/revisions\/985"}],"up":[{"embeddable":true,"href":"https:\/\/extruder-lab.com\/de\/wp-json\/wp\/v2\/pages\/141"}],"wp:featuredmedia":[{"embeddable":true,"href":"https:\/\/extruder-lab.com\/de\/wp-json\/wp\/v2\/media\/716"}],"wp:attachment":[{"href":"https:\/\/extruder-lab.com\/de\/wp-json\/wp\/v2\/media?parent=708"}],"curies":[{"name":"wp","href":"https:\/\/api.w.org\/{rel}","templated":true}]}}