{"id":1047,"date":"2025-09-17T15:47:13","date_gmt":"2025-09-17T07:47:13","guid":{"rendered":"https:\/\/extruder-lab.com\/?page_id=1047"},"modified":"2026-01-19T20:48:39","modified_gmt":"2026-01-19T12:48:39","slug":"laboratory-casting-film-machine","status":"publish","type":"page","link":"https:\/\/extruder-lab.com\/es\/products\/laboratory-casting-film-machine","title":{"rendered":"M\u00e1quina de colada en laboratorio"},"content":{"rendered":"<div data-elementor-type=\"wp-page\" data-elementor-id=\"1047\" class=\"elementor elementor-1047\">\n\t\t\t\t\t\t<section class=\"elementor-section elementor-top-section elementor-element elementor-element-bd9714f elementor-section-boxed elementor-section-height-default elementor-section-height-default\" data-id=\"bd9714f\" data-element_type=\"section\">\n\t\t\t\t\t\t<div class=\"elementor-container elementor-column-gap-default\">\n\t\t\t\t\t<div class=\"elementor-column elementor-col-100 elementor-top-column elementor-element elementor-element-11e8ad98\" data-id=\"11e8ad98\" data-element_type=\"column\">\n\t\t\t<div class=\"elementor-widget-wrap elementor-element-populated\">\n\t\t\t\t\t\t<div class=\"elementor-element elementor-element-f7ce02c elementor-widget elementor-widget-image\" data-id=\"f7ce02c\" data-element_type=\"widget\" data-widget_type=\"image.default\">\n\t\t\t\t<div class=\"elementor-widget-container\">\n\t\t\t\t\t\t\t\t\t\t\t\t\t\t\t<img fetchpriority=\"high\" decoding=\"async\" width=\"1024\" height=\"683\" src=\"https:\/\/extruder-lab.com\/wp-content\/uploads\/2025\/12\/\u6d41\u5ef6\u819c\u5b9e\u9a8c\u7ebf-1024x683-1.jpg\" class=\"attachment-large size-large wp-image-1049\" alt=\"Laboratory casting film machine\" srcset=\"https:\/\/extruder-lab.com\/wp-content\/uploads\/2025\/12\/\u6d41\u5ef6\u819c\u5b9e\u9a8c\u7ebf-1024x683-1.jpg 1024w, https:\/\/extruder-lab.com\/wp-content\/uploads\/2025\/12\/\u6d41\u5ef6\u819c\u5b9e\u9a8c\u7ebf-1024x683-1-300x200.jpg 300w, https:\/\/extruder-lab.com\/wp-content\/uploads\/2025\/12\/\u6d41\u5ef6\u819c\u5b9e\u9a8c\u7ebf-1024x683-1-768x512.jpg 768w, https:\/\/extruder-lab.com\/wp-content\/uploads\/2025\/12\/\u6d41\u5ef6\u819c\u5b9e\u9a8c\u7ebf-1024x683-1-18x12.jpg 18w\" sizes=\"(max-width: 1024px) 100vw, 1024px\" \/>\t\t\t\t\t\t\t\t\t\t\t\t\t\t\t<\/div>\n\t\t\t\t<\/div>\n\t\t\t\t<div class=\"elementor-element elementor-element-4aa592f9 elementor-widget elementor-widget-heading\" data-id=\"4aa592f9\" data-element_type=\"widget\" data-widget_type=\"heading.default\">\n\t\t\t\t<div class=\"elementor-widget-container\">\n\t\t\t\t\t<h2 class=\"elementor-heading-title elementor-size-default\">M\u00e1quina de colada en laboratorio<\/h2>\t\t\t\t<\/div>\n\t\t\t\t<\/div>\n\t\t\t\t<div class=\"elementor-element elementor-element-58711196 elementor-widget elementor-widget-text-editor\" data-id=\"58711196\" data-element_type=\"widget\" data-widget_type=\"text-editor.default\">\n\t\t\t\t<div class=\"elementor-widget-container\">\n\t\t\t\t\t\t\t\t\t<p>Una l\u00ednea experimental de pel\u00edculas fundidas es una instalaci\u00f3n de pruebas miniaturizada dise\u00f1ada espec\u00edficamente para la ciencia de los materiales y la I+D. Produce principalmente pel\u00edculas fundidas para apoyar actividades de investigaci\u00f3n como el desarrollo de nuevas f\u00f3rmulas de materiales, la optimizaci\u00f3n de par\u00e1metros de procesos, la producci\u00f3n piloto de peque\u00f1os lotes y la evaluaci\u00f3n de la calidad. Este equipo suele constar de componentes b\u00e1sicos como una extrusora, una matriz de fundici\u00f3n, rodillos de enfriamiento, un dispositivo de tracci\u00f3n y un sistema de bobinado, lo que permite la producci\u00f3n continua de pel\u00edculas.<\/p><p>Su principio de funcionamiento consiste en fundir materiales polim\u00e9ricos (como PE, PP y TPU) en una extrusora, extruirlos a trav\u00e9s de una matriz para formar una pel\u00edcula y, a continuaci\u00f3n, enfriarla y solidificarla en rodillos de refrigeraci\u00f3n giratorios de alta velocidad para formar finalmente una pel\u00edcula uniforme, muy transparente y sin estirar. En comparaci\u00f3n con los procesos de pel\u00edcula soplada, las l\u00edneas experimentales de pel\u00edcula fundida ofrecen velocidades de producci\u00f3n m\u00e1s r\u00e1pidas, propiedades \u00f3pticas superiores de la pel\u00edcula (como un brillo y una uniformidad de grosor excelentes) y una estructura de extrusi\u00f3n plana que facilita los procesos posteriores de impresi\u00f3n o laminaci\u00f3n.<\/p>\t\t\t\t\t\t\t\t<\/div>\n\t\t\t\t<\/div>\n\t\t\t\t<div class=\"elementor-element elementor-element-670ef046 elementor-widget elementor-widget-heading\" data-id=\"670ef046\" data-element_type=\"widget\" data-widget_type=\"heading.default\">\n\t\t\t\t<div class=\"elementor-widget-container\">\n\t\t\t\t\t<h3 class=\"elementor-heading-title elementor-size-default\">Funciones y aplicaciones<\/h3>\t\t\t\t<\/div>\n\t\t\t\t<\/div>\n\t\t\t\t<div class=\"elementor-element elementor-element-505f0f67 elementor-widget elementor-widget-text-editor\" data-id=\"505f0f67\" data-element_type=\"widget\" data-widget_type=\"text-editor.default\">\n\t\t\t\t<div class=\"elementor-widget-container\">\n\t\t\t\t\t\t\t\t\t<ul><li>Control PLC Siemens, pantalla t\u00e1ctil HMI<\/li><li>Doble protecci\u00f3n mec\u00e1nica y el\u00e9ctrica<\/li><li>Bobinado de tensi\u00f3n constante<\/li><li>Separaci\u00f3n ajustable entre el rodillo de fundici\u00f3n y la matriz de fundici\u00f3n mediante un mecanismo de elevaci\u00f3n<\/li><li>Pruebas y evaluaci\u00f3n del rendimiento de la fundici\u00f3n de pol\u00edmeros<\/li><li>Desarrollo de la formulaci\u00f3n de nuevos productos<\/li><li>Optimizaci\u00f3n de los par\u00e1metros del proceso de producci\u00f3n<\/li><li>Producci\u00f3n a peque\u00f1a escala de pel\u00edculas estrechas<\/li><li>Detecci\u00f3n y evaluaci\u00f3n de defectos como ojos de pez y puntos de cristal<\/li><\/ul>\t\t\t\t\t\t\t\t<\/div>\n\t\t\t\t<\/div>\n\t\t\t\t<div class=\"elementor-element elementor-element-24a522f9 elementor-widget elementor-widget-heading\" data-id=\"24a522f9\" data-element_type=\"widget\" data-widget_type=\"heading.default\">\n\t\t\t\t<div class=\"elementor-widget-container\">\n\t\t\t\t\t<h3 class=\"elementor-heading-title elementor-size-default\">Especificaci\u00f3n<\/h3>\t\t\t\t<\/div>\n\t\t\t\t<\/div>\n\t\t\t\t<div class=\"elementor-element elementor-element-600899f elementor-widget elementor-widget-text-editor\" data-id=\"600899f\" data-element_type=\"widget\" data-widget_type=\"text-editor.default\">\n\t\t\t\t<div class=\"elementor-widget-container\">\n\t\t\t\t\t\t\t\t\t<table width=\"437\"><tbody><tr><td width=\"119\">Modelo\u00a0\u00a0<\/td><td width=\"188\">HTCS-20<\/td><td width=\"130\">HTCS-25<\/td><\/tr><tr><td width=\"119\">Di\u00e1metro del tornillo\u00a0<\/td><td width=\"188\">20 mm<\/td><td width=\"130\">25 mm<\/td><\/tr><tr><td width=\"119\">Relaci\u00f3n L\/D\u00a0<\/td><td width=\"188\">28:01:00<\/td><td width=\"130\">28:01:00<\/td><\/tr><tr><td width=\"119\">M\u00e1x. Velocidad\u00a0<\/td><td width=\"188\">120 rpm<\/td><td width=\"130\">120 rpm<\/td><\/tr><tr><td width=\"119\">M\u00e1x. Temp.\u00a0<\/td><td width=\"188\">350\u2103<\/td><td width=\"130\">350\u2103<\/td><\/tr><tr><td width=\"119\">Temp. Precisi\u00f3n de control\u00a0<\/td><td width=\"188\">\u00b11.0\u2103<\/td><td width=\"130\">\u00b11\u2103<\/td><\/tr><tr><td width=\"119\">Rango de medici\u00f3n de la presi\u00f3n\u00a0<\/td><td width=\"188\">0~35MPa<\/td><td width=\"130\">0~35Mpa<\/td><\/tr><tr><td width=\"119\">Precisi\u00f3n de medici\u00f3n de la presi\u00f3n<\/td><td width=\"188\">0,2%F.S<\/td><td width=\"130\">0,2%F.S<\/td><\/tr><tr><td width=\"119\">Velocidad de los rodillos de fundici\u00f3n\u00a0<\/td><td width=\"188\">0,5~8 m\/min<\/td><td width=\"130\">0,5~8 m\/min<\/td><\/tr><tr><td width=\"119\">Velocidad de tracci\u00f3n<\/td><td width=\"188\">0,5~8 m\/min<\/td><td width=\"130\">0,5~8 m\/min<\/td><\/tr><tr><td width=\"119\">Salida\u00a0<\/td><td width=\"188\">0,5~3kg\/H<\/td><td width=\"130\">0,5~5kg\/H<\/td><\/tr><tr><td width=\"119\">Peso\u00a0<\/td><td width=\"188\">620 kg<\/td><td width=\"130\">850 kg<\/td><\/tr><tr><td width=\"119\">Dimensi\u00f3n\u00a0<\/td><td width=\"188\">L\u00d7A\u00d7H 3059\u00d7933\u00d71660mm<\/td><td width=\"130\">L\u00d7A\u00d7H 3199\u00d71115\u00d71660mm<\/td><\/tr><\/tbody><\/table>\t\t\t\t\t\t\t\t<\/div>\n\t\t\t\t<\/div>\n\t\t\t\t<div class=\"elementor-element elementor-element-718d8791 elementor-widget elementor-widget-heading\" data-id=\"718d8791\" data-element_type=\"widget\" data-widget_type=\"heading.default\">\n\t\t\t\t<div class=\"elementor-widget-container\">\n\t\t\t\t\t<h3 class=\"elementor-heading-title elementor-size-default\">V\u00eddeo<\/h3>\t\t\t\t<\/div>\n\t\t\t\t<\/div>\n\t\t\t\t<div class=\"elementor-element elementor-element-7af1bf19 elementor-widget elementor-widget-video\" data-id=\"7af1bf19\" data-element_type=\"widget\" data-settings=\"{&quot;youtube_url&quot;:&quot;https:\\\/\\\/youtube.com\\\/shorts\\\/kC9CvmbEl-Y&quot;,&quot;video_type&quot;:&quot;youtube&quot;,&quot;controls&quot;:&quot;yes&quot;}\" data-widget_type=\"video.default\">\n\t\t\t\t<div class=\"elementor-widget-container\">\n\t\t\t\t\t\t\t<div class=\"elementor-wrapper elementor-open-inline\">\n\t\t\t<div class=\"elementor-video\"><\/div>\t\t<\/div>\n\t\t\t\t\t\t<\/div>\n\t\t\t\t<\/div>\n\t\t\t\t\t<\/div>\n\t\t<\/div>\n\t\t\t\t\t<\/div>\n\t\t<\/section>\n\t\t\t\t<\/div>","protected":false},"excerpt":{"rendered":"<p>Laboratory Casting Film Machine A cast film experimental line is a miniaturized test facility specifically designed for materials science and R&amp;D. It primarily produces cast films to support research activities such as new material formulation development, process parameter optimization, small-batch pilot production, and quality assessment. This equipment typically consists of core components including an extruder, [&hellip;]<\/p>\n","protected":false},"author":1,"featured_media":82,"parent":141,"menu_order":0,"comment_status":"closed","ping_status":"closed","template":"","meta":{"site-sidebar-layout":"left-sidebar","site-content-layout":"page-builder","ast-site-content-layout":"normal-width-container","site-content-style":"default","site-sidebar-style":"default","ast-global-header-display":"","ast-banner-title-visibility":"","ast-main-header-display":"","ast-hfb-above-header-display":"","ast-hfb-below-header-display":"","ast-hfb-mobile-header-display":"","site-post-title":"disabled","ast-breadcrumbs-content":"","ast-featured-img":"disabled","footer-sml-layout":"","theme-transparent-header-meta":"","adv-header-id-meta":"","stick-header-meta":"","header-above-stick-meta":"","header-main-stick-meta":"","header-below-stick-meta":"","astra-migrate-meta-layouts":"set","ast-page-background-enabled":"default","ast-page-background-meta":{"desktop":{"background-color":"var(--ast-global-color-4)","background-image":"","background-repeat":"repeat","background-position":"center center","background-size":"auto","background-attachment":"scroll","background-type":"","background-media":"","overlay-type":"","overlay-color":"","overlay-opacity":"","overlay-gradient":""},"tablet":{"background-color":"","background-image":"","background-repeat":"repeat","background-position":"center center","background-size":"auto","background-attachment":"scroll","background-type":"","background-media":"","overlay-type":"","overlay-color":"","overlay-opacity":"","overlay-gradient":""},"mobile":{"background-color":"","background-image":"","background-repeat":"repeat","background-position":"center center","background-size":"auto","background-attachment":"scroll","background-type":"","background-media":"","overlay-type":"","overlay-color":"","overlay-opacity":"","overlay-gradient":""}},"ast-content-background-meta":{"desktop":{"background-color":"var(--ast-global-color-5)","background-image":"","background-repeat":"repeat","background-position":"center center","background-size":"auto","background-attachment":"scroll","background-type":"","background-media":"","overlay-type":"","overlay-color":"","overlay-opacity":"","overlay-gradient":""},"tablet":{"background-color":"var(--ast-global-color-5)","background-image":"","background-repeat":"repeat","background-position":"center center","background-size":"auto","background-attachment":"scroll","background-type":"","background-media":"","overlay-type":"","overlay-color":"","overlay-opacity":"","overlay-gradient":""},"mobile":{"background-color":"var(--ast-global-color-5)","background-image":"","background-repeat":"repeat","background-position":"center center","background-size":"auto","background-attachment":"scroll","background-type":"","background-media":"","overlay-type":"","overlay-color":"","overlay-opacity":"","overlay-gradient":""}},"footnotes":""},"class_list":["post-1047","page","type-page","status-publish","has-post-thumbnail","hentry"],"_links":{"self":[{"href":"https:\/\/extruder-lab.com\/es\/wp-json\/wp\/v2\/pages\/1047","targetHints":{"allow":["GET"]}}],"collection":[{"href":"https:\/\/extruder-lab.com\/es\/wp-json\/wp\/v2\/pages"}],"about":[{"href":"https:\/\/extruder-lab.com\/es\/wp-json\/wp\/v2\/types\/page"}],"author":[{"embeddable":true,"href":"https:\/\/extruder-lab.com\/es\/wp-json\/wp\/v2\/users\/1"}],"replies":[{"embeddable":true,"href":"https:\/\/extruder-lab.com\/es\/wp-json\/wp\/v2\/comments?post=1047"}],"version-history":[{"count":7,"href":"https:\/\/extruder-lab.com\/es\/wp-json\/wp\/v2\/pages\/1047\/revisions"}],"predecessor-version":[{"id":1055,"href":"https:\/\/extruder-lab.com\/es\/wp-json\/wp\/v2\/pages\/1047\/revisions\/1055"}],"up":[{"embeddable":true,"href":"https:\/\/extruder-lab.com\/es\/wp-json\/wp\/v2\/pages\/141"}],"wp:featuredmedia":[{"embeddable":true,"href":"https:\/\/extruder-lab.com\/es\/wp-json\/wp\/v2\/media\/82"}],"wp:attachment":[{"href":"https:\/\/extruder-lab.com\/es\/wp-json\/wp\/v2\/media?parent=1047"}],"curies":[{"name":"wp","href":"https:\/\/api.w.org\/{rel}","templated":true}]}}