{"id":1111,"date":"2026-02-05T17:14:38","date_gmt":"2026-02-05T09:14:38","guid":{"rendered":"https:\/\/extruder-lab.com\/?page_id=1111"},"modified":"2026-02-05T17:29:14","modified_gmt":"2026-02-05T09:29:14","slug":"3d-printing-filament-pla-abs-production-line","status":"publish","type":"page","link":"https:\/\/extruder-lab.com\/es\/products\/3d-printing-filament-pla-abs-production-line","title":{"rendered":"L\u00ednea de producci\u00f3n de filamentos PLA\/ABS para impresi\u00f3n 3D"},"content":{"rendered":"<div data-elementor-type=\"wp-page\" data-elementor-id=\"1111\" class=\"elementor elementor-1111\">\n\t\t\t\t\t\t<section class=\"elementor-section elementor-top-section elementor-element elementor-element-427aea95 elementor-section-boxed elementor-section-height-default elementor-section-height-default\" data-id=\"427aea95\" data-element_type=\"section\">\n\t\t\t\t\t\t<div class=\"elementor-container elementor-column-gap-default\">\n\t\t\t\t\t<div class=\"elementor-column elementor-col-100 elementor-top-column elementor-element elementor-element-46266351\" data-id=\"46266351\" data-element_type=\"column\">\n\t\t\t<div class=\"elementor-widget-wrap elementor-element-populated\">\n\t\t\t\t\t\t<div class=\"elementor-element elementor-element-4bc583b elementor-widget elementor-widget-image\" data-id=\"4bc583b\" data-element_type=\"widget\" data-widget_type=\"image.default\">\n\t\t\t\t<div class=\"elementor-widget-container\">\n\t\t\t\t\t\t\t\t\t\t\t\t\t\t\t<img fetchpriority=\"high\" decoding=\"async\" width=\"1024\" height=\"640\" src=\"https:\/\/extruder-lab.com\/wp-content\/uploads\/2026\/02\/3d-filament-extruder-1024x640.jpg\" class=\"attachment-large size-large wp-image-1119\" alt=\"3d-filament-extruder\" srcset=\"https:\/\/extruder-lab.com\/wp-content\/uploads\/2026\/02\/3d-filament-extruder-1024x640.jpg 1024w, https:\/\/extruder-lab.com\/wp-content\/uploads\/2026\/02\/3d-filament-extruder-300x188.jpg 300w, https:\/\/extruder-lab.com\/wp-content\/uploads\/2026\/02\/3d-filament-extruder-768x480.jpg 768w, https:\/\/extruder-lab.com\/wp-content\/uploads\/2026\/02\/3d-filament-extruder-18x12.jpg 18w, https:\/\/extruder-lab.com\/wp-content\/uploads\/2026\/02\/3d-filament-extruder.jpg 1100w\" sizes=\"(max-width: 1024px) 100vw, 1024px\" \/>\t\t\t\t\t\t\t\t\t\t\t\t\t\t\t<\/div>\n\t\t\t\t<\/div>\n\t\t\t\t<div class=\"elementor-element elementor-element-1346216 elementor-widget elementor-widget-heading\" data-id=\"1346216\" data-element_type=\"widget\" data-widget_type=\"heading.default\">\n\t\t\t\t<div class=\"elementor-widget-container\">\n\t\t\t\t\t<h2 class=\"elementor-heading-title elementor-size-default\">L\u00ednea de producci\u00f3n de filamentos PLA\/ABS para impresi\u00f3n 3D<\/h2>\t\t\t\t<\/div>\n\t\t\t\t<\/div>\n\t\t\t\t<div class=\"elementor-element elementor-element-2dac67bb elementor-widget elementor-widget-text-editor\" data-id=\"2dac67bb\" data-element_type=\"widget\" data-widget_type=\"text-editor.default\">\n\t\t\t\t<div class=\"elementor-widget-container\">\n\t\t\t\t\t\t\t\t\t<p>Una l\u00ednea de producci\u00f3n de filamentos para impresi\u00f3n 3D es un sistema de producci\u00f3n automatizado dise\u00f1ado espec\u00edficamente para fabricar los materiales necesarios para la impresi\u00f3n 3D. Una l\u00ednea de producci\u00f3n de filamentos para impresi\u00f3n 3D consta de una extrusora de tornillo \u00fanico de precisi\u00f3n, una boquilla para filamentos, un sistema de refrigeraci\u00f3n por agua, un sistema de almacenamiento de filamentos, un sistema de tracci\u00f3n, un sistema de medici\u00f3n de di\u00e1metro, un sistema de bobinado y un sistema de medici\u00f3n y control, lo que permite realizar funciones como la extrusi\u00f3n de filamentos, la refrigeraci\u00f3n, la medici\u00f3n del di\u00e1metro y el bobinado.<\/p>\t\t\t\t\t\t\t\t<\/div>\n\t\t\t\t<\/div>\n\t\t\t\t<div class=\"elementor-element elementor-element-7ad4dcac elementor-widget elementor-widget-heading\" data-id=\"7ad4dcac\" data-element_type=\"widget\" data-widget_type=\"heading.default\">\n\t\t\t\t<div class=\"elementor-widget-container\">\n\t\t\t\t\t<h3 class=\"elementor-heading-title elementor-size-default\">Funciones y aplicaciones<\/h3>\t\t\t\t<\/div>\n\t\t\t\t<\/div>\n\t\t\t\t<div class=\"elementor-element elementor-element-6ada2ce5 elementor-widget elementor-widget-text-editor\" data-id=\"6ada2ce5\" data-element_type=\"widget\" data-widget_type=\"text-editor.default\">\n\t\t\t\t<div class=\"elementor-widget-container\">\n\t\t\t\t\t\t\t\t\t<ol><li>El equipo es apto para procesar materiales como PLA, ABS, PETG, PVDF, PCL, ASA, PC, TPU y PA.<\/li><li>El variador de frecuencia de primera categor\u00eda garantiza un control estable y confiable de la velocidad del tornillo.<\/li><li>\u00a0El bobinado de doble estaci\u00f3n permite una disposici\u00f3n ordenada del cable en ambas estaciones.<\/li><li>\u00a0Pantalla t\u00e1ctil de 10 pulgadas, control por PLC, control de di\u00e1metro del alambre en bucle cerrado, con una precisi\u00f3n de di\u00e1metro del alambre de hasta \u00b10,05 mm.<\/li><li>\u00a0Servomotor de alto rendimiento con un amplio rango de velocidades y una velocidad m\u00e1s estable.<\/li><li>\u00a0Dise\u00f1o estructural intuitivo para facilitar su uso.<\/li><li>\u00a0El medidor de tracci\u00f3n y el medidor de di\u00e1metro forman un sistema de control de bucle cerrado, lo que permite una respuesta r\u00e1pida a los cambios en la velocidad de extrusi\u00f3n.<\/li><li>\u00a0El tornillo y el cilindro, fabricados profesionalmente, garantizan una alta precisi\u00f3n en el procesamiento y la calidad del producto.<\/li><\/ol>\t\t\t\t\t\t\t\t<\/div>\n\t\t\t\t<\/div>\n\t\t\t\t<div class=\"elementor-element elementor-element-1ce6593b elementor-widget elementor-widget-heading\" data-id=\"1ce6593b\" data-element_type=\"widget\" data-widget_type=\"heading.default\">\n\t\t\t\t<div class=\"elementor-widget-container\">\n\t\t\t\t\t<h3 class=\"elementor-heading-title elementor-size-default\">Especificaci\u00f3n<\/h3>\t\t\t\t<\/div>\n\t\t\t\t<\/div>\n\t\t\t\t<div class=\"elementor-element elementor-element-600f4fcf elementor-widget elementor-widget-text-editor\" data-id=\"600f4fcf\" data-element_type=\"widget\" data-widget_type=\"text-editor.default\">\n\t\t\t\t<div class=\"elementor-widget-container\">\n\t\t\t\t\t\t\t\t\t<table width=\"293\"><tbody><tr><td width=\"154\">Modelo<\/td><td width=\"139\">HTF-35<\/td><\/tr><tr><td width=\"154\">Di\u00e1metro del tornillo(mm)<\/td><td width=\"139\">35<\/td><\/tr><tr><td width=\"154\">Relaci\u00f3n L\/D<\/td><td width=\"139\">28<\/td><\/tr><tr><td width=\"154\">Potencia del motor (kW)<\/td><td width=\"139\">5.5<\/td><\/tr><tr><td width=\"154\">Especificaciones del producto<\/td><td width=\"139\">\u04241,75\u20133 mm<\/td><\/tr><tr><td width=\"154\">Temp. m\u00e1x.(\u2103)<\/td><td width=\"139\">350<\/td><\/tr><tr><td width=\"154\">Temp. Precisi\u00f3n de control(\u2103)<\/td><td width=\"139\">\u00b11<\/td><\/tr><tr><td width=\"154\">Rango de medici\u00f3n de presi\u00f3n (MPa)<\/td><td width=\"139\">0~35<\/td><\/tr><tr><td width=\"154\">0rendimiento(kg\/h)<\/td><td width=\"139\">10-20 kg\/h<\/td><\/tr><tr><td width=\"154\">Potencia total (kW)<\/td><td width=\"139\">28<\/td><\/tr><\/tbody><\/table>\t\t\t\t\t\t\t\t<\/div>\n\t\t\t\t<\/div>\n\t\t\t\t<div class=\"elementor-element elementor-element-6ebdcd1f elementor-widget elementor-widget-heading\" data-id=\"6ebdcd1f\" data-element_type=\"widget\" data-widget_type=\"heading.default\">\n\t\t\t\t<div class=\"elementor-widget-container\">\n\t\t\t\t\t<h3 class=\"elementor-heading-title elementor-size-default\">V\u00eddeo<\/h3>\t\t\t\t<\/div>\n\t\t\t\t<\/div>\n\t\t\t\t<div class=\"elementor-element elementor-element-6c845fb elementor-widget elementor-widget-video\" data-id=\"6c845fb\" data-element_type=\"widget\" data-settings=\"{&quot;youtube_url&quot;:&quot;https:\\\/\\\/youtu.be\\\/wevmCWnTo30&quot;,&quot;video_type&quot;:&quot;youtube&quot;,&quot;controls&quot;:&quot;yes&quot;}\" data-widget_type=\"video.default\">\n\t\t\t\t<div class=\"elementor-widget-container\">\n\t\t\t\t\t\t\t<div class=\"elementor-wrapper elementor-open-inline\">\n\t\t\t<div class=\"elementor-video\"><\/div>\t\t<\/div>\n\t\t\t\t\t\t<\/div>\n\t\t\t\t<\/div>\n\t\t\t\t<div class=\"elementor-element elementor-element-aae53b6 elementor-widget elementor-widget-image\" data-id=\"aae53b6\" data-element_type=\"widget\" data-widget_type=\"image.default\">\n\t\t\t\t<div class=\"elementor-widget-container\">\n\t\t\t\t\t\t\t\t\t\t\t\t\t\t\t<img decoding=\"async\" width=\"1024\" height=\"768\" src=\"https:\/\/extruder-lab.com\/wp-content\/uploads\/2026\/02\/347-1024x768.jpg\" class=\"attachment-large size-large wp-image-1126\" alt=\"3d filament extrusion\" srcset=\"https:\/\/extruder-lab.com\/wp-content\/uploads\/2026\/02\/347-1024x768.jpg 1024w, https:\/\/extruder-lab.com\/wp-content\/uploads\/2026\/02\/347-300x225.jpg 300w, https:\/\/extruder-lab.com\/wp-content\/uploads\/2026\/02\/347-768x576.jpg 768w, https:\/\/extruder-lab.com\/wp-content\/uploads\/2026\/02\/347-1536x1152.jpg 1536w, https:\/\/extruder-lab.com\/wp-content\/uploads\/2026\/02\/347-2048x1536.jpg 2048w, https:\/\/extruder-lab.com\/wp-content\/uploads\/2026\/02\/347-16x12.jpg 16w\" sizes=\"(max-width: 1024px) 100vw, 1024px\" \/>\t\t\t\t\t\t\t\t\t\t\t\t\t\t\t<\/div>\n\t\t\t\t<\/div>\n\t\t\t\t\t<\/div>\n\t\t<\/div>\n\t\t\t\t\t<\/div>\n\t\t<\/section>\n\t\t\t\t<\/div>","protected":false},"excerpt":{"rendered":"<p>3D Printing Filament PLA\/ABS Production Line 3D printing filament production line refers to an automated production system specifically designed for producing materials needed for 3D printing. A 3D printing filament production line consists of a precision single-screw extruder, filament die, water cooling system, filament storage system, traction system, diameter measuring system, winding system, and measurement [&hellip;]<\/p>\n","protected":false},"author":1,"featured_media":1119,"parent":141,"menu_order":0,"comment_status":"closed","ping_status":"closed","template":"","meta":{"site-sidebar-layout":"left-sidebar","site-content-layout":"page-builder","ast-site-content-layout":"normal-width-container","site-content-style":"default","site-sidebar-style":"default","ast-global-header-display":"","ast-banner-title-visibility":"","ast-main-header-display":"","ast-hfb-above-header-display":"","ast-hfb-below-header-display":"","ast-hfb-mobile-header-display":"","site-post-title":"disabled","ast-breadcrumbs-content":"","ast-featured-img":"disabled","footer-sml-layout":"","theme-transparent-header-meta":"","adv-header-id-meta":"","stick-header-meta":"","header-above-stick-meta":"","header-main-stick-meta":"","header-below-stick-meta":"","astra-migrate-meta-layouts":"set","ast-page-background-enabled":"default","ast-page-background-meta":{"desktop":{"background-color":"var(--ast-global-color-4)","background-image":"","background-repeat":"repeat","background-position":"center center","background-size":"auto","background-attachment":"scroll","background-type":"","background-media":"","overlay-type":"","overlay-color":"","overlay-opacity":"","overlay-gradient":""},"tablet":{"background-color":"","background-image":"","background-repeat":"repeat","background-position":"center center","background-size":"auto","background-attachment":"scroll","background-type":"","background-media":"","overlay-type":"","overlay-color":"","overlay-opacity":"","overlay-gradient":""},"mobile":{"background-color":"","background-image":"","background-repeat":"repeat","background-position":"center center","background-size":"auto","background-attachment":"scroll","background-type":"","background-media":"","overlay-type":"","overlay-color":"","overlay-opacity":"","overlay-gradient":""}},"ast-content-background-meta":{"desktop":{"background-color":"var(--ast-global-color-5)","background-image":"","background-repeat":"repeat","background-position":"center center","background-size":"auto","background-attachment":"scroll","background-type":"","background-media":"","overlay-type":"","overlay-color":"","overlay-opacity":"","overlay-gradient":""},"tablet":{"background-color":"var(--ast-global-color-5)","background-image":"","background-repeat":"repeat","background-position":"center center","background-size":"auto","background-attachment":"scroll","background-type":"","background-media":"","overlay-type":"","overlay-color":"","overlay-opacity":"","overlay-gradient":""},"mobile":{"background-color":"var(--ast-global-color-5)","background-image":"","background-repeat":"repeat","background-position":"center center","background-size":"auto","background-attachment":"scroll","background-type":"","background-media":"","overlay-type":"","overlay-color":"","overlay-opacity":"","overlay-gradient":""}},"footnotes":""},"class_list":["post-1111","page","type-page","status-publish","has-post-thumbnail","hentry"],"_links":{"self":[{"href":"https:\/\/extruder-lab.com\/es\/wp-json\/wp\/v2\/pages\/1111","targetHints":{"allow":["GET"]}}],"collection":[{"href":"https:\/\/extruder-lab.com\/es\/wp-json\/wp\/v2\/pages"}],"about":[{"href":"https:\/\/extruder-lab.com\/es\/wp-json\/wp\/v2\/types\/page"}],"author":[{"embeddable":true,"href":"https:\/\/extruder-lab.com\/es\/wp-json\/wp\/v2\/users\/1"}],"replies":[{"embeddable":true,"href":"https:\/\/extruder-lab.com\/es\/wp-json\/wp\/v2\/comments?post=1111"}],"version-history":[{"count":10,"href":"https:\/\/extruder-lab.com\/es\/wp-json\/wp\/v2\/pages\/1111\/revisions"}],"predecessor-version":[{"id":1130,"href":"https:\/\/extruder-lab.com\/es\/wp-json\/wp\/v2\/pages\/1111\/revisions\/1130"}],"up":[{"embeddable":true,"href":"https:\/\/extruder-lab.com\/es\/wp-json\/wp\/v2\/pages\/141"}],"wp:featuredmedia":[{"embeddable":true,"href":"https:\/\/extruder-lab.com\/es\/wp-json\/wp\/v2\/media\/1119"}],"wp:attachment":[{"href":"https:\/\/extruder-lab.com\/es\/wp-json\/wp\/v2\/media?parent=1111"}],"curies":[{"name":"wp","href":"https:\/\/api.w.org\/{rel}","templated":true}]}}