{"id":1181,"date":"2026-03-10T11:12:41","date_gmt":"2026-03-10T03:12:41","guid":{"rendered":"https:\/\/extruder-lab.com\/?page_id=1181"},"modified":"2026-03-10T11:22:16","modified_gmt":"2026-03-10T03:22:16","slug":"lab-sheet-extrusion-three-roll-calender","status":"publish","type":"page","link":"https:\/\/extruder-lab.com\/es\/products\/lab-sheet-extrusion-three-roll-calender","title":{"rendered":"Calandra de tres rodillos para la extrusi\u00f3n de l\u00e1minas"},"content":{"rendered":"<div data-elementor-type=\"wp-page\" data-elementor-id=\"1181\" class=\"elementor elementor-1181\">\n\t\t\t\t\t\t<section class=\"elementor-section elementor-top-section elementor-element elementor-element-5352e569 elementor-section-boxed elementor-section-height-default elementor-section-height-default\" data-id=\"5352e569\" data-element_type=\"section\">\n\t\t\t\t\t\t<div class=\"elementor-container elementor-column-gap-default\">\n\t\t\t\t\t<div class=\"elementor-column elementor-col-100 elementor-top-column elementor-element elementor-element-33d63937\" data-id=\"33d63937\" data-element_type=\"column\">\n\t\t\t<div class=\"elementor-widget-wrap elementor-element-populated\">\n\t\t\t\t\t\t<div class=\"elementor-element elementor-element-130410b3 elementor-widget elementor-widget-image\" data-id=\"130410b3\" data-element_type=\"widget\" data-widget_type=\"image.default\">\n\t\t\t\t<div class=\"elementor-widget-container\">\n\t\t\t\t\t\t\t\t\t\t\t\t\t\t\t<img fetchpriority=\"high\" decoding=\"async\" width=\"611\" height=\"408\" src=\"https:\/\/extruder-lab.com\/wp-content\/uploads\/2025\/08\/image-1.jpeg\" class=\"attachment-large size-large wp-image-74\" alt=\"Sheet extrusion three-roll calender\" srcset=\"https:\/\/extruder-lab.com\/wp-content\/uploads\/2025\/08\/image-1.jpeg 611w, https:\/\/extruder-lab.com\/wp-content\/uploads\/2025\/08\/image-1-300x200.jpeg 300w\" sizes=\"(max-width: 611px) 100vw, 611px\" \/>\t\t\t\t\t\t\t\t\t\t\t\t\t\t\t<\/div>\n\t\t\t\t<\/div>\n\t\t\t\t<div class=\"elementor-element elementor-element-36a0abcf elementor-widget elementor-widget-heading\" data-id=\"36a0abcf\" data-element_type=\"widget\" data-widget_type=\"heading.default\">\n\t\t\t\t<div class=\"elementor-widget-container\">\n\t\t\t\t\t<h2 class=\"elementor-heading-title elementor-size-default\">Calandra de tres rodillos para extrusi\u00f3n de l\u00e1minas<\/h2>\t\t\t\t<\/div>\n\t\t\t\t<\/div>\n\t\t\t\t<div class=\"elementor-element elementor-element-26774116 elementor-widget elementor-widget-text-editor\" data-id=\"26774116\" data-element_type=\"widget\" data-widget_type=\"text-editor.default\">\n\t\t\t\t<div class=\"elementor-widget-container\">\n\t\t\t\t\t\t\t\t\t<p>La calandra de tres rodillos es una m\u00e1quina que utiliza dos o m\u00e1s rodillos dispuestos en una configuraci\u00f3n espec\u00edfica para prensar y estirar caucho o pl\u00e1stico, con el fin de obtener l\u00e1minas de un determinado grosor y forma superficial a una temperatura espec\u00edfica. Tambi\u00e9n se puede utilizar para recubrir con adhesivo tejidos de fibra de vidrio o de cord\u00f3n de acero. Las calandras se clasifican seg\u00fan el n\u00famero de rodillos, como las de dos, tres, cuatro y cinco rodillos. Se utilizan principalmente para prensar l\u00e1minas de caucho y para la aplicaci\u00f3n de adhesivo de doble cara y el frotado de textiles.<\/p>\t\t\t\t\t\t\t\t<\/div>\n\t\t\t\t<\/div>\n\t\t\t\t<div class=\"elementor-element elementor-element-4e39ea0b elementor-widget elementor-widget-heading\" data-id=\"4e39ea0b\" data-element_type=\"widget\" data-widget_type=\"heading.default\">\n\t\t\t\t<div class=\"elementor-widget-container\">\n\t\t\t\t\t<h3 class=\"elementor-heading-title elementor-size-default\">Funciones y aplicaciones<\/h3>\t\t\t\t<\/div>\n\t\t\t\t<\/div>\n\t\t\t\t<div class=\"elementor-element elementor-element-110aa998 elementor-widget elementor-widget-text-editor\" data-id=\"110aa998\" data-element_type=\"widget\" data-widget_type=\"text-editor.default\">\n\t\t\t\t<div class=\"elementor-widget-container\">\n\t\t\t\t\t\t\t\t\t<ol>\n<li>El motor de marca garantiza un control estable y confiable de la velocidad del tornillo.<\/li>\n<li>El rodillo de calandrado y el rodillo de tracci\u00f3n son accionados de forma independiente por motores de marca.<\/li>\n<li>Las superficies de los rodillos de calandrado y de tracci\u00f3n est\u00e1n cromadas en duro y pulidas a espejo.<\/li>\n<li>Apto para diversos pl\u00e1sticos de uso general, como PE, PC, PET, PA, PEEK, etc.<\/li>\n<li>Preparaci\u00f3n de l\u00e1minas de diversos materiales.<\/li>\n<li>Desarrollo de formulaciones de materiales.<\/li>\n<li>Calandrado de materiales de alta viscosidad.<\/li>\n<\/ol>\t\t\t\t\t\t\t\t<\/div>\n\t\t\t\t<\/div>\n\t\t\t\t<div class=\"elementor-element elementor-element-47044880 elementor-widget elementor-widget-heading\" data-id=\"47044880\" data-element_type=\"widget\" data-widget_type=\"heading.default\">\n\t\t\t\t<div class=\"elementor-widget-container\">\n\t\t\t\t\t<h3 class=\"elementor-heading-title elementor-size-default\">Especificaci\u00f3n<\/h3>\t\t\t\t<\/div>\n\t\t\t\t<\/div>\n\t\t\t\t<div class=\"elementor-element elementor-element-1e502b60 elementor-widget elementor-widget-text-editor\" data-id=\"1e502b60\" data-element_type=\"widget\" data-widget_type=\"text-editor.default\">\n\t\t\t\t<div class=\"elementor-widget-container\">\n\t\t\t\t\t\t\t\t\t<table width=\"611\">\n<tbody>\n<tr>\n<td width=\"164\">Modelo<\/td>\n<td width=\"147\">HTSE-100<\/td>\n<td width=\"149\">HTSE-150<\/td>\n<td width=\"151\">HTSE-200<\/td>\n<\/tr>\n<tr>\n<td>Di\u00e1metro del tornillo (mm)<\/td>\n<td width=\"147\">20 mm<\/td>\n<td width=\"149\">25 mm<\/td>\n<td width=\"151\">30 mm<\/td>\n<\/tr>\n<tr>\n<td>Relaci\u00f3n L\/D<\/td>\n<td width=\"147\">28:1 (Opcional)<\/td>\n<td width=\"149\">28:1 (Opcional)<\/td>\n<td width=\"151\">28:1 (Opcional)<\/td>\n<\/tr>\n<tr>\n<td width=\"164\">Potencia del motor<br \/>(kW)<\/td>\n<td width=\"147\">3 kW<\/td>\n<td width=\"149\">4 kW<\/td>\n<td width=\"151\">5,5 kW<\/td>\n<\/tr>\n<tr>\n<td>Velocidad m\u00e1xima (rpm)<\/td>\n<td width=\"147\">120 rpm<\/td>\n<td width=\"149\">120 rpm<\/td>\n<td width=\"151\">120 rpm<\/td>\n<\/tr>\n<tr>\n<td>Temperatura m\u00e1xima (\u00b0C)<\/td>\n<td width=\"147\">350-450 \u2103<\/td>\n<td width=\"149\">350-450 \u2103<\/td>\n<td width=\"151\">350-450 \u2103<\/td>\n<\/tr>\n<tr>\n<td>Precisi\u00f3n del control de temperatura\u00a9<\/td>\n<td width=\"147\">\u00b11\u2103<\/td>\n<td width=\"149\">\u00b11\u2103<\/td>\n<td width=\"151\">\u00b11\u2103<\/td>\n<\/tr>\n<tr>\n<td>Rango de medici\u00f3n de presi\u00f3n (MPa)<\/td>\n<td width=\"147\">0~35Mpa<\/td>\n<td width=\"149\">0~35Mpa<\/td>\n<td width=\"151\">0~35Mpa<\/td>\n<\/tr>\n<tr>\n<td>Ancho de la matriz (mm)<\/td>\n<td width=\"147\">100 mm<\/td>\n<td width=\"149\">150 mm<\/td>\n<td width=\"151\">200 mm<\/td>\n<\/tr>\n<tr>\n<td>Velocidad de los rodillos de la calandra (m\/min)<\/td>\n<td width=\"147\">0,5~8 m\/min<\/td>\n<td width=\"149\">0,5~8 m\/min<\/td>\n<td width=\"151\">0,5~8 m\/min<\/td>\n<\/tr>\n<tr>\n<td>Velocidad de tracci\u00f3n (m\/min)<\/td>\n<td width=\"147\">0,5~8 m\/min<\/td>\n<td width=\"149\">0,5~8 m\/min<\/td>\n<td width=\"151\">0,5~8 m\/min<\/td>\n<\/tr>\n<tr>\n<td>Rendimiento (kg\/h)<\/td>\n<td width=\"147\">0,5-3 kg\/h<\/td>\n<td width=\"149\">0,5-5 kg\/h<\/td>\n<td width=\"151\">0,5~7 kg\/h<\/td>\n<\/tr>\n<tr>\n<td>Peso (kg)<\/td>\n<td width=\"147\">680 kg<\/td>\n<td width=\"149\">720 kg<\/td>\n<td width=\"151\">880 kg<\/td>\n<\/tr>\n<tr>\n<td>Dimensiones (mm)<\/td>\n<td width=\"147\">2800 \u00d7 1120 \u00d7 1660 mm<\/td>\n<td width=\"149\">2850 \u00d7 1120 \u00d7 1660 mm<\/td>\n<td width=\"151\">3250 \u00d7 1120 \u00d7 1660 mm<\/td>\n<\/tr>\n<\/tbody>\n<\/table>\t\t\t\t\t\t\t\t<\/div>\n\t\t\t\t<\/div>\n\t\t\t\t<div class=\"elementor-element elementor-element-22f73817 elementor-widget elementor-widget-heading\" data-id=\"22f73817\" data-element_type=\"widget\" data-widget_type=\"heading.default\">\n\t\t\t\t<div class=\"elementor-widget-container\">\n\t\t\t\t\t<h3 class=\"elementor-heading-title elementor-size-default\">V\u00eddeo<\/h3>\t\t\t\t<\/div>\n\t\t\t\t<\/div>\n\t\t\t\t<div class=\"elementor-element elementor-element-294dd138 elementor-widget elementor-widget-video\" data-id=\"294dd138\" data-element_type=\"widget\" data-settings=\"{&quot;youtube_url&quot;:&quot;https:\\\/\\\/youtube.com\\\/shorts\\\/qMwBTsj13Tk&quot;,&quot;video_type&quot;:&quot;youtube&quot;,&quot;controls&quot;:&quot;yes&quot;}\" data-widget_type=\"video.default\">\n\t\t\t\t<div class=\"elementor-widget-container\">\n\t\t\t\t\t\t\t<div class=\"elementor-wrapper elementor-open-inline\">\n\t\t\t<div class=\"elementor-video\"><\/div>\t\t<\/div>\n\t\t\t\t\t\t<\/div>\n\t\t\t\t<\/div>\n\t\t\t\t\t<\/div>\n\t\t<\/div>\n\t\t\t\t\t<\/div>\n\t\t<\/section>\n\t\t\t\t<\/div>","protected":false},"excerpt":{"rendered":"<p>Sheet Extrusion Three-roll Calender Three-roll calender is a machine that uses two or more rollers arranged in a specific pattern to press and stretch rubber or plastic into sheets of a certain thickness and surface shape at a specific temperature. It can also be used to coat fiberglass or steel cord fabrics with adhesive. Calenders [&hellip;]<\/p>\n","protected":false},"author":1,"featured_media":74,"parent":141,"menu_order":0,"comment_status":"closed","ping_status":"closed","template":"","meta":{"site-sidebar-layout":"left-sidebar","site-content-layout":"page-builder","ast-site-content-layout":"normal-width-container","site-content-style":"default","site-sidebar-style":"default","ast-global-header-display":"","ast-banner-title-visibility":"","ast-main-header-display":"","ast-hfb-above-header-display":"","ast-hfb-below-header-display":"","ast-hfb-mobile-header-display":"","site-post-title":"disabled","ast-breadcrumbs-content":"","ast-featured-img":"disabled","footer-sml-layout":"","theme-transparent-header-meta":"","adv-header-id-meta":"","stick-header-meta":"","header-above-stick-meta":"","header-main-stick-meta":"","header-below-stick-meta":"","astra-migrate-meta-layouts":"set","ast-page-background-enabled":"default","ast-page-background-meta":{"desktop":{"background-color":"var(--ast-global-color-4)","background-image":"","background-repeat":"repeat","background-position":"center center","background-size":"auto","background-attachment":"scroll","background-type":"","background-media":"","overlay-type":"","overlay-color":"","overlay-opacity":"","overlay-gradient":""},"tablet":{"background-color":"","background-image":"","background-repeat":"repeat","background-position":"center center","background-size":"auto","background-attachment":"scroll","background-type":"","background-media":"","overlay-type":"","overlay-color":"","overlay-opacity":"","overlay-gradient":""},"mobile":{"background-color":"","background-image":"","background-repeat":"repeat","background-position":"center center","background-size":"auto","background-attachment":"scroll","background-type":"","background-media":"","overlay-type":"","overlay-color":"","overlay-opacity":"","overlay-gradient":""}},"ast-content-background-meta":{"desktop":{"background-color":"var(--ast-global-color-5)","background-image":"","background-repeat":"repeat","background-position":"center center","background-size":"auto","background-attachment":"scroll","background-type":"","background-media":"","overlay-type":"","overlay-color":"","overlay-opacity":"","overlay-gradient":""},"tablet":{"background-color":"var(--ast-global-color-5)","background-image":"","background-repeat":"repeat","background-position":"center center","background-size":"auto","background-attachment":"scroll","background-type":"","background-media":"","overlay-type":"","overlay-color":"","overlay-opacity":"","overlay-gradient":""},"mobile":{"background-color":"var(--ast-global-color-5)","background-image":"","background-repeat":"repeat","background-position":"center center","background-size":"auto","background-attachment":"scroll","background-type":"","background-media":"","overlay-type":"","overlay-color":"","overlay-opacity":"","overlay-gradient":""}},"footnotes":""},"class_list":["post-1181","page","type-page","status-publish","has-post-thumbnail","hentry"],"_links":{"self":[{"href":"https:\/\/extruder-lab.com\/es\/wp-json\/wp\/v2\/pages\/1181","targetHints":{"allow":["GET"]}}],"collection":[{"href":"https:\/\/extruder-lab.com\/es\/wp-json\/wp\/v2\/pages"}],"about":[{"href":"https:\/\/extruder-lab.com\/es\/wp-json\/wp\/v2\/types\/page"}],"author":[{"embeddable":true,"href":"https:\/\/extruder-lab.com\/es\/wp-json\/wp\/v2\/users\/1"}],"replies":[{"embeddable":true,"href":"https:\/\/extruder-lab.com\/es\/wp-json\/wp\/v2\/comments?post=1181"}],"version-history":[{"count":13,"href":"https:\/\/extruder-lab.com\/es\/wp-json\/wp\/v2\/pages\/1181\/revisions"}],"predecessor-version":[{"id":1199,"href":"https:\/\/extruder-lab.com\/es\/wp-json\/wp\/v2\/pages\/1181\/revisions\/1199"}],"up":[{"embeddable":true,"href":"https:\/\/extruder-lab.com\/es\/wp-json\/wp\/v2\/pages\/141"}],"wp:featuredmedia":[{"embeddable":true,"href":"https:\/\/extruder-lab.com\/es\/wp-json\/wp\/v2\/media\/74"}],"wp:attachment":[{"href":"https:\/\/extruder-lab.com\/es\/wp-json\/wp\/v2\/media?parent=1181"}],"curies":[{"name":"wp","href":"https:\/\/api.w.org\/{rel}","templated":true}]}}