{"id":1222,"date":"2026-03-17T17:51:12","date_gmt":"2026-03-17T09:51:12","guid":{"rendered":"https:\/\/extruder-lab.com\/?page_id=1222"},"modified":"2026-03-17T17:51:51","modified_gmt":"2026-03-17T09:51:51","slug":"thin-film-gel-detector","status":"publish","type":"page","link":"https:\/\/extruder-lab.com\/es\/products\/thin-film-gel-detector","title":{"rendered":"Detector de gel de pel\u00edcula fina"},"content":{"rendered":"<figure class=\"wp-block-image size-full\"><img fetchpriority=\"high\" decoding=\"async\" width=\"1024\" height=\"576\" src=\"https:\/\/extruder-lab.com\/wp-content\/uploads\/2026\/03\/\u8584\u819c\u68c0\u6d4b\u4eea-1024x576-1.png\" alt=\"Thin Film Gel Detector\" class=\"wp-image-1223\" srcset=\"https:\/\/extruder-lab.com\/wp-content\/uploads\/2026\/03\/\u8584\u819c\u68c0\u6d4b\u4eea-1024x576-1.png 1024w, https:\/\/extruder-lab.com\/wp-content\/uploads\/2026\/03\/\u8584\u819c\u68c0\u6d4b\u4eea-1024x576-1-300x169.png 300w, https:\/\/extruder-lab.com\/wp-content\/uploads\/2026\/03\/\u8584\u819c\u68c0\u6d4b\u4eea-1024x576-1-768x432.png 768w, https:\/\/extruder-lab.com\/wp-content\/uploads\/2026\/03\/\u8584\u819c\u68c0\u6d4b\u4eea-1024x576-1-18x10.png 18w\" sizes=\"(max-width: 1024px) 100vw, 1024px\" \/><figcaption class=\"wp-element-caption\">Detector de gel de pel\u00edcula fina<\/figcaption><\/figure>\n\n\n\n<h2 class=\"wp-block-heading has-medium-font-size\"><strong>Los analizadores con detector de gel de pel\u00edcula delgada se utilizan principalmente en laboratorios bioqu\u00edmicos para detectar los resultados de la electroforesis durante la separaci\u00f3n de genes y prote\u00ednas. Desempe\u00f1an las siguientes funciones:<\/strong><\/h2>\n\n\n\n<p><strong>Separaci\u00f3n electrofor\u00e9tica:<\/strong> Tras la preparaci\u00f3n de la muestra, se lleva a cabo la electroforesis. En condiciones espec\u00edficas de campo el\u00e9ctrico dentro de la c\u00e1mara de electroforesis, el ARN, el ADN o las prote\u00ednas de la muestra se separan en funci\u00f3n de su tama\u00f1o, forma y carga.<\/p>\n\n\n\n<p><strong>Transferencia de pel\u00edcula fina:<\/strong> El ARN, el ADN o las prote\u00ednas del gel electrofor\u00e9tico se transfieren a una pel\u00edcula delgada para su posterior an\u00e1lisis.<\/p>\n\n\n\n<p><strong>Detecci\u00f3n de gel:<\/strong> Cuando hay una sustancia fluorescente especial presente en la pel\u00edcula delgada, esta se observa en el analizador y se utiliza tecnolog\u00eda de procesamiento de im\u00e1genes por computadora para analizar, medir y registrar diversos par\u00e1metros de la muestra, tales como el peso molecular, el contenido relativo, la intensidad de hibridaci\u00f3n o el nivel de expresi\u00f3n.<\/p>\n\n\n\n<p>En resumen, los analizadores de electroforesis en gel de capa fina son equipos fundamentales en biolog\u00eda molecular, gen\u00e9tica y otros campos, y ofrecen ventajas como el procesamiento automatizado de datos, el an\u00e1lisis cuantitativo, la facilidad de uso, la alta sensibilidad y la gran precisi\u00f3n.<\/p>\n\n\n\n<h1 class=\"wp-block-heading has-large-font-size\">Principales funciones y aplicaciones del instrumento de inspecci\u00f3n de geles de capa fina:<\/h1>\n\n\n\n<ul class=\"wp-block-list\">\n<li>Identificaci\u00f3n y detecci\u00f3n autom\u00e1ticas, c\u00e1lculo autom\u00e1tico del tama\u00f1o del defecto, el \u00e1rea y otra informaci\u00f3n<\/li>\n\n\n\n<li>Mapeo de defectos: localizaci\u00f3n de la posici\u00f3n de cada defecto en la chapa<\/li>\n\n\n\n<li>Ampliaci\u00f3n de fotograf\u00edas, visualizaci\u00f3n y archivo de cada registro de defectos<\/li>\n\n\n\n<li>An\u00e1lisis individual de defectos, an\u00e1lisis de im\u00e1genes en 2D, an\u00e1lisis de im\u00e1genes en 3D<\/li>\n\n\n\n<li>Informes de calidad exhaustivos, informes estad\u00edsticos, distribuci\u00f3n de defectos y gr\u00e1ficos de tendencias<\/li>\n<\/ul>\n\n\n\n<h2 class=\"wp-block-heading\">Par\u00e1metros t\u00e9cnicos del detector de gel de pel\u00edcula fina:<\/h2>\n\n\n\n<figure class=\"wp-block-table\"><table class=\"has-fixed-layout\"><tbody><tr><td class=\"has-text-align-left\" data-align=\"left\">di\u00e1metro del tornillo<\/td><td class=\"has-text-align-left\" data-align=\"left\">20 mm<\/td><td class=\"has-text-align-left\" data-align=\"left\">25 mm<\/td><td class=\"has-text-align-left\" data-align=\"left\">30 mm<\/td><\/tr><tr><td class=\"has-text-align-left\" data-align=\"left\">Relaci\u00f3n de di\u00e1metros<\/td><td class=\"has-text-align-left\" data-align=\"left\">25:1<\/td><td class=\"has-text-align-left\" data-align=\"left\">25:1<\/td><td class=\"has-text-align-left\" data-align=\"left\">28\uff1a1<\/td><\/tr><tr><td class=\"has-text-align-left\" data-align=\"left\">Potencia<\/td><td class=\"has-text-align-left\" data-align=\"left\">Motor de servicio de 3 kW<\/td><td class=\"has-text-align-left\" data-align=\"left\">Motor de servicio de 4 kW<\/td><td class=\"has-text-align-left\" data-align=\"left\">Motor de servicio de 5,5 kW<\/td><\/tr><tr><td class=\"has-text-align-left\" data-align=\"left\">Capacidad<\/td><td class=\"has-text-align-left\" data-align=\"left\">0,5-5 kg\/h (depende de los materiales y la formulaci\u00f3n)<\/td><td class=\"has-text-align-left\" data-align=\"left\">0,5-5 kg\/h (depende de los materiales y la formulaci\u00f3n)<\/td><td class=\"has-text-align-left\" data-align=\"left\">0,5-5 kg\/h (depende de los materiales y la formulaci\u00f3n)<\/td><\/tr><tr><td class=\"has-text-align-left\" data-align=\"left\">Espesor de la pel\u00edcula delgada<\/td><td class=\"has-text-align-left\" data-align=\"left\">&lt; 0,2 mm<\/td><td class=\"has-text-align-left\" data-align=\"left\">&lt; 0,2 mm<\/td><td class=\"has-text-align-left\" data-align=\"left\">&lt; 0,2 mm<\/td><\/tr><tr><td class=\"has-text-align-left\" data-align=\"left\">velocidad de rotaci\u00f3n<\/td><td class=\"has-text-align-left\" data-align=\"left\">150 rpm<\/td><td class=\"has-text-align-left\" data-align=\"left\">150 rpm<\/td><td class=\"has-text-align-left\" data-align=\"left\">150 rpm<\/td><\/tr><tr><td class=\"has-text-align-left\" data-align=\"left\">temperatura m\u00e1xima<\/td><td class=\"has-text-align-left\" data-align=\"left\">350\u2103<\/td><td class=\"has-text-align-left\" data-align=\"left\">350\u2103<\/td><td class=\"has-text-align-left\" data-align=\"left\">350\u2103<\/td><\/tr><tr><td class=\"has-text-align-left\" data-align=\"left\">Precisi\u00f3n del control de temperatura<\/td><td class=\"has-text-align-left\" data-align=\"left\">\u00b11.0\u2103<\/td><td class=\"has-text-align-left\" data-align=\"left\">\u00b11.0\u2103<\/td><td class=\"has-text-align-left\" data-align=\"left\">\u00b11.0\u2103<\/td><\/tr><tr><td class=\"has-text-align-left\" data-align=\"left\">Voltaje<\/td><td class=\"has-text-align-left\" data-align=\"left\">380 V \u00b1 101 TP3T, 3 fases, 50 Hz<\/td><td class=\"has-text-align-left\" data-align=\"left\">380 V \u00b1 101 TP3T, 3 fases, 50 Hz<\/td><td class=\"has-text-align-left\" data-align=\"left\">380 V \u00b1 101 TP3T, 3 fases, 50 Hz<\/td><\/tr><tr><td class=\"has-text-align-left\" data-align=\"left\">Tipo de c\u00e1mara<\/td><td class=\"has-text-align-left\" data-align=\"left\">C\u00e1mara de barrido lineal CMOS (alta sensibilidad)<\/td><td class=\"has-text-align-left\" data-align=\"left\">C\u00e1mara de barrido lineal CMOS (alta sensibilidad)<\/td><td class=\"has-text-align-left\" data-align=\"left\">C\u00e1mara de barrido lineal CMOS (alta sensibilidad)<\/td><\/tr><tr><td class=\"has-text-align-left\" data-align=\"left\">Resoluci\u00f3n de la c\u00e1mara<\/td><td class=\"has-text-align-left\" data-align=\"left\">8192 p\u00edxeles<\/td><td class=\"has-text-align-left\" data-align=\"left\">8192 p\u00edxeles<\/td><td class=\"has-text-align-left\" data-align=\"left\">8192 p\u00edxeles<\/td><\/tr><tr><td class=\"has-text-align-left\" data-align=\"left\">Velocidad de la pel\u00edcula delgada<\/td><td class=\"has-text-align-left\" data-align=\"left\">0-15 m\/min (personalizable)<\/td><td class=\"has-text-align-left\" data-align=\"left\">0-15 m\/min (personalizable)<\/td><td class=\"has-text-align-left\" data-align=\"left\">0-15 m\/min (personalizable)<\/td><\/tr><tr><td class=\"has-text-align-left\" data-align=\"left\">Fuente de luz lineal<\/td><td class=\"has-text-align-left\" data-align=\"left\">Luz LED blanca, IP54<\/td><td class=\"has-text-align-left\" data-align=\"left\">Luz LED blanca, IP54<\/td><td class=\"has-text-align-left\" data-align=\"left\">Luz LED blanca, IP54<\/td><\/tr><tr><td class=\"has-text-align-left\" data-align=\"left\">Relaci\u00f3n se\u00f1al-ruido<\/td><td class=\"has-text-align-left\" data-align=\"left\">M\u00e1s de 60 dB<\/td><td class=\"has-text-align-left\" data-align=\"left\">M\u00e1s de 60 dB<\/td><td class=\"has-text-align-left\" data-align=\"left\">M\u00e1s de 60 dB<\/td><\/tr><\/tbody><\/table><\/figure>\n\n\n\n<p><\/p>","protected":false},"excerpt":{"rendered":"<p>Thin film gel detector analyzers are primarily used in biochemical laboratories for detecting electrophoresis results during gene and protein separation. They perform the following functions: Electrophoretic separation: After sample preparation, electrophoresis is performed. Under specific electric field conditions in the electrophoresis chamber, RNA, DNA, or proteins in the sample separate based on their size, shape, [&hellip;]<\/p>\n","protected":false},"author":1,"featured_media":1223,"parent":141,"menu_order":0,"comment_status":"closed","ping_status":"closed","template":"","meta":{"site-sidebar-layout":"left-sidebar","site-content-layout":"","ast-site-content-layout":"normal-width-container","site-content-style":"default","site-sidebar-style":"default","ast-global-header-display":"","ast-banner-title-visibility":"","ast-main-header-display":"","ast-hfb-above-header-display":"","ast-hfb-below-header-display":"","ast-hfb-mobile-header-display":"","site-post-title":"","ast-breadcrumbs-content":"","ast-featured-img":"disabled","footer-sml-layout":"","theme-transparent-header-meta":"","adv-header-id-meta":"","stick-header-meta":"","header-above-stick-meta":"","header-main-stick-meta":"","header-below-stick-meta":"","astra-migrate-meta-layouts":"set","ast-page-background-enabled":"default","ast-page-background-meta":{"desktop":{"background-color":"var(--ast-global-color-4)","background-image":"","background-repeat":"repeat","background-position":"center center","background-size":"auto","background-attachment":"scroll","background-type":"","background-media":"","overlay-type":"","overlay-color":"","overlay-opacity":"","overlay-gradient":""},"tablet":{"background-color":"","background-image":"","background-repeat":"repeat","background-position":"center center","background-size":"auto","background-attachment":"scroll","background-type":"","background-media":"","overlay-type":"","overlay-color":"","overlay-opacity":"","overlay-gradient":""},"mobile":{"background-color":"","background-image":"","background-repeat":"repeat","background-position":"center center","background-size":"auto","background-attachment":"scroll","background-type":"","background-media":"","overlay-type":"","overlay-color":"","overlay-opacity":"","overlay-gradient":""}},"ast-content-background-meta":{"desktop":{"background-color":"var(--ast-global-color-5)","background-image":"","background-repeat":"repeat","background-position":"center center","background-size":"auto","background-attachment":"scroll","background-type":"","background-media":"","overlay-type":"","overlay-color":"","overlay-opacity":"","overlay-gradient":""},"tablet":{"background-color":"var(--ast-global-color-5)","background-image":"","background-repeat":"repeat","background-position":"center center","background-size":"auto","background-attachment":"scroll","background-type":"","background-media":"","overlay-type":"","overlay-color":"","overlay-opacity":"","overlay-gradient":""},"mobile":{"background-color":"var(--ast-global-color-5)","background-image":"","background-repeat":"repeat","background-position":"center center","background-size":"auto","background-attachment":"scroll","background-type":"","background-media":"","overlay-type":"","overlay-color":"","overlay-opacity":"","overlay-gradient":""}},"footnotes":""},"class_list":["post-1222","page","type-page","status-publish","has-post-thumbnail","hentry"],"_links":{"self":[{"href":"https:\/\/extruder-lab.com\/es\/wp-json\/wp\/v2\/pages\/1222","targetHints":{"allow":["GET"]}}],"collection":[{"href":"https:\/\/extruder-lab.com\/es\/wp-json\/wp\/v2\/pages"}],"about":[{"href":"https:\/\/extruder-lab.com\/es\/wp-json\/wp\/v2\/types\/page"}],"author":[{"embeddable":true,"href":"https:\/\/extruder-lab.com\/es\/wp-json\/wp\/v2\/users\/1"}],"replies":[{"embeddable":true,"href":"https:\/\/extruder-lab.com\/es\/wp-json\/wp\/v2\/comments?post=1222"}],"version-history":[{"count":2,"href":"https:\/\/extruder-lab.com\/es\/wp-json\/wp\/v2\/pages\/1222\/revisions"}],"predecessor-version":[{"id":1225,"href":"https:\/\/extruder-lab.com\/es\/wp-json\/wp\/v2\/pages\/1222\/revisions\/1225"}],"up":[{"embeddable":true,"href":"https:\/\/extruder-lab.com\/es\/wp-json\/wp\/v2\/pages\/141"}],"wp:featuredmedia":[{"embeddable":true,"href":"https:\/\/extruder-lab.com\/es\/wp-json\/wp\/v2\/media\/1223"}],"wp:attachment":[{"href":"https:\/\/extruder-lab.com\/es\/wp-json\/wp\/v2\/media?parent=1222"}],"curies":[{"name":"wp","href":"https:\/\/api.w.org\/{rel}","templated":true}]}}