{"id":1231,"date":"2026-03-18T15:39:52","date_gmt":"2026-03-18T07:39:52","guid":{"rendered":"https:\/\/extruder-lab.com\/?page_id=1231"},"modified":"2026-03-18T15:43:34","modified_gmt":"2026-03-18T07:43:34","slug":"desktop-film-extruder-line","status":"publish","type":"page","link":"https:\/\/extruder-lab.com\/es\/products\/desktop-film-extruder-line","title":{"rendered":"L\u00ednea de extrusi\u00f3n de pel\u00edcula de sobremesa"},"content":{"rendered":"<figure class=\"wp-block-image size-full\"><img fetchpriority=\"high\" decoding=\"async\" width=\"1000\" height=\"750\" src=\"https:\/\/extruder-lab.com\/wp-content\/uploads\/2025\/09\/Desktop-film-extrusion.jpg\" alt=\"Desktop-film-extrusion\" class=\"wp-image-430\" srcset=\"https:\/\/extruder-lab.com\/wp-content\/uploads\/2025\/09\/Desktop-film-extrusion.jpg 1000w, https:\/\/extruder-lab.com\/wp-content\/uploads\/2025\/09\/Desktop-film-extrusion-300x225.jpg 300w, https:\/\/extruder-lab.com\/wp-content\/uploads\/2025\/09\/Desktop-film-extrusion-768x576.jpg 768w\" sizes=\"(max-width: 1000px) 100vw, 1000px\" \/><figcaption class=\"wp-element-caption\">Extrusora de pel\u00edcula de sobremesa<\/figcaption><\/figure>\n\n\n\n<h2 class=\"wp-block-heading\">Principales prestaciones y caracter\u00edsticas<\/h2>\n\n\n\n<ul class=\"wp-block-list\">\n<li><strong>Alta precisi\u00f3n<\/strong>: Utiliza sensores de presi\u00f3n y temperatura de la masa fundida de marcas de renombre internacional, lo que garantiza datos de prueba de alta precisi\u00f3n.<\/li>\n\n\n\n<li><strong>Buena estabilidad de plastificaci\u00f3n<\/strong>: La extrusora utiliza un motor de una marca reconocida a nivel internacional, lo que le confiere una buena estabilidad de plastificaci\u00f3n y garantiza la uniformidad del material durante la extrusi\u00f3n.<\/li>\n\n\n\n<li><strong>Control de la velocidad de extrusi\u00f3n y la temperatura<\/strong>: La velocidad y la temperatura de extrusi\u00f3n se pueden ajustar en tiempo real seg\u00fan el material y los requisitos de producci\u00f3n.<\/li>\n\n\n\n<li><strong>Almacenamiento de f\u00f3rmulas de usuario<\/strong>: Se pueden guardar varias f\u00f3rmulas para facilitar la producci\u00f3n y la depuraci\u00f3n.<\/li>\n\n\n\n<li><strong>Seguridad operativa<\/strong>: Los dispositivos de parada de emergencia y diversas medidas de protecci\u00f3n garantizan la seguridad del operador.<\/li>\n\n\n\n<li><strong>F\u00e1cil manejo:<\/strong> Un sistema de medici\u00f3n y control informatizado y una interfaz f\u00e1cil de usar hacen que el manejo sea sencillo y c\u00f3modo; el dise\u00f1o intuitivo de la interfaz hace que el manejo sea m\u00e1s intuitivo y f\u00e1cil de entender.<\/li>\n\n\n\n<li><strong>Personalizable: <\/strong>Se ofrecen opciones de personalizaci\u00f3n para adaptarse a los distintos requisitos de materiales y procesos, con el fin de satisfacer las necesidades espec\u00edficas de cada usuario.<\/li>\n<\/ul>\n\n\n\n<h2 class=\"wp-block-heading\">Aplicaci\u00f3n de la l\u00ednea de extrusoras de pel\u00edcula de sobremesa<\/h2>\n\n\n\n<ul class=\"wp-block-list\">\n<li>Desarrollo de nuevos productos y optimizaci\u00f3n de f\u00f3rmulas<\/li>\n\n\n\n<li>Selecci\u00f3n y desarrollo de materiales<\/li>\n\n\n\n<li>Experimentos did\u00e1cticos en universidades e instituciones de investigaci\u00f3n<\/li>\n\n\n\n<li>Pruebas de productos<\/li>\n<\/ul>\n\n\n\n<h2 class=\"wp-block-heading\">Par\u00e1metros t\u00e9cnicos de la extrusora de pel\u00edcula de sobremesa<\/h2>\n\n\n\n<figure class=\"wp-block-table\"><table class=\"has-fixed-layout\"><tbody><tr><td class=\"has-text-align-left\" data-align=\"left\">Art\u00edculo<\/td><td class=\"has-text-align-left\" data-align=\"left\">Par\u00e1metros del indicador<\/td><\/tr><tr><td class=\"has-text-align-left\" data-align=\"left\">Materiales aplicables<\/td><td class=\"has-text-align-left\" data-align=\"left\">PP, PE, etc.<\/td><\/tr><tr><td class=\"has-text-align-left\" data-align=\"left\">di\u00e1metro del tornillo<\/td><td class=\"has-text-align-left\" data-align=\"left\">19 mm<\/td><\/tr><tr><td class=\"has-text-align-left\" data-align=\"left\">Relaci\u00f3n entre la longitud y el di\u00e1metro del tornillo<\/td><td class=\"has-text-align-left\" data-align=\"left\">25:1<\/td><\/tr><tr><td class=\"has-text-align-left\" data-align=\"left\">Potencia<\/td><td class=\"has-text-align-left\" data-align=\"left\">1,5 kW<\/td><\/tr><tr><td class=\"has-text-align-left\" data-align=\"left\">ancho del molde<\/td><td class=\"has-text-align-left\" data-align=\"left\">100 mm<\/td><\/tr><tr><td class=\"has-text-align-left\" data-align=\"left\">capacidad<\/td><td class=\"has-text-align-left\" data-align=\"left\">0,1~2 kg\/h<\/td><\/tr><tr><td class=\"has-text-align-left\" data-align=\"left\">Temperatura m\u00e1xima de funcionamiento<\/td><td class=\"has-text-align-left\" data-align=\"left\">350 \u00b0C<\/td><\/tr><tr><td class=\"has-text-align-left\" data-align=\"left\">Voltaje<\/td><td class=\"has-text-align-left\" data-align=\"left\">220 V, 50 Hz<\/td><\/tr><tr><td class=\"has-text-align-left\" data-align=\"left\">Potencia total<\/td><td class=\"has-text-align-left\" data-align=\"left\"> Alrededor de 7 kW<\/td><\/tr><tr><td class=\"has-text-align-left\" data-align=\"left\">M\u00e9todo de control<\/td><td class=\"has-text-align-left\" data-align=\"left\">Control mediante PLC<\/td><\/tr><tr><td class=\"has-text-align-left\" data-align=\"left\">dimensiones<\/td><td class=\"has-text-align-left\" data-align=\"left\">1760 mm \u00d7 677 mm \u00d7 570 mm<\/td><\/tr><\/tbody><\/table><\/figure>\n\n\n\n<h2 class=\"wp-block-heading\">V\u00eddeo de funcionamiento<\/h2>\n\n\n\n<figure class=\"wp-block-embed is-type-video is-provider-youtube wp-block-embed-youtube wp-embed-aspect-9-16 wp-has-aspect-ratio\"><div class=\"wp-block-embed__wrapper\">\n<iframe title=\"M\u00e1quina de extrusi\u00f3n de laboratorio con extrusora de doble husillo Hartek Desktop\" width=\"422\" height=\"750\" src=\"https:\/\/www.youtube.com\/embed\/-WKqKdrajHc?feature=oembed\" frameborder=\"0\" allow=\"accelerometer; autoplay; clipboard-write; encrypted-media; gyroscope; picture-in-picture; web-share\" referrerpolicy=\"strict-origin-when-cross-origin\" allowfullscreen><\/iframe>\n<\/div><\/figure>","protected":false},"excerpt":{"rendered":"<p>Principales prestaciones y caracter\u00edsticas Aplicaci\u00f3n de la l\u00ednea de extrusora de pel\u00edcula de escritorio Par\u00e1metros t\u00e9cnicos de la extrusora de pel\u00edcula de escritorio Elemento Par\u00e1metros indicativos Materiales aplicables PP,PE, etc. Di\u00e1metro del tornillo: 19 mm Relaci\u00f3n longitud-di\u00e1metro del tornillo: 25:1 Potencia: 1,5 kW Ancho del molde: 100 mm Capacidad: 0,1~2 kg\/h Temperatura m\u00e1xima de funcionamiento: 350 \u00b0C Voltaje: 220 V, 50 Hz Potencia total: Aproximadamente 7 kW M\u00e9todo de control: Control PLC Dimensiones: 1760 mm \u00d7 677 mm \u00d7 570 mm Video de funcionamiento<\/p>","protected":false},"author":1,"featured_media":430,"parent":141,"menu_order":0,"comment_status":"closed","ping_status":"closed","template":"","meta":{"site-sidebar-layout":"left-sidebar","site-content-layout":"","ast-site-content-layout":"normal-width-container","site-content-style":"default","site-sidebar-style":"default","ast-global-header-display":"","ast-banner-title-visibility":"","ast-main-header-display":"","ast-hfb-above-header-display":"","ast-hfb-below-header-display":"","ast-hfb-mobile-header-display":"","site-post-title":"","ast-breadcrumbs-content":"","ast-featured-img":"disabled","footer-sml-layout":"","theme-transparent-header-meta":"","adv-header-id-meta":"","stick-header-meta":"","header-above-stick-meta":"","header-main-stick-meta":"","header-below-stick-meta":"","astra-migrate-meta-layouts":"set","ast-page-background-enabled":"default","ast-page-background-meta":{"desktop":{"background-color":"var(--ast-global-color-4)","background-image":"","background-repeat":"repeat","background-position":"center center","background-size":"auto","background-attachment":"scroll","background-type":"","background-media":"","overlay-type":"","overlay-color":"","overlay-opacity":"","overlay-gradient":""},"tablet":{"background-color":"","background-image":"","background-repeat":"repeat","background-position":"center center","background-size":"auto","background-attachment":"scroll","background-type":"","background-media":"","overlay-type":"","overlay-color":"","overlay-opacity":"","overlay-gradient":""},"mobile":{"background-color":"","background-image":"","background-repeat":"repeat","background-position":"center center","background-size":"auto","background-attachment":"scroll","background-type":"","background-media":"","overlay-type":"","overlay-color":"","overlay-opacity":"","overlay-gradient":""}},"ast-content-background-meta":{"desktop":{"background-color":"var(--ast-global-color-5)","background-image":"","background-repeat":"repeat","background-position":"center center","background-size":"auto","background-attachment":"scroll","background-type":"","background-media":"","overlay-type":"","overlay-color":"","overlay-opacity":"","overlay-gradient":""},"tablet":{"background-color":"var(--ast-global-color-5)","background-image":"","background-repeat":"repeat","background-position":"center center","background-size":"auto","background-attachment":"scroll","background-type":"","background-media":"","overlay-type":"","overlay-color":"","overlay-opacity":"","overlay-gradient":""},"mobile":{"background-color":"var(--ast-global-color-5)","background-image":"","background-repeat":"repeat","background-position":"center center","background-size":"auto","background-attachment":"scroll","background-type":"","background-media":"","overlay-type":"","overlay-color":"","overlay-opacity":"","overlay-gradient":""}},"footnotes":""},"class_list":["post-1231","page","type-page","status-publish","has-post-thumbnail","hentry"],"_links":{"self":[{"href":"https:\/\/extruder-lab.com\/es\/wp-json\/wp\/v2\/pages\/1231","targetHints":{"allow":["GET"]}}],"collection":[{"href":"https:\/\/extruder-lab.com\/es\/wp-json\/wp\/v2\/pages"}],"about":[{"href":"https:\/\/extruder-lab.com\/es\/wp-json\/wp\/v2\/types\/page"}],"author":[{"embeddable":true,"href":"https:\/\/extruder-lab.com\/es\/wp-json\/wp\/v2\/users\/1"}],"replies":[{"embeddable":true,"href":"https:\/\/extruder-lab.com\/es\/wp-json\/wp\/v2\/comments?post=1231"}],"version-history":[{"count":2,"href":"https:\/\/extruder-lab.com\/es\/wp-json\/wp\/v2\/pages\/1231\/revisions"}],"predecessor-version":[{"id":1234,"href":"https:\/\/extruder-lab.com\/es\/wp-json\/wp\/v2\/pages\/1231\/revisions\/1234"}],"up":[{"embeddable":true,"href":"https:\/\/extruder-lab.com\/es\/wp-json\/wp\/v2\/pages\/141"}],"wp:featuredmedia":[{"embeddable":true,"href":"https:\/\/extruder-lab.com\/es\/wp-json\/wp\/v2\/media\/430"}],"wp:attachment":[{"href":"https:\/\/extruder-lab.com\/es\/wp-json\/wp\/v2\/media?parent=1231"}],"curies":[{"name":"wp","href":"https:\/\/api.w.org\/{rel}","templated":true}]}}