{"id":1236,"date":"2026-03-18T15:54:43","date_gmt":"2026-03-18T07:54:43","guid":{"rendered":"https:\/\/extruder-lab.com\/?page_id=1236"},"modified":"2026-03-18T15:55:09","modified_gmt":"2026-03-18T07:55:09","slug":"lab-plastic-pipe-extrusion-line","status":"publish","type":"page","link":"https:\/\/extruder-lab.com\/es\/products\/lab-plastic-pipe-extrusion-line","title":{"rendered":"L\u00ednea de extrusi\u00f3n de tubos de pl\u00e1stico de laboratorio"},"content":{"rendered":"<figure class=\"wp-block-image size-full\"><img fetchpriority=\"high\" decoding=\"async\" width=\"611\" height=\"410\" src=\"https:\/\/extruder-lab.com\/wp-content\/uploads\/2025\/08\/image.jpg\" alt=\"Pipe Extrusion Line\" class=\"wp-image-101\" srcset=\"https:\/\/extruder-lab.com\/wp-content\/uploads\/2025\/08\/image.jpg 611w, https:\/\/extruder-lab.com\/wp-content\/uploads\/2025\/08\/image-300x201.jpg 300w\" sizes=\"(max-width: 611px) 100vw, 611px\" \/><figcaption class=\"wp-element-caption\">L\u00ednea de extrusi\u00f3n de tubos<\/figcaption><\/figure>\n\n\n\n<h2 class=\"wp-block-heading\">Principales prestaciones y caracter\u00edsticas<\/h2>\n\n\n\n<ul class=\"wp-block-list\">\n<li><strong>Excelente estabilidad y alta precisi\u00f3n<\/strong>: Gracias al uso de motores de marcas de renombre internacional y componentes de alta calidad, la m\u00e1quina cuenta con una estructura estable, un funcionamiento fluido y un control preciso de la velocidad de extrusi\u00f3n del material, la temperatura y otros par\u00e1metros, lo que da como resultado productos de alta calidad.<\/li>\n\n\n\n<li><strong>Almacenamiento y recuperaci\u00f3n de f\u00f3rmulas de usuario<\/strong>: Se pueden guardar varias f\u00f3rmulas para facilitar la producci\u00f3n y la depuraci\u00f3n.<\/li>\n\n\n\n<li><strong>Alta seguridad: <\/strong>Los dispositivos de parada de emergencia y diversas medidas de protecci\u00f3n garantizan la seguridad del operador.<\/li>\n\n\n\n<li><strong>F\u00e1cil manejo: <\/strong>El equipo es sencillo y f\u00e1cil de entender; los usuarios pueden aprender r\u00e1pidamente a manejarlo con solo seguir las instrucciones que aparecen en pantalla.<\/li>\n\n\n\n<li><strong>Personalizaci\u00f3n a medida: <\/strong>Se ofrecen opciones de personalizaci\u00f3n para adaptarse a los distintos requisitos de materiales y procesos, con el fin de satisfacer las necesidades espec\u00edficas de cada usuario.<\/li>\n<\/ul>\n\n\n\n<h2 class=\"wp-block-heading\">Aplicaci\u00f3n de la l\u00ednea de extrusi\u00f3n de tubos<\/h2>\n\n\n\n<ul class=\"wp-block-list\">\n<li>Desarrollo de nuevos productos y optimizaci\u00f3n de f\u00f3rmulas<\/li>\n\n\n\n<li>Experimentos did\u00e1cticos en universidades e instituciones de investigaci\u00f3n<\/li>\n\n\n\n<li>Producci\u00f3n en series reducidas y fabricaci\u00f3n a medida<\/li>\n\n\n\n<li>Inspecci\u00f3n y control de calidad<\/li>\n<\/ul>\n\n\n\n<h2 class=\"wp-block-heading\">Par\u00e1metros t\u00e9cnicos de la l\u00ednea de extrusi\u00f3n de tubos<\/h2>\n\n\n\n<figure class=\"wp-block-table\"><table class=\"has-fixed-layout\"><tbody><tr><td class=\"has-text-align-left\" data-align=\"left\">Art\u00edculo<\/td><td class=\"has-text-align-left\" data-align=\"left\">par\u00e1metros <\/td><\/tr><tr><td class=\"has-text-align-left\" data-align=\"left\">Materiales aplicables<\/td><td class=\"has-text-align-left\" data-align=\"left\">PLA, ABS, PA, PEBAX<\/td><\/tr><tr><td class=\"has-text-align-left\" data-align=\"left\">di\u00e1metro del tornillo<\/td><td class=\"has-text-align-left\" data-align=\"left\">19 mm<\/td><\/tr><tr><td class=\"has-text-align-left\" data-align=\"left\">Relaci\u00f3n entre la longitud y el di\u00e1metro del tornillo<\/td><td class=\"has-text-align-left\" data-align=\"left\">25:1<\/td><\/tr><tr><td class=\"has-text-align-left\" data-align=\"left\">Potencia<\/td><td class=\"has-text-align-left\" data-align=\"left\">1,5 kW<\/td><\/tr><tr><td class=\"has-text-align-left\" data-align=\"left\">Especificaciones del producto<\/td><td class=\"has-text-align-left\" data-align=\"left\">0,2-2 mm<\/td><\/tr><tr><td class=\"has-text-align-left\" data-align=\"left\">capacidad<\/td><td class=\"has-text-align-left\" data-align=\"left\">0,1~2 kg\/h<\/td><\/tr><tr><td class=\"has-text-align-left\" data-align=\"left\">Temperatura m\u00e1xima de funcionamiento<\/td><td class=\"has-text-align-left\" data-align=\"left\">350 \u00b0C<\/td><\/tr><tr><td class=\"has-text-align-left\" data-align=\"left\">Voltaje<\/td><td class=\"has-text-align-left\" data-align=\"left\">220 V, 50 Hz<\/td><\/tr><tr><td class=\"has-text-align-left\" data-align=\"left\">Potencia total<\/td><td class=\"has-text-align-left\" data-align=\"left\">aproximadamente 4,5 kW<\/td><\/tr><tr><td class=\"has-text-align-left\" data-align=\"left\">M\u00e9todo de control<\/td><td class=\"has-text-align-left\" data-align=\"left\">PLC <\/td><\/tr><tr><td class=\"has-text-align-left\" data-align=\"left\">Dimensiones<\/td><td class=\"has-text-align-left\" data-align=\"left\">1960 mm \u00d7 514 mm \u00d7 1252 mm<\/td><\/tr><\/tbody><\/table><\/figure>","protected":false},"excerpt":{"rendered":"<p>Principales prestaciones y caracter\u00edsticas Aplicaci\u00f3n de la l\u00ednea de extrusi\u00f3n de tubos Par\u00e1metros t\u00e9cnicos de la l\u00ednea de extrusi\u00f3n de tubos Par\u00e1metros de cada elemento Materiales aplicables PLA,ABS, PA, PEBAX Di\u00e1metro del tornillo: 19 mm Relaci\u00f3n longitud-di\u00e1metro del tornillo: 25:1 Potencia: 1,5 kW Especificaciones del producto Capacidad: 0,2-2 mm Rendimiento: 0,1~2 kg\/h Temperatura m\u00e1xima de funcionamiento: 350 \u00b0C Voltaje: 220 V, 50 Hz Potencia total: aprox. 4,5 kW M\u00e9todo de control: PLC Dimensiones: 1960 mm \u00d7514 mm \u00d7 1252 mm<\/p>","protected":false},"author":1,"featured_media":101,"parent":141,"menu_order":0,"comment_status":"closed","ping_status":"closed","template":"","meta":{"site-sidebar-layout":"left-sidebar","site-content-layout":"","ast-site-content-layout":"normal-width-container","site-content-style":"default","site-sidebar-style":"default","ast-global-header-display":"","ast-banner-title-visibility":"","ast-main-header-display":"","ast-hfb-above-header-display":"","ast-hfb-below-header-display":"","ast-hfb-mobile-header-display":"","site-post-title":"","ast-breadcrumbs-content":"","ast-featured-img":"disabled","footer-sml-layout":"","theme-transparent-header-meta":"","adv-header-id-meta":"","stick-header-meta":"","header-above-stick-meta":"","header-main-stick-meta":"","header-below-stick-meta":"","astra-migrate-meta-layouts":"set","ast-page-background-enabled":"default","ast-page-background-meta":{"desktop":{"background-color":"var(--ast-global-color-4)","background-image":"","background-repeat":"repeat","background-position":"center center","background-size":"auto","background-attachment":"scroll","background-type":"","background-media":"","overlay-type":"","overlay-color":"","overlay-opacity":"","overlay-gradient":""},"tablet":{"background-color":"","background-image":"","background-repeat":"repeat","background-position":"center center","background-size":"auto","background-attachment":"scroll","background-type":"","background-media":"","overlay-type":"","overlay-color":"","overlay-opacity":"","overlay-gradient":""},"mobile":{"background-color":"","background-image":"","background-repeat":"repeat","background-position":"center center","background-size":"auto","background-attachment":"scroll","background-type":"","background-media":"","overlay-type":"","overlay-color":"","overlay-opacity":"","overlay-gradient":""}},"ast-content-background-meta":{"desktop":{"background-color":"var(--ast-global-color-5)","background-image":"","background-repeat":"repeat","background-position":"center center","background-size":"auto","background-attachment":"scroll","background-type":"","background-media":"","overlay-type":"","overlay-color":"","overlay-opacity":"","overlay-gradient":""},"tablet":{"background-color":"var(--ast-global-color-5)","background-image":"","background-repeat":"repeat","background-position":"center center","background-size":"auto","background-attachment":"scroll","background-type":"","background-media":"","overlay-type":"","overlay-color":"","overlay-opacity":"","overlay-gradient":""},"mobile":{"background-color":"var(--ast-global-color-5)","background-image":"","background-repeat":"repeat","background-position":"center center","background-size":"auto","background-attachment":"scroll","background-type":"","background-media":"","overlay-type":"","overlay-color":"","overlay-opacity":"","overlay-gradient":""}},"footnotes":""},"class_list":["post-1236","page","type-page","status-publish","has-post-thumbnail","hentry"],"_links":{"self":[{"href":"https:\/\/extruder-lab.com\/es\/wp-json\/wp\/v2\/pages\/1236","targetHints":{"allow":["GET"]}}],"collection":[{"href":"https:\/\/extruder-lab.com\/es\/wp-json\/wp\/v2\/pages"}],"about":[{"href":"https:\/\/extruder-lab.com\/es\/wp-json\/wp\/v2\/types\/page"}],"author":[{"embeddable":true,"href":"https:\/\/extruder-lab.com\/es\/wp-json\/wp\/v2\/users\/1"}],"replies":[{"embeddable":true,"href":"https:\/\/extruder-lab.com\/es\/wp-json\/wp\/v2\/comments?post=1236"}],"version-history":[{"count":1,"href":"https:\/\/extruder-lab.com\/es\/wp-json\/wp\/v2\/pages\/1236\/revisions"}],"predecessor-version":[{"id":1237,"href":"https:\/\/extruder-lab.com\/es\/wp-json\/wp\/v2\/pages\/1236\/revisions\/1237"}],"up":[{"embeddable":true,"href":"https:\/\/extruder-lab.com\/es\/wp-json\/wp\/v2\/pages\/141"}],"wp:featuredmedia":[{"embeddable":true,"href":"https:\/\/extruder-lab.com\/es\/wp-json\/wp\/v2\/media\/101"}],"wp:attachment":[{"href":"https:\/\/extruder-lab.com\/es\/wp-json\/wp\/v2\/media?parent=1236"}],"curies":[{"name":"wp","href":"https:\/\/api.w.org\/{rel}","templated":true}]}}