{"id":127,"date":"2025-06-25T10:13:24","date_gmt":"2025-06-25T02:13:24","guid":{"rendered":"https:\/\/extruder-lab.com\/?page_id=127"},"modified":"2025-11-24T12:18:13","modified_gmt":"2025-11-24T04:18:13","slug":"desktop-blown-film-extrusion-line","status":"publish","type":"page","link":"https:\/\/extruder-lab.com\/es\/products\/desktop-blown-film-extrusion-line","title":{"rendered":"L\u00ednea de extrusi\u00f3n de pel\u00edcula soplada de sobremesa"},"content":{"rendered":"<div data-elementor-type=\"wp-page\" data-elementor-id=\"127\" class=\"elementor elementor-127\">\n\t\t\t\t\t\t<section class=\"elementor-section elementor-top-section elementor-element elementor-element-bbf2c63 elementor-section-boxed elementor-section-height-default elementor-section-height-default\" data-id=\"bbf2c63\" data-element_type=\"section\">\n\t\t\t\t\t\t<div class=\"elementor-container elementor-column-gap-default\">\n\t\t\t\t\t<div class=\"elementor-column elementor-col-100 elementor-top-column elementor-element elementor-element-fc1fb5e\" data-id=\"fc1fb5e\" data-element_type=\"column\">\n\t\t\t<div class=\"elementor-widget-wrap elementor-element-populated\">\n\t\t\t\t\t\t<div class=\"elementor-element elementor-element-8d52d7f elementor-widget elementor-widget-image\" data-id=\"8d52d7f\" data-element_type=\"widget\" data-widget_type=\"image.default\">\n\t\t\t\t<div class=\"elementor-widget-container\">\n\t\t\t\t\t\t\t\t\t\t\t\t\t\t\t<img fetchpriority=\"high\" decoding=\"async\" width=\"790\" height=\"530\" src=\"https:\/\/extruder-lab.com\/wp-content\/uploads\/2025\/08\/8e5b325c9f3855a8a9aa7bdfb5c266d2_thumb_790_530_5cee450b5394d.jpg\" class=\"attachment-large size-large wp-image-62\" alt=\"extrusion film blowing machine\" srcset=\"https:\/\/extruder-lab.com\/wp-content\/uploads\/2025\/08\/8e5b325c9f3855a8a9aa7bdfb5c266d2_thumb_790_530_5cee450b5394d.jpg 790w, https:\/\/extruder-lab.com\/wp-content\/uploads\/2025\/08\/8e5b325c9f3855a8a9aa7bdfb5c266d2_thumb_790_530_5cee450b5394d-300x201.jpg 300w, https:\/\/extruder-lab.com\/wp-content\/uploads\/2025\/08\/8e5b325c9f3855a8a9aa7bdfb5c266d2_thumb_790_530_5cee450b5394d-768x515.jpg 768w\" sizes=\"(max-width: 790px) 100vw, 790px\" \/>\t\t\t\t\t\t\t\t\t\t\t\t\t\t\t<\/div>\n\t\t\t\t<\/div>\n\t\t\t\t<div class=\"elementor-element elementor-element-8ab341f elementor-widget elementor-widget-heading\" data-id=\"8ab341f\" data-element_type=\"widget\" data-widget_type=\"heading.default\">\n\t\t\t\t<div class=\"elementor-widget-container\">\n\t\t\t\t\t<h2 class=\"elementor-heading-title elementor-size-default\">L\u00ednea de extrusi\u00f3n de pel\u00edcula soplada de laboratorio<\/h2>\t\t\t\t<\/div>\n\t\t\t\t<\/div>\n\t\t\t\t<div class=\"elementor-element elementor-element-6977257 elementor-widget elementor-widget-text-editor\" data-id=\"6977257\" data-element_type=\"widget\" data-widget_type=\"text-editor.default\">\n\t\t\t\t<div class=\"elementor-widget-container\">\n\t\t\t\t\t\t\t\t\t<p>La l\u00ednea de extrusi\u00f3n de pel\u00edcula soplada de Hartek Lab est\u00e1 equipada con una extrusora de un solo tornillo y una m\u00e1quina auxiliar de soplado de pel\u00edcula. Se aplica al desarrollo de nuevas f\u00f3rmulas de materiales, pruebas de propiedades de soplado de pel\u00edcula, pruebas de dispersi\u00f3n de color de lotes maestros, optimizaci\u00f3n de la tecnolog\u00eda de producci\u00f3n de pel\u00edcula soplada, producci\u00f3n de soplado de pel\u00edcula tubular de capa simple, etc.<\/p>\t\t\t\t\t\t\t\t<\/div>\n\t\t\t\t<\/div>\n\t\t\t\t<div class=\"elementor-element elementor-element-f3dff1d elementor-widget elementor-widget-heading\" data-id=\"f3dff1d\" data-element_type=\"widget\" data-widget_type=\"heading.default\">\n\t\t\t\t<div class=\"elementor-widget-container\">\n\t\t\t\t\t<h3 class=\"elementor-heading-title elementor-size-default\">Funciones y aplicaciones<\/h3>\t\t\t\t<\/div>\n\t\t\t\t<\/div>\n\t\t\t\t<div class=\"elementor-element elementor-element-4bc6e71 elementor-widget elementor-widget-text-editor\" data-id=\"4bc6e71\" data-element_type=\"widget\" data-widget_type=\"text-editor.default\">\n\t\t\t\t<div class=\"elementor-widget-container\">\n\t\t\t\t\t\t\t\t\t<ul><li>Sistema de control PLC con pantalla t\u00e1ctil SIEMENS, altamente inteligente y f\u00e1cil de manejar.<\/li><li>Los rodillos de tracci\u00f3n son accionados de forma independiente por motores de marcas internacionales.<\/li><li>La superficie del rodillo de tracci\u00f3n est\u00e1 recubierta con cromo duro y pulida a espejo.<\/li><li>Equipado con embrague de polvo magn\u00e9tico para lograr un bobinado de tensi\u00f3n constante.<\/li><li>Dispositivo de parada de emergencia y otros dispositivos de seguridad para garantizar la seguridad del operador.<\/li><\/ul>\t\t\t\t\t\t\t\t<\/div>\n\t\t\t\t<\/div>\n\t\t\t\t<div class=\"elementor-element elementor-element-c18a9f3 elementor-widget elementor-widget-heading\" data-id=\"c18a9f3\" data-element_type=\"widget\" data-widget_type=\"heading.default\">\n\t\t\t\t<div class=\"elementor-widget-container\">\n\t\t\t\t\t<h3 class=\"elementor-heading-title elementor-size-default\">Especificaci\u00f3n<\/h3>\t\t\t\t<\/div>\n\t\t\t\t<\/div>\n\t\t\t\t<div class=\"elementor-element elementor-element-d196ade elementor-widget elementor-widget-text-editor\" data-id=\"d196ade\" data-element_type=\"widget\" data-widget_type=\"text-editor.default\">\n\t\t\t\t<div class=\"elementor-widget-container\">\n\t\t\t\t\t\t\t\t\t<table width=\"721\"><tbody><tr><td width=\"274\">Modelo<\/td><td width=\"197\">HTBS-20<\/td><td width=\"135\">HTBS-25<\/td><td width=\"115\">HTBS-30<\/td><\/tr><tr><td>Di\u00e1metro del tornillo(mm)<\/td><td>20<\/td><td>25<\/td><td>20<\/td><\/tr><tr><td>Relaci\u00f3n L\/D<\/td><td>28<\/td><td>28<\/td><td>28<\/td><\/tr><tr><td>Potencia del motor (kW)<\/td><td>3<\/td><td>4<\/td><td>5.5<\/td><\/tr><tr><td>Velocidad m\u00e1xima (rpm)<\/td><td>120<\/td><td>120<\/td><td>120<\/td><\/tr><tr><td>M\u00e9todo de calefacci\u00f3n\/refrigeraci\u00f3n<\/td><td>Calefacci\u00f3n el\u00e9ctrica\/Refrigeraci\u00f3n por aire<\/td><td>Calefacci\u00f3n el\u00e9ctrica\/Refrigeraci\u00f3n por aire<\/td><td>Calefacci\u00f3n el\u00e9ctrica\/Refrigeraci\u00f3n por aire<\/td><\/tr><tr><td>Temp. m\u00e1x.(\u2103)<\/td><td>350<\/td><td>350<\/td><td>350<\/td><\/tr><tr><td>Temp. Precisi\u00f3n de control(\u2103)<\/td><td>\u00b11<\/td><td>\u00b11<\/td><td>\u00b11<\/td><\/tr><tr><td>Rango de medici\u00f3n de presi\u00f3n (Mpa)<\/td><td>0~35<\/td><td>0~35<\/td><td>0~35<\/td><\/tr><tr><td>Ancho m\u00e1ximo de entrada de la pel\u00edcula<\/td><td>160 mm<\/td><td>200 mm<\/td><td>200 millones<\/td><\/tr><tr><td>Producci\u00f3n (kg\/h)<\/td><td>0.5~ 3<\/td><td>0.5~3<\/td><td>0.5 3<\/td><\/tr><tr><td>Peso (kg)<\/td><td>503<\/td><td>550<\/td><td>630<\/td><\/tr><tr><td>Dimensiones (mm)<\/td><td>2980 x 944 x 2630<\/td><td>2980 x 944 x 2630<\/td><td>2980 x 944 x 2630<\/td><\/tr><\/tbody><\/table>\t\t\t\t\t\t\t\t<\/div>\n\t\t\t\t<\/div>\n\t\t\t\t<div class=\"elementor-element elementor-element-99d8068 elementor-widget elementor-widget-heading\" data-id=\"99d8068\" data-element_type=\"widget\" data-widget_type=\"heading.default\">\n\t\t\t\t<div class=\"elementor-widget-container\">\n\t\t\t\t\t<h3 class=\"elementor-heading-title elementor-size-default\">V\u00eddeo<\/h3>\t\t\t\t<\/div>\n\t\t\t\t<\/div>\n\t\t\t\t<div class=\"elementor-element elementor-element-d9c120d elementor-widget elementor-widget-video\" data-id=\"d9c120d\" data-element_type=\"widget\" data-settings=\"{&quot;youtube_url&quot;:&quot;https:\\\/\\\/www.youtube.com\\\/watch?v=s1_O83wQ1Bs&amp;feature=youtu.be&quot;,&quot;video_type&quot;:&quot;youtube&quot;,&quot;controls&quot;:&quot;yes&quot;}\" data-widget_type=\"video.default\">\n\t\t\t\t<div class=\"elementor-widget-container\">\n\t\t\t\t\t\t\t<div class=\"elementor-wrapper elementor-open-inline\">\n\t\t\t<div class=\"elementor-video\"><\/div>\t\t<\/div>\n\t\t\t\t\t\t<\/div>\n\t\t\t\t<\/div>\n\t\t\t\t\t<\/div>\n\t\t<\/div>\n\t\t\t\t\t<\/div>\n\t\t<\/section>\n\t\t\t\t<\/div>","protected":false},"excerpt":{"rendered":"<p>Lab Blown Film Extrusion Line Hartek Lab blown film extrusion Line is equipped with a single screw extruder and an auxiliary film blowing machine. It&#8217;s applied to new material formula development, film blowing property test, Master batch color dispersion test, optimization of blown film production technology, production of simple layer tubular film blowing etc. Fuctions [&hellip;]<\/p>\n","protected":false},"author":1,"featured_media":62,"parent":141,"menu_order":0,"comment_status":"closed","ping_status":"closed","template":"","meta":{"site-sidebar-layout":"left-sidebar","site-content-layout":"","ast-site-content-layout":"default","site-content-style":"default","site-sidebar-style":"default","ast-global-header-display":"","ast-banner-title-visibility":"","ast-main-header-display":"","ast-hfb-above-header-display":"","ast-hfb-below-header-display":"","ast-hfb-mobile-header-display":"","site-post-title":"disabled","ast-breadcrumbs-content":"","ast-featured-img":"disabled","footer-sml-layout":"","theme-transparent-header-meta":"","adv-header-id-meta":"","stick-header-meta":"","header-above-stick-meta":"","header-main-stick-meta":"","header-below-stick-meta":"","astra-migrate-meta-layouts":"set","ast-page-background-enabled":"default","ast-page-background-meta":{"desktop":{"background-color":"var(--ast-global-color-4)","background-image":"","background-repeat":"repeat","background-position":"center center","background-size":"auto","background-attachment":"scroll","background-type":"","background-media":"","overlay-type":"","overlay-color":"","overlay-opacity":"","overlay-gradient":""},"tablet":{"background-color":"","background-image":"","background-repeat":"repeat","background-position":"center center","background-size":"auto","background-attachment":"scroll","background-type":"","background-media":"","overlay-type":"","overlay-color":"","overlay-opacity":"","overlay-gradient":""},"mobile":{"background-color":"","background-image":"","background-repeat":"repeat","background-position":"center center","background-size":"auto","background-attachment":"scroll","background-type":"","background-media":"","overlay-type":"","overlay-color":"","overlay-opacity":"","overlay-gradient":""}},"ast-content-background-meta":{"desktop":{"background-color":"var(--ast-global-color-5)","background-image":"","background-repeat":"repeat","background-position":"center center","background-size":"auto","background-attachment":"scroll","background-type":"","background-media":"","overlay-type":"","overlay-color":"","overlay-opacity":"","overlay-gradient":""},"tablet":{"background-color":"var(--ast-global-color-5)","background-image":"","background-repeat":"repeat","background-position":"center center","background-size":"auto","background-attachment":"scroll","background-type":"","background-media":"","overlay-type":"","overlay-color":"","overlay-opacity":"","overlay-gradient":""},"mobile":{"background-color":"var(--ast-global-color-5)","background-image":"","background-repeat":"repeat","background-position":"center center","background-size":"auto","background-attachment":"scroll","background-type":"","background-media":"","overlay-type":"","overlay-color":"","overlay-opacity":"","overlay-gradient":""}},"footnotes":""},"class_list":["post-127","page","type-page","status-publish","has-post-thumbnail","hentry"],"_links":{"self":[{"href":"https:\/\/extruder-lab.com\/es\/wp-json\/wp\/v2\/pages\/127","targetHints":{"allow":["GET"]}}],"collection":[{"href":"https:\/\/extruder-lab.com\/es\/wp-json\/wp\/v2\/pages"}],"about":[{"href":"https:\/\/extruder-lab.com\/es\/wp-json\/wp\/v2\/types\/page"}],"author":[{"embeddable":true,"href":"https:\/\/extruder-lab.com\/es\/wp-json\/wp\/v2\/users\/1"}],"replies":[{"embeddable":true,"href":"https:\/\/extruder-lab.com\/es\/wp-json\/wp\/v2\/comments?post=127"}],"version-history":[{"count":1,"href":"https:\/\/extruder-lab.com\/es\/wp-json\/wp\/v2\/pages\/127\/revisions"}],"predecessor-version":[{"id":992,"href":"https:\/\/extruder-lab.com\/es\/wp-json\/wp\/v2\/pages\/127\/revisions\/992"}],"up":[{"embeddable":true,"href":"https:\/\/extruder-lab.com\/es\/wp-json\/wp\/v2\/pages\/141"}],"wp:featuredmedia":[{"embeddable":true,"href":"https:\/\/extruder-lab.com\/es\/wp-json\/wp\/v2\/media\/62"}],"wp:attachment":[{"href":"https:\/\/extruder-lab.com\/es\/wp-json\/wp\/v2\/media?parent=127"}],"curies":[{"name":"wp","href":"https:\/\/api.w.org\/{rel}","templated":true}]}}