{"id":137,"date":"2025-07-03T16:22:06","date_gmt":"2025-07-03T08:22:06","guid":{"rendered":"https:\/\/extruder-lab.com\/?page_id=137"},"modified":"2025-11-24T12:20:12","modified_gmt":"2025-11-24T04:20:12","slug":"news","status":"publish","type":"page","link":"https:\/\/extruder-lab.com\/es\/news","title":{"rendered":"Noticias"},"content":{"rendered":"<div data-elementor-type=\"wp-page\" data-elementor-id=\"137\" class=\"elementor elementor-137\">\n\t\t\t\t\t\t<section class=\"elementor-section elementor-top-section elementor-element elementor-element-c8d8731 elementor-section-boxed elementor-section-height-default elementor-section-height-default\" data-id=\"c8d8731\" data-element_type=\"section\">\n\t\t\t\t\t\t<div class=\"elementor-container elementor-column-gap-default\">\n\t\t\t\t\t<div class=\"elementor-column elementor-col-100 elementor-top-column elementor-element elementor-element-2dbce18\" data-id=\"2dbce18\" data-element_type=\"column\">\n\t\t\t<div class=\"elementor-widget-wrap elementor-element-populated\">\n\t\t\t\t\t\t<div class=\"elementor-element elementor-element-f54623c elementor-widget elementor-widget-heading\" data-id=\"f54623c\" data-element_type=\"widget\" data-widget_type=\"heading.default\">\n\t\t\t\t<div class=\"elementor-widget-container\">\n\t\t\t\t\t<h2 class=\"elementor-heading-title elementor-size-default\">Noticias de Hartek<\/h2>\t\t\t\t<\/div>\n\t\t\t\t<\/div>\n\t\t\t\t\t<\/div>\n\t\t<\/div>\n\t\t\t\t\t<\/div>\n\t\t<\/section>\n\t\t\t\t<section class=\"elementor-section elementor-top-section elementor-element elementor-element-2715d14 elementor-section-boxed elementor-section-height-default elementor-section-height-default\" data-id=\"2715d14\" data-element_type=\"section\">\n\t\t\t\t\t\t<div class=\"elementor-container elementor-column-gap-default\">\n\t\t\t\t\t<div class=\"elementor-column elementor-col-100 elementor-top-column elementor-element elementor-element-594d6da\" data-id=\"594d6da\" data-element_type=\"column\">\n\t\t\t<div class=\"elementor-widget-wrap elementor-element-populated\">\n\t\t\t\t\t\t<div class=\"elementor-element elementor-element-82887d1 elementor-grid-3 elementor-grid-tablet-2 elementor-grid-mobile-1 elementor-posts--thumbnail-top elementor-card-shadow-yes elementor-posts__hover-gradient elementor-widget elementor-widget-posts\" data-id=\"82887d1\" data-element_type=\"widget\" data-settings=\"{&quot;cards_columns&quot;:&quot;3&quot;,&quot;cards_columns_tablet&quot;:&quot;2&quot;,&quot;cards_columns_mobile&quot;:&quot;1&quot;,&quot;cards_row_gap&quot;:{&quot;unit&quot;:&quot;px&quot;,&quot;size&quot;:35,&quot;sizes&quot;:[]},&quot;cards_row_gap_tablet&quot;:{&quot;unit&quot;:&quot;px&quot;,&quot;size&quot;:&quot;&quot;,&quot;sizes&quot;:[]},&quot;cards_row_gap_mobile&quot;:{&quot;unit&quot;:&quot;px&quot;,&quot;size&quot;:&quot;&quot;,&quot;sizes&quot;:[]}}\" data-widget_type=\"posts.cards\">\n\t\t\t\t<div class=\"elementor-widget-container\">\n\t\t\t\t\t\t\t<div class=\"elementor-posts-container elementor-posts elementor-posts--skin-cards elementor-grid\">\n\t\t\t\t<article class=\"elementor-post elementor-grid-item post-1271 post type-post status-publish format-standard has-post-thumbnail hentry category-company-news tag-exhibition\">\n\t\t\t<div class=\"elementor-post__card\">\n\t\t\t\t<a class=\"elementor-post__thumbnail__link\" href=\"https:\/\/extruder-lab.com\/es\/chinaplas-2026-exhibition-in-shanghai.html\"><div class=\"elementor-post__thumbnail\"><img fetchpriority=\"high\" decoding=\"async\" width=\"300\" height=\"300\" src=\"https:\/\/extruder-lab.com\/wp-content\/uploads\/2026\/04\/image-300x300.png\" class=\"attachment-medium size-medium wp-image-1272\" alt=\"Chinaplas 2026 Exhibition in Shanghai\" srcset=\"https:\/\/extruder-lab.com\/wp-content\/uploads\/2026\/04\/image-300x300.png 300w, https:\/\/extruder-lab.com\/wp-content\/uploads\/2026\/04\/image-1024x1024.png 1024w, https:\/\/extruder-lab.com\/wp-content\/uploads\/2026\/04\/image-150x150.png 150w, https:\/\/extruder-lab.com\/wp-content\/uploads\/2026\/04\/image-768x768.png 768w, https:\/\/extruder-lab.com\/wp-content\/uploads\/2026\/04\/image-12x12.png 12w, https:\/\/extruder-lab.com\/wp-content\/uploads\/2026\/04\/image.png 1200w\" sizes=\"(max-width: 300px) 100vw, 300px\" \/><\/div><\/a>\n\t\t\t\t<div class=\"elementor-post__text\">\n\t\t\t\t<h3 class=\"elementor-post__title\">\n\t\t\t<a href=\"https:\/\/extruder-lab.com\/es\/chinaplas-2026-exhibition-in-shanghai.html\">\n\t\t\t\tFeria Chinaplas 2026 en Shangh\u00e1i\t\t\t<\/a>\n\t\t<\/h3>\n\t\t\t\t<div class=\"elementor-post__excerpt\">\n\t\t\t<p>En abril de 2026, HARTEK participar\u00e1 en CHINAPLAS 2026, que se celebrar\u00e1 en el Centro Nacional de Exposiciones y Convenciones de Shangh\u00e1i. En esta feria, presentaremos<\/p>\n\t\t<\/div>\n\t\t\t\t\t<a class=\"elementor-post__read-more\" href=\"https:\/\/extruder-lab.com\/es\/chinaplas-2026-exhibition-in-shanghai.html\">\n\t\t\t\tLeer M\u00e1s \"\t\t\t<\/a>\n\t\t\t\t<\/div>\n\t\t\t\t\t<\/div>\n\t\t<\/article>\n\t\t\t\t<article class=\"elementor-post elementor-grid-item post-1266 post type-post status-publish format-standard has-post-thumbnail hentry category-product-introduction tag-twin-screw-extruder\">\n\t\t\t<div class=\"elementor-post__card\">\n\t\t\t\t<a class=\"elementor-post__thumbnail__link\" href=\"https:\/\/extruder-lab.com\/es\/miniature-twin-screw-extruder.html\"><div class=\"elementor-post__thumbnail\"><img decoding=\"async\" width=\"300\" height=\"225\" src=\"https:\/\/extruder-lab.com\/wp-content\/uploads\/2026\/04\/6da4b528413c8e67668702221c2ec9f3_E5BEAEE4BFA1E59BBEE78987_20260202171917_164_60_E589AFE69CAC-300x225.jpg\" class=\"attachment-medium size-medium wp-image-1267\" alt=\"Miniature Twin-screw Extruder\" srcset=\"https:\/\/extruder-lab.com\/wp-content\/uploads\/2026\/04\/6da4b528413c8e67668702221c2ec9f3_E5BEAEE4BFA1E59BBEE78987_20260202171917_164_60_E589AFE69CAC-300x225.jpg 300w, https:\/\/extruder-lab.com\/wp-content\/uploads\/2026\/04\/6da4b528413c8e67668702221c2ec9f3_E5BEAEE4BFA1E59BBEE78987_20260202171917_164_60_E589AFE69CAC-768x576.jpg 768w, https:\/\/extruder-lab.com\/wp-content\/uploads\/2026\/04\/6da4b528413c8e67668702221c2ec9f3_E5BEAEE4BFA1E59BBEE78987_20260202171917_164_60_E589AFE69CAC-16x12.jpg 16w, https:\/\/extruder-lab.com\/wp-content\/uploads\/2026\/04\/6da4b528413c8e67668702221c2ec9f3_E5BEAEE4BFA1E59BBEE78987_20260202171917_164_60_E589AFE69CAC.jpg 1000w\" sizes=\"(max-width: 300px) 100vw, 300px\" \/><\/div><\/a>\n\t\t\t\t<div class=\"elementor-post__text\">\n\t\t\t\t<h3 class=\"elementor-post__title\">\n\t\t\t<a href=\"https:\/\/extruder-lab.com\/es\/miniature-twin-screw-extruder.html\">\n\t\t\t\tExtrusora de doble husillo en miniatura\t\t\t<\/a>\n\t\t<\/h3>\n\t\t\t\t<div class=\"elementor-post__excerpt\">\n\t\t\t<p>Una microextrusora de doble husillo de Hartek ha sido instalada, puesta en marcha y puesta en funcionamiento por una universidad de Qingdao, en la provincia de Shandong, y ha sido entregada oficialmente a<\/p>\n\t\t<\/div>\n\t\t\t\t\t<a class=\"elementor-post__read-more\" href=\"https:\/\/extruder-lab.com\/es\/miniature-twin-screw-extruder.html\">\n\t\t\t\tLeer M\u00e1s \"\t\t\t<\/a>\n\t\t\t\t<\/div>\n\t\t\t\t\t<\/div>\n\t\t<\/article>\n\t\t\t\t<article class=\"elementor-post elementor-grid-item post-1261 post type-post status-publish format-standard has-post-thumbnail hentry category-company-news tag-hot-melt-extrusion-granulator\">\n\t\t\t<div class=\"elementor-post__card\">\n\t\t\t\t<a class=\"elementor-post__thumbnail__link\" href=\"https:\/\/extruder-lab.com\/es\/laboratory-hot-melt-extrusion-granulator.html\"><div class=\"elementor-post__thumbnail\"><img decoding=\"async\" width=\"300\" height=\"225\" src=\"https:\/\/extruder-lab.com\/wp-content\/uploads\/2026\/03\/Laboratory-Mini-Hot-Melt-Extrusion-Granulator-300x225.jpg\" class=\"attachment-medium size-medium wp-image-1262\" alt=\"Hot Melt Extrusion Granulator\" srcset=\"https:\/\/extruder-lab.com\/wp-content\/uploads\/2026\/03\/Laboratory-Mini-Hot-Melt-Extrusion-Granulator-300x225.jpg 300w, https:\/\/extruder-lab.com\/wp-content\/uploads\/2026\/03\/Laboratory-Mini-Hot-Melt-Extrusion-Granulator-768x576.jpg 768w, https:\/\/extruder-lab.com\/wp-content\/uploads\/2026\/03\/Laboratory-Mini-Hot-Melt-Extrusion-Granulator-16x12.jpg 16w, https:\/\/extruder-lab.com\/wp-content\/uploads\/2026\/03\/Laboratory-Mini-Hot-Melt-Extrusion-Granulator.jpg 1024w\" sizes=\"(max-width: 300px) 100vw, 300px\" \/><\/div><\/a>\n\t\t\t\t<div class=\"elementor-post__text\">\n\t\t\t\t<h3 class=\"elementor-post__title\">\n\t\t\t<a href=\"https:\/\/extruder-lab.com\/es\/laboratory-hot-melt-extrusion-granulator.html\">\n\t\t\t\tSe ha enviado el granulador de extrusi\u00f3n por fusi\u00f3n en caliente de laboratorio\t\t\t<\/a>\n\t\t<\/h3>\n\t\t\t\t<div class=\"elementor-post__excerpt\">\n\t\t\t<p>Recientemente, la granuladora por extrusi\u00f3n de termofusible de laboratorio de Hartek super\u00f3 con \u00e9xito la prueba de aceptaci\u00f3n en f\u00e1brica, se complet\u00f3 su env\u00edo para la exportaci\u00f3n, lleg\u00f3 a Jap\u00f3n y se llev\u00f3 a cabo su instalaci\u00f3n in situ, puesta en marcha y capacitaci\u00f3n sobre el sistema<\/p>\n\t\t<\/div>\n\t\t\t\t\t<a class=\"elementor-post__read-more\" href=\"https:\/\/extruder-lab.com\/es\/laboratory-hot-melt-extrusion-granulator.html\">\n\t\t\t\tLeer M\u00e1s \"\t\t\t<\/a>\n\t\t\t\t<\/div>\n\t\t\t\t\t<\/div>\n\t\t<\/article>\n\t\t\t\t<article class=\"elementor-post elementor-grid-item post-1254 post type-post status-publish format-standard has-post-thumbnail hentry category-product-introduction tag-film-blowing-machine\">\n\t\t\t<div class=\"elementor-post__card\">\n\t\t\t\t<a class=\"elementor-post__thumbnail__link\" href=\"https:\/\/extruder-lab.com\/es\/three-layer-co-extrusion-blown-film-machine.html\"><div class=\"elementor-post__thumbnail\"><img loading=\"lazy\" decoding=\"async\" width=\"300\" height=\"96\" src=\"https:\/\/extruder-lab.com\/wp-content\/uploads\/2026\/03\/blowing-extruder-300x96.jpg\" class=\"attachment-medium size-medium wp-image-1255\" alt=\"Co-Extrusion Blown Film Machine\" srcset=\"https:\/\/extruder-lab.com\/wp-content\/uploads\/2026\/03\/blowing-extruder-300x96.jpg 300w, https:\/\/extruder-lab.com\/wp-content\/uploads\/2026\/03\/blowing-extruder-1024x327.jpg 1024w, https:\/\/extruder-lab.com\/wp-content\/uploads\/2026\/03\/blowing-extruder-768x246.jpg 768w, https:\/\/extruder-lab.com\/wp-content\/uploads\/2026\/03\/blowing-extruder-18x6.jpg 18w, https:\/\/extruder-lab.com\/wp-content\/uploads\/2026\/03\/blowing-extruder.jpg 1079w\" sizes=\"(max-width: 300px) 100vw, 300px\" \/><\/div><\/a>\n\t\t\t\t<div class=\"elementor-post__text\">\n\t\t\t\t<h3 class=\"elementor-post__title\">\n\t\t\t<a href=\"https:\/\/extruder-lab.com\/es\/three-layer-co-extrusion-blown-film-machine.html\">\n\t\t\t\tM\u00e1quina de laboratorio para la fabricaci\u00f3n de pel\u00edcula soplada por coextrusi\u00f3n de tres capas\t\t\t<\/a>\n\t\t<\/h3>\n\t\t\t\t<div class=\"elementor-post__excerpt\">\n\t\t\t<p>Rendimiento de la m\u00e1quina de laboratorio para la fabricaci\u00f3n de pel\u00edcula soplada por coextrusi\u00f3n de tres capas: Aplicaciones de la m\u00e1quina de pel\u00edcula soplada por coextrusi\u00f3n: Par\u00e1metros t\u00e9cnicos: Modelo \/ \u578b\u53f7 HTBS-20C Di\u00e1metro del tornillo \/ \u87ba\u6746\u76f4\u5f84<\/p>\n\t\t<\/div>\n\t\t\t\t\t<a class=\"elementor-post__read-more\" href=\"https:\/\/extruder-lab.com\/es\/three-layer-co-extrusion-blown-film-machine.html\">\n\t\t\t\tLeer M\u00e1s \"\t\t\t<\/a>\n\t\t\t\t<\/div>\n\t\t\t\t\t<\/div>\n\t\t<\/article>\n\t\t\t\t<article class=\"elementor-post elementor-grid-item post-1204 post type-post status-publish format-standard has-post-thumbnail hentry category-product-introduction tag-twin-screw-extruder\">\n\t\t\t<div class=\"elementor-post__card\">\n\t\t\t\t<a class=\"elementor-post__thumbnail__link\" href=\"https:\/\/extruder-lab.com\/es\/selection-guide-for-conical-parallel-twin-screw-extruder.html\"><div class=\"elementor-post__thumbnail\"><img loading=\"lazy\" decoding=\"async\" width=\"300\" height=\"300\" src=\"https:\/\/extruder-lab.com\/wp-content\/uploads\/2026\/03\/82402686c81f995f27_\u526f\u672c-300x300.jpg\" class=\"attachment-medium size-medium wp-image-1205\" alt=\"Twin-Screw Extruder\" srcset=\"https:\/\/extruder-lab.com\/wp-content\/uploads\/2026\/03\/82402686c81f995f27_\u526f\u672c-300x300.jpg 300w, https:\/\/extruder-lab.com\/wp-content\/uploads\/2026\/03\/82402686c81f995f27_\u526f\u672c-150x150.jpg 150w, https:\/\/extruder-lab.com\/wp-content\/uploads\/2026\/03\/82402686c81f995f27_\u526f\u672c-768x768.jpg 768w, https:\/\/extruder-lab.com\/wp-content\/uploads\/2026\/03\/82402686c81f995f27_\u526f\u672c-12x12.jpg 12w, https:\/\/extruder-lab.com\/wp-content\/uploads\/2026\/03\/82402686c81f995f27_\u526f\u672c.jpg 800w\" sizes=\"(max-width: 300px) 100vw, 300px\" \/><\/div><\/a>\n\t\t\t\t<div class=\"elementor-post__text\">\n\t\t\t\t<h3 class=\"elementor-post__title\">\n\t\t\t<a href=\"https:\/\/extruder-lab.com\/es\/selection-guide-for-conical-parallel-twin-screw-extruder.html\">\n\t\t\t\tGu\u00eda de selecci\u00f3n de m\u00e1quinas de laboratorio para extrusoras de doble husillo c\u00f3nicas y paralelas\t\t\t<\/a>\n\t\t<\/h3>\n\t\t\t\t<div class=\"elementor-post__excerpt\">\n\t\t\t<p>En los laboratorios de investigaci\u00f3n de materiales polim\u00e9ricos, las extrusoras de doble husillo son fundamentales para la modificaci\u00f3n de mezclas de materiales, los procesos de extrusi\u00f3n reactiva y la preparaci\u00f3n de masterbatches funcionales; su selecci\u00f3n influye directamente<\/p>\n\t\t<\/div>\n\t\t\t\t\t<a class=\"elementor-post__read-more\" href=\"https:\/\/extruder-lab.com\/es\/selection-guide-for-conical-parallel-twin-screw-extruder.html\">\n\t\t\t\tLeer M\u00e1s \"\t\t\t<\/a>\n\t\t\t\t<\/div>\n\t\t\t\t\t<\/div>\n\t\t<\/article>\n\t\t\t\t<article class=\"elementor-post elementor-grid-item post-1166 post type-post status-publish format-standard has-post-thumbnail hentry category-product-introduction tag-film-blowing-machine\">\n\t\t\t<div class=\"elementor-post__card\">\n\t\t\t\t<a class=\"elementor-post__thumbnail__link\" href=\"https:\/\/extruder-lab.com\/es\/blown-film-defect-detection-test-line.html\"><div class=\"elementor-post__thumbnail\"><img loading=\"lazy\" decoding=\"async\" width=\"300\" height=\"300\" src=\"https:\/\/extruder-lab.com\/wp-content\/uploads\/2026\/03\/becc2f200aed66b3c455a909816ed8c8_2149_big.jpg\" class=\"attachment-medium size-medium wp-image-1167\" alt=\"blown film defect detection\" srcset=\"https:\/\/extruder-lab.com\/wp-content\/uploads\/2026\/03\/becc2f200aed66b3c455a909816ed8c8_2149_big.jpg 300w, https:\/\/extruder-lab.com\/wp-content\/uploads\/2026\/03\/becc2f200aed66b3c455a909816ed8c8_2149_big-150x150.jpg 150w, https:\/\/extruder-lab.com\/wp-content\/uploads\/2026\/03\/becc2f200aed66b3c455a909816ed8c8_2149_big-12x12.jpg 12w\" sizes=\"(max-width: 300px) 100vw, 300px\" \/><\/div><\/a>\n\t\t\t\t<div class=\"elementor-post__text\">\n\t\t\t\t<h3 class=\"elementor-post__title\">\n\t\t\t<a href=\"https:\/\/extruder-lab.com\/es\/blown-film-defect-detection-test-line.html\">\n\t\t\t\tL\u00ednea de pruebas para la detecci\u00f3n de defectos en pel\u00edculas sopladas\t\t\t<\/a>\n\t\t<\/h3>\n\t\t\t\t<div class=\"elementor-post__excerpt\">\n\t\t\t<p>La l\u00ednea de prueba para la detecci\u00f3n de defectos en pel\u00edculas sopladas consta de un sistema de accionamiento, un sistema de extrusi\u00f3n, una boquilla anular, un dispositivo de soplado, un anillo de aire de enfriamiento, un sistema de tracci\u00f3n, un sistema de bobinado,<\/p>\n\t\t<\/div>\n\t\t\t\t\t<a class=\"elementor-post__read-more\" href=\"https:\/\/extruder-lab.com\/es\/blown-film-defect-detection-test-line.html\">\n\t\t\t\tLeer M\u00e1s \"\t\t\t<\/a>\n\t\t\t\t<\/div>\n\t\t\t\t\t<\/div>\n\t\t<\/article>\n\t\t\t\t<article class=\"elementor-post elementor-grid-item post-1162 post type-post status-publish format-standard has-post-thumbnail hentry category-product-introduction tag-desktop-extruder\">\n\t\t\t<div class=\"elementor-post__card\">\n\t\t\t\t<a class=\"elementor-post__thumbnail__link\" href=\"https:\/\/extruder-lab.com\/es\/applications-faq-of-desktop-extruder.html\"><div class=\"elementor-post__thumbnail\"><img loading=\"lazy\" decoding=\"async\" width=\"300\" height=\"201\" src=\"https:\/\/extruder-lab.com\/wp-content\/uploads\/2025\/08\/c98f85d3bffec7e85a8ca5a059ba6a61_thumb_790_530_5e0e9c0f279f2-300x201.jpg\" class=\"attachment-medium size-medium wp-image-58\" alt=\"Twin Screw Extruder\" srcset=\"https:\/\/extruder-lab.com\/wp-content\/uploads\/2025\/08\/c98f85d3bffec7e85a8ca5a059ba6a61_thumb_790_530_5e0e9c0f279f2-300x201.jpg 300w, https:\/\/extruder-lab.com\/wp-content\/uploads\/2025\/08\/c98f85d3bffec7e85a8ca5a059ba6a61_thumb_790_530_5e0e9c0f279f2-768x515.jpg 768w, https:\/\/extruder-lab.com\/wp-content\/uploads\/2025\/08\/c98f85d3bffec7e85a8ca5a059ba6a61_thumb_790_530_5e0e9c0f279f2.jpg 790w\" sizes=\"(max-width: 300px) 100vw, 300px\" \/><\/div><\/a>\n\t\t\t\t<div class=\"elementor-post__text\">\n\t\t\t\t<h3 class=\"elementor-post__title\">\n\t\t\t<a href=\"https:\/\/extruder-lab.com\/es\/applications-faq-of-desktop-extruder.html\">\n\t\t\t\tAplicaciones y preguntas frecuentes sobre la extrusora de escritorio\t\t\t<\/a>\n\t\t<\/h3>\n\t\t\t\t<div class=\"elementor-post__excerpt\">\n\t\t\t<p>Utilizar una extrusora de escritorio para crear tus propios filamentos puede resultar rentable, ya que te permite ahorrar dinero en la compra de filamentos prefabricados. Una extrusora de escritorio te permite<\/p>\n\t\t<\/div>\n\t\t\t\t\t<a class=\"elementor-post__read-more\" href=\"https:\/\/extruder-lab.com\/es\/applications-faq-of-desktop-extruder.html\">\n\t\t\t\tLeer M\u00e1s \"\t\t\t<\/a>\n\t\t\t\t<\/div>\n\t\t\t\t\t<\/div>\n\t\t<\/article>\n\t\t\t\t<article class=\"elementor-post elementor-grid-item post-1156 post type-post status-publish format-standard has-post-thumbnail hentry category-company-news tag-twin-screw-extrusion-granulation\">\n\t\t\t<div class=\"elementor-post__card\">\n\t\t\t\t<a class=\"elementor-post__thumbnail__link\" href=\"https:\/\/extruder-lab.com\/es\/lab-twin-screw-extrusion-granulation-line.html\"><div class=\"elementor-post__thumbnail\"><img loading=\"lazy\" decoding=\"async\" width=\"300\" height=\"169\" src=\"https:\/\/extruder-lab.com\/wp-content\/uploads\/2026\/02\/Lab-Twin-Screw-Extrusion-Granulation-Line-300x169.jpg\" class=\"attachment-medium size-medium wp-image-1157\" alt=\"Lab Twin Screw Extrusion Granulation Line\" srcset=\"https:\/\/extruder-lab.com\/wp-content\/uploads\/2026\/02\/Lab-Twin-Screw-Extrusion-Granulation-Line-300x169.jpg 300w, https:\/\/extruder-lab.com\/wp-content\/uploads\/2026\/02\/Lab-Twin-Screw-Extrusion-Granulation-Line-768x432.jpg 768w, https:\/\/extruder-lab.com\/wp-content\/uploads\/2026\/02\/Lab-Twin-Screw-Extrusion-Granulation-Line-18x10.jpg 18w, https:\/\/extruder-lab.com\/wp-content\/uploads\/2026\/02\/Lab-Twin-Screw-Extrusion-Granulation-Line.jpg 1000w\" sizes=\"(max-width: 300px) 100vw, 300px\" \/><\/div><\/a>\n\t\t\t\t<div class=\"elementor-post__text\">\n\t\t\t\t<h3 class=\"elementor-post__title\">\n\t\t\t<a href=\"https:\/\/extruder-lab.com\/es\/lab-twin-screw-extrusion-granulation-line.html\">\n\t\t\t\tL\u00ednea de granulaci\u00f3n por extrusi\u00f3n de doble husillo para laboratorio enviada\t\t\t<\/a>\n\t\t<\/h3>\n\t\t\t\t<div class=\"elementor-post__excerpt\">\n\t\t\t<p>L\u00ednea de granulaci\u00f3n por extrusi\u00f3n de doble husillo para laboratorio enviada Se ha enviado una l\u00ednea de granulaci\u00f3n por extrusi\u00f3n de doble husillo para laboratorio a peque\u00f1a escala de Hartek a la provincia de Anhui. Instalaci\u00f3n, puesta en marcha,<\/p>\n\t\t<\/div>\n\t\t\t\t\t<a class=\"elementor-post__read-more\" href=\"https:\/\/extruder-lab.com\/es\/lab-twin-screw-extrusion-granulation-line.html\">\n\t\t\t\tLeer M\u00e1s \"\t\t\t<\/a>\n\t\t\t\t<\/div>\n\t\t\t\t\t<\/div>\n\t\t<\/article>\n\t\t\t\t<article class=\"elementor-post elementor-grid-item post-1138 post type-post status-publish format-standard has-post-thumbnail hentry category-company-news tag-cast-film\">\n\t\t\t<div class=\"elementor-post__card\">\n\t\t\t\t<a class=\"elementor-post__thumbnail__link\" href=\"https:\/\/extruder-lab.com\/es\/offline-defect-detection-system-for-cast-film.html\"><div class=\"elementor-post__thumbnail\"><img loading=\"lazy\" decoding=\"async\" width=\"300\" height=\"225\" src=\"https:\/\/extruder-lab.com\/wp-content\/uploads\/2026\/02\/Detection-System-for-Cast-Film-300x225.jpg\" class=\"attachment-medium size-medium wp-image-1139\" alt=\"System for Cast Film\" srcset=\"https:\/\/extruder-lab.com\/wp-content\/uploads\/2026\/02\/Detection-System-for-Cast-Film-300x225.jpg 300w, https:\/\/extruder-lab.com\/wp-content\/uploads\/2026\/02\/Detection-System-for-Cast-Film-768x576.jpg 768w, https:\/\/extruder-lab.com\/wp-content\/uploads\/2026\/02\/Detection-System-for-Cast-Film-16x12.jpg 16w, https:\/\/extruder-lab.com\/wp-content\/uploads\/2026\/02\/Detection-System-for-Cast-Film.jpg 1000w\" sizes=\"(max-width: 300px) 100vw, 300px\" \/><\/div><\/a>\n\t\t\t\t<div class=\"elementor-post__text\">\n\t\t\t\t<h3 class=\"elementor-post__title\">\n\t\t\t<a href=\"https:\/\/extruder-lab.com\/es\/offline-defect-detection-system-for-cast-film.html\">\n\t\t\t\tSistema de detecci\u00f3n de defectos fuera de l\u00ednea para pel\u00edculas fundidas\t\t\t<\/a>\n\t\t<\/h3>\n\t\t\t\t<div class=\"elementor-post__excerpt\">\n\t\t\t<p>Recientemente, se ha enviado con \u00e9xito a Shangh\u00e1i un conjunto de sistemas de detecci\u00f3n de defectos fuera de l\u00ednea para pel\u00edculas fundidas de Hartek Technologies, donde se ha llevado a cabo la instalaci\u00f3n y puesta en marcha de los equipos.<\/p>\n\t\t<\/div>\n\t\t\t\t\t<a class=\"elementor-post__read-more\" href=\"https:\/\/extruder-lab.com\/es\/offline-defect-detection-system-for-cast-film.html\">\n\t\t\t\tLeer M\u00e1s \"\t\t\t<\/a>\n\t\t\t\t<\/div>\n\t\t\t\t\t<\/div>\n\t\t<\/article>\n\t\t\t\t<\/div>\n\n\n\t\t\n\t\t\t\t\t\t<\/div>\n\t\t\t\t<\/div>\n\t\t\t\t\t<\/div>\n\t\t<\/div>\n\t\t\t\t\t<\/div>\n\t\t<\/section>\n\t\t\t\t<\/div>","protected":false},"excerpt":{"rendered":"<p>Noticias de Hartek<\/p>","protected":false},"author":1,"featured_media":0,"parent":0,"menu_order":0,"comment_status":"closed","ping_status":"closed","template":"","meta":{"site-sidebar-layout":"no-sidebar","site-content-layout":"","ast-site-content-layout":"default","site-content-style":"default","site-sidebar-style":"default","ast-global-header-display":"","ast-banner-title-visibility":"","ast-main-header-display":"","ast-hfb-above-header-display":"","ast-hfb-below-header-display":"","ast-hfb-mobile-header-display":"","site-post-title":"","ast-breadcrumbs-content":"","ast-featured-img":"disabled","footer-sml-layout":"","theme-transparent-header-meta":"","adv-header-id-meta":"","stick-header-meta":"","header-above-stick-meta":"","header-main-stick-meta":"","header-below-stick-meta":"","astra-migrate-meta-layouts":"set","ast-page-background-enabled":"default","ast-page-background-meta":{"desktop":{"background-color":"var(--ast-global-color-4)","background-image":"","background-repeat":"repeat","background-position":"center center","background-size":"auto","background-attachment":"scroll","background-type":"","background-media":"","overlay-type":"","overlay-color":"","overlay-opacity":"","overlay-gradient":""},"tablet":{"background-color":"","background-image":"","background-repeat":"repeat","background-position":"center center","background-size":"auto","background-attachment":"scroll","background-type":"","background-media":"","overlay-type":"","overlay-color":"","overlay-opacity":"","overlay-gradient":""},"mobile":{"background-color":"","background-image":"","background-repeat":"repeat","background-position":"center center","background-size":"auto","background-attachment":"scroll","background-type":"","background-media":"","overlay-type":"","overlay-color":"","overlay-opacity":"","overlay-gradient":""}},"ast-content-background-meta":{"desktop":{"background-color":"var(--ast-global-color-5)","background-image":"","background-repeat":"repeat","background-position":"center center","background-size":"auto","background-attachment":"scroll","background-type":"","background-media":"","overlay-type":"","overlay-color":"","overlay-opacity":"","overlay-gradient":""},"tablet":{"background-color":"var(--ast-global-color-5)","background-image":"","background-repeat":"repeat","background-position":"center center","background-size":"auto","background-attachment":"scroll","background-type":"","background-media":"","overlay-type":"","overlay-color":"","overlay-opacity":"","overlay-gradient":""},"mobile":{"background-color":"var(--ast-global-color-5)","background-image":"","background-repeat":"repeat","background-position":"center center","background-size":"auto","background-attachment":"scroll","background-type":"","background-media":"","overlay-type":"","overlay-color":"","overlay-opacity":"","overlay-gradient":""}},"footnotes":""},"class_list":["post-137","page","type-page","status-publish","hentry"],"_links":{"self":[{"href":"https:\/\/extruder-lab.com\/es\/wp-json\/wp\/v2\/pages\/137","targetHints":{"allow":["GET"]}}],"collection":[{"href":"https:\/\/extruder-lab.com\/es\/wp-json\/wp\/v2\/pages"}],"about":[{"href":"https:\/\/extruder-lab.com\/es\/wp-json\/wp\/v2\/types\/page"}],"author":[{"embeddable":true,"href":"https:\/\/extruder-lab.com\/es\/wp-json\/wp\/v2\/users\/1"}],"replies":[{"embeddable":true,"href":"https:\/\/extruder-lab.com\/es\/wp-json\/wp\/v2\/comments?post=137"}],"version-history":[{"count":1,"href":"https:\/\/extruder-lab.com\/es\/wp-json\/wp\/v2\/pages\/137\/revisions"}],"predecessor-version":[{"id":996,"href":"https:\/\/extruder-lab.com\/es\/wp-json\/wp\/v2\/pages\/137\/revisions\/996"}],"wp:attachment":[{"href":"https:\/\/extruder-lab.com\/es\/wp-json\/wp\/v2\/media?parent=137"}],"curies":[{"name":"wp","href":"https:\/\/api.w.org\/{rel}","templated":true}]}}