{"id":264,"date":"2025-09-01T15:19:44","date_gmt":"2025-09-01T07:19:44","guid":{"rendered":"https:\/\/extruder-lab.com\/?page_id=264"},"modified":"2025-11-24T12:17:31","modified_gmt":"2025-11-24T04:17:31","slug":"lab-multi-layer-co-extrusion-line","status":"publish","type":"page","link":"https:\/\/extruder-lab.com\/es\/products\/lab-multi-layer-co-extrusion-line","title":{"rendered":"L\u00ednea de coextrusi\u00f3n multicapa de laboratorio"},"content":{"rendered":"<div data-elementor-type=\"wp-page\" data-elementor-id=\"264\" class=\"elementor elementor-264\">\n\t\t\t\t\t\t<section class=\"elementor-section elementor-top-section elementor-element elementor-element-7e744022 elementor-section-boxed elementor-section-height-default elementor-section-height-default\" data-id=\"7e744022\" data-element_type=\"section\">\n\t\t\t\t\t\t<div class=\"elementor-container elementor-column-gap-default\">\n\t\t\t\t\t<div class=\"elementor-column elementor-col-100 elementor-top-column elementor-element elementor-element-618aebcc\" data-id=\"618aebcc\" data-element_type=\"column\">\n\t\t\t<div class=\"elementor-widget-wrap elementor-element-populated\">\n\t\t\t\t\t\t<div class=\"elementor-element elementor-element-454d1d1 elementor-widget elementor-widget-image\" data-id=\"454d1d1\" data-element_type=\"widget\" data-widget_type=\"image.default\">\n\t\t\t\t<div class=\"elementor-widget-container\">\n\t\t\t\t\t\t\t\t\t\t\t\t\t\t\t<img fetchpriority=\"high\" decoding=\"async\" width=\"790\" height=\"530\" src=\"https:\/\/extruder-lab.com\/wp-content\/uploads\/2025\/09\/Lab-Multi-Layer-Co-extrusion-Line.jpg\" class=\"attachment-large size-large wp-image-289\" alt=\"Lab Multi Layer Co-extrusion Line\" srcset=\"https:\/\/extruder-lab.com\/wp-content\/uploads\/2025\/09\/Lab-Multi-Layer-Co-extrusion-Line.jpg 790w, https:\/\/extruder-lab.com\/wp-content\/uploads\/2025\/09\/Lab-Multi-Layer-Co-extrusion-Line-300x201.jpg 300w, https:\/\/extruder-lab.com\/wp-content\/uploads\/2025\/09\/Lab-Multi-Layer-Co-extrusion-Line-768x515.jpg 768w\" sizes=\"(max-width: 790px) 100vw, 790px\" \/>\t\t\t\t\t\t\t\t\t\t\t\t\t\t\t<\/div>\n\t\t\t\t<\/div>\n\t\t\t\t<div class=\"elementor-element elementor-element-c68e62f elementor-widget elementor-widget-heading\" data-id=\"c68e62f\" data-element_type=\"widget\" data-widget_type=\"heading.default\">\n\t\t\t\t<div class=\"elementor-widget-container\">\n\t\t\t\t\t<h2 class=\"elementor-heading-title elementor-size-default\">L\u00ednea de coextrusi\u00f3n multicapa de laboratorio<\/h2>\t\t\t\t<\/div>\n\t\t\t\t<\/div>\n\t\t\t\t<div class=\"elementor-element elementor-element-61e8451d elementor-widget elementor-widget-text-editor\" data-id=\"61e8451d\" data-element_type=\"widget\" data-widget_type=\"text-editor.default\">\n\t\t\t\t<div class=\"elementor-widget-container\">\n\t\t\t\t\t\t\t\t\t<p>La l\u00ednea de coextrusi\u00f3n de pel\u00edcula multicapa para laboratorio consta de un sistema de accionamiento, un sistema de extrusi\u00f3n, un cabezal de extrusi\u00f3n, un sistema de rodillos, un sistema de tracci\u00f3n, un sistema de bobinado y un sistema de control el\u00e9ctrico.<\/p><p>Esta l\u00ednea es adecuada para el moldeo por extrusi\u00f3n de pl\u00e1stico convencional. Gracias a su dise\u00f1o compacto, inteligente y de alta precisi\u00f3n, es ideal para institutos de investigaci\u00f3n.<\/p>\t\t\t\t\t\t\t\t<\/div>\n\t\t\t\t<\/div>\n\t\t\t\t<div class=\"elementor-element elementor-element-303ba8cb elementor-widget elementor-widget-heading\" data-id=\"303ba8cb\" data-element_type=\"widget\" data-widget_type=\"heading.default\">\n\t\t\t\t<div class=\"elementor-widget-container\">\n\t\t\t\t\t<h3 class=\"elementor-heading-title elementor-size-default\">Funciones y aplicaciones<\/h3>\t\t\t\t<\/div>\n\t\t\t\t<\/div>\n\t\t\t\t<div class=\"elementor-element elementor-element-9cc3ea2 elementor-widget elementor-widget-text-editor\" data-id=\"9cc3ea2\" data-element_type=\"widget\" data-widget_type=\"text-editor.default\">\n\t\t\t\t<div class=\"elementor-widget-container\">\n\t\t\t\t\t\t\t\t\t<ul><li style=\"font-weight: 400;\">Adopci\u00f3n de un motor de control de marca internacional para la extrusora, con el fin de que la plastificaci\u00f3n sea estable y constante.<\/li><li style=\"font-weight: 400;\">Uso de sensor de presi\u00f3n y temperatura de fusi\u00f3n de marca para garantizar datos de alta precisi\u00f3n.<\/li><li style=\"font-weight: 400;\">\u00a0Adopci\u00f3n de sistemas de control PLC de Simens y HMI intuitivos, altamente inteligentes y f\u00e1ciles de manejar.<\/li><li style=\"font-weight: 400;\">Funci\u00f3n de almacenamiento de f\u00f3rmulas.<\/li><li style=\"font-weight: 400;\">Paradas de emergencia y dispositivos de protecci\u00f3n para proteger la seguridad del operador.<\/li><\/ul>\t\t\t\t\t\t\t\t<\/div>\n\t\t\t\t<\/div>\n\t\t\t\t<div class=\"elementor-element elementor-element-39ed1a69 elementor-widget elementor-widget-heading\" data-id=\"39ed1a69\" data-element_type=\"widget\" data-widget_type=\"heading.default\">\n\t\t\t\t<div class=\"elementor-widget-container\">\n\t\t\t\t\t<h3 class=\"elementor-heading-title elementor-size-default\">Especificaci\u00f3n<\/h3>\t\t\t\t<\/div>\n\t\t\t\t<\/div>\n\t\t\t\t<div class=\"elementor-element elementor-element-7116bfad elementor-widget elementor-widget-text-editor\" data-id=\"7116bfad\" data-element_type=\"widget\" data-widget_type=\"text-editor.default\">\n\t\t\t\t<div class=\"elementor-widget-container\">\n\t\t\t\t\t\t\t\t\t<table width=\"419\"><tbody><tr><td width=\"197\">Material aplicable:<\/td><td width=\"222\">PP, PE, PET, materiales compuestos, etc.<\/td><\/tr><tr><td>Di\u00e1metro del tornillo:<\/td><td>25 mm<\/td><\/tr><tr><td>Relaci\u00f3n L\/D del tornillo:<\/td><td>28:01:00<\/td><\/tr><tr><td>Potencia del motor:<\/td><td>4 kW<\/td><\/tr><tr><td>Salida m\u00e1xima:<\/td><td>Cada extrusora 0,5-5 kg\/h, total 1,5-15 kg\/h para 3 conjuntos.<\/td><\/tr><tr><td>Velocidad m\u00e1xima de rotaci\u00f3n\/conjunto:<\/td><td>120 rpm<\/td><\/tr><tr><td>Ancho de la pel\u00edcula:<\/td><td>20 mm-100 mm<\/td><\/tr><tr><td>Espesor de la pel\u00edcula:<\/td><td>0,1-1 mm<\/td><\/tr><tr><td>Temperatura m\u00e1xima:<\/td><td>350\u2103<\/td><\/tr><tr><td>Precisi\u00f3n del control de temperatura:<\/td><td>\u00b11\u2103<\/td><\/tr><tr><td>Voltaje de funcionamiento:<\/td><td>\u00a0380 V \u00b1 101 TP3T, 3 fases, 50 Hz<\/td><\/tr><tr><td>M\u00e9todo de control:<\/td><td>Control PLC Siemens<\/td><\/tr><\/tbody><\/table>\t\t\t\t\t\t\t\t<\/div>\n\t\t\t\t<\/div>\n\t\t\t\t<div class=\"elementor-element elementor-element-4cf5d2e6 elementor-widget elementor-widget-heading\" data-id=\"4cf5d2e6\" data-element_type=\"widget\" data-widget_type=\"heading.default\">\n\t\t\t\t<div class=\"elementor-widget-container\">\n\t\t\t\t\t<h3 class=\"elementor-heading-title elementor-size-default\">V\u00eddeo<\/h3>\t\t\t\t<\/div>\n\t\t\t\t<\/div>\n\t\t\t\t<div class=\"elementor-element elementor-element-2d204c79 elementor-widget elementor-widget-video\" data-id=\"2d204c79\" data-element_type=\"widget\" data-settings=\"{&quot;youtube_url&quot;:&quot;https:\\\/\\\/www.youtube.com\\\/shorts\\\/PLnIpAlNlEA&quot;,&quot;video_type&quot;:&quot;youtube&quot;,&quot;controls&quot;:&quot;yes&quot;}\" data-widget_type=\"video.default\">\n\t\t\t\t<div class=\"elementor-widget-container\">\n\t\t\t\t\t\t\t<div class=\"elementor-wrapper elementor-open-inline\">\n\t\t\t<div class=\"elementor-video\"><\/div>\t\t<\/div>\n\t\t\t\t\t\t<\/div>\n\t\t\t\t<\/div>\n\t\t\t\t\t<\/div>\n\t\t<\/div>\n\t\t\t\t\t<\/div>\n\t\t<\/section>\n\t\t\t\t<\/div>","protected":false},"excerpt":{"rendered":"<p>Lab Multi Layer Co-extrusion Line The laboratory multi-layer cast film co-extrusion line consists of a drive system, extrusion system, die head, roller system, traction system, winding system, and electrical control system. This line is suitable for conventional plastic extrusion molding. Due to its compactness, intelligent design, and high precision, it is ideal for research institutes. [&hellip;]<\/p>\n","protected":false},"author":1,"featured_media":289,"parent":141,"menu_order":0,"comment_status":"closed","ping_status":"closed","template":"","meta":{"site-sidebar-layout":"left-sidebar","site-content-layout":"","ast-site-content-layout":"default","site-content-style":"default","site-sidebar-style":"default","ast-global-header-display":"","ast-banner-title-visibility":"","ast-main-header-display":"","ast-hfb-above-header-display":"","ast-hfb-below-header-display":"","ast-hfb-mobile-header-display":"","site-post-title":"disabled","ast-breadcrumbs-content":"","ast-featured-img":"disabled","footer-sml-layout":"","theme-transparent-header-meta":"","adv-header-id-meta":"","stick-header-meta":"","header-above-stick-meta":"","header-main-stick-meta":"","header-below-stick-meta":"","astra-migrate-meta-layouts":"set","ast-page-background-enabled":"default","ast-page-background-meta":{"desktop":{"background-color":"var(--ast-global-color-5)","background-image":"","background-repeat":"repeat","background-position":"center center","background-size":"auto","background-attachment":"scroll","background-type":"","background-media":"","overlay-type":"","overlay-color":"","overlay-opacity":"","overlay-gradient":""},"tablet":{"background-color":"","background-image":"","background-repeat":"repeat","background-position":"center center","background-size":"auto","background-attachment":"scroll","background-type":"","background-media":"","overlay-type":"","overlay-color":"","overlay-opacity":"","overlay-gradient":""},"mobile":{"background-color":"","background-image":"","background-repeat":"repeat","background-position":"center center","background-size":"auto","background-attachment":"scroll","background-type":"","background-media":"","overlay-type":"","overlay-color":"","overlay-opacity":"","overlay-gradient":""}},"ast-content-background-meta":{"desktop":{"background-color":"var(--ast-global-color-4)","background-image":"","background-repeat":"repeat","background-position":"center center","background-size":"auto","background-attachment":"scroll","background-type":"","background-media":"","overlay-type":"","overlay-color":"","overlay-opacity":"","overlay-gradient":""},"tablet":{"background-color":"var(--ast-global-color-4)","background-image":"","background-repeat":"repeat","background-position":"center center","background-size":"auto","background-attachment":"scroll","background-type":"","background-media":"","overlay-type":"","overlay-color":"","overlay-opacity":"","overlay-gradient":""},"mobile":{"background-color":"var(--ast-global-color-4)","background-image":"","background-repeat":"repeat","background-position":"center center","background-size":"auto","background-attachment":"scroll","background-type":"","background-media":"","overlay-type":"","overlay-color":"","overlay-opacity":"","overlay-gradient":""}},"footnotes":""},"class_list":["post-264","page","type-page","status-publish","has-post-thumbnail","hentry"],"_links":{"self":[{"href":"https:\/\/extruder-lab.com\/es\/wp-json\/wp\/v2\/pages\/264","targetHints":{"allow":["GET"]}}],"collection":[{"href":"https:\/\/extruder-lab.com\/es\/wp-json\/wp\/v2\/pages"}],"about":[{"href":"https:\/\/extruder-lab.com\/es\/wp-json\/wp\/v2\/types\/page"}],"author":[{"embeddable":true,"href":"https:\/\/extruder-lab.com\/es\/wp-json\/wp\/v2\/users\/1"}],"replies":[{"embeddable":true,"href":"https:\/\/extruder-lab.com\/es\/wp-json\/wp\/v2\/comments?post=264"}],"version-history":[{"count":1,"href":"https:\/\/extruder-lab.com\/es\/wp-json\/wp\/v2\/pages\/264\/revisions"}],"predecessor-version":[{"id":989,"href":"https:\/\/extruder-lab.com\/es\/wp-json\/wp\/v2\/pages\/264\/revisions\/989"}],"up":[{"embeddable":true,"href":"https:\/\/extruder-lab.com\/es\/wp-json\/wp\/v2\/pages\/141"}],"wp:featuredmedia":[{"embeddable":true,"href":"https:\/\/extruder-lab.com\/es\/wp-json\/wp\/v2\/media\/289"}],"wp:attachment":[{"href":"https:\/\/extruder-lab.com\/es\/wp-json\/wp\/v2\/media?parent=264"}],"curies":[{"name":"wp","href":"https:\/\/api.w.org\/{rel}","templated":true}]}}