{"id":7,"date":"2025-08-22T17:06:07","date_gmt":"2025-08-22T09:06:07","guid":{"rendered":"https:\/\/extruder-lab.com\/?page_id=7"},"modified":"2025-09-22T14:35:14","modified_gmt":"2025-09-22T06:35:14","slug":"lab-two-roll-mill","status":"publish","type":"page","link":"https:\/\/extruder-lab.com\/es\/products\/lab-two-roll-mill","title":{"rendered":"Molino de dos rodillos de laboratorio"},"content":{"rendered":"<div data-elementor-type=\"wp-post\" data-elementor-id=\"7\" class=\"elementor elementor-7\">\n\t\t\t\t\t\t<section class=\"elementor-section elementor-top-section elementor-element elementor-element-7bfc6112 elementor-section-boxed elementor-section-height-default elementor-section-height-default\" data-id=\"7bfc6112\" data-element_type=\"section\">\n\t\t\t\t\t\t<div class=\"elementor-container elementor-column-gap-default\">\n\t\t\t\t\t<div class=\"elementor-column elementor-col-100 elementor-top-column elementor-element elementor-element-1c233682\" data-id=\"1c233682\" data-element_type=\"column\">\n\t\t\t<div class=\"elementor-widget-wrap elementor-element-populated\">\n\t\t\t\t\t\t<div class=\"elementor-element elementor-element-601f3441 elementor-widget elementor-widget-image\" data-id=\"601f3441\" data-element_type=\"widget\" data-widget_type=\"image.default\">\n\t\t\t\t<div class=\"elementor-widget-container\">\n\t\t\t\t\t\t\t\t\t\t\t\t\t\t\t<img fetchpriority=\"high\" decoding=\"async\" width=\"1024\" height=\"683\" src=\"https:\/\/extruder-lab.com\/wp-content\/uploads\/2025\/09\/\u5c0f\u578b\u53cc\u8f8a\u5f00\u70bc\u673a-1024x683.jpg\" class=\"attachment-large size-large wp-image-701\" alt=\"Lab Two Roll Mill\" srcset=\"https:\/\/extruder-lab.com\/wp-content\/uploads\/2025\/09\/\u5c0f\u578b\u53cc\u8f8a\u5f00\u70bc\u673a-1024x683.jpg 1024w, https:\/\/extruder-lab.com\/wp-content\/uploads\/2025\/09\/\u5c0f\u578b\u53cc\u8f8a\u5f00\u70bc\u673a-300x200.jpg 300w, https:\/\/extruder-lab.com\/wp-content\/uploads\/2025\/09\/\u5c0f\u578b\u53cc\u8f8a\u5f00\u70bc\u673a-768x512.jpg 768w, https:\/\/extruder-lab.com\/wp-content\/uploads\/2025\/09\/\u5c0f\u578b\u53cc\u8f8a\u5f00\u70bc\u673a.jpg 1417w\" sizes=\"(max-width: 1024px) 100vw, 1024px\" \/>\t\t\t\t\t\t\t\t\t\t\t\t\t\t\t<\/div>\n\t\t\t\t<\/div>\n\t\t\t\t<div class=\"elementor-element elementor-element-42810105 elementor-widget elementor-widget-heading\" data-id=\"42810105\" data-element_type=\"widget\" data-widget_type=\"heading.default\">\n\t\t\t\t<div class=\"elementor-widget-container\">\n\t\t\t\t\t<h2 class=\"elementor-heading-title elementor-size-default\">Molino de dos rodillos de laboratorio<\/h2>\t\t\t\t<\/div>\n\t\t\t\t<\/div>\n\t\t\t\t<div class=\"elementor-element elementor-element-71836cf4 elementor-widget elementor-widget-text-editor\" data-id=\"71836cf4\" data-element_type=\"widget\" data-widget_type=\"text-editor.default\">\n\t\t\t\t<div class=\"elementor-widget-container\">\n\t\t\t\t\t\t\t\t\t<p>La Lab Two Roll Mill es una m\u00e1quina extrusora de caucho y pl\u00e1stico de alto rendimiento que se caracteriza por su funcionamiento confiable y duradero.<\/p>\n<p><strong>Las caracter\u00edsticas principales incluyen: <\/strong><\/p>\n<ol>\n<li>Equipado con un motor de marca para un control estable de la velocidad, lo que garantiza un rendimiento suave y constante durante operaciones continuas.<\/li>\n<li>La superficie del rodillo de acero est\u00e1 recubierta con cromo duro y pulida a espejo para mejorar la durabilidad, la resistencia al desgaste y el atractivo visual en condiciones industriales adversas.<\/li>\n<li>Incluye un dispositivo de protecci\u00f3n de apagado autom\u00e1tico integrado en la cubierta protectora, que protege a los operadores de posibles peligros y minimiza el tiempo de inactividad.<\/li>\n<li>El alcance del trabajo se puede ajustar seg\u00fan los requisitos espec\u00edficos del proceso, lo que ofrece flexibilidad para diversas aplicaciones.<\/li>\n<li>Las opciones de tratamiento t\u00e9rmico est\u00e1n disponibles mediante calentamiento el\u00e9ctrico o calentamiento por aceite, lo que permite satisfacer diferentes necesidades de procesamiento t\u00e9rmico.<\/li>\n<li>El espacio entre los rodillos dobles se puede ajustar manualmente, lo que permite una personalizaci\u00f3n precisa para tareas que requieren ajustes finos.<\/li>\n<li>Esta m\u00e1quina vers\u00e1til est\u00e1 dise\u00f1ada para satisfacer las diversas exigencias de las aplicaciones modernas de fabricaci\u00f3n e ingenier\u00eda.<\/li>\n<\/ol>\t\t\t\t\t\t\t\t<\/div>\n\t\t\t\t<\/div>\n\t\t\t\t<div class=\"elementor-element elementor-element-384cd68d elementor-widget elementor-widget-heading\" data-id=\"384cd68d\" data-element_type=\"widget\" data-widget_type=\"heading.default\">\n\t\t\t\t<div class=\"elementor-widget-container\">\n\t\t\t\t\t<h3 class=\"elementor-heading-title elementor-size-default\">Funciones y aplicaciones<\/h3>\t\t\t\t<\/div>\n\t\t\t\t<\/div>\n\t\t\t\t<div class=\"elementor-element elementor-element-551b98f5 elementor-widget elementor-widget-text-editor\" data-id=\"551b98f5\" data-element_type=\"widget\" data-widget_type=\"text-editor.default\">\n\t\t\t\t<div class=\"elementor-widget-container\">\n\t\t\t\t\t\t\t\t\t<ul><li>Dise\u00f1o de formulaciones de caucho y pl\u00e1stico.<\/li><li>Mezcla de caucho o pl\u00e1sticos.<\/li><li>Mezcla y vulcanizaci\u00f3n del caucho.<\/li><li>Preparaci\u00f3n de l\u00e1minas de caucho y pl\u00e1stico.<\/li><li>Optimizaci\u00f3n de par\u00e1metros y control del procesamiento del caucho.<\/li><\/ul>\t\t\t\t\t\t\t\t<\/div>\n\t\t\t\t<\/div>\n\t\t\t\t<div class=\"elementor-element elementor-element-4285d597 elementor-widget elementor-widget-heading\" data-id=\"4285d597\" data-element_type=\"widget\" data-widget_type=\"heading.default\">\n\t\t\t\t<div class=\"elementor-widget-container\">\n\t\t\t\t\t<h3 class=\"elementor-heading-title elementor-size-default\">Especificaci\u00f3n<\/h3>\t\t\t\t<\/div>\n\t\t\t\t<\/div>\n\t\t\t\t<div class=\"elementor-element elementor-element-67d22d5b elementor-widget elementor-widget-text-editor\" data-id=\"67d22d5b\" data-element_type=\"widget\" data-widget_type=\"text-editor.default\">\n\t\t\t\t<div class=\"elementor-widget-container\">\n\t\t\t\t\t\t\t\t\t<table width=\"566\"><tbody><tr><td width=\"217\">Modelo<\/td><td width=\"167\">HTR-120<\/td><td width=\"182\">HTR-160<\/td><\/tr><tr><td>Rango de espesor de las l\u00e1minas (mm)<\/td><td>0.2~2120<\/td><td>0.2~2<\/td><\/tr><tr><td>Di\u00e1metro del rollo (mm)<\/td><td>120<\/td><td>160<\/td><\/tr><tr><td>Ancho de la superficie del rodillo (mm)<\/td><td>300<\/td><td>400<\/td><\/tr><tr><td>M\u00e9todo de calentamiento<\/td><td>Calefacci\u00f3n el\u00e9ctrica\/de aceite<\/td><td>Calefacci\u00f3n el\u00e9ctrica\/de aceite<\/td><\/tr><tr><td>Temperatura m\u00e1xima (\u2103)<\/td><td>300<\/td><td>300<\/td><\/tr><tr><td>Precisi\u00f3n del control de temperatura (\u2103)<\/td><td>\u58eb2<\/td><td>\u571f2<\/td><\/tr><tr><td>Potencia del motor (kW)<\/td><td>4<\/td><td>5.5<\/td><\/tr><tr><td>Peso (kg)<\/td><td>450<\/td><td>480<\/td><\/tr><tr><td>Dimensiones (mm)<\/td><td>1100 x 648 x 1112<\/td><td>1198 x 648 x 1112<\/td><\/tr><\/tbody><\/table>\t\t\t\t\t\t\t\t<\/div>\n\t\t\t\t<\/div>\n\t\t\t\t<div class=\"elementor-element elementor-element-2381e36c elementor-widget elementor-widget-heading\" data-id=\"2381e36c\" data-element_type=\"widget\" data-widget_type=\"heading.default\">\n\t\t\t\t<div class=\"elementor-widget-container\">\n\t\t\t\t\t<h3 class=\"elementor-heading-title elementor-size-default\">V\u00eddeo<\/h3>\t\t\t\t<\/div>\n\t\t\t\t<\/div>\n\t\t\t\t<div class=\"elementor-element elementor-element-a689301 elementor-widget elementor-widget-video\" data-id=\"a689301\" data-element_type=\"widget\" data-settings=\"{&quot;youtube_url&quot;:&quot;https:\\\/\\\/youtu.be\\\/JuFQnCZZLuQ&quot;,&quot;video_type&quot;:&quot;youtube&quot;,&quot;controls&quot;:&quot;yes&quot;}\" data-widget_type=\"video.default\">\n\t\t\t\t<div class=\"elementor-widget-container\">\n\t\t\t\t\t\t\t<div class=\"elementor-wrapper elementor-open-inline\">\n\t\t\t<div class=\"elementor-video\"><\/div>\t\t<\/div>\n\t\t\t\t\t\t<\/div>\n\t\t\t\t<\/div>\n\t\t\t\t\t<\/div>\n\t\t<\/div>\n\t\t\t\t\t<\/div>\n\t\t<\/section>\n\t\t\t\t<\/div>","protected":false},"excerpt":{"rendered":"<p>Lab Two Roll Mill The Lab Two Roll Mill is a high-performance rubber and plastic extrusion machine characterized by its reliable and durable operation. Key features include: Equipped with a branded motor for stable speed control, ensuring smooth and consistent performance during continuous operations. The steel roller surface is coated with hard chrome and mirror-polished [&hellip;]<\/p>\n","protected":false},"author":1,"featured_media":701,"parent":141,"menu_order":0,"comment_status":"closed","ping_status":"closed","template":"","meta":{"site-sidebar-layout":"left-sidebar","site-content-layout":"","ast-site-content-layout":"normal-width-container","site-content-style":"boxed","site-sidebar-style":"default","ast-global-header-display":"","ast-banner-title-visibility":"","ast-main-header-display":"","ast-hfb-above-header-display":"","ast-hfb-below-header-display":"","ast-hfb-mobile-header-display":"","site-post-title":"disabled","ast-breadcrumbs-content":"","ast-featured-img":"disabled","footer-sml-layout":"","theme-transparent-header-meta":"","adv-header-id-meta":"","stick-header-meta":"","header-above-stick-meta":"","header-main-stick-meta":"","header-below-stick-meta":"","astra-migrate-meta-layouts":"default","ast-page-background-enabled":"default","ast-page-background-meta":{"desktop":{"background-color":"var(--ast-global-color-4)","background-image":"","background-repeat":"repeat","background-position":"center center","background-size":"auto","background-attachment":"scroll","background-type":"","background-media":"","overlay-type":"","overlay-color":"","overlay-opacity":"","overlay-gradient":""},"tablet":{"background-color":"","background-image":"","background-repeat":"repeat","background-position":"center center","background-size":"auto","background-attachment":"scroll","background-type":"","background-media":"","overlay-type":"","overlay-color":"","overlay-opacity":"","overlay-gradient":""},"mobile":{"background-color":"","background-image":"","background-repeat":"repeat","background-position":"center center","background-size":"auto","background-attachment":"scroll","background-type":"","background-media":"","overlay-type":"","overlay-color":"","overlay-opacity":"","overlay-gradient":""}},"ast-content-background-meta":{"desktop":{"background-color":"var(--ast-global-color-5)","background-image":"","background-repeat":"repeat","background-position":"center center","background-size":"auto","background-attachment":"scroll","background-type":"","background-media":"","overlay-type":"","overlay-color":"","overlay-opacity":"","overlay-gradient":""},"tablet":{"background-color":"var(--ast-global-color-5)","background-image":"","background-repeat":"repeat","background-position":"center center","background-size":"auto","background-attachment":"scroll","background-type":"","background-media":"","overlay-type":"","overlay-color":"","overlay-opacity":"","overlay-gradient":""},"mobile":{"background-color":"var(--ast-global-color-5)","background-image":"","background-repeat":"repeat","background-position":"center center","background-size":"auto","background-attachment":"scroll","background-type":"","background-media":"","overlay-type":"","overlay-color":"","overlay-opacity":"","overlay-gradient":""}},"footnotes":""},"class_list":["post-7","page","type-page","status-publish","has-post-thumbnail","hentry"],"_links":{"self":[{"href":"https:\/\/extruder-lab.com\/es\/wp-json\/wp\/v2\/pages\/7","targetHints":{"allow":["GET"]}}],"collection":[{"href":"https:\/\/extruder-lab.com\/es\/wp-json\/wp\/v2\/pages"}],"about":[{"href":"https:\/\/extruder-lab.com\/es\/wp-json\/wp\/v2\/types\/page"}],"author":[{"embeddable":true,"href":"https:\/\/extruder-lab.com\/es\/wp-json\/wp\/v2\/users\/1"}],"replies":[{"embeddable":true,"href":"https:\/\/extruder-lab.com\/es\/wp-json\/wp\/v2\/comments?post=7"}],"version-history":[{"count":0,"href":"https:\/\/extruder-lab.com\/es\/wp-json\/wp\/v2\/pages\/7\/revisions"}],"up":[{"embeddable":true,"href":"https:\/\/extruder-lab.com\/es\/wp-json\/wp\/v2\/pages\/141"}],"wp:featuredmedia":[{"embeddable":true,"href":"https:\/\/extruder-lab.com\/es\/wp-json\/wp\/v2\/media\/701"}],"wp:attachment":[{"href":"https:\/\/extruder-lab.com\/es\/wp-json\/wp\/v2\/media?parent=7"}],"curies":[{"name":"wp","href":"https:\/\/api.w.org\/{rel}","templated":true}]}}