{"id":708,"date":"2025-08-13T14:18:33","date_gmt":"2025-08-13T06:18:33","guid":{"rendered":"https:\/\/extruder-lab.com\/?page_id=708"},"modified":"2025-11-24T12:15:44","modified_gmt":"2025-11-24T04:15:44","slug":"laboratory-banbury-mixer","status":"publish","type":"page","link":"https:\/\/extruder-lab.com\/es\/products\/laboratory-banbury-mixer","title":{"rendered":"Mezcladora de laboratorio Banbury"},"content":{"rendered":"<div data-elementor-type=\"wp-page\" data-elementor-id=\"708\" class=\"elementor elementor-708\">\n\t\t\t\t\t\t<section class=\"elementor-section elementor-top-section elementor-element elementor-element-2f6a22fd elementor-section-boxed elementor-section-height-default elementor-section-height-default\" data-id=\"2f6a22fd\" data-element_type=\"section\">\n\t\t\t\t\t\t<div class=\"elementor-container elementor-column-gap-default\">\n\t\t\t\t\t<div class=\"elementor-column elementor-col-100 elementor-top-column elementor-element elementor-element-61209061\" data-id=\"61209061\" data-element_type=\"column\">\n\t\t\t<div class=\"elementor-widget-wrap elementor-element-populated\">\n\t\t\t\t\t\t<div class=\"elementor-element elementor-element-1b99b810 elementor-widget elementor-widget-image\" data-id=\"1b99b810\" data-element_type=\"widget\" data-widget_type=\"image.default\">\n\t\t\t\t<div class=\"elementor-widget-container\">\n\t\t\t\t\t\t\t\t\t\t\t\t\t\t\t<img fetchpriority=\"high\" decoding=\"async\" width=\"790\" height=\"530\" src=\"https:\/\/extruder-lab.com\/wp-content\/uploads\/2025\/09\/790_530_5c95962ccf06c.jpg\" class=\"attachment-large size-large wp-image-716\" alt=\"Lab Banbury Mixer\" srcset=\"https:\/\/extruder-lab.com\/wp-content\/uploads\/2025\/09\/790_530_5c95962ccf06c.jpg 790w, https:\/\/extruder-lab.com\/wp-content\/uploads\/2025\/09\/790_530_5c95962ccf06c-300x201.jpg 300w, https:\/\/extruder-lab.com\/wp-content\/uploads\/2025\/09\/790_530_5c95962ccf06c-768x515.jpg 768w\" sizes=\"(max-width: 790px) 100vw, 790px\" \/>\t\t\t\t\t\t\t\t\t\t\t\t\t\t\t<\/div>\n\t\t\t\t<\/div>\n\t\t\t\t<div class=\"elementor-element elementor-element-28fc3b98 elementor-widget elementor-widget-heading\" data-id=\"28fc3b98\" data-element_type=\"widget\" data-widget_type=\"heading.default\">\n\t\t\t\t<div class=\"elementor-widget-container\">\n\t\t\t\t\t<h2 class=\"elementor-heading-title elementor-size-default\">Mezcladora de laboratorio Banbury<\/h2>\t\t\t\t<\/div>\n\t\t\t\t<\/div>\n\t\t\t\t<div class=\"elementor-element elementor-element-f5d986a elementor-widget elementor-widget-text-editor\" data-id=\"f5d986a\" data-element_type=\"widget\" data-widget_type=\"text-editor.default\">\n\t\t\t\t<div class=\"elementor-widget-container\">\n\t\t\t\t\t\t\t\t\t<p>La mezcladora Hartek Lab Banbury es una m\u00e1quina mezcladora industrial avanzada que se caracteriza por su rendimiento robusto y su control preciso. <strong>Las caracter\u00edsticas principales incluyen:<\/strong><\/p><ol><li>Motor de velocidad variable: equipado con un motor de alta calidad, permite un control exacto de la velocidad de rotaci\u00f3n del rotor, lo que garantiza operaciones de mezcla eficientes y consistentes.<\/li><li>Selecci\u00f3n del rotor: La m\u00e1quina ofrece la opci\u00f3n de elegir entre diferentes tipos de rotores adaptados a los requisitos espec\u00edficos de procesamiento de materiales y aplicaciones industriales.<\/li><li>Sistema de calentamiento el\u00e9ctrico con control de temperatura PID: esta funci\u00f3n permite una regulaci\u00f3n precisa de la temperatura durante la mezcla, lo que mejora la eficiencia del proceso y la calidad del producto. El sistema PID garantiza una velocidad y un control precisos del calentamiento.<\/li><li>Medidas de doble protecci\u00f3n para maquinaria y equipos el\u00e9ctricos: La mezcladora est\u00e1 dise\u00f1ada con caracter\u00edsticas de doble seguridad para proteger tanto los componentes mec\u00e1nicos como los sistemas el\u00e9ctricos, lo que garantiza un funcionamiento seguro y confiable.<\/li><\/ol><p>Esta m\u00e1quina es ideal para aplicaciones industriales de mezcla exigentes que requieren alta precisi\u00f3n, confiabilidad y adaptabilidad.<\/p>\t\t\t\t\t\t\t\t<\/div>\n\t\t\t\t<\/div>\n\t\t\t\t<div class=\"elementor-element elementor-element-8ebff9e elementor-widget elementor-widget-heading\" data-id=\"8ebff9e\" data-element_type=\"widget\" data-widget_type=\"heading.default\">\n\t\t\t\t<div class=\"elementor-widget-container\">\n\t\t\t\t\t<h3 class=\"elementor-heading-title elementor-size-default\">Funciones y aplicaciones<\/h3>\t\t\t\t<\/div>\n\t\t\t\t<\/div>\n\t\t\t\t<div class=\"elementor-element elementor-element-2b81f3cf elementor-widget elementor-widget-text-editor\" data-id=\"2b81f3cf\" data-element_type=\"widget\" data-widget_type=\"text-editor.default\">\n\t\t\t\t<div class=\"elementor-widget-container\">\n\t\t\t\t\t\t\t\t\t<ul><li>Mezcla y plastificaci\u00f3n de materiales de caucho comunes.;<\/li><li>Llenado, mezcla y dispersi\u00f3n de materiales de caucho.;<\/li><li>Dise\u00f1o con f\u00f3rmula de goma;<\/li><li>Pretratamiento t\u00e9rmico com\u00fan de materiales de caucho.<\/li><\/ul>\t\t\t\t\t\t\t\t<\/div>\n\t\t\t\t<\/div>\n\t\t\t\t<div class=\"elementor-element elementor-element-540fbc94 elementor-widget elementor-widget-heading\" data-id=\"540fbc94\" data-element_type=\"widget\" data-widget_type=\"heading.default\">\n\t\t\t\t<div class=\"elementor-widget-container\">\n\t\t\t\t\t<h3 class=\"elementor-heading-title elementor-size-default\">Especificaci\u00f3n<\/h3>\t\t\t\t<\/div>\n\t\t\t\t<\/div>\n\t\t\t\t<div class=\"elementor-element elementor-element-e59ffa7 elementor-widget elementor-widget-text-editor\" data-id=\"e59ffa7\" data-element_type=\"widget\" data-widget_type=\"text-editor.default\">\n\t\t\t\t<div class=\"elementor-widget-container\">\n\t\t\t\t\t\t\t\t\t<table width=\"748\"><tbody><tr><td width=\"217\">Modelo<\/td><td width=\"167\">HTK-55<\/td><td width=\"182\">HTK-200<\/td><td width=\"182\">HTK-300<\/td><\/tr><tr><td>Volumen de la c\u00e1mara de mezcla (ml)<\/td><td>55<\/td><td>200<\/td><td>300<\/td><\/tr><tr><td>Relaci\u00f3n de velocidad del rotor<\/td><td>2:03<\/td><td>2:03<\/td><td>2:03<\/td><\/tr><tr><td>Velocidad del rotor (rpm)<\/td><td>0~200<\/td><td>0~200<\/td><td>0~200<\/td><\/tr><tr><td>Tipo de rotor<\/td><td>Rodillo, Banbury, leva, sigma<\/td><td>Rodillo, Banbury, leva, sigma<\/td><td>Rodillo, Banbury, leva, sigma<\/td><\/tr><tr><td>Temperatura m\u00e1xima (\u2103)<\/td><td>350<\/td><td>350<\/td><td>350<\/td><\/tr><tr><td>Temp. Precisi\u00f3n de control(\u2103)<\/td><td>\u571f1<\/td><td>\u571f1<\/td><td>\u58eb1<\/td><\/tr><tr><td>M\u00e9todo de calefacci\u00f3n\/refrigeraci\u00f3n<\/td><td>Calefacci\u00f3n el\u00e9ctrica \/ Refrigeraci\u00f3n por aire comprimido<\/td><td>Calefacci\u00f3n el\u00e9ctrica \/ Refrigeraci\u00f3n por aire comprimido<\/td><td>Calefacci\u00f3n el\u00e9ctrica \/ Refrigeraci\u00f3n por aire comprimido<\/td><\/tr><tr><td>Potencia de accionamiento (kW)<\/td><td>3<\/td><td>5.5<\/td><td>7.5<\/td><\/tr><tr><td>Potencia total (kW)<\/td><td>4.5<\/td><td>6<\/td><td>8<\/td><\/tr><tr><td>Peso (kg)<\/td><td>290<\/td><td>320<\/td><td>380<\/td><\/tr><tr><td>Dimensiones (mm)<\/td><td>1250 x 690 x 1350<\/td><td>1350 x 690 x 1350<\/td><td>1480 x 690 x 1350<\/td><\/tr><\/tbody><\/table>\t\t\t\t\t\t\t\t<\/div>\n\t\t\t\t<\/div>\n\t\t\t\t\t<\/div>\n\t\t<\/div>\n\t\t\t\t\t<\/div>\n\t\t<\/section>\n\t\t\t\t<\/div>","protected":false},"excerpt":{"rendered":"<p>Laboratory Banbury Mixer Hartek Lab Banbury Mixer is an advanced industrial mixing machine characterized by its robust performance and precise control. Key features include: Variable Speed Motor: Equipped with a high-quality motor, it allows for exact control of the rotor&#8217;s rotational speed, ensuring efficient and consistent mixing operations. Rotor Selection: The machine offers the option [&hellip;]<\/p>\n","protected":false},"author":1,"featured_media":716,"parent":141,"menu_order":0,"comment_status":"closed","ping_status":"closed","template":"","meta":{"site-sidebar-layout":"left-sidebar","site-content-layout":"","ast-site-content-layout":"default","site-content-style":"default","site-sidebar-style":"default","ast-global-header-display":"","ast-banner-title-visibility":"","ast-main-header-display":"","ast-hfb-above-header-display":"","ast-hfb-below-header-display":"","ast-hfb-mobile-header-display":"","site-post-title":"disabled","ast-breadcrumbs-content":"","ast-featured-img":"disabled","footer-sml-layout":"","theme-transparent-header-meta":"","adv-header-id-meta":"","stick-header-meta":"","header-above-stick-meta":"","header-main-stick-meta":"","header-below-stick-meta":"","astra-migrate-meta-layouts":"set","ast-page-background-enabled":"default","ast-page-background-meta":{"desktop":{"background-color":"var(--ast-global-color-5)","background-image":"","background-repeat":"repeat","background-position":"center center","background-size":"auto","background-attachment":"scroll","background-type":"","background-media":"","overlay-type":"","overlay-color":"","overlay-opacity":"","overlay-gradient":""},"tablet":{"background-color":"","background-image":"","background-repeat":"repeat","background-position":"center center","background-size":"auto","background-attachment":"scroll","background-type":"","background-media":"","overlay-type":"","overlay-color":"","overlay-opacity":"","overlay-gradient":""},"mobile":{"background-color":"","background-image":"","background-repeat":"repeat","background-position":"center center","background-size":"auto","background-attachment":"scroll","background-type":"","background-media":"","overlay-type":"","overlay-color":"","overlay-opacity":"","overlay-gradient":""}},"ast-content-background-meta":{"desktop":{"background-color":"var(--ast-global-color-4)","background-image":"","background-repeat":"repeat","background-position":"center center","background-size":"auto","background-attachment":"scroll","background-type":"","background-media":"","overlay-type":"","overlay-color":"","overlay-opacity":"","overlay-gradient":""},"tablet":{"background-color":"var(--ast-global-color-4)","background-image":"","background-repeat":"repeat","background-position":"center center","background-size":"auto","background-attachment":"scroll","background-type":"","background-media":"","overlay-type":"","overlay-color":"","overlay-opacity":"","overlay-gradient":""},"mobile":{"background-color":"var(--ast-global-color-4)","background-image":"","background-repeat":"repeat","background-position":"center center","background-size":"auto","background-attachment":"scroll","background-type":"","background-media":"","overlay-type":"","overlay-color":"","overlay-opacity":"","overlay-gradient":""}},"footnotes":""},"class_list":["post-708","page","type-page","status-publish","has-post-thumbnail","hentry"],"_links":{"self":[{"href":"https:\/\/extruder-lab.com\/es\/wp-json\/wp\/v2\/pages\/708","targetHints":{"allow":["GET"]}}],"collection":[{"href":"https:\/\/extruder-lab.com\/es\/wp-json\/wp\/v2\/pages"}],"about":[{"href":"https:\/\/extruder-lab.com\/es\/wp-json\/wp\/v2\/types\/page"}],"author":[{"embeddable":true,"href":"https:\/\/extruder-lab.com\/es\/wp-json\/wp\/v2\/users\/1"}],"replies":[{"embeddable":true,"href":"https:\/\/extruder-lab.com\/es\/wp-json\/wp\/v2\/comments?post=708"}],"version-history":[{"count":1,"href":"https:\/\/extruder-lab.com\/es\/wp-json\/wp\/v2\/pages\/708\/revisions"}],"predecessor-version":[{"id":985,"href":"https:\/\/extruder-lab.com\/es\/wp-json\/wp\/v2\/pages\/708\/revisions\/985"}],"up":[{"embeddable":true,"href":"https:\/\/extruder-lab.com\/es\/wp-json\/wp\/v2\/pages\/141"}],"wp:featuredmedia":[{"embeddable":true,"href":"https:\/\/extruder-lab.com\/es\/wp-json\/wp\/v2\/media\/716"}],"wp:attachment":[{"href":"https:\/\/extruder-lab.com\/es\/wp-json\/wp\/v2\/media?parent=708"}],"curies":[{"name":"wp","href":"https:\/\/api.w.org\/{rel}","templated":true}]}}