{"id":731,"date":"2025-08-22T14:52:08","date_gmt":"2025-08-22T06:52:08","guid":{"rendered":"https:\/\/extruder-lab.com\/?page_id=731"},"modified":"2025-11-24T12:17:17","modified_gmt":"2025-11-24T04:17:17","slug":"lab-hydraulic-tablet-press","status":"publish","type":"page","link":"https:\/\/extruder-lab.com\/es\/products\/lab-hydraulic-tablet-press","title":{"rendered":"Tableteadora hidr\u00e1ulica de laboratorio"},"content":{"rendered":"<div data-elementor-type=\"wp-page\" data-elementor-id=\"731\" class=\"elementor elementor-731\">\n\t\t\t\t\t\t<section class=\"elementor-section elementor-top-section elementor-element elementor-element-404248c5 elementor-section-boxed elementor-section-height-default elementor-section-height-default\" data-id=\"404248c5\" data-element_type=\"section\">\n\t\t\t\t\t\t<div class=\"elementor-container elementor-column-gap-default\">\n\t\t\t\t\t<div class=\"elementor-column elementor-col-100 elementor-top-column elementor-element elementor-element-579f9c50\" data-id=\"579f9c50\" data-element_type=\"column\">\n\t\t\t<div class=\"elementor-widget-wrap elementor-element-populated\">\n\t\t\t\t\t\t<div class=\"elementor-element elementor-element-1cbe7cba elementor-widget elementor-widget-image\" data-id=\"1cbe7cba\" data-element_type=\"widget\" data-widget_type=\"image.default\">\n\t\t\t\t<div class=\"elementor-widget-container\">\n\t\t\t\t\t\t\t\t\t\t\t\t\t\t\t<img fetchpriority=\"high\" decoding=\"async\" width=\"790\" height=\"530\" src=\"https:\/\/extruder-lab.com\/wp-content\/uploads\/2025\/09\/thumb_790_530_5c920888b3ecd.jpg\" class=\"attachment-large size-large wp-image-732\" alt=\"Hydraulic Platen Press\" srcset=\"https:\/\/extruder-lab.com\/wp-content\/uploads\/2025\/09\/thumb_790_530_5c920888b3ecd.jpg 790w, https:\/\/extruder-lab.com\/wp-content\/uploads\/2025\/09\/thumb_790_530_5c920888b3ecd-300x201.jpg 300w, https:\/\/extruder-lab.com\/wp-content\/uploads\/2025\/09\/thumb_790_530_5c920888b3ecd-768x515.jpg 768w\" sizes=\"(max-width: 790px) 100vw, 790px\" \/>\t\t\t\t\t\t\t\t\t\t\t\t\t\t\t<\/div>\n\t\t\t\t<\/div>\n\t\t\t\t<div class=\"elementor-element elementor-element-4f8a6aa6 elementor-widget elementor-widget-heading\" data-id=\"4f8a6aa6\" data-element_type=\"widget\" data-widget_type=\"heading.default\">\n\t\t\t\t<div class=\"elementor-widget-container\">\n\t\t\t\t\t<h2 class=\"elementor-heading-title elementor-size-default\">Tableteadora hidr\u00e1ulica de laboratorio<\/h2>\t\t\t\t<\/div>\n\t\t\t\t<\/div>\n\t\t\t\t<div class=\"elementor-element elementor-element-79f51805 elementor-widget elementor-widget-text-editor\" data-id=\"79f51805\" data-element_type=\"widget\" data-widget_type=\"text-editor.default\">\n\t\t\t\t<div class=\"elementor-widget-container\">\n\t\t\t\t\t\t\t\t\t<p>Una comprimidora de laboratorio es una m\u00e1quina de compresi\u00f3n a peque\u00f1a escala utilizada en las industrias farmac\u00e9utica, qu\u00edmica y alimentaria para convertir polvos en comprimidos de tama\u00f1o, forma y peso uniformes. Es una herramienta esencial para la producci\u00f3n de lotes peque\u00f1os, investigaci\u00f3n y desarrollo, control de calidad y fines educativos, ya que permite la creaci\u00f3n precisa de comprimidos con un consumo m\u00ednimo de material.<\/p><div><strong>Caracter\u00edsticas principales:<\/strong><\/div><div>1) Equipado con un sistema hidr\u00e1ulico de alto rendimiento con funci\u00f3n de compensaci\u00f3n autom\u00e1tica de la presi\u00f3n;<\/div><div>2) Postes gu\u00eda de alta precisi\u00f3n y alta resistencia al desgaste para soportar una gran fuerza de carga y una elevaci\u00f3n estable;<\/div><div>3) Calefacci\u00f3n el\u00e9ctrica y control de temperatura PID para calentar r\u00e1pidamente y controlar con precisi\u00f3n la temperatura;<\/div><div>4) Tiempo de moldeo ajustable;<\/div><p>5) Aumenta y libera autom\u00e1ticamente la presi\u00f3n al alcanzar el tiempo programado<\/p>\t\t\t\t\t\t\t\t<\/div>\n\t\t\t\t<\/div>\n\t\t\t\t<div class=\"elementor-element elementor-element-7b097b0f elementor-widget elementor-widget-heading\" data-id=\"7b097b0f\" data-element_type=\"widget\" data-widget_type=\"heading.default\">\n\t\t\t\t<div class=\"elementor-widget-container\">\n\t\t\t\t\t<h3 class=\"elementor-heading-title elementor-size-default\">Funciones y aplicaciones<\/h3>\t\t\t\t<\/div>\n\t\t\t\t<\/div>\n\t\t\t\t<div class=\"elementor-element elementor-element-3eac0db8 elementor-widget elementor-widget-text-editor\" data-id=\"3eac0db8\" data-element_type=\"widget\" data-widget_type=\"text-editor.default\">\n\t\t\t\t<div class=\"elementor-widget-container\">\n\t\t\t\t\t\t\t\t\t<ul><li>Procesamiento de sulfuro presurizado calentado del caucho com\u00fan;<\/li><li>Preparaci\u00f3n de productos simples de vulcanizaci\u00f3n del caucho;<\/li><li>Preparaci\u00f3n de productos sencillos con material termoendurecible;<\/li><li>Termoformado del caucho com\u00fan, pl\u00e1stico y sus compuestos;<\/li><li>Investigaci\u00f3n de la vulcanizaci\u00f3n del caucho com\u00fan;<\/li><li>Dise\u00f1o con f\u00f3rmula de goma;<\/li><li>Optimizaci\u00f3n y control de la tecnolog\u00eda de vulcanizaci\u00f3n del caucho<\/li><\/ul>\t\t\t\t\t\t\t\t<\/div>\n\t\t\t\t<\/div>\n\t\t\t\t<div class=\"elementor-element elementor-element-370a8030 elementor-widget elementor-widget-heading\" data-id=\"370a8030\" data-element_type=\"widget\" data-widget_type=\"heading.default\">\n\t\t\t\t<div class=\"elementor-widget-container\">\n\t\t\t\t\t<h3 class=\"elementor-heading-title elementor-size-default\">Especificaci\u00f3n<\/h3>\t\t\t\t<\/div>\n\t\t\t\t<\/div>\n\t\t\t\t<div class=\"elementor-element elementor-element-b2776b3 elementor-widget elementor-widget-text-editor\" data-id=\"b2776b3\" data-element_type=\"widget\" data-widget_type=\"text-editor.default\">\n\t\t\t\t<div class=\"elementor-widget-container\">\n\t\t\t\t\t\t\t\t\t<table width=\"566\"><tbody><tr><td width=\"217\">Modelo<\/td><td width=\"167\">HTYP-20<\/td><td width=\"182\">HTYP-30<\/td><\/tr><tr><td width=\"217\">Pulse<\/td><td width=\"167\">20t<\/td><td width=\"182\">30t<\/td><\/tr><tr><td>M\u00e1x. Temp.<\/td><td width=\"167\">300\u2103<\/td><td width=\"182\">300\u2103<\/td><\/tr><tr><td>Temp. Precisi\u00f3n de control<\/td><td width=\"167\">\u00b12\u2103<\/td><td width=\"182\">\u00b12\u2103<\/td><\/tr><tr><td width=\"217\">Calefacci\u00f3n Way<\/td><td width=\"167\">Calefacci\u00f3n el\u00e9ctrica<\/td><td width=\"182\">Calefacci\u00f3n el\u00e9ctrica<\/td><\/tr><tr><td width=\"217\">Tama\u00f1o de la platina<\/td><td width=\"167\">300\u00d7300\u00d760<\/td><td width=\"182\">300\u00d7300\u00d760<\/td><\/tr><tr><td>Distancia abierta<\/td><td width=\"167\">0~150mm<\/td><td width=\"182\">0~150mm<\/td><\/tr><tr><td width=\"217\">N\u00famero de escapes<\/td><td width=\"167\">0~10<\/td><td width=\"182\">0~10<\/td><\/tr><tr><td width=\"217\">sensor de presi\u00f3n<\/td><td width=\"167\">0~20Mpa<\/td><td width=\"182\">0~20Mpa<\/td><\/tr><tr><td>Dimendion L\u00d7A\u00d7H\u00a0<\/td><td width=\"167\">950\u00d7500\u00d71470mm\u00a0<\/td><td width=\"182\">950\u00d7500\u00d71470mm\u00a0<\/td><\/tr><\/tbody><\/table>\t\t\t\t\t\t\t\t<\/div>\n\t\t\t\t<\/div>\n\t\t\t\t<div class=\"elementor-element elementor-element-31770be5 elementor-widget elementor-widget-heading\" data-id=\"31770be5\" data-element_type=\"widget\" data-widget_type=\"heading.default\">\n\t\t\t\t<div class=\"elementor-widget-container\">\n\t\t\t\t\t<h3 class=\"elementor-heading-title elementor-size-default\">V\u00eddeo<\/h3>\t\t\t\t<\/div>\n\t\t\t\t<\/div>\n\t\t\t\t<div class=\"elementor-element elementor-element-3f3f2300 elementor-widget elementor-widget-video\" data-id=\"3f3f2300\" data-element_type=\"widget\" data-settings=\"{&quot;youtube_url&quot;:&quot;https:\\\/\\\/youtube.com\\\/shorts\\\/EZAWcQZw4O4?feature=share&quot;,&quot;video_type&quot;:&quot;youtube&quot;,&quot;controls&quot;:&quot;yes&quot;}\" data-widget_type=\"video.default\">\n\t\t\t\t<div class=\"elementor-widget-container\">\n\t\t\t\t\t\t\t<div class=\"elementor-wrapper elementor-open-inline\">\n\t\t\t<div class=\"elementor-video\"><\/div>\t\t<\/div>\n\t\t\t\t\t\t<\/div>\n\t\t\t\t<\/div>\n\t\t\t\t\t<\/div>\n\t\t<\/div>\n\t\t\t\t\t<\/div>\n\t\t<\/section>\n\t\t\t\t<\/div>","protected":false},"excerpt":{"rendered":"<p>Laboratory Hydraulic Tablet Press A lab tablet press is a small-scale compression machine used in pharmaceutical, chemical, and food industries to form powders into tablets of a uniform size, shape, and weight. It is an essential tool for small batch production, research and development, quality control, and educational purposes, allowing for the precise creation of [&hellip;]<\/p>\n","protected":false},"author":1,"featured_media":732,"parent":141,"menu_order":0,"comment_status":"closed","ping_status":"closed","template":"","meta":{"site-sidebar-layout":"left-sidebar","site-content-layout":"","ast-site-content-layout":"default","site-content-style":"default","site-sidebar-style":"default","ast-global-header-display":"","ast-banner-title-visibility":"","ast-main-header-display":"","ast-hfb-above-header-display":"","ast-hfb-below-header-display":"","ast-hfb-mobile-header-display":"","site-post-title":"disabled","ast-breadcrumbs-content":"","ast-featured-img":"disabled","footer-sml-layout":"","theme-transparent-header-meta":"","adv-header-id-meta":"","stick-header-meta":"","header-above-stick-meta":"","header-main-stick-meta":"","header-below-stick-meta":"","astra-migrate-meta-layouts":"set","ast-page-background-enabled":"default","ast-page-background-meta":{"desktop":{"background-color":"var(--ast-global-color-5)","background-image":"","background-repeat":"repeat","background-position":"center center","background-size":"auto","background-attachment":"scroll","background-type":"","background-media":"","overlay-type":"","overlay-color":"","overlay-opacity":"","overlay-gradient":""},"tablet":{"background-color":"","background-image":"","background-repeat":"repeat","background-position":"center center","background-size":"auto","background-attachment":"scroll","background-type":"","background-media":"","overlay-type":"","overlay-color":"","overlay-opacity":"","overlay-gradient":""},"mobile":{"background-color":"","background-image":"","background-repeat":"repeat","background-position":"center center","background-size":"auto","background-attachment":"scroll","background-type":"","background-media":"","overlay-type":"","overlay-color":"","overlay-opacity":"","overlay-gradient":""}},"ast-content-background-meta":{"desktop":{"background-color":"var(--ast-global-color-4)","background-image":"","background-repeat":"repeat","background-position":"center center","background-size":"auto","background-attachment":"scroll","background-type":"","background-media":"","overlay-type":"","overlay-color":"","overlay-opacity":"","overlay-gradient":""},"tablet":{"background-color":"var(--ast-global-color-4)","background-image":"","background-repeat":"repeat","background-position":"center center","background-size":"auto","background-attachment":"scroll","background-type":"","background-media":"","overlay-type":"","overlay-color":"","overlay-opacity":"","overlay-gradient":""},"mobile":{"background-color":"var(--ast-global-color-4)","background-image":"","background-repeat":"repeat","background-position":"center center","background-size":"auto","background-attachment":"scroll","background-type":"","background-media":"","overlay-type":"","overlay-color":"","overlay-opacity":"","overlay-gradient":""}},"footnotes":""},"class_list":["post-731","page","type-page","status-publish","has-post-thumbnail","hentry"],"_links":{"self":[{"href":"https:\/\/extruder-lab.com\/es\/wp-json\/wp\/v2\/pages\/731","targetHints":{"allow":["GET"]}}],"collection":[{"href":"https:\/\/extruder-lab.com\/es\/wp-json\/wp\/v2\/pages"}],"about":[{"href":"https:\/\/extruder-lab.com\/es\/wp-json\/wp\/v2\/types\/page"}],"author":[{"embeddable":true,"href":"https:\/\/extruder-lab.com\/es\/wp-json\/wp\/v2\/users\/1"}],"replies":[{"embeddable":true,"href":"https:\/\/extruder-lab.com\/es\/wp-json\/wp\/v2\/comments?post=731"}],"version-history":[{"count":1,"href":"https:\/\/extruder-lab.com\/es\/wp-json\/wp\/v2\/pages\/731\/revisions"}],"predecessor-version":[{"id":990,"href":"https:\/\/extruder-lab.com\/es\/wp-json\/wp\/v2\/pages\/731\/revisions\/990"}],"up":[{"embeddable":true,"href":"https:\/\/extruder-lab.com\/es\/wp-json\/wp\/v2\/pages\/141"}],"wp:featuredmedia":[{"embeddable":true,"href":"https:\/\/extruder-lab.com\/es\/wp-json\/wp\/v2\/media\/732"}],"wp:attachment":[{"href":"https:\/\/extruder-lab.com\/es\/wp-json\/wp\/v2\/media?parent=731"}],"curies":[{"name":"wp","href":"https:\/\/api.w.org\/{rel}","templated":true}]}}