{"id":1111,"date":"2026-02-05T17:14:38","date_gmt":"2026-02-05T09:14:38","guid":{"rendered":"https:\/\/extruder-lab.com\/?page_id=1111"},"modified":"2026-02-05T17:29:14","modified_gmt":"2026-02-05T09:29:14","slug":"3d-printing-filament-pla-abs-production-line","status":"publish","type":"page","link":"https:\/\/extruder-lab.com\/fr\/products\/3d-printing-filament-pla-abs-production-line","title":{"rendered":"Ligne de production de filaments d'impression 3D PLA\/ABS"},"content":{"rendered":"<div data-elementor-type=\"wp-page\" data-elementor-id=\"1111\" class=\"elementor elementor-1111\">\n\t\t\t\t\t\t<section class=\"elementor-section elementor-top-section elementor-element elementor-element-427aea95 elementor-section-boxed elementor-section-height-default elementor-section-height-default\" data-id=\"427aea95\" data-element_type=\"section\">\n\t\t\t\t\t\t<div class=\"elementor-container elementor-column-gap-default\">\n\t\t\t\t\t<div class=\"elementor-column elementor-col-100 elementor-top-column elementor-element elementor-element-46266351\" data-id=\"46266351\" data-element_type=\"column\">\n\t\t\t<div class=\"elementor-widget-wrap elementor-element-populated\">\n\t\t\t\t\t\t<div class=\"elementor-element elementor-element-4bc583b elementor-widget elementor-widget-image\" data-id=\"4bc583b\" data-element_type=\"widget\" data-widget_type=\"image.default\">\n\t\t\t\t<div class=\"elementor-widget-container\">\n\t\t\t\t\t\t\t\t\t\t\t\t\t\t\t<img fetchpriority=\"high\" decoding=\"async\" width=\"1024\" height=\"640\" src=\"https:\/\/extruder-lab.com\/wp-content\/uploads\/2026\/02\/3d-filament-extruder-1024x640.jpg\" class=\"attachment-large size-large wp-image-1119\" alt=\"3d-filament-extruder\" srcset=\"https:\/\/extruder-lab.com\/wp-content\/uploads\/2026\/02\/3d-filament-extruder-1024x640.jpg 1024w, https:\/\/extruder-lab.com\/wp-content\/uploads\/2026\/02\/3d-filament-extruder-300x188.jpg 300w, https:\/\/extruder-lab.com\/wp-content\/uploads\/2026\/02\/3d-filament-extruder-768x480.jpg 768w, https:\/\/extruder-lab.com\/wp-content\/uploads\/2026\/02\/3d-filament-extruder-18x12.jpg 18w, https:\/\/extruder-lab.com\/wp-content\/uploads\/2026\/02\/3d-filament-extruder.jpg 1100w\" sizes=\"(max-width: 1024px) 100vw, 1024px\" \/>\t\t\t\t\t\t\t\t\t\t\t\t\t\t\t<\/div>\n\t\t\t\t<\/div>\n\t\t\t\t<div class=\"elementor-element elementor-element-1346216 elementor-widget elementor-widget-heading\" data-id=\"1346216\" data-element_type=\"widget\" data-widget_type=\"heading.default\">\n\t\t\t\t<div class=\"elementor-widget-container\">\n\t\t\t\t\t<h2 class=\"elementor-heading-title elementor-size-default\">Ligne de production de filaments d'impression 3D PLA\/ABS<\/h2>\t\t\t\t<\/div>\n\t\t\t\t<\/div>\n\t\t\t\t<div class=\"elementor-element elementor-element-2dac67bb elementor-widget elementor-widget-text-editor\" data-id=\"2dac67bb\" data-element_type=\"widget\" data-widget_type=\"text-editor.default\">\n\t\t\t\t<div class=\"elementor-widget-container\">\n\t\t\t\t\t\t\t\t\t<p>Une ligne de production de filaments pour l'impression 3D est un syst\u00e8me de production automatis\u00e9 sp\u00e9cialement con\u00e7u pour produire les mat\u00e9riaux n\u00e9cessaires \u00e0 l'impression 3D. Une ligne de production de filaments pour l'impression 3D se compose d'une extrudeuse monovis de pr\u00e9cision, d'une fili\u00e8re de filament, d'un syst\u00e8me de refroidissement par eau, d'un syst\u00e8me de stockage de filament, d'un syst\u00e8me de traction, d'un syst\u00e8me de mesure du diam\u00e8tre, d'un syst\u00e8me d'enroulement et d'un syst\u00e8me de mesure et de contr\u00f4le, permettant des fonctions telles que l'extrusion, le refroidissement, la mesure du diam\u00e8tre et l'enroulement du filament.<\/p>\t\t\t\t\t\t\t\t<\/div>\n\t\t\t\t<\/div>\n\t\t\t\t<div class=\"elementor-element elementor-element-7ad4dcac elementor-widget elementor-widget-heading\" data-id=\"7ad4dcac\" data-element_type=\"widget\" data-widget_type=\"heading.default\">\n\t\t\t\t<div class=\"elementor-widget-container\">\n\t\t\t\t\t<h3 class=\"elementor-heading-title elementor-size-default\">Fonctions et applications<\/h3>\t\t\t\t<\/div>\n\t\t\t\t<\/div>\n\t\t\t\t<div class=\"elementor-element elementor-element-6ada2ce5 elementor-widget elementor-widget-text-editor\" data-id=\"6ada2ce5\" data-element_type=\"widget\" data-widget_type=\"text-editor.default\">\n\t\t\t\t<div class=\"elementor-widget-container\">\n\t\t\t\t\t\t\t\t\t<ol><li>L'\u00e9quipement est adapt\u00e9 au traitement de mat\u00e9riaux tels que PLA, ABS, PETG, PVDF, PCL, ASA, PC, TPU et PA.<\/li><li>L'entra\u00eenement du moteur \u00e0 fr\u00e9quence variable de classe mondiale assure un contr\u00f4le stable et fiable de la vitesse de la vis.<\/li><li>\u00a0L'enroulement \u00e0 deux stations permet une disposition nette des fils aux deux stations.<\/li><li>\u00a0\u00c9cran tactile de 10 pouces, contr\u00f4le PLC, contr\u00f4le du diam\u00e8tre du fil en boucle ferm\u00e9e, avec une pr\u00e9cision du diam\u00e8tre du fil jusqu'\u00e0 \u00b10,05 mm.<\/li><li>\u00a0Servomoteur haute performance avec une large plage de vitesse et une vitesse plus stable.<\/li><li>\u00a0Conception structurelle conviviale pour une utilisation plus facile.<\/li><li>\u00a0La traction et l'instrument de mesure du diam\u00e8tre forment un syst\u00e8me de contr\u00f4le en boucle ferm\u00e9e, permettant une r\u00e9ponse rapide aux changements de vitesse d'extrusion.<\/li><li>\u00a0La vis et le cylindre fabriqu\u00e9s par des professionnels garantissent une grande pr\u00e9cision de traitement et une assurance qualit\u00e9.<\/li><\/ol>\t\t\t\t\t\t\t\t<\/div>\n\t\t\t\t<\/div>\n\t\t\t\t<div class=\"elementor-element elementor-element-1ce6593b elementor-widget elementor-widget-heading\" data-id=\"1ce6593b\" data-element_type=\"widget\" data-widget_type=\"heading.default\">\n\t\t\t\t<div class=\"elementor-widget-container\">\n\t\t\t\t\t<h3 class=\"elementor-heading-title elementor-size-default\">Sp\u00e9cifications<\/h3>\t\t\t\t<\/div>\n\t\t\t\t<\/div>\n\t\t\t\t<div class=\"elementor-element elementor-element-600f4fcf elementor-widget elementor-widget-text-editor\" data-id=\"600f4fcf\" data-element_type=\"widget\" data-widget_type=\"text-editor.default\">\n\t\t\t\t<div class=\"elementor-widget-container\">\n\t\t\t\t\t\t\t\t\t<table width=\"293\"><tbody><tr><td width=\"154\">Mod\u00e8le<\/td><td width=\"139\">HTF-35<\/td><\/tr><tr><td width=\"154\">Diam\u00e8tre de la vis (mm)<\/td><td width=\"139\">35<\/td><\/tr><tr><td width=\"154\">Rapport L\/D<\/td><td width=\"139\">28<\/td><\/tr><tr><td width=\"154\">Puissance du moteur (kW)<\/td><td width=\"139\">5.5<\/td><\/tr><tr><td width=\"154\">Sp\u00e9cifications des produits<\/td><td width=\"139\">\u04241.75~3mm<\/td><\/tr><tr><td width=\"154\">Temp\u00e9rature maximale (\u2103)<\/td><td width=\"139\">350<\/td><\/tr><tr><td width=\"154\">Temp. Pr\u00e9cision du contr\u00f4le (\u2103)<\/td><td width=\"139\">\u00b11<\/td><\/tr><tr><td width=\"154\">Plage de mesure de la pression (MPa)<\/td><td width=\"139\">0~35<\/td><\/tr><tr><td width=\"154\">0production(kg\/h)<\/td><td width=\"139\">10-20kg\/h<\/td><\/tr><tr><td width=\"154\">Puissance totale (kW)<\/td><td width=\"139\">28<\/td><\/tr><\/tbody><\/table>\t\t\t\t\t\t\t\t<\/div>\n\t\t\t\t<\/div>\n\t\t\t\t<div class=\"elementor-element elementor-element-6ebdcd1f elementor-widget elementor-widget-heading\" data-id=\"6ebdcd1f\" data-element_type=\"widget\" data-widget_type=\"heading.default\">\n\t\t\t\t<div class=\"elementor-widget-container\">\n\t\t\t\t\t<h3 class=\"elementor-heading-title elementor-size-default\">Vid\u00e9o<\/h3>\t\t\t\t<\/div>\n\t\t\t\t<\/div>\n\t\t\t\t<div class=\"elementor-element elementor-element-6c845fb elementor-widget elementor-widget-video\" data-id=\"6c845fb\" data-element_type=\"widget\" data-settings=\"{&quot;youtube_url&quot;:&quot;https:\\\/\\\/youtu.be\\\/wevmCWnTo30&quot;,&quot;video_type&quot;:&quot;youtube&quot;,&quot;controls&quot;:&quot;yes&quot;}\" data-widget_type=\"video.default\">\n\t\t\t\t<div class=\"elementor-widget-container\">\n\t\t\t\t\t\t\t<div class=\"elementor-wrapper elementor-open-inline\">\n\t\t\t<div class=\"elementor-video\"><\/div>\t\t<\/div>\n\t\t\t\t\t\t<\/div>\n\t\t\t\t<\/div>\n\t\t\t\t<div class=\"elementor-element elementor-element-aae53b6 elementor-widget elementor-widget-image\" data-id=\"aae53b6\" data-element_type=\"widget\" data-widget_type=\"image.default\">\n\t\t\t\t<div class=\"elementor-widget-container\">\n\t\t\t\t\t\t\t\t\t\t\t\t\t\t\t<img decoding=\"async\" width=\"1024\" height=\"768\" src=\"https:\/\/extruder-lab.com\/wp-content\/uploads\/2026\/02\/347-1024x768.jpg\" class=\"attachment-large size-large wp-image-1126\" alt=\"3d filament extrusion\" srcset=\"https:\/\/extruder-lab.com\/wp-content\/uploads\/2026\/02\/347-1024x768.jpg 1024w, https:\/\/extruder-lab.com\/wp-content\/uploads\/2026\/02\/347-300x225.jpg 300w, https:\/\/extruder-lab.com\/wp-content\/uploads\/2026\/02\/347-768x576.jpg 768w, https:\/\/extruder-lab.com\/wp-content\/uploads\/2026\/02\/347-1536x1152.jpg 1536w, https:\/\/extruder-lab.com\/wp-content\/uploads\/2026\/02\/347-2048x1536.jpg 2048w, https:\/\/extruder-lab.com\/wp-content\/uploads\/2026\/02\/347-16x12.jpg 16w\" sizes=\"(max-width: 1024px) 100vw, 1024px\" \/>\t\t\t\t\t\t\t\t\t\t\t\t\t\t\t<\/div>\n\t\t\t\t<\/div>\n\t\t\t\t\t<\/div>\n\t\t<\/div>\n\t\t\t\t\t<\/div>\n\t\t<\/section>\n\t\t\t\t<\/div>","protected":false},"excerpt":{"rendered":"<p>3D Printing Filament PLA\/ABS Production Line 3D printing filament production line refers to an automated production system specifically designed for producing materials needed for 3D printing. A 3D printing filament production line consists of a precision single-screw extruder, filament die, water cooling system, filament storage system, traction system, diameter measuring system, winding system, and measurement [&hellip;]<\/p>\n","protected":false},"author":1,"featured_media":1119,"parent":141,"menu_order":0,"comment_status":"closed","ping_status":"closed","template":"","meta":{"site-sidebar-layout":"left-sidebar","site-content-layout":"page-builder","ast-site-content-layout":"normal-width-container","site-content-style":"default","site-sidebar-style":"default","ast-global-header-display":"","ast-banner-title-visibility":"","ast-main-header-display":"","ast-hfb-above-header-display":"","ast-hfb-below-header-display":"","ast-hfb-mobile-header-display":"","site-post-title":"disabled","ast-breadcrumbs-content":"","ast-featured-img":"disabled","footer-sml-layout":"","theme-transparent-header-meta":"","adv-header-id-meta":"","stick-header-meta":"","header-above-stick-meta":"","header-main-stick-meta":"","header-below-stick-meta":"","astra-migrate-meta-layouts":"set","ast-page-background-enabled":"default","ast-page-background-meta":{"desktop":{"background-color":"var(--ast-global-color-4)","background-image":"","background-repeat":"repeat","background-position":"center center","background-size":"auto","background-attachment":"scroll","background-type":"","background-media":"","overlay-type":"","overlay-color":"","overlay-opacity":"","overlay-gradient":""},"tablet":{"background-color":"","background-image":"","background-repeat":"repeat","background-position":"center center","background-size":"auto","background-attachment":"scroll","background-type":"","background-media":"","overlay-type":"","overlay-color":"","overlay-opacity":"","overlay-gradient":""},"mobile":{"background-color":"","background-image":"","background-repeat":"repeat","background-position":"center center","background-size":"auto","background-attachment":"scroll","background-type":"","background-media":"","overlay-type":"","overlay-color":"","overlay-opacity":"","overlay-gradient":""}},"ast-content-background-meta":{"desktop":{"background-color":"var(--ast-global-color-5)","background-image":"","background-repeat":"repeat","background-position":"center center","background-size":"auto","background-attachment":"scroll","background-type":"","background-media":"","overlay-type":"","overlay-color":"","overlay-opacity":"","overlay-gradient":""},"tablet":{"background-color":"var(--ast-global-color-5)","background-image":"","background-repeat":"repeat","background-position":"center center","background-size":"auto","background-attachment":"scroll","background-type":"","background-media":"","overlay-type":"","overlay-color":"","overlay-opacity":"","overlay-gradient":""},"mobile":{"background-color":"var(--ast-global-color-5)","background-image":"","background-repeat":"repeat","background-position":"center center","background-size":"auto","background-attachment":"scroll","background-type":"","background-media":"","overlay-type":"","overlay-color":"","overlay-opacity":"","overlay-gradient":""}},"footnotes":""},"class_list":["post-1111","page","type-page","status-publish","has-post-thumbnail","hentry"],"_links":{"self":[{"href":"https:\/\/extruder-lab.com\/fr\/wp-json\/wp\/v2\/pages\/1111","targetHints":{"allow":["GET"]}}],"collection":[{"href":"https:\/\/extruder-lab.com\/fr\/wp-json\/wp\/v2\/pages"}],"about":[{"href":"https:\/\/extruder-lab.com\/fr\/wp-json\/wp\/v2\/types\/page"}],"author":[{"embeddable":true,"href":"https:\/\/extruder-lab.com\/fr\/wp-json\/wp\/v2\/users\/1"}],"replies":[{"embeddable":true,"href":"https:\/\/extruder-lab.com\/fr\/wp-json\/wp\/v2\/comments?post=1111"}],"version-history":[{"count":10,"href":"https:\/\/extruder-lab.com\/fr\/wp-json\/wp\/v2\/pages\/1111\/revisions"}],"predecessor-version":[{"id":1130,"href":"https:\/\/extruder-lab.com\/fr\/wp-json\/wp\/v2\/pages\/1111\/revisions\/1130"}],"up":[{"embeddable":true,"href":"https:\/\/extruder-lab.com\/fr\/wp-json\/wp\/v2\/pages\/141"}],"wp:featuredmedia":[{"embeddable":true,"href":"https:\/\/extruder-lab.com\/fr\/wp-json\/wp\/v2\/media\/1119"}],"wp:attachment":[{"href":"https:\/\/extruder-lab.com\/fr\/wp-json\/wp\/v2\/media?parent=1111"}],"curies":[{"name":"wp","href":"https:\/\/api.w.org\/{rel}","templated":true}]}}