{"id":1146,"date":"2026-02-13T11:10:00","date_gmt":"2026-02-13T03:10:00","guid":{"rendered":"https:\/\/extruder-lab.com\/?page_id=1146"},"modified":"2026-02-13T11:13:42","modified_gmt":"2026-02-13T03:13:42","slug":"laboratory-cast-film-defect-detection-line","status":"publish","type":"page","link":"https:\/\/extruder-lab.com\/fr\/products\/laboratory-cast-film-defect-detection-line","title":{"rendered":"Ligne de d\u00e9tection des d\u00e9fauts des films coul\u00e9s en laboratoire"},"content":{"rendered":"<h1 class=\"wp-block-heading has-medium-font-size\">Ligne de d\u00e9tection des d\u00e9fauts des films coul\u00e9s en laboratoire<\/h1>\n\n\n\n<figure class=\"wp-block-image size-full\"><img fetchpriority=\"high\" decoding=\"async\" width=\"800\" height=\"800\" src=\"https:\/\/extruder-lab.com\/wp-content\/uploads\/2026\/02\/Cast-film-defect-detection.jpg\" alt=\" Cast Film Defect Detection Line\" class=\"wp-image-1151\" srcset=\"https:\/\/extruder-lab.com\/wp-content\/uploads\/2026\/02\/Cast-film-defect-detection.jpg 800w, https:\/\/extruder-lab.com\/wp-content\/uploads\/2026\/02\/Cast-film-defect-detection-300x300.jpg 300w, https:\/\/extruder-lab.com\/wp-content\/uploads\/2026\/02\/Cast-film-defect-detection-150x150.jpg 150w, https:\/\/extruder-lab.com\/wp-content\/uploads\/2026\/02\/Cast-film-defect-detection-768x768.jpg 768w, https:\/\/extruder-lab.com\/wp-content\/uploads\/2026\/02\/Cast-film-defect-detection-12x12.jpg 12w\" sizes=\"(max-width: 800px) 100vw, 800px\" \/><figcaption class=\"wp-element-caption\"> Ligne de d\u00e9tection des d\u00e9fauts des films coul\u00e9s<\/figcaption><\/figure>\n\n\n\n<h2 class=\"wp-block-heading has-medium-font-size\">Pr\u00e9sentation du produit :<\/h2>\n\n\n\n<p>La ligne de d\u00e9tection des d\u00e9fauts des films coul\u00e9s en laboratoire se compose d'un syst\u00e8me d'entra\u00eenement, d'un syst\u00e8me d'extrusion, d'une t\u00eate de fili\u00e8re, d'un syst\u00e8me de rouleaux coul\u00e9s, d'un syst\u00e8me de traction, d'un syst\u00e8me d'enroulement, d'un syst\u00e8me de d\u00e9tection des points de gel du film et d'un syst\u00e8me de contr\u00f4le \u00e9lectrique. Elle s'applique au moulage par extrusion de films plastiques conventionnels et se caract\u00e9rise par sa miniaturisation, son intelligence et sa haute pr\u00e9cision. Le syst\u00e8me de d\u00e9tection des taches de gel de film est un instrument d'inspection optique sp\u00e9cialement con\u00e7u pour l'inspection de la qualit\u00e9 de surface des films transparents et non transparents. Il d\u00e9tecte en temps r\u00e9el et sans omission les d\u00e9fauts des films, tels que le gel, les taches noires, les fibres, les rides et les pores.<\/p>\n\n\n\n<h2 class=\"wp-block-heading has-medium-font-size\">Applications :<\/h2>\n\n\n\n<p>*D\u00e9veloppement de nouveaux produits et optimisation de la formulation<\/p>\n\n\n\n<p>*Inspection et contr\u00f4le de la qualit\u00e9<\/p>\n\n\n\n<h2 class=\"wp-block-heading has-medium-font-size\">Param\u00e8tres techniques :<\/h2>\n\n\n\n<figure class=\"wp-block-table\"><table class=\"has-fixed-layout\"><tbody><tr><td class=\"has-text-align-left\" data-align=\"left\">Mat\u00e9riaux applicables<\/td><td class=\"has-text-align-left\" data-align=\"left\">PP\u3001PE, ect...<\/td><\/tr><tr><td class=\"has-text-align-left\" data-align=\"left\">diam\u00e8tre de la vis<\/td><td class=\"has-text-align-left\" data-align=\"left\">25 mm<\/td><\/tr><tr><td class=\"has-text-align-left\" data-align=\"left\">Rapport longueur\/diam\u00e8tre de la vis<\/td><td class=\"has-text-align-left\" data-align=\"left\">28:1<\/td><\/tr><tr><td class=\"has-text-align-left\" data-align=\"left\">Puissance du moteur<\/td><td class=\"has-text-align-left\" data-align=\"left\">4kW<\/td><\/tr><tr><td class=\"has-text-align-left\" data-align=\"left\">Puissance maximale<\/td><td class=\"has-text-align-left\" data-align=\"left\">5kg\/h<\/td><\/tr><tr><td class=\"has-text-align-left\" data-align=\"left\">Gamme d'\u00e9paisseur du produit<\/td><td class=\"has-text-align-left\" data-align=\"left\">0,02-0,2 mm<\/td><\/tr><tr><td class=\"has-text-align-left\" data-align=\"left\">Temp\u00e9rature de fonctionnement<\/td><td class=\"has-text-align-left\" data-align=\"left\">350\u2103<\/td><\/tr><tr><td class=\"has-text-align-left\" data-align=\"left\">Pr\u00e9cision du contr\u00f4le de la temp\u00e9rature<\/td><td class=\"has-text-align-left\" data-align=\"left\">\u00b11\u2103<\/td><\/tr><tr><td class=\"has-text-align-left\" data-align=\"left\">Tension de fonctionnement<\/td><td class=\"has-text-align-left\" data-align=\"left\">380V\u00b110% \uff0c50Hz<\/td><\/tr><tr><td class=\"has-text-align-left\" data-align=\"left\">Puissance totale<\/td><td class=\"has-text-align-left\" data-align=\"left\">Environ 12 kW<\/td><\/tr><tr><td class=\"has-text-align-left\" data-align=\"left\">M\u00e9thode de contr\u00f4le<\/td><td class=\"has-text-align-left\" data-align=\"left\">Siemens PLC<\/td><\/tr><tr><td class=\"has-text-align-left\" data-align=\"left\">Dimensions ext\u00e9rieures<\/td><td class=\"has-text-align-left\" data-align=\"left\">3258\u00d71088\u00d71634mm<\/td><\/tr><\/tbody><\/table><\/figure>","protected":false},"excerpt":{"rendered":"<p>Laboratory Cast Film Defect Detection Line Product Introduction: The laboratory cast film defect detection line consists of a drive system, extrusion system, die head, cast roller system, traction system, winding system, film gel spot detection system, and electrical control system. It is applied to conventional plastic film extrusion molding and features miniaturization, intelligence, and high [&hellip;]<\/p>\n","protected":false},"author":2,"featured_media":1151,"parent":141,"menu_order":0,"comment_status":"closed","ping_status":"closed","template":"","meta":{"site-sidebar-layout":"left-sidebar","site-content-layout":"","ast-site-content-layout":"normal-width-container","site-content-style":"default","site-sidebar-style":"default","ast-global-header-display":"","ast-banner-title-visibility":"","ast-main-header-display":"","ast-hfb-above-header-display":"","ast-hfb-below-header-display":"","ast-hfb-mobile-header-display":"","site-post-title":"","ast-breadcrumbs-content":"","ast-featured-img":"disabled","footer-sml-layout":"","theme-transparent-header-meta":"","adv-header-id-meta":"","stick-header-meta":"","header-above-stick-meta":"","header-main-stick-meta":"","header-below-stick-meta":"","astra-migrate-meta-layouts":"set","ast-page-background-enabled":"default","ast-page-background-meta":{"desktop":{"background-color":"var(--ast-global-color-4)","background-image":"","background-repeat":"repeat","background-position":"center center","background-size":"auto","background-attachment":"scroll","background-type":"","background-media":"","overlay-type":"","overlay-color":"","overlay-opacity":"","overlay-gradient":""},"tablet":{"background-color":"","background-image":"","background-repeat":"repeat","background-position":"center center","background-size":"auto","background-attachment":"scroll","background-type":"","background-media":"","overlay-type":"","overlay-color":"","overlay-opacity":"","overlay-gradient":""},"mobile":{"background-color":"","background-image":"","background-repeat":"repeat","background-position":"center center","background-size":"auto","background-attachment":"scroll","background-type":"","background-media":"","overlay-type":"","overlay-color":"","overlay-opacity":"","overlay-gradient":""}},"ast-content-background-meta":{"desktop":{"background-color":"var(--ast-global-color-5)","background-image":"","background-repeat":"repeat","background-position":"center center","background-size":"auto","background-attachment":"scroll","background-type":"","background-media":"","overlay-type":"","overlay-color":"","overlay-opacity":"","overlay-gradient":""},"tablet":{"background-color":"var(--ast-global-color-5)","background-image":"","background-repeat":"repeat","background-position":"center center","background-size":"auto","background-attachment":"scroll","background-type":"","background-media":"","overlay-type":"","overlay-color":"","overlay-opacity":"","overlay-gradient":""},"mobile":{"background-color":"var(--ast-global-color-5)","background-image":"","background-repeat":"repeat","background-position":"center center","background-size":"auto","background-attachment":"scroll","background-type":"","background-media":"","overlay-type":"","overlay-color":"","overlay-opacity":"","overlay-gradient":""}},"footnotes":""},"class_list":["post-1146","page","type-page","status-publish","has-post-thumbnail","hentry"],"_links":{"self":[{"href":"https:\/\/extruder-lab.com\/fr\/wp-json\/wp\/v2\/pages\/1146","targetHints":{"allow":["GET"]}}],"collection":[{"href":"https:\/\/extruder-lab.com\/fr\/wp-json\/wp\/v2\/pages"}],"about":[{"href":"https:\/\/extruder-lab.com\/fr\/wp-json\/wp\/v2\/types\/page"}],"author":[{"embeddable":true,"href":"https:\/\/extruder-lab.com\/fr\/wp-json\/wp\/v2\/users\/2"}],"replies":[{"embeddable":true,"href":"https:\/\/extruder-lab.com\/fr\/wp-json\/wp\/v2\/comments?post=1146"}],"version-history":[{"count":3,"href":"https:\/\/extruder-lab.com\/fr\/wp-json\/wp\/v2\/pages\/1146\/revisions"}],"predecessor-version":[{"id":1152,"href":"https:\/\/extruder-lab.com\/fr\/wp-json\/wp\/v2\/pages\/1146\/revisions\/1152"}],"up":[{"embeddable":true,"href":"https:\/\/extruder-lab.com\/fr\/wp-json\/wp\/v2\/pages\/141"}],"wp:featuredmedia":[{"embeddable":true,"href":"https:\/\/extruder-lab.com\/fr\/wp-json\/wp\/v2\/media\/1151"}],"wp:attachment":[{"href":"https:\/\/extruder-lab.com\/fr\/wp-json\/wp\/v2\/media?parent=1146"}],"curies":[{"name":"wp","href":"https:\/\/api.w.org\/{rel}","templated":true}]}}