{"id":1181,"date":"2026-03-10T11:12:41","date_gmt":"2026-03-10T03:12:41","guid":{"rendered":"https:\/\/extruder-lab.com\/?page_id=1181"},"modified":"2026-03-10T11:22:16","modified_gmt":"2026-03-10T03:22:16","slug":"lab-sheet-extrusion-three-roll-calender","status":"publish","type":"page","link":"https:\/\/extruder-lab.com\/fr\/products\/lab-sheet-extrusion-three-roll-calender","title":{"rendered":"Extrusion de feuilles de laboratoire Calandre \u00e0 trois rouleaux"},"content":{"rendered":"<div data-elementor-type=\"wp-page\" data-elementor-id=\"1181\" class=\"elementor elementor-1181\">\n\t\t\t\t\t\t<section class=\"elementor-section elementor-top-section elementor-element elementor-element-5352e569 elementor-section-boxed elementor-section-height-default elementor-section-height-default\" data-id=\"5352e569\" data-element_type=\"section\">\n\t\t\t\t\t\t<div class=\"elementor-container elementor-column-gap-default\">\n\t\t\t\t\t<div class=\"elementor-column elementor-col-100 elementor-top-column elementor-element elementor-element-33d63937\" data-id=\"33d63937\" data-element_type=\"column\">\n\t\t\t<div class=\"elementor-widget-wrap elementor-element-populated\">\n\t\t\t\t\t\t<div class=\"elementor-element elementor-element-130410b3 elementor-widget elementor-widget-image\" data-id=\"130410b3\" data-element_type=\"widget\" data-widget_type=\"image.default\">\n\t\t\t\t<div class=\"elementor-widget-container\">\n\t\t\t\t\t\t\t\t\t\t\t\t\t\t\t<img fetchpriority=\"high\" decoding=\"async\" width=\"611\" height=\"408\" src=\"https:\/\/extruder-lab.com\/wp-content\/uploads\/2025\/08\/image-1.jpeg\" class=\"attachment-large size-large wp-image-74\" alt=\"Sheet extrusion three-roll calender\" srcset=\"https:\/\/extruder-lab.com\/wp-content\/uploads\/2025\/08\/image-1.jpeg 611w, https:\/\/extruder-lab.com\/wp-content\/uploads\/2025\/08\/image-1-300x200.jpeg 300w\" sizes=\"(max-width: 611px) 100vw, 611px\" \/>\t\t\t\t\t\t\t\t\t\t\t\t\t\t\t<\/div>\n\t\t\t\t<\/div>\n\t\t\t\t<div class=\"elementor-element elementor-element-36a0abcf elementor-widget elementor-widget-heading\" data-id=\"36a0abcf\" data-element_type=\"widget\" data-widget_type=\"heading.default\">\n\t\t\t\t<div class=\"elementor-widget-container\">\n\t\t\t\t\t<h2 class=\"elementor-heading-title elementor-size-default\">Extrusion de feuilles Calandre \u00e0 trois rouleaux<\/h2>\t\t\t\t<\/div>\n\t\t\t\t<\/div>\n\t\t\t\t<div class=\"elementor-element elementor-element-26774116 elementor-widget elementor-widget-text-editor\" data-id=\"26774116\" data-element_type=\"widget\" data-widget_type=\"text-editor.default\">\n\t\t\t\t<div class=\"elementor-widget-container\">\n\t\t\t\t\t\t\t\t\t<p>La calandre \u00e0 trois rouleaux est une machine qui utilise deux rouleaux ou plus dispos\u00e9s selon un sch\u00e9ma sp\u00e9cifique pour presser et \u00e9tirer le caoutchouc ou le plastique en feuilles d'une certaine \u00e9paisseur et d'une certaine forme de surface \u00e0 une temp\u00e9rature sp\u00e9cifique. Elle peut \u00e9galement \u00eatre utilis\u00e9e pour enduire d'adh\u00e9sif des tissus en fibre de verre ou en c\u00e2ble d'acier. Les calandres sont class\u00e9es en fonction du nombre de rouleaux : calandres \u00e0 deux rouleaux, \u00e0 trois rouleaux, \u00e0 quatre rouleaux et \u00e0 cinq rouleaux. Elles sont principalement utilis\u00e9es pour presser les feuilles de caoutchouc et pour l'application d'adh\u00e9sifs sur les deux faces et le frottement des textiles.<\/p>\t\t\t\t\t\t\t\t<\/div>\n\t\t\t\t<\/div>\n\t\t\t\t<div class=\"elementor-element elementor-element-4e39ea0b elementor-widget elementor-widget-heading\" data-id=\"4e39ea0b\" data-element_type=\"widget\" data-widget_type=\"heading.default\">\n\t\t\t\t<div class=\"elementor-widget-container\">\n\t\t\t\t\t<h3 class=\"elementor-heading-title elementor-size-default\">Fonctions et applications<\/h3>\t\t\t\t<\/div>\n\t\t\t\t<\/div>\n\t\t\t\t<div class=\"elementor-element elementor-element-110aa998 elementor-widget elementor-widget-text-editor\" data-id=\"110aa998\" data-element_type=\"widget\" data-widget_type=\"text-editor.default\">\n\t\t\t\t<div class=\"elementor-widget-container\">\n\t\t\t\t\t\t\t\t\t<ol>\n<li>L'entra\u00eenement par un moteur de marque assure un contr\u00f4le stable et fiable de la vitesse de la vis.<\/li>\n<li>Le rouleau de calandrage et le rouleau de traction sont entra\u00een\u00e9s ind\u00e9pendamment par des moteurs de marque.<\/li>\n<li>Les surfaces des rouleaux de calandrage et des rouleaux de traction sont chrom\u00e9es et polies.<\/li>\n<li>Convient \u00e0 divers plastiques d'usage g\u00e9n\u00e9ral, notamment PE, PC, PET, PA, PEEK, etc.<\/li>\n<li>Pr\u00e9paration de diverses fiches de mat\u00e9riel.<\/li>\n<li>D\u00e9veloppement de la formulation des mat\u00e9riaux.<\/li>\n<li>Calandrage de mat\u00e9riaux \u00e0 haute viscosit\u00e9.<\/li>\n<\/ol>\t\t\t\t\t\t\t\t<\/div>\n\t\t\t\t<\/div>\n\t\t\t\t<div class=\"elementor-element elementor-element-47044880 elementor-widget elementor-widget-heading\" data-id=\"47044880\" data-element_type=\"widget\" data-widget_type=\"heading.default\">\n\t\t\t\t<div class=\"elementor-widget-container\">\n\t\t\t\t\t<h3 class=\"elementor-heading-title elementor-size-default\">Sp\u00e9cifications<\/h3>\t\t\t\t<\/div>\n\t\t\t\t<\/div>\n\t\t\t\t<div class=\"elementor-element elementor-element-1e502b60 elementor-widget elementor-widget-text-editor\" data-id=\"1e502b60\" data-element_type=\"widget\" data-widget_type=\"text-editor.default\">\n\t\t\t\t<div class=\"elementor-widget-container\">\n\t\t\t\t\t\t\t\t\t<table width=\"611\">\n<tbody>\n<tr>\n<td width=\"164\">Mod\u00e8le<\/td>\n<td width=\"147\">HTSE-100<\/td>\n<td width=\"149\">HTSE-150<\/td>\n<td width=\"151\">HTSE-200<\/td>\n<\/tr>\n<tr>\n<td>Diam\u00e8tre de la vis (mm)<\/td>\n<td width=\"147\">20 mm<\/td>\n<td width=\"149\">25 mm<\/td>\n<td width=\"151\">30 mm<\/td>\n<\/tr>\n<tr>\n<td>Rapport L\/D<\/td>\n<td width=\"147\">28:1\uff08Optional\uff09<\/td>\n<td width=\"149\">28:1\uff08Optional\uff09<\/td>\n<td width=\"151\">28:1\uff08Optional\uff09<\/td>\n<\/tr>\n<tr>\n<td width=\"164\">Puissance du moteur<br \/>(kW)<\/td>\n<td width=\"147\">3kw<\/td>\n<td width=\"149\">4kw<\/td>\n<td width=\"151\">5,5 kW<\/td>\n<\/tr>\n<tr>\n<td>Vitesse max. Vitesse (tr\/min)<\/td>\n<td width=\"147\">120 tr\/min<\/td>\n<td width=\"149\">120 tr\/min<\/td>\n<td width=\"151\">120 tr\/min<\/td>\n<\/tr>\n<tr>\n<td>Temp\u00e9rature maximale (\u00b0C)<\/td>\n<td width=\"147\">350-450\u2103<\/td>\n<td width=\"149\">350-450\u2103<\/td>\n<td width=\"151\">350-450\u2103<\/td>\n<\/tr>\n<tr>\n<td>Temp. Pr\u00e9cision du contr\u00f4le de la temp\u00e9rature\u00a9<\/td>\n<td width=\"147\">\u00b11\u2103<\/td>\n<td width=\"149\">\u00b11\u2103<\/td>\n<td width=\"151\">\u00b11\u2103<\/td>\n<\/tr>\n<tr>\n<td>Plage de mesure de la pression (Mpa<\/td>\n<td width=\"147\">0~35Mpa<\/td>\n<td width=\"149\">0~35Mpa<\/td>\n<td width=\"151\">0~35Mpa<\/td>\n<\/tr>\n<tr>\n<td>Largeur de la matrice (mm)<\/td>\n<td width=\"147\">100mm<\/td>\n<td width=\"149\">150 mm<\/td>\n<td width=\"151\">200mm<\/td>\n<\/tr>\n<tr>\n<td>Vitesse des rouleaux de la calandre (m\/min)<\/td>\n<td width=\"147\">0,5~8m\/min<\/td>\n<td width=\"149\">0,5~8m\/min<\/td>\n<td width=\"151\">0,5~8m\/min<\/td>\n<\/tr>\n<tr>\n<td>Vitesse de traction (m\/min)<\/td>\n<td width=\"147\">0,5~8m\/min<\/td>\n<td width=\"149\">0,5~8m\/min<\/td>\n<td width=\"151\">0,5~8m\/min<\/td>\n<\/tr>\n<tr>\n<td>Production (kg\/h)<\/td>\n<td width=\"147\">0,5-3kg\/h<\/td>\n<td width=\"149\">0,5-5kg\/h<\/td>\n<td width=\"151\">0,5~7kg\/h<\/td>\n<\/tr>\n<tr>\n<td>Poids (kg)<\/td>\n<td width=\"147\">680 kg<\/td>\n<td width=\"149\">720 kg<\/td>\n<td width=\"151\">880 kg<\/td>\n<\/tr>\n<tr>\n<td>Dimension (mm)<\/td>\n<td width=\"147\">2800\u00d71120\u00d71660mm<\/td>\n<td width=\"149\">2850\u00d71120\u00d71660mm<\/td>\n<td width=\"151\">3250\u00d71120\u00d71660mm<\/td>\n<\/tr>\n<\/tbody>\n<\/table>\t\t\t\t\t\t\t\t<\/div>\n\t\t\t\t<\/div>\n\t\t\t\t<div class=\"elementor-element elementor-element-22f73817 elementor-widget elementor-widget-heading\" data-id=\"22f73817\" data-element_type=\"widget\" data-widget_type=\"heading.default\">\n\t\t\t\t<div class=\"elementor-widget-container\">\n\t\t\t\t\t<h3 class=\"elementor-heading-title elementor-size-default\">Vid\u00e9o<\/h3>\t\t\t\t<\/div>\n\t\t\t\t<\/div>\n\t\t\t\t<div class=\"elementor-element elementor-element-294dd138 elementor-widget elementor-widget-video\" data-id=\"294dd138\" data-element_type=\"widget\" data-settings=\"{&quot;youtube_url&quot;:&quot;https:\\\/\\\/youtube.com\\\/shorts\\\/qMwBTsj13Tk&quot;,&quot;video_type&quot;:&quot;youtube&quot;,&quot;controls&quot;:&quot;yes&quot;}\" data-widget_type=\"video.default\">\n\t\t\t\t<div class=\"elementor-widget-container\">\n\t\t\t\t\t\t\t<div class=\"elementor-wrapper elementor-open-inline\">\n\t\t\t<div class=\"elementor-video\"><\/div>\t\t<\/div>\n\t\t\t\t\t\t<\/div>\n\t\t\t\t<\/div>\n\t\t\t\t\t<\/div>\n\t\t<\/div>\n\t\t\t\t\t<\/div>\n\t\t<\/section>\n\t\t\t\t<\/div>","protected":false},"excerpt":{"rendered":"<p>Sheet Extrusion Three-roll Calender Three-roll calender is a machine that uses two or more rollers arranged in a specific pattern to press and stretch rubber or plastic into sheets of a certain thickness and surface shape at a specific temperature. It can also be used to coat fiberglass or steel cord fabrics with adhesive. Calenders [&hellip;]<\/p>\n","protected":false},"author":1,"featured_media":74,"parent":141,"menu_order":0,"comment_status":"closed","ping_status":"closed","template":"","meta":{"site-sidebar-layout":"left-sidebar","site-content-layout":"page-builder","ast-site-content-layout":"normal-width-container","site-content-style":"default","site-sidebar-style":"default","ast-global-header-display":"","ast-banner-title-visibility":"","ast-main-header-display":"","ast-hfb-above-header-display":"","ast-hfb-below-header-display":"","ast-hfb-mobile-header-display":"","site-post-title":"disabled","ast-breadcrumbs-content":"","ast-featured-img":"disabled","footer-sml-layout":"","theme-transparent-header-meta":"","adv-header-id-meta":"","stick-header-meta":"","header-above-stick-meta":"","header-main-stick-meta":"","header-below-stick-meta":"","astra-migrate-meta-layouts":"set","ast-page-background-enabled":"default","ast-page-background-meta":{"desktop":{"background-color":"var(--ast-global-color-4)","background-image":"","background-repeat":"repeat","background-position":"center center","background-size":"auto","background-attachment":"scroll","background-type":"","background-media":"","overlay-type":"","overlay-color":"","overlay-opacity":"","overlay-gradient":""},"tablet":{"background-color":"","background-image":"","background-repeat":"repeat","background-position":"center center","background-size":"auto","background-attachment":"scroll","background-type":"","background-media":"","overlay-type":"","overlay-color":"","overlay-opacity":"","overlay-gradient":""},"mobile":{"background-color":"","background-image":"","background-repeat":"repeat","background-position":"center center","background-size":"auto","background-attachment":"scroll","background-type":"","background-media":"","overlay-type":"","overlay-color":"","overlay-opacity":"","overlay-gradient":""}},"ast-content-background-meta":{"desktop":{"background-color":"var(--ast-global-color-5)","background-image":"","background-repeat":"repeat","background-position":"center center","background-size":"auto","background-attachment":"scroll","background-type":"","background-media":"","overlay-type":"","overlay-color":"","overlay-opacity":"","overlay-gradient":""},"tablet":{"background-color":"var(--ast-global-color-5)","background-image":"","background-repeat":"repeat","background-position":"center center","background-size":"auto","background-attachment":"scroll","background-type":"","background-media":"","overlay-type":"","overlay-color":"","overlay-opacity":"","overlay-gradient":""},"mobile":{"background-color":"var(--ast-global-color-5)","background-image":"","background-repeat":"repeat","background-position":"center center","background-size":"auto","background-attachment":"scroll","background-type":"","background-media":"","overlay-type":"","overlay-color":"","overlay-opacity":"","overlay-gradient":""}},"footnotes":""},"class_list":["post-1181","page","type-page","status-publish","has-post-thumbnail","hentry"],"_links":{"self":[{"href":"https:\/\/extruder-lab.com\/fr\/wp-json\/wp\/v2\/pages\/1181","targetHints":{"allow":["GET"]}}],"collection":[{"href":"https:\/\/extruder-lab.com\/fr\/wp-json\/wp\/v2\/pages"}],"about":[{"href":"https:\/\/extruder-lab.com\/fr\/wp-json\/wp\/v2\/types\/page"}],"author":[{"embeddable":true,"href":"https:\/\/extruder-lab.com\/fr\/wp-json\/wp\/v2\/users\/1"}],"replies":[{"embeddable":true,"href":"https:\/\/extruder-lab.com\/fr\/wp-json\/wp\/v2\/comments?post=1181"}],"version-history":[{"count":13,"href":"https:\/\/extruder-lab.com\/fr\/wp-json\/wp\/v2\/pages\/1181\/revisions"}],"predecessor-version":[{"id":1199,"href":"https:\/\/extruder-lab.com\/fr\/wp-json\/wp\/v2\/pages\/1181\/revisions\/1199"}],"up":[{"embeddable":true,"href":"https:\/\/extruder-lab.com\/fr\/wp-json\/wp\/v2\/pages\/141"}],"wp:featuredmedia":[{"embeddable":true,"href":"https:\/\/extruder-lab.com\/fr\/wp-json\/wp\/v2\/media\/74"}],"wp:attachment":[{"href":"https:\/\/extruder-lab.com\/fr\/wp-json\/wp\/v2\/media?parent=1181"}],"curies":[{"name":"wp","href":"https:\/\/api.w.org\/{rel}","templated":true}]}}