{"id":1222,"date":"2026-03-17T17:51:12","date_gmt":"2026-03-17T09:51:12","guid":{"rendered":"https:\/\/extruder-lab.com\/?page_id=1222"},"modified":"2026-03-17T17:51:51","modified_gmt":"2026-03-17T09:51:51","slug":"thin-film-gel-detector","status":"publish","type":"page","link":"https:\/\/extruder-lab.com\/fr\/products\/thin-film-gel-detector","title":{"rendered":"D\u00e9tecteur de gel \u00e0 couche mince"},"content":{"rendered":"<figure class=\"wp-block-image size-full\"><img fetchpriority=\"high\" decoding=\"async\" width=\"1024\" height=\"576\" src=\"https:\/\/extruder-lab.com\/wp-content\/uploads\/2026\/03\/\u8584\u819c\u68c0\u6d4b\u4eea-1024x576-1.png\" alt=\"Thin Film Gel Detector\" class=\"wp-image-1223\" srcset=\"https:\/\/extruder-lab.com\/wp-content\/uploads\/2026\/03\/\u8584\u819c\u68c0\u6d4b\u4eea-1024x576-1.png 1024w, https:\/\/extruder-lab.com\/wp-content\/uploads\/2026\/03\/\u8584\u819c\u68c0\u6d4b\u4eea-1024x576-1-300x169.png 300w, https:\/\/extruder-lab.com\/wp-content\/uploads\/2026\/03\/\u8584\u819c\u68c0\u6d4b\u4eea-1024x576-1-768x432.png 768w, https:\/\/extruder-lab.com\/wp-content\/uploads\/2026\/03\/\u8584\u819c\u68c0\u6d4b\u4eea-1024x576-1-18x10.png 18w\" sizes=\"(max-width: 1024px) 100vw, 1024px\" \/><figcaption class=\"wp-element-caption\">D\u00e9tecteur de gel \u00e0 couche mince<\/figcaption><\/figure>\n\n\n\n<h2 class=\"wp-block-heading has-medium-font-size\"><strong>Les analyseurs de d\u00e9tecteurs de gel \u00e0 couche mince sont principalement utilis\u00e9s dans les laboratoires de biochimie pour d\u00e9tecter les r\u00e9sultats de l'\u00e9lectrophor\u00e8se lors de la s\u00e9paration des g\u00e8nes et des prot\u00e9ines. Ils remplissent les fonctions suivantes :<\/strong><\/h2>\n\n\n\n<p><strong>S\u00e9paration \u00e9lectrophor\u00e9tique :<\/strong> Apr\u00e8s la pr\u00e9paration de l'\u00e9chantillon, on proc\u00e8de \u00e0 l'\u00e9lectrophor\u00e8se. Dans des conditions de champ \u00e9lectrique sp\u00e9cifiques dans la chambre d'\u00e9lectrophor\u00e8se, l'ARN, l'ADN ou les prot\u00e9ines de l'\u00e9chantillon se s\u00e9parent en fonction de leur taille, de leur forme et de leur charge.<\/p>\n\n\n\n<p><strong>Transfert de couches minces :<\/strong> L'ARN, l'ADN ou les prot\u00e9ines du gel \u00e9lectrophor\u00e9tique sont transf\u00e9r\u00e9s sur une fine pellicule en vue d'une recherche ult\u00e9rieure.<\/p>\n\n\n\n<p><strong>D\u00e9tection de gel :<\/strong> Lorsqu'une substance fluorescente sp\u00e9ciale est pr\u00e9sente sur le film mince, elle est observ\u00e9e dans l'analyseur, et la technologie de traitement informatique des images est utilis\u00e9e pour analyser, mesurer et enregistrer divers param\u00e8tres de l'\u00e9chantillon, tels que le poids mol\u00e9culaire, le contenu relatif, l'intensit\u00e9 de l'hybridation ou le niveau d'expression.<\/p>\n\n\n\n<p>En r\u00e9sum\u00e9, les analyseurs d'\u00e9lectrophor\u00e8se sur gel en couche mince sont des \u00e9quipements fondamentaux en biologie mol\u00e9culaire, en g\u00e9n\u00e9tique et dans d'autres domaines. Ils pr\u00e9sentent des avantages tels que le traitement automatis\u00e9 des donn\u00e9es, l'analyse quantitative, la facilit\u00e9 d'utilisation, une grande sensibilit\u00e9 et une grande pr\u00e9cision.<\/p>\n\n\n\n<h1 class=\"wp-block-heading has-large-font-size\">Principales fonctions et applications de l'instrument d'inspection des gels en couche mince :<\/h1>\n\n\n\n<ul class=\"wp-block-list\">\n<li>Identification et d\u00e9tection automatiques, calcul automatique de la taille et de la surface des d\u00e9fauts, ainsi que d'autres informations.<\/li>\n\n\n\n<li>Cartographie des d\u00e9fauts, localisation de la position de chaque d\u00e9faut sur la feuille<\/li>\n\n\n\n<li>Photos agrandies, affichage et archivage de chaque enregistrement de d\u00e9faut<\/li>\n\n\n\n<li>Analyse de d\u00e9fauts individuels, analyse d'images 2D, analyse d'images 3D<\/li>\n\n\n\n<li>Rapports complets sur la qualit\u00e9, rapports statistiques, distribution des d\u00e9fauts et diagrammes de tendance<\/li>\n<\/ul>\n\n\n\n<h2 class=\"wp-block-heading\">Param\u00e8tres techniques du d\u00e9tecteur de gel \u00e0 couche mince\uff1a<\/h2>\n\n\n\n<figure class=\"wp-block-table\"><table class=\"has-fixed-layout\"><tbody><tr><td class=\"has-text-align-left\" data-align=\"left\">diam\u00e8tre de la vis<\/td><td class=\"has-text-align-left\" data-align=\"left\">20 mm<\/td><td class=\"has-text-align-left\" data-align=\"left\">25 mm<\/td><td class=\"has-text-align-left\" data-align=\"left\">30 mm<\/td><\/tr><tr><td class=\"has-text-align-left\" data-align=\"left\">Rapport de diam\u00e8tre<\/td><td class=\"has-text-align-left\" data-align=\"left\">25\uff1a1<\/td><td class=\"has-text-align-left\" data-align=\"left\">25\uff1a1<\/td><td class=\"has-text-align-left\" data-align=\"left\">28\uff1a1<\/td><\/tr><tr><td class=\"has-text-align-left\" data-align=\"left\">Puissance<\/td><td class=\"has-text-align-left\" data-align=\"left\">Moteur Serve 3kw<\/td><td class=\"has-text-align-left\" data-align=\"left\">Moteur Serve 4kw<\/td><td class=\"has-text-align-left\" data-align=\"left\">Moteur Serve 5.5kw<\/td><\/tr><tr><td class=\"has-text-align-left\" data-align=\"left\">Capacit\u00e9<\/td><td class=\"has-text-align-left\" data-align=\"left\">0,5-5kg\/h\uff08D\u00e9pend des mat\u00e9riaux et de la formulation\uff09<\/td><td class=\"has-text-align-left\" data-align=\"left\">0,5-5kg\/h\uff08D\u00e9pend des mat\u00e9riaux et de la formulation\uff09<\/td><td class=\"has-text-align-left\" data-align=\"left\">0,5-5kg\/h\uff08D\u00e9pend des mat\u00e9riaux et de la formulation\uff09<\/td><\/tr><tr><td class=\"has-text-align-left\" data-align=\"left\">\u00c9paisseur du film mince<\/td><td class=\"has-text-align-left\" data-align=\"left\">&lt; 0,2 mm<\/td><td class=\"has-text-align-left\" data-align=\"left\">&lt; 0,2 mm<\/td><td class=\"has-text-align-left\" data-align=\"left\">&lt; 0,2 mm<\/td><\/tr><tr><td class=\"has-text-align-left\" data-align=\"left\">vitesse de rotation<\/td><td class=\"has-text-align-left\" data-align=\"left\">150 tr\/min<\/td><td class=\"has-text-align-left\" data-align=\"left\">150 tr\/min<\/td><td class=\"has-text-align-left\" data-align=\"left\">150 tr\/min<\/td><\/tr><tr><td class=\"has-text-align-left\" data-align=\"left\">temp\u00e9rature la plus \u00e9lev\u00e9e<\/td><td class=\"has-text-align-left\" data-align=\"left\">350\u2103<\/td><td class=\"has-text-align-left\" data-align=\"left\">350\u2103<\/td><td class=\"has-text-align-left\" data-align=\"left\">350\u2103<\/td><\/tr><tr><td class=\"has-text-align-left\" data-align=\"left\">Pr\u00e9cision du contr\u00f4le de la temp\u00e9rature<\/td><td class=\"has-text-align-left\" data-align=\"left\">\u00b11.0\u2103<\/td><td class=\"has-text-align-left\" data-align=\"left\">\u00b11.0\u2103<\/td><td class=\"has-text-align-left\" data-align=\"left\">\u00b11.0\u2103<\/td><\/tr><tr><td class=\"has-text-align-left\" data-align=\"left\">Tension<\/td><td class=\"has-text-align-left\" data-align=\"left\">380 V\u00b110%, 3 phases, 50 Hz<\/td><td class=\"has-text-align-left\" data-align=\"left\">380 V\u00b110%, 3 phases, 50 Hz<\/td><td class=\"has-text-align-left\" data-align=\"left\">380 V\u00b110%, 3 phases, 50 Hz<\/td><\/tr><tr><td class=\"has-text-align-left\" data-align=\"left\">Type de cam\u00e9ra<\/td><td class=\"has-text-align-left\" data-align=\"left\">Cam\u00e9ra lin\u00e9aire CMOS (haute sensibilit\u00e9)<\/td><td class=\"has-text-align-left\" data-align=\"left\">Cam\u00e9ra lin\u00e9aire CMOS (haute sensibilit\u00e9)<\/td><td class=\"has-text-align-left\" data-align=\"left\">Cam\u00e9ra lin\u00e9aire CMOS (haute sensibilit\u00e9)<\/td><\/tr><tr><td class=\"has-text-align-left\" data-align=\"left\">R\u00e9solution de la cam\u00e9ra<\/td><td class=\"has-text-align-left\" data-align=\"left\">8192 pixels<\/td><td class=\"has-text-align-left\" data-align=\"left\">8192 pixels<\/td><td class=\"has-text-align-left\" data-align=\"left\">8192 pixels<\/td><\/tr><tr><td class=\"has-text-align-left\" data-align=\"left\">Vitesse du film mince<\/td><td class=\"has-text-align-left\" data-align=\"left\">0-15 m\/min\uff08Customizable\uff09<\/td><td class=\"has-text-align-left\" data-align=\"left\">0-15m\/min\uff08Customizable\uff09<\/td><td class=\"has-text-align-left\" data-align=\"left\">0-15m\/min\uff08Customizable\uff09<\/td><\/tr><tr><td class=\"has-text-align-left\" data-align=\"left\">Source lumineuse lin\u00e9aire<\/td><td class=\"has-text-align-left\" data-align=\"left\">Lumi\u00e8re blanche LED, IP54<\/td><td class=\"has-text-align-left\" data-align=\"left\">Lumi\u00e8re blanche LED, IP54<\/td><td class=\"has-text-align-left\" data-align=\"left\">Lumi\u00e8re blanche LED, IP54<\/td><\/tr><tr><td class=\"has-text-align-left\" data-align=\"left\">Rapport signal\/bruit<\/td><td class=\"has-text-align-left\" data-align=\"left\">Sup\u00e9rieure \u00e0 60 dB<\/td><td class=\"has-text-align-left\" data-align=\"left\">Sup\u00e9rieure \u00e0 60 dB<\/td><td class=\"has-text-align-left\" data-align=\"left\">Sup\u00e9rieure \u00e0 60 dB<\/td><\/tr><\/tbody><\/table><\/figure>\n\n\n\n<p><\/p>","protected":false},"excerpt":{"rendered":"<p>Thin film gel detector analyzers are primarily used in biochemical laboratories for detecting electrophoresis results during gene and protein separation. They perform the following functions: Electrophoretic separation: After sample preparation, electrophoresis is performed. Under specific electric field conditions in the electrophoresis chamber, RNA, DNA, or proteins in the sample separate based on their size, shape, [&hellip;]<\/p>\n","protected":false},"author":1,"featured_media":1223,"parent":141,"menu_order":0,"comment_status":"closed","ping_status":"closed","template":"","meta":{"site-sidebar-layout":"left-sidebar","site-content-layout":"","ast-site-content-layout":"normal-width-container","site-content-style":"default","site-sidebar-style":"default","ast-global-header-display":"","ast-banner-title-visibility":"","ast-main-header-display":"","ast-hfb-above-header-display":"","ast-hfb-below-header-display":"","ast-hfb-mobile-header-display":"","site-post-title":"","ast-breadcrumbs-content":"","ast-featured-img":"disabled","footer-sml-layout":"","theme-transparent-header-meta":"","adv-header-id-meta":"","stick-header-meta":"","header-above-stick-meta":"","header-main-stick-meta":"","header-below-stick-meta":"","astra-migrate-meta-layouts":"set","ast-page-background-enabled":"default","ast-page-background-meta":{"desktop":{"background-color":"var(--ast-global-color-4)","background-image":"","background-repeat":"repeat","background-position":"center center","background-size":"auto","background-attachment":"scroll","background-type":"","background-media":"","overlay-type":"","overlay-color":"","overlay-opacity":"","overlay-gradient":""},"tablet":{"background-color":"","background-image":"","background-repeat":"repeat","background-position":"center center","background-size":"auto","background-attachment":"scroll","background-type":"","background-media":"","overlay-type":"","overlay-color":"","overlay-opacity":"","overlay-gradient":""},"mobile":{"background-color":"","background-image":"","background-repeat":"repeat","background-position":"center center","background-size":"auto","background-attachment":"scroll","background-type":"","background-media":"","overlay-type":"","overlay-color":"","overlay-opacity":"","overlay-gradient":""}},"ast-content-background-meta":{"desktop":{"background-color":"var(--ast-global-color-5)","background-image":"","background-repeat":"repeat","background-position":"center center","background-size":"auto","background-attachment":"scroll","background-type":"","background-media":"","overlay-type":"","overlay-color":"","overlay-opacity":"","overlay-gradient":""},"tablet":{"background-color":"var(--ast-global-color-5)","background-image":"","background-repeat":"repeat","background-position":"center center","background-size":"auto","background-attachment":"scroll","background-type":"","background-media":"","overlay-type":"","overlay-color":"","overlay-opacity":"","overlay-gradient":""},"mobile":{"background-color":"var(--ast-global-color-5)","background-image":"","background-repeat":"repeat","background-position":"center center","background-size":"auto","background-attachment":"scroll","background-type":"","background-media":"","overlay-type":"","overlay-color":"","overlay-opacity":"","overlay-gradient":""}},"footnotes":""},"class_list":["post-1222","page","type-page","status-publish","has-post-thumbnail","hentry"],"_links":{"self":[{"href":"https:\/\/extruder-lab.com\/fr\/wp-json\/wp\/v2\/pages\/1222","targetHints":{"allow":["GET"]}}],"collection":[{"href":"https:\/\/extruder-lab.com\/fr\/wp-json\/wp\/v2\/pages"}],"about":[{"href":"https:\/\/extruder-lab.com\/fr\/wp-json\/wp\/v2\/types\/page"}],"author":[{"embeddable":true,"href":"https:\/\/extruder-lab.com\/fr\/wp-json\/wp\/v2\/users\/1"}],"replies":[{"embeddable":true,"href":"https:\/\/extruder-lab.com\/fr\/wp-json\/wp\/v2\/comments?post=1222"}],"version-history":[{"count":2,"href":"https:\/\/extruder-lab.com\/fr\/wp-json\/wp\/v2\/pages\/1222\/revisions"}],"predecessor-version":[{"id":1225,"href":"https:\/\/extruder-lab.com\/fr\/wp-json\/wp\/v2\/pages\/1222\/revisions\/1225"}],"up":[{"embeddable":true,"href":"https:\/\/extruder-lab.com\/fr\/wp-json\/wp\/v2\/pages\/141"}],"wp:featuredmedia":[{"embeddable":true,"href":"https:\/\/extruder-lab.com\/fr\/wp-json\/wp\/v2\/media\/1223"}],"wp:attachment":[{"href":"https:\/\/extruder-lab.com\/fr\/wp-json\/wp\/v2\/media?parent=1222"}],"curies":[{"name":"wp","href":"https:\/\/api.w.org\/{rel}","templated":true}]}}