{"id":1231,"date":"2026-03-18T15:39:52","date_gmt":"2026-03-18T07:39:52","guid":{"rendered":"https:\/\/extruder-lab.com\/?page_id=1231"},"modified":"2026-03-18T15:43:34","modified_gmt":"2026-03-18T07:43:34","slug":"desktop-film-extruder-line","status":"publish","type":"page","link":"https:\/\/extruder-lab.com\/fr\/products\/desktop-film-extruder-line","title":{"rendered":"Ligne d'extrusion de film de bureau"},"content":{"rendered":"<figure class=\"wp-block-image size-full\"><img fetchpriority=\"high\" decoding=\"async\" width=\"1000\" height=\"750\" src=\"https:\/\/extruder-lab.com\/wp-content\/uploads\/2025\/09\/Desktop-film-extrusion.jpg\" alt=\"Desktop-film-extrusion\" class=\"wp-image-430\" srcset=\"https:\/\/extruder-lab.com\/wp-content\/uploads\/2025\/09\/Desktop-film-extrusion.jpg 1000w, https:\/\/extruder-lab.com\/wp-content\/uploads\/2025\/09\/Desktop-film-extrusion-300x225.jpg 300w, https:\/\/extruder-lab.com\/wp-content\/uploads\/2025\/09\/Desktop-film-extrusion-768x576.jpg 768w\" sizes=\"(max-width: 1000px) 100vw, 1000px\" \/><figcaption class=\"wp-element-caption\">Extrudeuse de film de bureau<\/figcaption><\/figure>\n\n\n\n<h2 class=\"wp-block-heading\">Principales performances et caract\u00e9ristiques<\/h2>\n\n\n\n<ul class=\"wp-block-list\">\n<li><strong>Haute pr\u00e9cision<\/strong>: Utilise des capteurs de pression et de temp\u00e9rature \u00e0 l'\u00e9tat fondu de marque internationale, garantissant des donn\u00e9es d'essai de haute pr\u00e9cision.<\/li>\n\n\n\n<li><strong>Bonne stabilit\u00e9 de la plastification<\/strong>: L'extrudeuse utilise un moteur d'entra\u00eenement de marque internationale, qui pr\u00e9sente une bonne stabilit\u00e9 de plastification et garantit l'homog\u00e9n\u00e9it\u00e9 du mat\u00e9riau pendant l'extrusion.<\/li>\n\n\n\n<li><strong>Vitesse d'extrusion et contr\u00f4le de la temp\u00e9rature r\u00e9glables<\/strong>: La vitesse d'extrusion et la temp\u00e9rature peuvent \u00eatre ajust\u00e9es en temps r\u00e9el en fonction du mat\u00e9riau et des exigences de production.<\/li>\n\n\n\n<li><strong>Stockage de la formule utilisateur<\/strong>: Plusieurs formules peuvent \u00eatre stock\u00e9es pour faciliter la production et le d\u00e9bogage.<\/li>\n\n\n\n<li><strong>S\u00e9curit\u00e9 op\u00e9rationnelle<\/strong>: Des dispositifs d'arr\u00eat d'urgence et diverses protections assurent la s\u00e9curit\u00e9 de l'op\u00e9rateur.<\/li>\n\n\n\n<li><strong>Fonctionnement facile :<\/strong> Un syst\u00e8me de mesure et de contr\u00f4le informatis\u00e9 et une interface conviviale rendent l'utilisation simple et pratique ; la conception de l'interface intuitive rend l'utilisation plus intuitive et plus facile \u00e0 comprendre.<\/li>\n\n\n\n<li><strong>Personnalisable : <\/strong>La personnalisation est possible pour r\u00e9pondre \u00e0 diff\u00e9rentes exigences en mati\u00e8re de mat\u00e9riaux et de processus, afin de satisfaire les besoins individuels des utilisateurs.<\/li>\n<\/ul>\n\n\n\n<h2 class=\"wp-block-heading\">Application de la ligne d'extrusion de film de bureau<\/h2>\n\n\n\n<ul class=\"wp-block-list\">\n<li>D\u00e9veloppement de nouveaux produits et optimisation des formules<\/li>\n\n\n\n<li>S\u00e9lection et d\u00e9veloppement du mat\u00e9riel<\/li>\n\n\n\n<li>Exp\u00e9riences d'enseignement dans les universit\u00e9s et les instituts de recherche<\/li>\n\n\n\n<li>Essais de produits<\/li>\n<\/ul>\n\n\n\n<h2 class=\"wp-block-heading\">Param\u00e8tres techniques de l'extrudeuse de film de bureau<\/h2>\n\n\n\n<figure class=\"wp-block-table\"><table class=\"has-fixed-layout\"><tbody><tr><td class=\"has-text-align-left\" data-align=\"left\">Objet<\/td><td class=\"has-text-align-left\" data-align=\"left\">Param\u00e8tres de l'indicateur<\/td><\/tr><tr><td class=\"has-text-align-left\" data-align=\"left\">Mat\u00e9riaux applicables<\/td><td class=\"has-text-align-left\" data-align=\"left\">PP\u3001PE, ect<\/td><\/tr><tr><td class=\"has-text-align-left\" data-align=\"left\">diam\u00e8tre de la vis<\/td><td class=\"has-text-align-left\" data-align=\"left\">19 mm<\/td><\/tr><tr><td class=\"has-text-align-left\" data-align=\"left\">Rapport longueur\/diam\u00e8tre de la vis<\/td><td class=\"has-text-align-left\" data-align=\"left\">25:1<\/td><\/tr><tr><td class=\"has-text-align-left\" data-align=\"left\">Puissance<\/td><td class=\"has-text-align-left\" data-align=\"left\">1,5 kW<\/td><\/tr><tr><td class=\"has-text-align-left\" data-align=\"left\">largeur du moule<\/td><td class=\"has-text-align-left\" data-align=\"left\">100mm<\/td><\/tr><tr><td class=\"has-text-align-left\" data-align=\"left\">capacit\u00e9<\/td><td class=\"has-text-align-left\" data-align=\"left\">0,1~2kg\/h<\/td><\/tr><tr><td class=\"has-text-align-left\" data-align=\"left\">Temp\u00e9rature de fonctionnement maximale<\/td><td class=\"has-text-align-left\" data-align=\"left\">350C<\/td><\/tr><tr><td class=\"has-text-align-left\" data-align=\"left\">Tension<\/td><td class=\"has-text-align-left\" data-align=\"left\">220V\uff0c50Hz<\/td><\/tr><tr><td class=\"has-text-align-left\" data-align=\"left\">Puissance totale<\/td><td class=\"has-text-align-left\" data-align=\"left\"> Environ 7kW<\/td><\/tr><tr><td class=\"has-text-align-left\" data-align=\"left\">M\u00e9thode de contr\u00f4le<\/td><td class=\"has-text-align-left\" data-align=\"left\">Contr\u00f4le PLC<\/td><\/tr><tr><td class=\"has-text-align-left\" data-align=\"left\">les dimensions<\/td><td class=\"has-text-align-left\" data-align=\"left\">1760mm*677mm*570mm<\/td><\/tr><\/tbody><\/table><\/figure>\n\n\n\n<h2 class=\"wp-block-heading\">Vid\u00e9o de travail<\/h2>\n\n\n\n<figure class=\"wp-block-embed is-type-video is-provider-youtube wp-block-embed-youtube wp-embed-aspect-9-16 wp-has-aspect-ratio\"><div class=\"wp-block-embed__wrapper\">\n<iframe title=\"Extrudeuse de feuilles \u00e0 double vis Hartek Desktop lab extrusion machine\" width=\"422\" height=\"750\" src=\"https:\/\/www.youtube.com\/embed\/-WKqKdrajHc?feature=oembed\" frameborder=\"0\" allow=\"accelerometer; autoplay; clipboard-write; encrypted-media; gyroscope; picture-in-picture; web-share\" referrerpolicy=\"strict-origin-when-cross-origin\" allowfullscreen><\/iframe>\n<\/div><\/figure>","protected":false},"excerpt":{"rendered":"<p>Principales performances et caract\u00e9ristiques Application de la ligne d'extrusion de film de bureau Param\u00e8tres techniques de l'extrudeuse de film de bureau Article Param\u00e8tres de l'indicateur Mat\u00e9riaux applicables PP\u3001PE, ect Diam\u00e8tre de la vis 19mm Rapport longueur de la vis\/diam\u00e8tre 25:1 Puissance 1,5kw Largeur du moule 100mm Capacit\u00e9 0,1~2kg\/h Temp\u00e9rature de fonctionnement maximale 350C Tension 220V\uff0c50Hz Puissance totale Environ 7kW M\u00e9thode de contr\u00f4le PLC Dimensions de contr\u00f4le 1760mm*677mm*570mm Vid\u00e9o de travail<\/p>","protected":false},"author":1,"featured_media":430,"parent":141,"menu_order":0,"comment_status":"closed","ping_status":"closed","template":"","meta":{"site-sidebar-layout":"left-sidebar","site-content-layout":"","ast-site-content-layout":"normal-width-container","site-content-style":"default","site-sidebar-style":"default","ast-global-header-display":"","ast-banner-title-visibility":"","ast-main-header-display":"","ast-hfb-above-header-display":"","ast-hfb-below-header-display":"","ast-hfb-mobile-header-display":"","site-post-title":"","ast-breadcrumbs-content":"","ast-featured-img":"disabled","footer-sml-layout":"","theme-transparent-header-meta":"","adv-header-id-meta":"","stick-header-meta":"","header-above-stick-meta":"","header-main-stick-meta":"","header-below-stick-meta":"","astra-migrate-meta-layouts":"set","ast-page-background-enabled":"default","ast-page-background-meta":{"desktop":{"background-color":"var(--ast-global-color-4)","background-image":"","background-repeat":"repeat","background-position":"center center","background-size":"auto","background-attachment":"scroll","background-type":"","background-media":"","overlay-type":"","overlay-color":"","overlay-opacity":"","overlay-gradient":""},"tablet":{"background-color":"","background-image":"","background-repeat":"repeat","background-position":"center center","background-size":"auto","background-attachment":"scroll","background-type":"","background-media":"","overlay-type":"","overlay-color":"","overlay-opacity":"","overlay-gradient":""},"mobile":{"background-color":"","background-image":"","background-repeat":"repeat","background-position":"center center","background-size":"auto","background-attachment":"scroll","background-type":"","background-media":"","overlay-type":"","overlay-color":"","overlay-opacity":"","overlay-gradient":""}},"ast-content-background-meta":{"desktop":{"background-color":"var(--ast-global-color-5)","background-image":"","background-repeat":"repeat","background-position":"center center","background-size":"auto","background-attachment":"scroll","background-type":"","background-media":"","overlay-type":"","overlay-color":"","overlay-opacity":"","overlay-gradient":""},"tablet":{"background-color":"var(--ast-global-color-5)","background-image":"","background-repeat":"repeat","background-position":"center center","background-size":"auto","background-attachment":"scroll","background-type":"","background-media":"","overlay-type":"","overlay-color":"","overlay-opacity":"","overlay-gradient":""},"mobile":{"background-color":"var(--ast-global-color-5)","background-image":"","background-repeat":"repeat","background-position":"center center","background-size":"auto","background-attachment":"scroll","background-type":"","background-media":"","overlay-type":"","overlay-color":"","overlay-opacity":"","overlay-gradient":""}},"footnotes":""},"class_list":["post-1231","page","type-page","status-publish","has-post-thumbnail","hentry"],"_links":{"self":[{"href":"https:\/\/extruder-lab.com\/fr\/wp-json\/wp\/v2\/pages\/1231","targetHints":{"allow":["GET"]}}],"collection":[{"href":"https:\/\/extruder-lab.com\/fr\/wp-json\/wp\/v2\/pages"}],"about":[{"href":"https:\/\/extruder-lab.com\/fr\/wp-json\/wp\/v2\/types\/page"}],"author":[{"embeddable":true,"href":"https:\/\/extruder-lab.com\/fr\/wp-json\/wp\/v2\/users\/1"}],"replies":[{"embeddable":true,"href":"https:\/\/extruder-lab.com\/fr\/wp-json\/wp\/v2\/comments?post=1231"}],"version-history":[{"count":2,"href":"https:\/\/extruder-lab.com\/fr\/wp-json\/wp\/v2\/pages\/1231\/revisions"}],"predecessor-version":[{"id":1234,"href":"https:\/\/extruder-lab.com\/fr\/wp-json\/wp\/v2\/pages\/1231\/revisions\/1234"}],"up":[{"embeddable":true,"href":"https:\/\/extruder-lab.com\/fr\/wp-json\/wp\/v2\/pages\/141"}],"wp:featuredmedia":[{"embeddable":true,"href":"https:\/\/extruder-lab.com\/fr\/wp-json\/wp\/v2\/media\/430"}],"wp:attachment":[{"href":"https:\/\/extruder-lab.com\/fr\/wp-json\/wp\/v2\/media?parent=1231"}],"curies":[{"name":"wp","href":"https:\/\/api.w.org\/{rel}","templated":true}]}}