{"id":1236,"date":"2026-03-18T15:54:43","date_gmt":"2026-03-18T07:54:43","guid":{"rendered":"https:\/\/extruder-lab.com\/?page_id=1236"},"modified":"2026-03-18T15:55:09","modified_gmt":"2026-03-18T07:55:09","slug":"lab-plastic-pipe-extrusion-line","status":"publish","type":"page","link":"https:\/\/extruder-lab.com\/fr\/products\/lab-plastic-pipe-extrusion-line","title":{"rendered":"Ligne d'extrusion de tuyaux en plastique de laboratoire"},"content":{"rendered":"<figure class=\"wp-block-image size-full\"><img fetchpriority=\"high\" decoding=\"async\" width=\"611\" height=\"410\" src=\"https:\/\/extruder-lab.com\/wp-content\/uploads\/2025\/08\/image.jpg\" alt=\"Pipe Extrusion Line\" class=\"wp-image-101\" srcset=\"https:\/\/extruder-lab.com\/wp-content\/uploads\/2025\/08\/image.jpg 611w, https:\/\/extruder-lab.com\/wp-content\/uploads\/2025\/08\/image-300x201.jpg 300w\" sizes=\"(max-width: 611px) 100vw, 611px\" \/><figcaption class=\"wp-element-caption\">Ligne d'extrusion de tuyaux<\/figcaption><\/figure>\n\n\n\n<h2 class=\"wp-block-heading\">Principales performances et caract\u00e9ristiques<\/h2>\n\n\n\n<ul class=\"wp-block-list\">\n<li><strong>Excellente stabilit\u00e9 et haute pr\u00e9cision<\/strong>: Utilisant des moteurs de marque de renomm\u00e9e internationale et des composants de haute qualit\u00e9, la machine est dot\u00e9e d'une structure stable, d'un fonctionnement souple et d'un contr\u00f4le pr\u00e9cis de la vitesse d'extrusion du mat\u00e9riau, de la temp\u00e9rature et d'autres param\u00e8tres, ce qui permet d'obtenir des produits de haute qualit\u00e9.<\/li>\n\n\n\n<li><strong>Stockage et r\u00e9cup\u00e9ration des formules utilisateur<\/strong>: Plusieurs formules peuvent \u00eatre stock\u00e9es pour faciliter la production et le d\u00e9bogage.<\/li>\n\n\n\n<li><strong>S\u00e9curit\u00e9 \u00e9lev\u00e9e : <\/strong>Des dispositifs d'arr\u00eat d'urgence et diverses protections de s\u00e9curit\u00e9 assurent la s\u00e9curit\u00e9 de l'op\u00e9rateur.<\/li>\n\n\n\n<li><strong>Fonctionnement facile : <\/strong>L'\u00e9quipement est simple et facile \u00e0 comprendre ; les utilisateurs peuvent rapidement apprendre \u00e0 l'utiliser en suivant simplement les instructions \u00e0 l'\u00e9cran.<\/li>\n\n\n\n<li><strong>Personnalisation : <\/strong>La personnalisation est possible pour r\u00e9pondre \u00e0 diff\u00e9rentes exigences en mati\u00e8re de mat\u00e9riaux et de processus, afin de satisfaire les besoins individuels des utilisateurs.<\/li>\n<\/ul>\n\n\n\n<h2 class=\"wp-block-heading\">Application de la ligne d'extrusion de tuyaux<\/h2>\n\n\n\n<ul class=\"wp-block-list\">\n<li>D\u00e9veloppement de nouveaux produits et optimisation des formules<\/li>\n\n\n\n<li>Exp\u00e9riences d'enseignement dans les universit\u00e9s et les instituts de recherche<\/li>\n\n\n\n<li>Production en petites s\u00e9ries et fabrication sur mesure<\/li>\n\n\n\n<li>Inspection et contr\u00f4le de la qualit\u00e9<\/li>\n<\/ul>\n\n\n\n<h2 class=\"wp-block-heading\">Param\u00e8tres techniques de la ligne d'extrusion de tuyaux<\/h2>\n\n\n\n<figure class=\"wp-block-table\"><table class=\"has-fixed-layout\"><tbody><tr><td class=\"has-text-align-left\" data-align=\"left\">Objet<\/td><td class=\"has-text-align-left\" data-align=\"left\">param\u00e8tres <\/td><\/tr><tr><td class=\"has-text-align-left\" data-align=\"left\">Mat\u00e9riaux applicables<\/td><td class=\"has-text-align-left\" data-align=\"left\">PLA\u3001ABS\u3001PA \u3001PEBAX<\/td><\/tr><tr><td class=\"has-text-align-left\" data-align=\"left\">diam\u00e8tre de la vis<\/td><td class=\"has-text-align-left\" data-align=\"left\">19 mm<\/td><\/tr><tr><td class=\"has-text-align-left\" data-align=\"left\">Rapport longueur\/diam\u00e8tre de la vis<\/td><td class=\"has-text-align-left\" data-align=\"left\">25:1<\/td><\/tr><tr><td class=\"has-text-align-left\" data-align=\"left\">Puissance<\/td><td class=\"has-text-align-left\" data-align=\"left\">1,5 kW<\/td><\/tr><tr><td class=\"has-text-align-left\" data-align=\"left\">Sp\u00e9cifications des produits<\/td><td class=\"has-text-align-left\" data-align=\"left\">0,2-2 mm<\/td><\/tr><tr><td class=\"has-text-align-left\" data-align=\"left\">capacit\u00e9<\/td><td class=\"has-text-align-left\" data-align=\"left\">0,1~2kg\/h<\/td><\/tr><tr><td class=\"has-text-align-left\" data-align=\"left\">Temp\u00e9rature de fonctionnement maximale<\/td><td class=\"has-text-align-left\" data-align=\"left\">350C<\/td><\/tr><tr><td class=\"has-text-align-left\" data-align=\"left\">Tension<\/td><td class=\"has-text-align-left\" data-align=\"left\">220V\uff0c50Hz<\/td><\/tr><tr><td class=\"has-text-align-left\" data-align=\"left\">Puissance totale<\/td><td class=\"has-text-align-left\" data-align=\"left\">environ 4,5 kW<\/td><\/tr><tr><td class=\"has-text-align-left\" data-align=\"left\">M\u00e9thode de contr\u00f4le<\/td><td class=\"has-text-align-left\" data-align=\"left\">PLC <\/td><\/tr><tr><td class=\"has-text-align-left\" data-align=\"left\">Dimensions<\/td><td class=\"has-text-align-left\" data-align=\"left\">1960mm*514mm*1252mm<\/td><\/tr><\/tbody><\/table><\/figure>","protected":false},"excerpt":{"rendered":"<p>Principales performances et caract\u00e9ristiques Application de la ligne d'extrusion de tubes Param\u00e8tres techniques de la ligne d'extrusion de tubes Param\u00e8tres de l'article Mat\u00e9riaux applicables PLA\u3001ABS\u3001PA \u3001PEBAX diam\u00e8tre de la vis 19mm Rapport longueur de la vis\/diam\u00e8tre 25:1 Puissance 1,5kw Sp\u00e9cifications du produit Capacit\u00e9 0,2-2mm 0,1~2kg\/h Temp\u00e9rature de fonctionnement maximale 350C Tension 220V\uff0c50Hz Puissance totale environ 4,5kW M\u00e9thode de contr\u00f4le PLC Dimensions 1960mm*514mm*1252mm<\/p>","protected":false},"author":1,"featured_media":101,"parent":141,"menu_order":0,"comment_status":"closed","ping_status":"closed","template":"","meta":{"site-sidebar-layout":"left-sidebar","site-content-layout":"","ast-site-content-layout":"normal-width-container","site-content-style":"default","site-sidebar-style":"default","ast-global-header-display":"","ast-banner-title-visibility":"","ast-main-header-display":"","ast-hfb-above-header-display":"","ast-hfb-below-header-display":"","ast-hfb-mobile-header-display":"","site-post-title":"","ast-breadcrumbs-content":"","ast-featured-img":"disabled","footer-sml-layout":"","theme-transparent-header-meta":"","adv-header-id-meta":"","stick-header-meta":"","header-above-stick-meta":"","header-main-stick-meta":"","header-below-stick-meta":"","astra-migrate-meta-layouts":"set","ast-page-background-enabled":"default","ast-page-background-meta":{"desktop":{"background-color":"var(--ast-global-color-4)","background-image":"","background-repeat":"repeat","background-position":"center center","background-size":"auto","background-attachment":"scroll","background-type":"","background-media":"","overlay-type":"","overlay-color":"","overlay-opacity":"","overlay-gradient":""},"tablet":{"background-color":"","background-image":"","background-repeat":"repeat","background-position":"center center","background-size":"auto","background-attachment":"scroll","background-type":"","background-media":"","overlay-type":"","overlay-color":"","overlay-opacity":"","overlay-gradient":""},"mobile":{"background-color":"","background-image":"","background-repeat":"repeat","background-position":"center center","background-size":"auto","background-attachment":"scroll","background-type":"","background-media":"","overlay-type":"","overlay-color":"","overlay-opacity":"","overlay-gradient":""}},"ast-content-background-meta":{"desktop":{"background-color":"var(--ast-global-color-5)","background-image":"","background-repeat":"repeat","background-position":"center center","background-size":"auto","background-attachment":"scroll","background-type":"","background-media":"","overlay-type":"","overlay-color":"","overlay-opacity":"","overlay-gradient":""},"tablet":{"background-color":"var(--ast-global-color-5)","background-image":"","background-repeat":"repeat","background-position":"center center","background-size":"auto","background-attachment":"scroll","background-type":"","background-media":"","overlay-type":"","overlay-color":"","overlay-opacity":"","overlay-gradient":""},"mobile":{"background-color":"var(--ast-global-color-5)","background-image":"","background-repeat":"repeat","background-position":"center center","background-size":"auto","background-attachment":"scroll","background-type":"","background-media":"","overlay-type":"","overlay-color":"","overlay-opacity":"","overlay-gradient":""}},"footnotes":""},"class_list":["post-1236","page","type-page","status-publish","has-post-thumbnail","hentry"],"_links":{"self":[{"href":"https:\/\/extruder-lab.com\/fr\/wp-json\/wp\/v2\/pages\/1236","targetHints":{"allow":["GET"]}}],"collection":[{"href":"https:\/\/extruder-lab.com\/fr\/wp-json\/wp\/v2\/pages"}],"about":[{"href":"https:\/\/extruder-lab.com\/fr\/wp-json\/wp\/v2\/types\/page"}],"author":[{"embeddable":true,"href":"https:\/\/extruder-lab.com\/fr\/wp-json\/wp\/v2\/users\/1"}],"replies":[{"embeddable":true,"href":"https:\/\/extruder-lab.com\/fr\/wp-json\/wp\/v2\/comments?post=1236"}],"version-history":[{"count":1,"href":"https:\/\/extruder-lab.com\/fr\/wp-json\/wp\/v2\/pages\/1236\/revisions"}],"predecessor-version":[{"id":1237,"href":"https:\/\/extruder-lab.com\/fr\/wp-json\/wp\/v2\/pages\/1236\/revisions\/1237"}],"up":[{"embeddable":true,"href":"https:\/\/extruder-lab.com\/fr\/wp-json\/wp\/v2\/pages\/141"}],"wp:featuredmedia":[{"embeddable":true,"href":"https:\/\/extruder-lab.com\/fr\/wp-json\/wp\/v2\/media\/101"}],"wp:attachment":[{"href":"https:\/\/extruder-lab.com\/fr\/wp-json\/wp\/v2\/media?parent=1236"}],"curies":[{"name":"wp","href":"https:\/\/api.w.org\/{rel}","templated":true}]}}