{"id":127,"date":"2025-06-25T10:13:24","date_gmt":"2025-06-25T02:13:24","guid":{"rendered":"https:\/\/extruder-lab.com\/?page_id=127"},"modified":"2025-11-24T12:18:13","modified_gmt":"2025-11-24T04:18:13","slug":"desktop-blown-film-extrusion-line","status":"publish","type":"page","link":"https:\/\/extruder-lab.com\/fr\/products\/desktop-blown-film-extrusion-line","title":{"rendered":"Ligne d'extrusion de film souffl\u00e9 de bureau"},"content":{"rendered":"<div data-elementor-type=\"wp-page\" data-elementor-id=\"127\" class=\"elementor elementor-127\">\n\t\t\t\t\t\t<section class=\"elementor-section elementor-top-section elementor-element elementor-element-bbf2c63 elementor-section-boxed elementor-section-height-default elementor-section-height-default\" data-id=\"bbf2c63\" data-element_type=\"section\">\n\t\t\t\t\t\t<div class=\"elementor-container elementor-column-gap-default\">\n\t\t\t\t\t<div class=\"elementor-column elementor-col-100 elementor-top-column elementor-element elementor-element-fc1fb5e\" data-id=\"fc1fb5e\" data-element_type=\"column\">\n\t\t\t<div class=\"elementor-widget-wrap elementor-element-populated\">\n\t\t\t\t\t\t<div class=\"elementor-element elementor-element-8d52d7f elementor-widget elementor-widget-image\" data-id=\"8d52d7f\" data-element_type=\"widget\" data-widget_type=\"image.default\">\n\t\t\t\t<div class=\"elementor-widget-container\">\n\t\t\t\t\t\t\t\t\t\t\t\t\t\t\t<img fetchpriority=\"high\" decoding=\"async\" width=\"790\" height=\"530\" src=\"https:\/\/extruder-lab.com\/wp-content\/uploads\/2025\/08\/8e5b325c9f3855a8a9aa7bdfb5c266d2_thumb_790_530_5cee450b5394d.jpg\" class=\"attachment-large size-large wp-image-62\" alt=\"extrusion film blowing machine\" srcset=\"https:\/\/extruder-lab.com\/wp-content\/uploads\/2025\/08\/8e5b325c9f3855a8a9aa7bdfb5c266d2_thumb_790_530_5cee450b5394d.jpg 790w, https:\/\/extruder-lab.com\/wp-content\/uploads\/2025\/08\/8e5b325c9f3855a8a9aa7bdfb5c266d2_thumb_790_530_5cee450b5394d-300x201.jpg 300w, https:\/\/extruder-lab.com\/wp-content\/uploads\/2025\/08\/8e5b325c9f3855a8a9aa7bdfb5c266d2_thumb_790_530_5cee450b5394d-768x515.jpg 768w\" sizes=\"(max-width: 790px) 100vw, 790px\" \/>\t\t\t\t\t\t\t\t\t\t\t\t\t\t\t<\/div>\n\t\t\t\t<\/div>\n\t\t\t\t<div class=\"elementor-element elementor-element-8ab341f elementor-widget elementor-widget-heading\" data-id=\"8ab341f\" data-element_type=\"widget\" data-widget_type=\"heading.default\">\n\t\t\t\t<div class=\"elementor-widget-container\">\n\t\t\t\t\t<h2 class=\"elementor-heading-title elementor-size-default\">Ligne d'extrusion de film souffl\u00e9 en laboratoire<\/h2>\t\t\t\t<\/div>\n\t\t\t\t<\/div>\n\t\t\t\t<div class=\"elementor-element elementor-element-6977257 elementor-widget elementor-widget-text-editor\" data-id=\"6977257\" data-element_type=\"widget\" data-widget_type=\"text-editor.default\">\n\t\t\t\t<div class=\"elementor-widget-container\">\n\t\t\t\t\t\t\t\t\t<p>La ligne d'extrusion de film souffl\u00e9 Hartek Lab est \u00e9quip\u00e9e d'une extrudeuse \u00e0 vis unique et d'une machine auxiliaire de soufflage de film. Elle est utilis\u00e9e pour le d\u00e9veloppement de nouvelles formules de mat\u00e9riaux, les tests de propri\u00e9t\u00e9s de soufflage de film, les tests de dispersion de couleur par lot principal, l'optimisation de la technologie de production de films souffl\u00e9s, la production de films tubulaires souffl\u00e9s \u00e0 couche simple, etc.<\/p>\t\t\t\t\t\t\t\t<\/div>\n\t\t\t\t<\/div>\n\t\t\t\t<div class=\"elementor-element elementor-element-f3dff1d elementor-widget elementor-widget-heading\" data-id=\"f3dff1d\" data-element_type=\"widget\" data-widget_type=\"heading.default\">\n\t\t\t\t<div class=\"elementor-widget-container\">\n\t\t\t\t\t<h3 class=\"elementor-heading-title elementor-size-default\">Fonctions et applications<\/h3>\t\t\t\t<\/div>\n\t\t\t\t<\/div>\n\t\t\t\t<div class=\"elementor-element elementor-element-4bc6e71 elementor-widget elementor-widget-text-editor\" data-id=\"4bc6e71\" data-element_type=\"widget\" data-widget_type=\"text-editor.default\">\n\t\t\t\t<div class=\"elementor-widget-container\">\n\t\t\t\t\t\t\t\t\t<ul><li>Syst\u00e8me de contr\u00f4le PLC \u00e0 \u00e9cran tactile SIEMENS, tr\u00e8s intelligent, facile \u00e0 utiliser.<\/li><li>Les rouleaux de traction sont entra\u00een\u00e9s ind\u00e9pendamment par des moteurs de marque internationale.<\/li><li>La surface du rouleau de traction est plaqu\u00e9e de chrome dur et polie miroir.<\/li><li>\u00c9quip\u00e9 d'un embrayage \u00e0 poudre magn\u00e9tique pour obtenir un enroulement \u00e0 tension constante.<\/li><li>Dispositif d'arr\u00eat d'urgence et autres dispositifs de s\u00e9curit\u00e9 pour assurer la s\u00e9curit\u00e9 de l'op\u00e9rateur.<\/li><\/ul>\t\t\t\t\t\t\t\t<\/div>\n\t\t\t\t<\/div>\n\t\t\t\t<div class=\"elementor-element elementor-element-c18a9f3 elementor-widget elementor-widget-heading\" data-id=\"c18a9f3\" data-element_type=\"widget\" data-widget_type=\"heading.default\">\n\t\t\t\t<div class=\"elementor-widget-container\">\n\t\t\t\t\t<h3 class=\"elementor-heading-title elementor-size-default\">Sp\u00e9cifications<\/h3>\t\t\t\t<\/div>\n\t\t\t\t<\/div>\n\t\t\t\t<div class=\"elementor-element elementor-element-d196ade elementor-widget elementor-widget-text-editor\" data-id=\"d196ade\" data-element_type=\"widget\" data-widget_type=\"text-editor.default\">\n\t\t\t\t<div class=\"elementor-widget-container\">\n\t\t\t\t\t\t\t\t\t<table width=\"721\"><tbody><tr><td width=\"274\">Mod\u00e8le<\/td><td width=\"197\">HTBS-20<\/td><td width=\"135\">HTBS-25<\/td><td width=\"115\">HTBS-30<\/td><\/tr><tr><td>Diam\u00e8tre de la vis (mm)<\/td><td>20<\/td><td>25<\/td><td>20<\/td><\/tr><tr><td>Rapport L\/D<\/td><td>28<\/td><td>28<\/td><td>28<\/td><\/tr><tr><td>Puissance du moteur (kW)<\/td><td>3<\/td><td>4<\/td><td>5.5<\/td><\/tr><tr><td>Vitesse max. Vitesse (tr\/min)<\/td><td>120<\/td><td>120<\/td><td>120<\/td><\/tr><tr><td>M\u00e9thode de chauffage\/refroidissement<\/td><td>Chauffage \u00e9lectrique\/ Refroidissement de l'air<\/td><td>Chauffage \u00e9lectrique\/ Refroidissement de l'air<\/td><td>Chauffage \u00e9lectrique\/ Refroidissement de l'air<\/td><\/tr><tr><td>Temp\u00e9rature maximale (\u2103)<\/td><td>350<\/td><td>350<\/td><td>350<\/td><\/tr><tr><td>Temp. Pr\u00e9cision du contr\u00f4le (\u2103)<\/td><td>\u00b11<\/td><td>\u00b11<\/td><td>\u00b11<\/td><\/tr><tr><td>Plage de mesure de la pression (Mpa)<\/td><td>0~35<\/td><td>0~35<\/td><td>0~35<\/td><\/tr><tr><td>Max. Largeur de l'entr\u00e9e du film<\/td><td>160 mm<\/td><td>200mm<\/td><td>200mn<\/td><\/tr><tr><td>Production (kg\/h)<\/td><td>0.5~ 3<\/td><td>0.5~3<\/td><td>0.5 3<\/td><\/tr><tr><td>Poids (kg)<\/td><td>503<\/td><td>550<\/td><td>630<\/td><\/tr><tr><td>Dimension (mm)<\/td><td>2980x944x2630<\/td><td>2980x944x2630<\/td><td>2980x944x2630<\/td><\/tr><\/tbody><\/table>\t\t\t\t\t\t\t\t<\/div>\n\t\t\t\t<\/div>\n\t\t\t\t<div class=\"elementor-element elementor-element-99d8068 elementor-widget elementor-widget-heading\" data-id=\"99d8068\" data-element_type=\"widget\" data-widget_type=\"heading.default\">\n\t\t\t\t<div class=\"elementor-widget-container\">\n\t\t\t\t\t<h3 class=\"elementor-heading-title elementor-size-default\">Vid\u00e9o<\/h3>\t\t\t\t<\/div>\n\t\t\t\t<\/div>\n\t\t\t\t<div class=\"elementor-element elementor-element-d9c120d elementor-widget elementor-widget-video\" data-id=\"d9c120d\" data-element_type=\"widget\" data-settings=\"{&quot;youtube_url&quot;:&quot;https:\\\/\\\/www.youtube.com\\\/watch?v=s1_O83wQ1Bs&amp;feature=youtu.be&quot;,&quot;video_type&quot;:&quot;youtube&quot;,&quot;controls&quot;:&quot;yes&quot;}\" data-widget_type=\"video.default\">\n\t\t\t\t<div class=\"elementor-widget-container\">\n\t\t\t\t\t\t\t<div class=\"elementor-wrapper elementor-open-inline\">\n\t\t\t<div class=\"elementor-video\"><\/div>\t\t<\/div>\n\t\t\t\t\t\t<\/div>\n\t\t\t\t<\/div>\n\t\t\t\t\t<\/div>\n\t\t<\/div>\n\t\t\t\t\t<\/div>\n\t\t<\/section>\n\t\t\t\t<\/div>","protected":false},"excerpt":{"rendered":"<p>Lab Blown Film Extrusion Line Hartek Lab blown film extrusion Line is equipped with a single screw extruder and an auxiliary film blowing machine. It&#8217;s applied to new material formula development, film blowing property test, Master batch color dispersion test, optimization of blown film production technology, production of simple layer tubular film blowing etc. Fuctions [&hellip;]<\/p>\n","protected":false},"author":1,"featured_media":62,"parent":141,"menu_order":0,"comment_status":"closed","ping_status":"closed","template":"","meta":{"site-sidebar-layout":"left-sidebar","site-content-layout":"","ast-site-content-layout":"default","site-content-style":"default","site-sidebar-style":"default","ast-global-header-display":"","ast-banner-title-visibility":"","ast-main-header-display":"","ast-hfb-above-header-display":"","ast-hfb-below-header-display":"","ast-hfb-mobile-header-display":"","site-post-title":"disabled","ast-breadcrumbs-content":"","ast-featured-img":"disabled","footer-sml-layout":"","theme-transparent-header-meta":"","adv-header-id-meta":"","stick-header-meta":"","header-above-stick-meta":"","header-main-stick-meta":"","header-below-stick-meta":"","astra-migrate-meta-layouts":"set","ast-page-background-enabled":"default","ast-page-background-meta":{"desktop":{"background-color":"var(--ast-global-color-4)","background-image":"","background-repeat":"repeat","background-position":"center center","background-size":"auto","background-attachment":"scroll","background-type":"","background-media":"","overlay-type":"","overlay-color":"","overlay-opacity":"","overlay-gradient":""},"tablet":{"background-color":"","background-image":"","background-repeat":"repeat","background-position":"center center","background-size":"auto","background-attachment":"scroll","background-type":"","background-media":"","overlay-type":"","overlay-color":"","overlay-opacity":"","overlay-gradient":""},"mobile":{"background-color":"","background-image":"","background-repeat":"repeat","background-position":"center center","background-size":"auto","background-attachment":"scroll","background-type":"","background-media":"","overlay-type":"","overlay-color":"","overlay-opacity":"","overlay-gradient":""}},"ast-content-background-meta":{"desktop":{"background-color":"var(--ast-global-color-5)","background-image":"","background-repeat":"repeat","background-position":"center center","background-size":"auto","background-attachment":"scroll","background-type":"","background-media":"","overlay-type":"","overlay-color":"","overlay-opacity":"","overlay-gradient":""},"tablet":{"background-color":"var(--ast-global-color-5)","background-image":"","background-repeat":"repeat","background-position":"center center","background-size":"auto","background-attachment":"scroll","background-type":"","background-media":"","overlay-type":"","overlay-color":"","overlay-opacity":"","overlay-gradient":""},"mobile":{"background-color":"var(--ast-global-color-5)","background-image":"","background-repeat":"repeat","background-position":"center center","background-size":"auto","background-attachment":"scroll","background-type":"","background-media":"","overlay-type":"","overlay-color":"","overlay-opacity":"","overlay-gradient":""}},"footnotes":""},"class_list":["post-127","page","type-page","status-publish","has-post-thumbnail","hentry"],"_links":{"self":[{"href":"https:\/\/extruder-lab.com\/fr\/wp-json\/wp\/v2\/pages\/127","targetHints":{"allow":["GET"]}}],"collection":[{"href":"https:\/\/extruder-lab.com\/fr\/wp-json\/wp\/v2\/pages"}],"about":[{"href":"https:\/\/extruder-lab.com\/fr\/wp-json\/wp\/v2\/types\/page"}],"author":[{"embeddable":true,"href":"https:\/\/extruder-lab.com\/fr\/wp-json\/wp\/v2\/users\/1"}],"replies":[{"embeddable":true,"href":"https:\/\/extruder-lab.com\/fr\/wp-json\/wp\/v2\/comments?post=127"}],"version-history":[{"count":1,"href":"https:\/\/extruder-lab.com\/fr\/wp-json\/wp\/v2\/pages\/127\/revisions"}],"predecessor-version":[{"id":992,"href":"https:\/\/extruder-lab.com\/fr\/wp-json\/wp\/v2\/pages\/127\/revisions\/992"}],"up":[{"embeddable":true,"href":"https:\/\/extruder-lab.com\/fr\/wp-json\/wp\/v2\/pages\/141"}],"wp:featuredmedia":[{"embeddable":true,"href":"https:\/\/extruder-lab.com\/fr\/wp-json\/wp\/v2\/media\/62"}],"wp:attachment":[{"href":"https:\/\/extruder-lab.com\/fr\/wp-json\/wp\/v2\/media?parent=127"}],"curies":[{"name":"wp","href":"https:\/\/api.w.org\/{rel}","templated":true}]}}