{"id":264,"date":"2025-09-01T15:19:44","date_gmt":"2025-09-01T07:19:44","guid":{"rendered":"https:\/\/extruder-lab.com\/?page_id=264"},"modified":"2025-11-24T12:17:31","modified_gmt":"2025-11-24T04:17:31","slug":"lab-multi-layer-co-extrusion-line","status":"publish","type":"page","link":"https:\/\/extruder-lab.com\/fr\/products\/lab-multi-layer-co-extrusion-line","title":{"rendered":"Ligne de coextrusion multicouche de laboratoire"},"content":{"rendered":"<div data-elementor-type=\"wp-page\" data-elementor-id=\"264\" class=\"elementor elementor-264\">\n\t\t\t\t\t\t<section class=\"elementor-section elementor-top-section elementor-element elementor-element-7e744022 elementor-section-boxed elementor-section-height-default elementor-section-height-default\" data-id=\"7e744022\" data-element_type=\"section\">\n\t\t\t\t\t\t<div class=\"elementor-container elementor-column-gap-default\">\n\t\t\t\t\t<div class=\"elementor-column elementor-col-100 elementor-top-column elementor-element elementor-element-618aebcc\" data-id=\"618aebcc\" data-element_type=\"column\">\n\t\t\t<div class=\"elementor-widget-wrap elementor-element-populated\">\n\t\t\t\t\t\t<div class=\"elementor-element elementor-element-454d1d1 elementor-widget elementor-widget-image\" data-id=\"454d1d1\" data-element_type=\"widget\" data-widget_type=\"image.default\">\n\t\t\t\t<div class=\"elementor-widget-container\">\n\t\t\t\t\t\t\t\t\t\t\t\t\t\t\t<img fetchpriority=\"high\" decoding=\"async\" width=\"790\" height=\"530\" src=\"https:\/\/extruder-lab.com\/wp-content\/uploads\/2025\/09\/Lab-Multi-Layer-Co-extrusion-Line.jpg\" class=\"attachment-large size-large wp-image-289\" alt=\"Lab Multi Layer Co-extrusion Line\" srcset=\"https:\/\/extruder-lab.com\/wp-content\/uploads\/2025\/09\/Lab-Multi-Layer-Co-extrusion-Line.jpg 790w, https:\/\/extruder-lab.com\/wp-content\/uploads\/2025\/09\/Lab-Multi-Layer-Co-extrusion-Line-300x201.jpg 300w, https:\/\/extruder-lab.com\/wp-content\/uploads\/2025\/09\/Lab-Multi-Layer-Co-extrusion-Line-768x515.jpg 768w\" sizes=\"(max-width: 790px) 100vw, 790px\" \/>\t\t\t\t\t\t\t\t\t\t\t\t\t\t\t<\/div>\n\t\t\t\t<\/div>\n\t\t\t\t<div class=\"elementor-element elementor-element-c68e62f elementor-widget elementor-widget-heading\" data-id=\"c68e62f\" data-element_type=\"widget\" data-widget_type=\"heading.default\">\n\t\t\t\t<div class=\"elementor-widget-container\">\n\t\t\t\t\t<h2 class=\"elementor-heading-title elementor-size-default\">Ligne de coextrusion multicouche de laboratoire<\/h2>\t\t\t\t<\/div>\n\t\t\t\t<\/div>\n\t\t\t\t<div class=\"elementor-element elementor-element-61e8451d elementor-widget elementor-widget-text-editor\" data-id=\"61e8451d\" data-element_type=\"widget\" data-widget_type=\"text-editor.default\">\n\t\t\t\t<div class=\"elementor-widget-container\">\n\t\t\t\t\t\t\t\t\t<p>La ligne de coextrusion de films coul\u00e9s multicouches de laboratoire se compose d'un syst\u00e8me d'entra\u00eenement, d'un syst\u00e8me d'extrusion, d'une t\u00eate de fili\u00e8re, d'un syst\u00e8me de rouleaux, d'un syst\u00e8me de traction, d'un syst\u00e8me d'enroulement et d'un syst\u00e8me de contr\u00f4le \u00e9lectrique.<\/p><p>Cette ligne est adapt\u00e9e au moulage par extrusion de plastique conventionnel. Gr\u00e2ce \u00e0 sa compacit\u00e9, sa conception intelligente et sa haute pr\u00e9cision, elle est id\u00e9ale pour les instituts de recherche.<\/p>\t\t\t\t\t\t\t\t<\/div>\n\t\t\t\t<\/div>\n\t\t\t\t<div class=\"elementor-element elementor-element-303ba8cb elementor-widget elementor-widget-heading\" data-id=\"303ba8cb\" data-element_type=\"widget\" data-widget_type=\"heading.default\">\n\t\t\t\t<div class=\"elementor-widget-container\">\n\t\t\t\t\t<h3 class=\"elementor-heading-title elementor-size-default\">Fonctions et applications<\/h3>\t\t\t\t<\/div>\n\t\t\t\t<\/div>\n\t\t\t\t<div class=\"elementor-element elementor-element-9cc3ea2 elementor-widget elementor-widget-text-editor\" data-id=\"9cc3ea2\" data-element_type=\"widget\" data-widget_type=\"text-editor.default\">\n\t\t\t\t<div class=\"elementor-widget-container\">\n\t\t\t\t\t\t\t\t\t<ul><li style=\"font-weight: 400;\">L'adoption d'un moteur de contr\u00f4le de marque internationale pour l'extrudeuse rend la plastification stable et constante.<\/li><li style=\"font-weight: 400;\">L'utilisation d'un capteur de pression et de temp\u00e9rature de marque garantit la pr\u00e9cision des donn\u00e9es.<\/li><li style=\"font-weight: 400;\">\u00a0Adoption de syst\u00e8mes de contr\u00f4le PLC Simens et d'une IHM conviviale, tr\u00e8s intelligente et facile \u00e0 utiliser.<\/li><li style=\"font-weight: 400;\">Formule Fonction de stockage.<\/li><li style=\"font-weight: 400;\">Des arr\u00eats d'urgence et des dispositifs de protection pour assurer la s\u00e9curit\u00e9 de l'op\u00e9rateur.<\/li><\/ul>\t\t\t\t\t\t\t\t<\/div>\n\t\t\t\t<\/div>\n\t\t\t\t<div class=\"elementor-element elementor-element-39ed1a69 elementor-widget elementor-widget-heading\" data-id=\"39ed1a69\" data-element_type=\"widget\" data-widget_type=\"heading.default\">\n\t\t\t\t<div class=\"elementor-widget-container\">\n\t\t\t\t\t<h3 class=\"elementor-heading-title elementor-size-default\">Sp\u00e9cifications<\/h3>\t\t\t\t<\/div>\n\t\t\t\t<\/div>\n\t\t\t\t<div class=\"elementor-element elementor-element-7116bfad elementor-widget elementor-widget-text-editor\" data-id=\"7116bfad\" data-element_type=\"widget\" data-widget_type=\"text-editor.default\">\n\t\t\t\t<div class=\"elementor-widget-container\">\n\t\t\t\t\t\t\t\t\t<table width=\"419\"><tbody><tr><td width=\"197\">Mat\u00e9riel applicable\uff1a<\/td><td width=\"222\">PP\uff0cPE\uff0cPET\uff0ccompounding materials etc.<\/td><\/tr><tr><td>Diam\u00e8tre de la vis\uff1a<\/td><td>25 mm<\/td><\/tr><tr><td>Rapport L\/D de la vis\uff1a<\/td><td>28:01:00<\/td><\/tr><tr><td>Puissance du moteur\uff1a<\/td><td>4kW<\/td><\/tr><tr><td>Max. Sortie\uff1a<\/td><td>Chaque extrudeuse 0,5-5kg\/h, total 1,5-15kg\/h pour 3 ensembles<\/td><\/tr><tr><td>Vitesse de rotation maximale\/set\uff1a<\/td><td>120 tr\/min<\/td><\/tr><tr><td>Largeur du film\uff1a<\/td><td>20mm- 100mm<\/td><\/tr><tr><td>Epaisseur du film\uff1a<\/td><td>0,1-1mm<\/td><\/tr><tr><td>Temp\u00e9rature maximale\uff1a<\/td><td>350\u2103<\/td><\/tr><tr><td>Pr\u00e9cision du contr\u00f4le de la temp\u00e9rature\uff1a<\/td><td>\u00b11\u2103<\/td><\/tr><tr><td>Tension de fonctionnement\uff1a<\/td><td>\u00a0380 V\u00b110%, 3 phases, 50 Hz<\/td><\/tr><tr><td>M\u00e9thode de contr\u00f4le\uff1a<\/td><td>Contr\u00f4le PLC Siemens<\/td><\/tr><\/tbody><\/table>\t\t\t\t\t\t\t\t<\/div>\n\t\t\t\t<\/div>\n\t\t\t\t<div class=\"elementor-element elementor-element-4cf5d2e6 elementor-widget elementor-widget-heading\" data-id=\"4cf5d2e6\" data-element_type=\"widget\" data-widget_type=\"heading.default\">\n\t\t\t\t<div class=\"elementor-widget-container\">\n\t\t\t\t\t<h3 class=\"elementor-heading-title elementor-size-default\">Vid\u00e9o<\/h3>\t\t\t\t<\/div>\n\t\t\t\t<\/div>\n\t\t\t\t<div class=\"elementor-element elementor-element-2d204c79 elementor-widget elementor-widget-video\" data-id=\"2d204c79\" data-element_type=\"widget\" data-settings=\"{&quot;youtube_url&quot;:&quot;https:\\\/\\\/www.youtube.com\\\/shorts\\\/PLnIpAlNlEA&quot;,&quot;video_type&quot;:&quot;youtube&quot;,&quot;controls&quot;:&quot;yes&quot;}\" data-widget_type=\"video.default\">\n\t\t\t\t<div class=\"elementor-widget-container\">\n\t\t\t\t\t\t\t<div class=\"elementor-wrapper elementor-open-inline\">\n\t\t\t<div class=\"elementor-video\"><\/div>\t\t<\/div>\n\t\t\t\t\t\t<\/div>\n\t\t\t\t<\/div>\n\t\t\t\t\t<\/div>\n\t\t<\/div>\n\t\t\t\t\t<\/div>\n\t\t<\/section>\n\t\t\t\t<\/div>","protected":false},"excerpt":{"rendered":"<p>Lab Multi Layer Co-extrusion Line The laboratory multi-layer cast film co-extrusion line consists of a drive system, extrusion system, die head, roller system, traction system, winding system, and electrical control system. This line is suitable for conventional plastic extrusion molding. Due to its compactness, intelligent design, and high precision, it is ideal for research institutes. [&hellip;]<\/p>\n","protected":false},"author":1,"featured_media":289,"parent":141,"menu_order":0,"comment_status":"closed","ping_status":"closed","template":"","meta":{"site-sidebar-layout":"left-sidebar","site-content-layout":"","ast-site-content-layout":"default","site-content-style":"default","site-sidebar-style":"default","ast-global-header-display":"","ast-banner-title-visibility":"","ast-main-header-display":"","ast-hfb-above-header-display":"","ast-hfb-below-header-display":"","ast-hfb-mobile-header-display":"","site-post-title":"disabled","ast-breadcrumbs-content":"","ast-featured-img":"disabled","footer-sml-layout":"","theme-transparent-header-meta":"","adv-header-id-meta":"","stick-header-meta":"","header-above-stick-meta":"","header-main-stick-meta":"","header-below-stick-meta":"","astra-migrate-meta-layouts":"set","ast-page-background-enabled":"default","ast-page-background-meta":{"desktop":{"background-color":"var(--ast-global-color-5)","background-image":"","background-repeat":"repeat","background-position":"center center","background-size":"auto","background-attachment":"scroll","background-type":"","background-media":"","overlay-type":"","overlay-color":"","overlay-opacity":"","overlay-gradient":""},"tablet":{"background-color":"","background-image":"","background-repeat":"repeat","background-position":"center center","background-size":"auto","background-attachment":"scroll","background-type":"","background-media":"","overlay-type":"","overlay-color":"","overlay-opacity":"","overlay-gradient":""},"mobile":{"background-color":"","background-image":"","background-repeat":"repeat","background-position":"center center","background-size":"auto","background-attachment":"scroll","background-type":"","background-media":"","overlay-type":"","overlay-color":"","overlay-opacity":"","overlay-gradient":""}},"ast-content-background-meta":{"desktop":{"background-color":"var(--ast-global-color-4)","background-image":"","background-repeat":"repeat","background-position":"center center","background-size":"auto","background-attachment":"scroll","background-type":"","background-media":"","overlay-type":"","overlay-color":"","overlay-opacity":"","overlay-gradient":""},"tablet":{"background-color":"var(--ast-global-color-4)","background-image":"","background-repeat":"repeat","background-position":"center center","background-size":"auto","background-attachment":"scroll","background-type":"","background-media":"","overlay-type":"","overlay-color":"","overlay-opacity":"","overlay-gradient":""},"mobile":{"background-color":"var(--ast-global-color-4)","background-image":"","background-repeat":"repeat","background-position":"center center","background-size":"auto","background-attachment":"scroll","background-type":"","background-media":"","overlay-type":"","overlay-color":"","overlay-opacity":"","overlay-gradient":""}},"footnotes":""},"class_list":["post-264","page","type-page","status-publish","has-post-thumbnail","hentry"],"_links":{"self":[{"href":"https:\/\/extruder-lab.com\/fr\/wp-json\/wp\/v2\/pages\/264","targetHints":{"allow":["GET"]}}],"collection":[{"href":"https:\/\/extruder-lab.com\/fr\/wp-json\/wp\/v2\/pages"}],"about":[{"href":"https:\/\/extruder-lab.com\/fr\/wp-json\/wp\/v2\/types\/page"}],"author":[{"embeddable":true,"href":"https:\/\/extruder-lab.com\/fr\/wp-json\/wp\/v2\/users\/1"}],"replies":[{"embeddable":true,"href":"https:\/\/extruder-lab.com\/fr\/wp-json\/wp\/v2\/comments?post=264"}],"version-history":[{"count":1,"href":"https:\/\/extruder-lab.com\/fr\/wp-json\/wp\/v2\/pages\/264\/revisions"}],"predecessor-version":[{"id":989,"href":"https:\/\/extruder-lab.com\/fr\/wp-json\/wp\/v2\/pages\/264\/revisions\/989"}],"up":[{"embeddable":true,"href":"https:\/\/extruder-lab.com\/fr\/wp-json\/wp\/v2\/pages\/141"}],"wp:featuredmedia":[{"embeddable":true,"href":"https:\/\/extruder-lab.com\/fr\/wp-json\/wp\/v2\/media\/289"}],"wp:attachment":[{"href":"https:\/\/extruder-lab.com\/fr\/wp-json\/wp\/v2\/media?parent=264"}],"curies":[{"name":"wp","href":"https:\/\/api.w.org\/{rel}","templated":true}]}}