{"id":708,"date":"2025-08-13T14:18:33","date_gmt":"2025-08-13T06:18:33","guid":{"rendered":"https:\/\/extruder-lab.com\/?page_id=708"},"modified":"2025-11-24T12:15:44","modified_gmt":"2025-11-24T04:15:44","slug":"laboratory-banbury-mixer","status":"publish","type":"page","link":"https:\/\/extruder-lab.com\/fr\/products\/laboratory-banbury-mixer","title":{"rendered":"M\u00e9langeur Banbury de laboratoire"},"content":{"rendered":"<div data-elementor-type=\"wp-page\" data-elementor-id=\"708\" class=\"elementor elementor-708\">\n\t\t\t\t\t\t<section class=\"elementor-section elementor-top-section elementor-element elementor-element-2f6a22fd elementor-section-boxed elementor-section-height-default elementor-section-height-default\" data-id=\"2f6a22fd\" data-element_type=\"section\">\n\t\t\t\t\t\t<div class=\"elementor-container elementor-column-gap-default\">\n\t\t\t\t\t<div class=\"elementor-column elementor-col-100 elementor-top-column elementor-element elementor-element-61209061\" data-id=\"61209061\" data-element_type=\"column\">\n\t\t\t<div class=\"elementor-widget-wrap elementor-element-populated\">\n\t\t\t\t\t\t<div class=\"elementor-element elementor-element-1b99b810 elementor-widget elementor-widget-image\" data-id=\"1b99b810\" data-element_type=\"widget\" data-widget_type=\"image.default\">\n\t\t\t\t<div class=\"elementor-widget-container\">\n\t\t\t\t\t\t\t\t\t\t\t\t\t\t\t<img fetchpriority=\"high\" decoding=\"async\" width=\"790\" height=\"530\" src=\"https:\/\/extruder-lab.com\/wp-content\/uploads\/2025\/09\/790_530_5c95962ccf06c.jpg\" class=\"attachment-large size-large wp-image-716\" alt=\"Lab Banbury Mixer\" srcset=\"https:\/\/extruder-lab.com\/wp-content\/uploads\/2025\/09\/790_530_5c95962ccf06c.jpg 790w, https:\/\/extruder-lab.com\/wp-content\/uploads\/2025\/09\/790_530_5c95962ccf06c-300x201.jpg 300w, https:\/\/extruder-lab.com\/wp-content\/uploads\/2025\/09\/790_530_5c95962ccf06c-768x515.jpg 768w\" sizes=\"(max-width: 790px) 100vw, 790px\" \/>\t\t\t\t\t\t\t\t\t\t\t\t\t\t\t<\/div>\n\t\t\t\t<\/div>\n\t\t\t\t<div class=\"elementor-element elementor-element-28fc3b98 elementor-widget elementor-widget-heading\" data-id=\"28fc3b98\" data-element_type=\"widget\" data-widget_type=\"heading.default\">\n\t\t\t\t<div class=\"elementor-widget-container\">\n\t\t\t\t\t<h2 class=\"elementor-heading-title elementor-size-default\">M\u00e9langeur Banbury de laboratoire<\/h2>\t\t\t\t<\/div>\n\t\t\t\t<\/div>\n\t\t\t\t<div class=\"elementor-element elementor-element-f5d986a elementor-widget elementor-widget-text-editor\" data-id=\"f5d986a\" data-element_type=\"widget\" data-widget_type=\"text-editor.default\">\n\t\t\t\t<div class=\"elementor-widget-container\">\n\t\t\t\t\t\t\t\t\t<p>Le m\u00e9langeur Banbury de Hartek Lab est une machine de m\u00e9lange industrielle avanc\u00e9e qui se caract\u00e9rise par ses performances robustes et son contr\u00f4le pr\u00e9cis. <strong>Les principales caract\u00e9ristiques sont les suivantes :<\/strong><\/p><ol><li>Moteur \u00e0 vitesse variable : \u00c9quip\u00e9 d'un moteur de haute qualit\u00e9, il permet un contr\u00f4le pr\u00e9cis de la vitesse de rotation du rotor, garantissant des op\u00e9rations de m\u00e9lange efficaces et r\u00e9guli\u00e8res.<\/li><li>Choix du rotor : La machine offre la possibilit\u00e9 de choisir entre diff\u00e9rents types de rotors adapt\u00e9s aux exigences sp\u00e9cifiques de traitement des mat\u00e9riaux et aux applications industrielles.<\/li><li>Syst\u00e8me de chauffage \u00e9lectrique avec contr\u00f4le de temp\u00e9rature PID : Cette fonction permet une r\u00e9gulation pr\u00e9cise de la temp\u00e9rature pendant le m\u00e9lange, am\u00e9liorant ainsi l'efficacit\u00e9 du processus et la qualit\u00e9 du produit. Le syst\u00e8me PID assure une vitesse et un contr\u00f4le pr\u00e9cis du chauffage.<\/li><li>Double protection des machines et de l'\u00e9quipement \u00e9lectrique : Le m\u00e9langeur est con\u00e7u avec des dispositifs de s\u00e9curit\u00e9 doubles pour prot\u00e9ger \u00e0 la fois les composants m\u00e9caniques et les syst\u00e8mes \u00e9lectriques, ce qui garantit un fonctionnement s\u00fbr et fiable.<\/li><\/ol><p>Cette machine est id\u00e9ale pour les applications de m\u00e9lange industriel exigeant une grande pr\u00e9cision, une grande fiabilit\u00e9 et une grande adaptabilit\u00e9.<\/p>\t\t\t\t\t\t\t\t<\/div>\n\t\t\t\t<\/div>\n\t\t\t\t<div class=\"elementor-element elementor-element-8ebff9e elementor-widget elementor-widget-heading\" data-id=\"8ebff9e\" data-element_type=\"widget\" data-widget_type=\"heading.default\">\n\t\t\t\t<div class=\"elementor-widget-container\">\n\t\t\t\t\t<h3 class=\"elementor-heading-title elementor-size-default\">Fonctions et applications<\/h3>\t\t\t\t<\/div>\n\t\t\t\t<\/div>\n\t\t\t\t<div class=\"elementor-element elementor-element-2b81f3cf elementor-widget elementor-widget-text-editor\" data-id=\"2b81f3cf\" data-element_type=\"widget\" data-widget_type=\"text-editor.default\">\n\t\t\t\t<div class=\"elementor-widget-container\">\n\t\t\t\t\t\t\t\t\t<ul><li>M\u00e9lange et plastification de mat\u00e9riaux en caoutchouc courants ;<\/li><li>Remplissage, m\u00e9lange et dispersion de mat\u00e9riaux en caoutchouc ;<\/li><li>Formule en caoutchouc ;<\/li><li>Pr\u00e9traitement thermique courant des mat\u00e9riaux en caoutchouc.<\/li><\/ul>\t\t\t\t\t\t\t\t<\/div>\n\t\t\t\t<\/div>\n\t\t\t\t<div class=\"elementor-element elementor-element-540fbc94 elementor-widget elementor-widget-heading\" data-id=\"540fbc94\" data-element_type=\"widget\" data-widget_type=\"heading.default\">\n\t\t\t\t<div class=\"elementor-widget-container\">\n\t\t\t\t\t<h3 class=\"elementor-heading-title elementor-size-default\">Sp\u00e9cifications<\/h3>\t\t\t\t<\/div>\n\t\t\t\t<\/div>\n\t\t\t\t<div class=\"elementor-element elementor-element-e59ffa7 elementor-widget elementor-widget-text-editor\" data-id=\"e59ffa7\" data-element_type=\"widget\" data-widget_type=\"text-editor.default\">\n\t\t\t\t<div class=\"elementor-widget-container\">\n\t\t\t\t\t\t\t\t\t<table width=\"748\"><tbody><tr><td width=\"217\">Mod\u00e8le<\/td><td width=\"167\">HTK-55<\/td><td width=\"182\">HTK-200<\/td><td width=\"182\">HTK-300<\/td><\/tr><tr><td>Volume de la chambre de m\u00e9lange (ml)<\/td><td>55<\/td><td>200<\/td><td>300<\/td><\/tr><tr><td>Rapport de vitesse du rotor<\/td><td>2:03<\/td><td>2:03<\/td><td>2:03<\/td><\/tr><tr><td>Vitesse du rotor (tr\/min)<\/td><td>0~200<\/td><td>0~200<\/td><td>0~200<\/td><\/tr><tr><td>RotorType<\/td><td>Rouleau, Banbury, Cam, sigma<\/td><td>Rouleau, Banbury, Cam, sigma<\/td><td>Rouleau, Banbury, Cam, sigma<\/td><\/tr><tr><td>Temp\u00e9rature max. Temp\u00e9rature (\u2103)<\/td><td>350<\/td><td>350<\/td><td>350<\/td><\/tr><tr><td>Temp. Pr\u00e9cision du contr\u00f4le (\u2103)<\/td><td>\u571f1<\/td><td>\u571f1<\/td><td>\u58eb1<\/td><\/tr><tr><td>M\u00e9thode de chauffage \/ refroidissement<\/td><td>Chauffage \u00e9lectrique \/ Refroidissement par air comprim\u00e9<\/td><td>Chauffage \u00e9lectrique \/ Refroidissement par air comprim\u00e9<\/td><td>Chauffage \u00e9lectrique \/ Refroidissement par air comprim\u00e9<\/td><\/tr><tr><td>Puissance d'entra\u00eenement (kw)<\/td><td>3<\/td><td>5.5<\/td><td>7.5<\/td><\/tr><tr><td>Puissance totale (kw)<\/td><td>4.5<\/td><td>6<\/td><td>8<\/td><\/tr><tr><td>Poids (kg)<\/td><td>290<\/td><td>320<\/td><td>380<\/td><\/tr><tr><td>Dimension (mm)<\/td><td>1250x690x1350<\/td><td>1350x690x1350<\/td><td>1480x690x1350<\/td><\/tr><\/tbody><\/table>\t\t\t\t\t\t\t\t<\/div>\n\t\t\t\t<\/div>\n\t\t\t\t\t<\/div>\n\t\t<\/div>\n\t\t\t\t\t<\/div>\n\t\t<\/section>\n\t\t\t\t<\/div>","protected":false},"excerpt":{"rendered":"<p>Laboratory Banbury Mixer Hartek Lab Banbury Mixer is an advanced industrial mixing machine characterized by its robust performance and precise control. Key features include: Variable Speed Motor: Equipped with a high-quality motor, it allows for exact control of the rotor&#8217;s rotational speed, ensuring efficient and consistent mixing operations. Rotor Selection: The machine offers the option [&hellip;]<\/p>\n","protected":false},"author":1,"featured_media":716,"parent":141,"menu_order":0,"comment_status":"closed","ping_status":"closed","template":"","meta":{"site-sidebar-layout":"left-sidebar","site-content-layout":"","ast-site-content-layout":"default","site-content-style":"default","site-sidebar-style":"default","ast-global-header-display":"","ast-banner-title-visibility":"","ast-main-header-display":"","ast-hfb-above-header-display":"","ast-hfb-below-header-display":"","ast-hfb-mobile-header-display":"","site-post-title":"disabled","ast-breadcrumbs-content":"","ast-featured-img":"disabled","footer-sml-layout":"","theme-transparent-header-meta":"","adv-header-id-meta":"","stick-header-meta":"","header-above-stick-meta":"","header-main-stick-meta":"","header-below-stick-meta":"","astra-migrate-meta-layouts":"set","ast-page-background-enabled":"default","ast-page-background-meta":{"desktop":{"background-color":"var(--ast-global-color-5)","background-image":"","background-repeat":"repeat","background-position":"center center","background-size":"auto","background-attachment":"scroll","background-type":"","background-media":"","overlay-type":"","overlay-color":"","overlay-opacity":"","overlay-gradient":""},"tablet":{"background-color":"","background-image":"","background-repeat":"repeat","background-position":"center center","background-size":"auto","background-attachment":"scroll","background-type":"","background-media":"","overlay-type":"","overlay-color":"","overlay-opacity":"","overlay-gradient":""},"mobile":{"background-color":"","background-image":"","background-repeat":"repeat","background-position":"center center","background-size":"auto","background-attachment":"scroll","background-type":"","background-media":"","overlay-type":"","overlay-color":"","overlay-opacity":"","overlay-gradient":""}},"ast-content-background-meta":{"desktop":{"background-color":"var(--ast-global-color-4)","background-image":"","background-repeat":"repeat","background-position":"center center","background-size":"auto","background-attachment":"scroll","background-type":"","background-media":"","overlay-type":"","overlay-color":"","overlay-opacity":"","overlay-gradient":""},"tablet":{"background-color":"var(--ast-global-color-4)","background-image":"","background-repeat":"repeat","background-position":"center center","background-size":"auto","background-attachment":"scroll","background-type":"","background-media":"","overlay-type":"","overlay-color":"","overlay-opacity":"","overlay-gradient":""},"mobile":{"background-color":"var(--ast-global-color-4)","background-image":"","background-repeat":"repeat","background-position":"center center","background-size":"auto","background-attachment":"scroll","background-type":"","background-media":"","overlay-type":"","overlay-color":"","overlay-opacity":"","overlay-gradient":""}},"footnotes":""},"class_list":["post-708","page","type-page","status-publish","has-post-thumbnail","hentry"],"_links":{"self":[{"href":"https:\/\/extruder-lab.com\/fr\/wp-json\/wp\/v2\/pages\/708","targetHints":{"allow":["GET"]}}],"collection":[{"href":"https:\/\/extruder-lab.com\/fr\/wp-json\/wp\/v2\/pages"}],"about":[{"href":"https:\/\/extruder-lab.com\/fr\/wp-json\/wp\/v2\/types\/page"}],"author":[{"embeddable":true,"href":"https:\/\/extruder-lab.com\/fr\/wp-json\/wp\/v2\/users\/1"}],"replies":[{"embeddable":true,"href":"https:\/\/extruder-lab.com\/fr\/wp-json\/wp\/v2\/comments?post=708"}],"version-history":[{"count":1,"href":"https:\/\/extruder-lab.com\/fr\/wp-json\/wp\/v2\/pages\/708\/revisions"}],"predecessor-version":[{"id":985,"href":"https:\/\/extruder-lab.com\/fr\/wp-json\/wp\/v2\/pages\/708\/revisions\/985"}],"up":[{"embeddable":true,"href":"https:\/\/extruder-lab.com\/fr\/wp-json\/wp\/v2\/pages\/141"}],"wp:featuredmedia":[{"embeddable":true,"href":"https:\/\/extruder-lab.com\/fr\/wp-json\/wp\/v2\/media\/716"}],"wp:attachment":[{"href":"https:\/\/extruder-lab.com\/fr\/wp-json\/wp\/v2\/media?parent=708"}],"curies":[{"name":"wp","href":"https:\/\/api.w.org\/{rel}","templated":true}]}}