{"id":731,"date":"2025-08-22T14:52:08","date_gmt":"2025-08-22T06:52:08","guid":{"rendered":"https:\/\/extruder-lab.com\/?page_id=731"},"modified":"2025-11-24T12:17:17","modified_gmt":"2025-11-24T04:17:17","slug":"lab-hydraulic-tablet-press","status":"publish","type":"page","link":"https:\/\/extruder-lab.com\/fr\/products\/lab-hydraulic-tablet-press","title":{"rendered":"Presse \u00e0 comprim\u00e9s hydraulique de laboratoire"},"content":{"rendered":"<div data-elementor-type=\"wp-page\" data-elementor-id=\"731\" class=\"elementor elementor-731\">\n\t\t\t\t\t\t<section class=\"elementor-section elementor-top-section elementor-element elementor-element-404248c5 elementor-section-boxed elementor-section-height-default elementor-section-height-default\" data-id=\"404248c5\" data-element_type=\"section\">\n\t\t\t\t\t\t<div class=\"elementor-container elementor-column-gap-default\">\n\t\t\t\t\t<div class=\"elementor-column elementor-col-100 elementor-top-column elementor-element elementor-element-579f9c50\" data-id=\"579f9c50\" data-element_type=\"column\">\n\t\t\t<div class=\"elementor-widget-wrap elementor-element-populated\">\n\t\t\t\t\t\t<div class=\"elementor-element elementor-element-1cbe7cba elementor-widget elementor-widget-image\" data-id=\"1cbe7cba\" data-element_type=\"widget\" data-widget_type=\"image.default\">\n\t\t\t\t<div class=\"elementor-widget-container\">\n\t\t\t\t\t\t\t\t\t\t\t\t\t\t\t<img fetchpriority=\"high\" decoding=\"async\" width=\"790\" height=\"530\" src=\"https:\/\/extruder-lab.com\/wp-content\/uploads\/2025\/09\/thumb_790_530_5c920888b3ecd.jpg\" class=\"attachment-large size-large wp-image-732\" alt=\"Hydraulic Platen Press\" srcset=\"https:\/\/extruder-lab.com\/wp-content\/uploads\/2025\/09\/thumb_790_530_5c920888b3ecd.jpg 790w, https:\/\/extruder-lab.com\/wp-content\/uploads\/2025\/09\/thumb_790_530_5c920888b3ecd-300x201.jpg 300w, https:\/\/extruder-lab.com\/wp-content\/uploads\/2025\/09\/thumb_790_530_5c920888b3ecd-768x515.jpg 768w\" sizes=\"(max-width: 790px) 100vw, 790px\" \/>\t\t\t\t\t\t\t\t\t\t\t\t\t\t\t<\/div>\n\t\t\t\t<\/div>\n\t\t\t\t<div class=\"elementor-element elementor-element-4f8a6aa6 elementor-widget elementor-widget-heading\" data-id=\"4f8a6aa6\" data-element_type=\"widget\" data-widget_type=\"heading.default\">\n\t\t\t\t<div class=\"elementor-widget-container\">\n\t\t\t\t\t<h2 class=\"elementor-heading-title elementor-size-default\">Presse \u00e0 comprim\u00e9s hydraulique de laboratoire<\/h2>\t\t\t\t<\/div>\n\t\t\t\t<\/div>\n\t\t\t\t<div class=\"elementor-element elementor-element-79f51805 elementor-widget elementor-widget-text-editor\" data-id=\"79f51805\" data-element_type=\"widget\" data-widget_type=\"text-editor.default\">\n\t\t\t\t<div class=\"elementor-widget-container\">\n\t\t\t\t\t\t\t\t\t<p>Une presse \u00e0 comprim\u00e9s de laboratoire est une machine de compression \u00e0 petite \u00e9chelle utilis\u00e9e dans les industries pharmaceutiques, chimiques et alimentaires pour former des poudres en comprim\u00e9s de taille, de forme et de poids uniformes. C'est un outil essentiel pour la production de petits lots, la recherche et le d\u00e9veloppement, le contr\u00f4le de la qualit\u00e9 et l'enseignement, car elle permet de cr\u00e9er des comprim\u00e9s avec pr\u00e9cision tout en consommant un minimum de mat\u00e9riaux.<\/p><div><strong>Caract\u00e9ristiques principales :<\/strong><\/div><div>1) \u00c9quip\u00e9 d'un syst\u00e8me hydraulique haute performance avec fonction de compensation automatique de la pression ;<\/div><div>2) Les poteaux de guidage de haute pr\u00e9cision et tr\u00e8s r\u00e9sistants \u00e0 l'usure supportent une force de charge importante et un levage stable ;<\/div><div>3) Chauffage \u00e9lectrique et contr\u00f4le de temp\u00e9rature PID pour un chauffage rapide et un contr\u00f4le pr\u00e9cis de la temp\u00e9rature ;<\/div><div>4) Temps de moulage r\u00e9glable ;<\/div><p>5) Augmente et rel\u00e2che automatiquement la pression lorsque la dur\u00e9e programm\u00e9e est atteinte.<\/p>\t\t\t\t\t\t\t\t<\/div>\n\t\t\t\t<\/div>\n\t\t\t\t<div class=\"elementor-element elementor-element-7b097b0f elementor-widget elementor-widget-heading\" data-id=\"7b097b0f\" data-element_type=\"widget\" data-widget_type=\"heading.default\">\n\t\t\t\t<div class=\"elementor-widget-container\">\n\t\t\t\t\t<h3 class=\"elementor-heading-title elementor-size-default\">Fonctions et applications<\/h3>\t\t\t\t<\/div>\n\t\t\t\t<\/div>\n\t\t\t\t<div class=\"elementor-element elementor-element-3eac0db8 elementor-widget elementor-widget-text-editor\" data-id=\"3eac0db8\" data-element_type=\"widget\" data-widget_type=\"text-editor.default\">\n\t\t\t\t<div class=\"elementor-widget-container\">\n\t\t\t\t\t\t\t\t\t<ul><li>Traitement des sulfures sous pression chauff\u00e9e du caoutchouc commun ;<\/li><li>Pr\u00e9paration de produits simples de vulcanisation du caoutchouc ;<\/li><li>Pr\u00e9paration de produits simples avec des mat\u00e9riaux thermodurcissables ;<\/li><li>Thermoformage des caoutchoucs et plastiques courants et de leurs composites ;<\/li><li>Recherche sur la vulcanisation du caoutchouc commun ;<\/li><li>Formule en caoutchouc ;<\/li><li>Optimisation et contr\u00f4le de la technologie de vulcanisation du caoutchouc<\/li><\/ul>\t\t\t\t\t\t\t\t<\/div>\n\t\t\t\t<\/div>\n\t\t\t\t<div class=\"elementor-element elementor-element-370a8030 elementor-widget elementor-widget-heading\" data-id=\"370a8030\" data-element_type=\"widget\" data-widget_type=\"heading.default\">\n\t\t\t\t<div class=\"elementor-widget-container\">\n\t\t\t\t\t<h3 class=\"elementor-heading-title elementor-size-default\">Sp\u00e9cifications<\/h3>\t\t\t\t<\/div>\n\t\t\t\t<\/div>\n\t\t\t\t<div class=\"elementor-element elementor-element-b2776b3 elementor-widget elementor-widget-text-editor\" data-id=\"b2776b3\" data-element_type=\"widget\" data-widget_type=\"text-editor.default\">\n\t\t\t\t<div class=\"elementor-widget-container\">\n\t\t\t\t\t\t\t\t\t<table width=\"566\"><tbody><tr><td width=\"217\">Mod\u00e8le<\/td><td width=\"167\">HTYP-20<\/td><td width=\"182\">HTYP-30<\/td><\/tr><tr><td width=\"217\">Presse<\/td><td width=\"167\">20t<\/td><td width=\"182\">30t<\/td><\/tr><tr><td>Temp. max. Temp.<\/td><td width=\"167\">300\u2103<\/td><td width=\"182\">300\u2103<\/td><\/tr><tr><td>Temp. Pr\u00e9cision du contr\u00f4le de la temp\u00e9rature<\/td><td width=\"167\">\u00b12\u2103<\/td><td width=\"182\">\u00b12\u2103<\/td><\/tr><tr><td width=\"217\">Mode de chauffage<\/td><td width=\"167\">Chauffage \u00e9lectrique<\/td><td width=\"182\">Chauffage \u00e9lectrique<\/td><\/tr><tr><td width=\"217\">Taille du plateau<\/td><td width=\"167\">300\u00d7300\u00d760<\/td><td width=\"182\">300\u00d7300\u00d760<\/td><\/tr><tr><td>Distance ouverte<\/td><td width=\"167\">0~150mm<\/td><td width=\"182\">0~150mm<\/td><\/tr><tr><td width=\"217\">Nombre de gaz d'\u00e9chappement<\/td><td width=\"167\">0~10<\/td><td width=\"182\">0~10<\/td><\/tr><tr><td width=\"217\">capteur de pression<\/td><td width=\"167\">0~20Mpa<\/td><td width=\"182\">0~20Mpa<\/td><\/tr><tr><td>Dimendion L\u00d7L\u00d7H\u00a0<\/td><td width=\"167\">950\u00d7500\u00d71470mm\u00a0<\/td><td width=\"182\">950\u00d7500\u00d71470mm\u00a0<\/td><\/tr><\/tbody><\/table>\t\t\t\t\t\t\t\t<\/div>\n\t\t\t\t<\/div>\n\t\t\t\t<div class=\"elementor-element elementor-element-31770be5 elementor-widget elementor-widget-heading\" data-id=\"31770be5\" data-element_type=\"widget\" data-widget_type=\"heading.default\">\n\t\t\t\t<div class=\"elementor-widget-container\">\n\t\t\t\t\t<h3 class=\"elementor-heading-title elementor-size-default\">Vid\u00e9o<\/h3>\t\t\t\t<\/div>\n\t\t\t\t<\/div>\n\t\t\t\t<div class=\"elementor-element elementor-element-3f3f2300 elementor-widget elementor-widget-video\" data-id=\"3f3f2300\" data-element_type=\"widget\" data-settings=\"{&quot;youtube_url&quot;:&quot;https:\\\/\\\/youtube.com\\\/shorts\\\/EZAWcQZw4O4?feature=share&quot;,&quot;video_type&quot;:&quot;youtube&quot;,&quot;controls&quot;:&quot;yes&quot;}\" data-widget_type=\"video.default\">\n\t\t\t\t<div class=\"elementor-widget-container\">\n\t\t\t\t\t\t\t<div class=\"elementor-wrapper elementor-open-inline\">\n\t\t\t<div class=\"elementor-video\"><\/div>\t\t<\/div>\n\t\t\t\t\t\t<\/div>\n\t\t\t\t<\/div>\n\t\t\t\t\t<\/div>\n\t\t<\/div>\n\t\t\t\t\t<\/div>\n\t\t<\/section>\n\t\t\t\t<\/div>","protected":false},"excerpt":{"rendered":"<p>Laboratory Hydraulic Tablet Press A lab tablet press is a small-scale compression machine used in pharmaceutical, chemical, and food industries to form powders into tablets of a uniform size, shape, and weight. It is an essential tool for small batch production, research and development, quality control, and educational purposes, allowing for the precise creation of [&hellip;]<\/p>\n","protected":false},"author":1,"featured_media":732,"parent":141,"menu_order":0,"comment_status":"closed","ping_status":"closed","template":"","meta":{"site-sidebar-layout":"left-sidebar","site-content-layout":"","ast-site-content-layout":"default","site-content-style":"default","site-sidebar-style":"default","ast-global-header-display":"","ast-banner-title-visibility":"","ast-main-header-display":"","ast-hfb-above-header-display":"","ast-hfb-below-header-display":"","ast-hfb-mobile-header-display":"","site-post-title":"disabled","ast-breadcrumbs-content":"","ast-featured-img":"disabled","footer-sml-layout":"","theme-transparent-header-meta":"","adv-header-id-meta":"","stick-header-meta":"","header-above-stick-meta":"","header-main-stick-meta":"","header-below-stick-meta":"","astra-migrate-meta-layouts":"set","ast-page-background-enabled":"default","ast-page-background-meta":{"desktop":{"background-color":"var(--ast-global-color-5)","background-image":"","background-repeat":"repeat","background-position":"center center","background-size":"auto","background-attachment":"scroll","background-type":"","background-media":"","overlay-type":"","overlay-color":"","overlay-opacity":"","overlay-gradient":""},"tablet":{"background-color":"","background-image":"","background-repeat":"repeat","background-position":"center center","background-size":"auto","background-attachment":"scroll","background-type":"","background-media":"","overlay-type":"","overlay-color":"","overlay-opacity":"","overlay-gradient":""},"mobile":{"background-color":"","background-image":"","background-repeat":"repeat","background-position":"center center","background-size":"auto","background-attachment":"scroll","background-type":"","background-media":"","overlay-type":"","overlay-color":"","overlay-opacity":"","overlay-gradient":""}},"ast-content-background-meta":{"desktop":{"background-color":"var(--ast-global-color-4)","background-image":"","background-repeat":"repeat","background-position":"center center","background-size":"auto","background-attachment":"scroll","background-type":"","background-media":"","overlay-type":"","overlay-color":"","overlay-opacity":"","overlay-gradient":""},"tablet":{"background-color":"var(--ast-global-color-4)","background-image":"","background-repeat":"repeat","background-position":"center center","background-size":"auto","background-attachment":"scroll","background-type":"","background-media":"","overlay-type":"","overlay-color":"","overlay-opacity":"","overlay-gradient":""},"mobile":{"background-color":"var(--ast-global-color-4)","background-image":"","background-repeat":"repeat","background-position":"center center","background-size":"auto","background-attachment":"scroll","background-type":"","background-media":"","overlay-type":"","overlay-color":"","overlay-opacity":"","overlay-gradient":""}},"footnotes":""},"class_list":["post-731","page","type-page","status-publish","has-post-thumbnail","hentry"],"_links":{"self":[{"href":"https:\/\/extruder-lab.com\/fr\/wp-json\/wp\/v2\/pages\/731","targetHints":{"allow":["GET"]}}],"collection":[{"href":"https:\/\/extruder-lab.com\/fr\/wp-json\/wp\/v2\/pages"}],"about":[{"href":"https:\/\/extruder-lab.com\/fr\/wp-json\/wp\/v2\/types\/page"}],"author":[{"embeddable":true,"href":"https:\/\/extruder-lab.com\/fr\/wp-json\/wp\/v2\/users\/1"}],"replies":[{"embeddable":true,"href":"https:\/\/extruder-lab.com\/fr\/wp-json\/wp\/v2\/comments?post=731"}],"version-history":[{"count":1,"href":"https:\/\/extruder-lab.com\/fr\/wp-json\/wp\/v2\/pages\/731\/revisions"}],"predecessor-version":[{"id":990,"href":"https:\/\/extruder-lab.com\/fr\/wp-json\/wp\/v2\/pages\/731\/revisions\/990"}],"up":[{"embeddable":true,"href":"https:\/\/extruder-lab.com\/fr\/wp-json\/wp\/v2\/pages\/141"}],"wp:featuredmedia":[{"embeddable":true,"href":"https:\/\/extruder-lab.com\/fr\/wp-json\/wp\/v2\/media\/732"}],"wp:attachment":[{"href":"https:\/\/extruder-lab.com\/fr\/wp-json\/wp\/v2\/media?parent=731"}],"curies":[{"name":"wp","href":"https:\/\/api.w.org\/{rel}","templated":true}]}}