{"id":745,"date":"2025-09-22T15:19:23","date_gmt":"2025-09-22T07:19:23","guid":{"rendered":"https:\/\/extruder-lab.com\/?page_id=745"},"modified":"2025-11-24T12:15:57","modified_gmt":"2025-11-24T04:15:57","slug":"lab-twin-screw-extrusion-line","status":"publish","type":"page","link":"https:\/\/extruder-lab.com\/fr\/products\/lab-twin-screw-extrusion-line","title":{"rendered":"Ligne d'extrusion \u00e0 double vis de laboratoire"},"content":{"rendered":"<div data-elementor-type=\"wp-page\" data-elementor-id=\"745\" class=\"elementor elementor-745\">\n\t\t\t\t\t\t<section class=\"elementor-section elementor-top-section elementor-element elementor-element-76ef6aae elementor-section-boxed elementor-section-height-default elementor-section-height-default\" data-id=\"76ef6aae\" data-element_type=\"section\">\n\t\t\t\t\t\t<div class=\"elementor-container elementor-column-gap-default\">\n\t\t\t\t\t<div class=\"elementor-column elementor-col-100 elementor-top-column elementor-element elementor-element-704b9367\" data-id=\"704b9367\" data-element_type=\"column\">\n\t\t\t<div class=\"elementor-widget-wrap elementor-element-populated\">\n\t\t\t\t\t\t<div class=\"elementor-element elementor-element-77210ea9 elementor-widget elementor-widget-image\" data-id=\"77210ea9\" data-element_type=\"widget\" data-widget_type=\"image.default\">\n\t\t\t\t<div class=\"elementor-widget-container\">\n\t\t\t\t\t\t\t\t\t\t\t\t\t\t\t<img fetchpriority=\"high\" decoding=\"async\" width=\"1000\" height=\"568\" src=\"https:\/\/extruder-lab.com\/wp-content\/uploads\/2025\/09\/two-screw-extrusion-line.jpg\" class=\"attachment-large size-large wp-image-748\" alt=\"two-screw-extrusion-line\" srcset=\"https:\/\/extruder-lab.com\/wp-content\/uploads\/2025\/09\/two-screw-extrusion-line.jpg 1000w, https:\/\/extruder-lab.com\/wp-content\/uploads\/2025\/09\/two-screw-extrusion-line-300x170.jpg 300w, https:\/\/extruder-lab.com\/wp-content\/uploads\/2025\/09\/two-screw-extrusion-line-768x436.jpg 768w\" sizes=\"(max-width: 1000px) 100vw, 1000px\" \/>\t\t\t\t\t\t\t\t\t\t\t\t\t\t\t<\/div>\n\t\t\t\t<\/div>\n\t\t\t\t<div class=\"elementor-element elementor-element-2e0c83a4 elementor-widget elementor-widget-heading\" data-id=\"2e0c83a4\" data-element_type=\"widget\" data-widget_type=\"heading.default\">\n\t\t\t\t<div class=\"elementor-widget-container\">\n\t\t\t\t\t<h2 class=\"elementor-heading-title elementor-size-default\">Ligne d'extrusion \u00e0 double vis<\/h2>\t\t\t\t<\/div>\n\t\t\t\t<\/div>\n\t\t\t\t<div class=\"elementor-element elementor-element-789660a5 elementor-widget elementor-widget-text-editor\" data-id=\"789660a5\" data-element_type=\"widget\" data-widget_type=\"text-editor.default\">\n\t\t\t\t<div class=\"elementor-widget-container\">\n\t\t\t\t\t\t\t\t\t<p>Une ligne d'extrusion \u00e0 double vis de laboratoire est une machine polyvalente \u00e0 petite \u00e9chelle utilis\u00e9e dans la recherche et le d\u00e9veloppement pour traiter de petits lots de mat\u00e9riaux tels que les polym\u00e8res. Ses principales caract\u00e9ristiques sont une consommation r\u00e9duite de mat\u00e9riaux, un contr\u00f4le pr\u00e9cis des param\u00e8tres de traitement et des fonctions de m\u00e9lange, de r\u00e9action et d'autonettoyage. Elle est donc id\u00e9ale pour d\u00e9velopper de nouvelles formulations, tester des additifs et cr\u00e9er de petites quantit\u00e9s d'\u00e9chantillons \u00e0 des fins d'essai dans diverses industries telles que les plastiques, les produits chimiques et les produits pharmaceutiques.<\/p>\t\t\t\t\t\t\t\t<\/div>\n\t\t\t\t<\/div>\n\t\t\t\t<div class=\"elementor-element elementor-element-300e4800 elementor-widget elementor-widget-heading\" data-id=\"300e4800\" data-element_type=\"widget\" data-widget_type=\"heading.default\">\n\t\t\t\t<div class=\"elementor-widget-container\">\n\t\t\t\t\t<h3 class=\"elementor-heading-title elementor-size-default\">Fonctions et applications<\/h3>\t\t\t\t<\/div>\n\t\t\t\t<\/div>\n\t\t\t\t<div class=\"elementor-element elementor-element-56920d4 elementor-widget elementor-widget-text-editor\" data-id=\"56920d4\" data-element_type=\"widget\" data-widget_type=\"text-editor.default\">\n\t\t\t\t<div class=\"elementor-widget-container\">\n\t\t\t\t\t\t\t\t\t<p><strong>Performance de l'extrusion \u00e0 double vis en laboratoire :<\/strong><br \/>* L'ouverture en deux parties et la structure \u00e0 vis du bloc de construction permettent d'ajuster facilement et rapidement le processus.<br \/>* T\u00eate \u00e0 ouverture rapide et changeur de maille, \u00e9change rapide de mat\u00e9riaux et changement rapide.<br \/>* Syst\u00e8me de contr\u00f4le PLC \u00e0 \u00e9cran tactile SIEMENS, tr\u00e8s intelligent et facile \u00e0 utiliser.<br \/><br \/><strong>Application :<\/strong><br \/>* M\u00e9lange, malaxage et granulation de plastiques g\u00e9n\u00e9raux, de plastiques techniques, d'\u00e9lastom\u00e8res, etc.<br \/>* plastification des mat\u00e9riaux, transport et extrusion r\u00e9active<br \/>* Composage tr\u00e8s efficace d'alliages de polym\u00e8res<br \/>* Modification du polym\u00e8re charg\u00e9<\/p>\t\t\t\t\t\t\t\t<\/div>\n\t\t\t\t<\/div>\n\t\t\t\t<div class=\"elementor-element elementor-element-780357b4 elementor-widget elementor-widget-heading\" data-id=\"780357b4\" data-element_type=\"widget\" data-widget_type=\"heading.default\">\n\t\t\t\t<div class=\"elementor-widget-container\">\n\t\t\t\t\t<h3 class=\"elementor-heading-title elementor-size-default\">Sp\u00e9cifications<\/h3>\t\t\t\t<\/div>\n\t\t\t\t<\/div>\n\t\t\t\t<div class=\"elementor-element elementor-element-57f56621 elementor-widget elementor-widget-text-editor\" data-id=\"57f56621\" data-element_type=\"widget\" data-widget_type=\"text-editor.default\">\n\t\t\t\t<div class=\"elementor-widget-container\">\n\t\t\t\t\t\t\t\t\t<table width=\"748\"><tbody><tr><td width=\"217\">Mod\u00e8le<\/td><td width=\"167\">HTGD-16<\/td><td width=\"182\">HTGD-20<\/td><td width=\"182\">HTGD-35<\/td><\/tr><tr><td>Diam\u00e8tre de la vis (mm)<\/td><td>15.7<\/td><td>21.7<\/td><td>34.5<\/td><\/tr><tr><td>Rapport L\/D<\/td><td>40<\/td><td>40<\/td><td>40<\/td><\/tr><tr><td>(kW)Puissance du moteur<\/td><td>2<\/td><td>5.5<\/td><td>18.5<\/td><\/tr><tr><td>Vitesseax.(tr\/min)<\/td><td>60~600<\/td><td>60 600<\/td><td>60~600<\/td><\/tr><tr><td>(\u2103)Hax.Tenp.<\/td><td>350<\/td><td>350<\/td><td>350<\/td><\/tr><tr><td>Temp. Pr\u00e9cision du contr\u00f4le (\u2103)<\/td><td>\u58eb1<\/td><td>\u58eb 1<\/td><td>\u53bb1<\/td><\/tr><tr><td>Plage de mesure de la pression (MPa)<\/td><td>0~35<\/td><td>0~35<\/td><td>0~35<\/td><\/tr><tr><td>Production (kg\/h)<\/td><td>0.1~5<\/td><td>0.5~20<\/td><td>1 80<\/td><\/tr><tr><td>Poids (kg)<\/td><td>268<\/td><td>719<\/td><td>980<\/td><\/tr><tr><td>Dinension(mm)<\/td><td>1382x690x1230<\/td><td>2375x690x1660<\/td><td>3375x690x1660<\/td><\/tr><\/tbody><\/table><p>\u00a0<\/p>\t\t\t\t\t\t\t\t<\/div>\n\t\t\t\t<\/div>\n\t\t\t\t<div class=\"elementor-element elementor-element-61727f63 elementor-widget elementor-widget-heading\" data-id=\"61727f63\" data-element_type=\"widget\" data-widget_type=\"heading.default\">\n\t\t\t\t<div class=\"elementor-widget-container\">\n\t\t\t\t\t<h3 class=\"elementor-heading-title elementor-size-default\">Vid\u00e9o<\/h3>\t\t\t\t<\/div>\n\t\t\t\t<\/div>\n\t\t\t\t<div class=\"elementor-element elementor-element-7ae38227 elementor-widget elementor-widget-video\" data-id=\"7ae38227\" data-element_type=\"widget\" data-settings=\"{&quot;youtube_url&quot;:&quot;https:\\\/\\\/youtube.com\\\/shorts\\\/QsDFL5HECy0?feature=share&quot;,&quot;video_type&quot;:&quot;youtube&quot;,&quot;controls&quot;:&quot;yes&quot;}\" data-widget_type=\"video.default\">\n\t\t\t\t<div class=\"elementor-widget-container\">\n\t\t\t\t\t\t\t<div class=\"elementor-wrapper elementor-open-inline\">\n\t\t\t<div class=\"elementor-video\"><\/div>\t\t<\/div>\n\t\t\t\t\t\t<\/div>\n\t\t\t\t<\/div>\n\t\t\t\t\t<\/div>\n\t\t<\/div>\n\t\t\t\t\t<\/div>\n\t\t<\/section>\n\t\t\t\t<\/div>","protected":false},"excerpt":{"rendered":"<p>Twin Screw Extrusion Line A lab twin screw extrusion line is a small-scale, versatile machine used in research and development for processing small batches of materials like polymers. Key features include reduced material consumption, precise control over processing parameters, and functions for mixing, reaction, and self-cleaning, making it ideal for developing new formulations, testing additives, [&hellip;]<\/p>\n","protected":false},"author":1,"featured_media":58,"parent":141,"menu_order":0,"comment_status":"closed","ping_status":"closed","template":"","meta":{"site-sidebar-layout":"left-sidebar","site-content-layout":"","ast-site-content-layout":"default","site-content-style":"default","site-sidebar-style":"default","ast-global-header-display":"","ast-banner-title-visibility":"","ast-main-header-display":"","ast-hfb-above-header-display":"","ast-hfb-below-header-display":"","ast-hfb-mobile-header-display":"","site-post-title":"disabled","ast-breadcrumbs-content":"","ast-featured-img":"disabled","footer-sml-layout":"","theme-transparent-header-meta":"","adv-header-id-meta":"","stick-header-meta":"","header-above-stick-meta":"","header-main-stick-meta":"","header-below-stick-meta":"","astra-migrate-meta-layouts":"set","ast-page-background-enabled":"default","ast-page-background-meta":{"desktop":{"background-color":"var(--ast-global-color-5)","background-image":"","background-repeat":"repeat","background-position":"center center","background-size":"auto","background-attachment":"scroll","background-type":"","background-media":"","overlay-type":"","overlay-color":"","overlay-opacity":"","overlay-gradient":""},"tablet":{"background-color":"","background-image":"","background-repeat":"repeat","background-position":"center center","background-size":"auto","background-attachment":"scroll","background-type":"","background-media":"","overlay-type":"","overlay-color":"","overlay-opacity":"","overlay-gradient":""},"mobile":{"background-color":"","background-image":"","background-repeat":"repeat","background-position":"center center","background-size":"auto","background-attachment":"scroll","background-type":"","background-media":"","overlay-type":"","overlay-color":"","overlay-opacity":"","overlay-gradient":""}},"ast-content-background-meta":{"desktop":{"background-color":"var(--ast-global-color-4)","background-image":"","background-repeat":"repeat","background-position":"center center","background-size":"auto","background-attachment":"scroll","background-type":"","background-media":"","overlay-type":"","overlay-color":"","overlay-opacity":"","overlay-gradient":""},"tablet":{"background-color":"var(--ast-global-color-4)","background-image":"","background-repeat":"repeat","background-position":"center center","background-size":"auto","background-attachment":"scroll","background-type":"","background-media":"","overlay-type":"","overlay-color":"","overlay-opacity":"","overlay-gradient":""},"mobile":{"background-color":"var(--ast-global-color-4)","background-image":"","background-repeat":"repeat","background-position":"center center","background-size":"auto","background-attachment":"scroll","background-type":"","background-media":"","overlay-type":"","overlay-color":"","overlay-opacity":"","overlay-gradient":""}},"footnotes":""},"class_list":["post-745","page","type-page","status-publish","has-post-thumbnail","hentry"],"_links":{"self":[{"href":"https:\/\/extruder-lab.com\/fr\/wp-json\/wp\/v2\/pages\/745","targetHints":{"allow":["GET"]}}],"collection":[{"href":"https:\/\/extruder-lab.com\/fr\/wp-json\/wp\/v2\/pages"}],"about":[{"href":"https:\/\/extruder-lab.com\/fr\/wp-json\/wp\/v2\/types\/page"}],"author":[{"embeddable":true,"href":"https:\/\/extruder-lab.com\/fr\/wp-json\/wp\/v2\/users\/1"}],"replies":[{"embeddable":true,"href":"https:\/\/extruder-lab.com\/fr\/wp-json\/wp\/v2\/comments?post=745"}],"version-history":[{"count":1,"href":"https:\/\/extruder-lab.com\/fr\/wp-json\/wp\/v2\/pages\/745\/revisions"}],"predecessor-version":[{"id":987,"href":"https:\/\/extruder-lab.com\/fr\/wp-json\/wp\/v2\/pages\/745\/revisions\/987"}],"up":[{"embeddable":true,"href":"https:\/\/extruder-lab.com\/fr\/wp-json\/wp\/v2\/pages\/141"}],"wp:featuredmedia":[{"embeddable":true,"href":"https:\/\/extruder-lab.com\/fr\/wp-json\/wp\/v2\/media\/58"}],"wp:attachment":[{"href":"https:\/\/extruder-lab.com\/fr\/wp-json\/wp\/v2\/media?parent=745"}],"curies":[{"name":"wp","href":"https:\/\/api.w.org\/{rel}","templated":true}]}}